{"id":11530,"date":"2022-11-02T13:44:05","date_gmt":"2022-11-02T12:44:05","guid":{"rendered":"https:\/\/www.upm.es\/recursosidi\/offers-resources\/sin categor\u00eda\/nfix-semillas\/"},"modified":"2022-11-02T13:44:16","modified_gmt":"2022-11-02T12:44:16","slug":"nfix-semillas","status":"publish","type":"product","link":"https:\/\/www.upm.es\/recursosidi\/offers-resources\/soluciones-tecnologicas\/nfix-semillas\/","title":{"rendered":"NFIX semillas"},"content":{"rendered":"<h4 style=\"text-align: left\"><strong>Descripci&oacute;n breve conjunta de la soluci&oacute;n y valor a&ntilde;adido que aporta <\/strong><\/h4>\n<p style=\"text-align: justify\">Tecnolog&iacute;a disruptiva con un producto final simple: SEMILLAS de cereales capaces de generar cosechas sin necesidad absoluta de fertilizaci&oacute;n nitrogenada. La tecnolog&iacute;a NFIX conforma la base para la obtenci&oacute;n de cereales capaces de nutrirse de nitr&oacute;geno atmosf&eacute;rico. Su aplicaci&oacute;n facilitar&iacute;a la seguridad alimentaria global y proteger&iacute;a el medio ambiente de los efectos adversos derivados del exceso de fertilizaci&oacute;n nitrogenada de origen sint&eacute;tico. La enzima nitrogenasa, que convierte nitr&oacute;geno molecular inerte en nitr&oacute;geno biol&oacute;gicamente activo, s&oacute;lo se encuentra en algunas bacterias y es extremadamente sensible a ox&iacute;geno. La invenci&oacute;n describe un m&eacute;todo biotecnol&oacute;gico para conseguir que prote&iacute;nas muy sensibles a ox&iacute;geno, como la nitrogenasa, sean funcionales en c&eacute;lulas eucariotas (hongos, plantas y animales).<\/p>\n<h4 style=\"text-align: left\"><strong>Descripci&oacute;n de la base tecnol&oacute;gica<\/strong><\/h4>\n<p style=\"text-align: justify\">Producci&oacute;n de nitrogenasa activa en c&eacute;lulas Eucariotas. NFIX es clave para la bioingenier&iacute;a de cereales fijadores de nitr&oacute;geno.&nbsp;NFIX se basa en el uso de la mitocondria como org&aacute;nulo fundamental para albergar la&nbsp; nitrogenasa, ya que es all&iacute; donde se produce la respiraci&oacute;n celular y los niveles de ox&iacute;geno son muy bajos. La expresi&oacute;n de la nitrogenasa en la matriz mitocondrial solventa el principal problema en la generaci&oacute;n de cereales fijadores de nitr&oacute;geno: la presencia de ox&iacute;geno molecular derivado de la fotos&iacute;ntesis. El producto final de NFIX ser&aacute;n semillas de cereales que contendr&aacute;n genes de nitrogenasa y generar&aacute;n cosechas productivas sin necesidad absoluta de fertilizaci&oacute;n nitrogenada.<\/p>\n<p style=\"text-align: center\"><span style=\"font-size: small\">&nbsp;<\/span><em>&nbsp;&ldquo;La tecnolog&iacute;a NFIX conforma la base para la obtenci&oacute;n de cereales capaces de nutrirse de nitr&oacute;geno atmosf&eacute;rico&rdquo;&nbsp;<\/em><\/p>\n<h4>&nbsp;<\/h4>\n<h4 style=\"text-align: left\"><strong>Necesidades de negocio \/ aplicaci&oacute;n<\/strong><\/h4>\n<ul>\n<li>\n<p style=\"text-align: justify\">Se hace necesario cumplir con normativas cada vez m&aacute;s restrictivas y causar menor impacto en el medio ambiente.<\/p>\n<\/li>\n<li style=\"text-align: justify\">\n<p>La producci&oacute;n de fertilizantes nitrogenados qu&iacute;micos mediante el proceso de Haber-Bosch (150 T\/a&ntilde;o), necesario para una agricultura altamente productiva, genera problemas medioambientales debido a que el 50% de estos fertilizantes nunca son utilizados por los cultivos y contaminan tierras, aguas superficiales y subterr&aacute;neas.<\/p>\n<\/li>\n<li style=\"text-align: justify\">\n<p>El gasto en producci&oacute;n de fertilizantes sint&eacute;ticos es de $100.000 millones anuales (aprox. 50% de los costes en agricultura).<\/p>\n<\/li>\n<li style=\"text-align: justify\">\n<p>Haber-Bosch requiere enormes cantidades de energ&iacute;a y de hidr&oacute;geno, para lo que consume el 5% de la producci&oacute;n anual mundial de gas natural.<\/p>\n<\/li>\n<li>\n<p style=\"text-align: justify\">Es necesario mejorar la productividad de cosechas en pa&iacute;ses desfavorecidos econ&oacute;micamente y sin recursos para la fertilizaci&oacute;n de los campos de cultivo (Africa y Asia).<\/p>\n<\/li>\n<\/ul>\n<h4 style=\"text-align: left\"><strong>Ventajas competitivas<\/strong><\/h4>\n<ul>\n<li>\n<p style=\"text-align: justify\">Mejora de la productividad de cosechas sin uso de costosos fertilizantes qu&iacute;micos nitrogenados tan poco respetuosos con el medio ambiente.<\/p>\n<\/li>\n<li style=\"text-align: justify\">\n<p>Reducci&oacute;n de efecto invernadero.<\/p>\n<\/li>\n<li style=\"text-align: justify\">\n<p>Reducci&oacute;n de eutrofizaci&oacute;n de aguas.<\/p>\n<\/li>\n<li style=\"text-align: justify\">\n<p>Resultados de alta productividad reproducibles.<\/p>\n<\/li>\n<li style=\"text-align: justify\">\n<p>Tecnolog&iacute;a disruptiva y sencilla con un producto final simple: semillas que contendr&aacute;n la maquinaria de fijaci&oacute;n de nitr&oacute;geno, frente&nbsp; a la complejidad que conlleva la co-fertilizaci&oacute;n biol&oacute;gica para modificar la microbiota del campo, o el abuso de los poco ecol&oacute;gicos fertilizantes qu&iacute;micos.<\/p>\n<\/li>\n<li>\n<p style=\"text-align: justify\">De simple aplicaci&oacute;n por el agricultor, como viene siendo habitual en la agricultura convencional.&nbsp;<\/p>\n<\/li>\n<\/ul>\n<p style=\"text-align: center\"><span style=\"font-size: small\"><em>&nbsp;&ldquo;Agricultura de alta productividad no contaminante&rdquo;<\/em><\/span><\/p>\n<p style=\"text-align: center\"><span style=\"font-size: small\"><em>&nbsp;<\/em><\/span><span style=\"font-size: small\"><em>&ldquo;Tecnolog&iacute;a disruptiva de f&aacute;cil aplicaci&oacute;n a nivel de campo&rdquo;<\/em><\/span><\/p>\n<h4>&nbsp;<\/h4>\n<h4 style=\"text-align: left\"><strong>Referencias<\/strong><\/h4>\n<ul>\n<li>\n<p style=\"text-align: justify\">Grupo de investigaci&oacute;n liderado por el profesor Luis Rubio, CBGP (UPM-INIA).<\/p>\n<\/li>\n<li style=\"text-align: justify\">\n<p>Tecnolog&iacute;a financiada en sus primeras fases de desarrollo por la Fundacion Bill &amp; Melinda Gates: NFIX project Phase I (3.127.000 USD).<\/p>\n<\/li>\n<li style=\"text-align: justify\">\n<p>BNF Cereals project Phase II (5.000.000 USD).<\/p>\n<\/li>\n<li>\n<p style=\"text-align: justify\">L&oacute;pez-Torrej&oacute;n et al. 2016. Nat Commun. 7:11426. doi: 10.1038\/ncomms11426.<\/p>\n<\/li>\n<\/ul>\n<h4 style=\"text-align: left\"><strong>Protecci&oacute;n industrial<\/strong><\/h4>\n<p>Patente europea concedida v&iacute;a EPO EP14761658.5.<\/p>\n<h4 style=\"text-align: left\"><strong>Grado de desarrollo<\/strong><\/h4>\n<ul>\n<li>\n<p>Concepto<\/p>\n<\/li>\n<li>\n<p><span style=\"text-decoration: underline\"><strong>Investigaci&oacute;n<\/strong><\/span><\/p>\n<\/li>\n<li>\n<p>Prototipo Lab<\/p>\n<\/li>\n<li>\n<p>Prototipo industrial<\/p>\n<\/li>\n<li>\n<p>Producci&oacute;n<\/p>\n<\/li>\n<\/ul>\n<h4 style=\"text-align: left\"><strong>Contacto<\/strong><\/h4>\n<p><strong>Contacto NFIX<\/strong><\/p>\n<p>Luis M. Rubio, Gema L&oacute;pez-Torrej&oacute;n, Jos&eacute; M. Buesa<\/p>\n<p>e: <span rel=\"71312c309c31383162311d31c2311d319d312d3184312031be31363187311531ca31\" class=\"cryptex \" style=\"\"><span class=\"CryptexImg ctx3v1RnlLjmpwureEYkFD_gHIX0yGcS41JnQO4zlh31Ws\"><\/span><\/span>; e: <span rel=\"71312c3097313031a1310c317b312731a3312e31a93125318e313e31c9311d3185311431b431\" class=\"cryptex \" style=\"\"><span class=\"CryptexImg ctxGRan50XGxAKka3gTcWG5WVK_OGF6J9pRKtISls1d5Lk\"><\/span><\/span>; e: <span rel=\"71312c309a31383162310d31c2312031a7311f3184312031be31363187311531ca31\" class=\"cryptex \" style=\"\"><span class=\"CryptexImg ctx-kF1YdS3G4ExV5AYcuhL5T8N1rg-sa5jECHGZQHVzms\"><\/span><\/span><\/p>\n<p><strong>Contacto UPM<\/strong><\/p>\n<p>Programas de Innovaci&oacute;n y Emprendimiento<\/p>\n<p>Centro de Apoyo a la Innovaci&oacute;n Tecnol&oacute;gica &ndash; UPM&nbsp;<\/p>\n<p>e: <span rel=\"71312c3099313931a2311a31c3311c3197312731b33119317c313d31be311331c5311e31ad312631ba313031a2311a3181311d31b4311c317e311331ab31\" class=\"cryptex \" style=\"\"><span class=\"CryptexImg ctxR7neImVV1tJoTSyttUGBAuiESKXKLLyzTwJSN1lk9Z0\"><\/span><\/span><\/p>\n<div class=\"pdfprnt-buttons pdfprnt-buttons-product pdfprnt-bottom-left\"><a href=\"https:\/\/www.upm.es\/recursosidi\/wp-json\/wp\/v2\/product\/11530?print=pdf\" class=\"pdfprnt-button pdfprnt-button-pdf\" target=\"_blank\"><span class=\"pdfprnt-button-title pdfprnt-button-pdf-title\">Descargar ficha<\/span><\/a><\/div>","protected":false},"excerpt":{"rendered":"<p>Cereales que se nutren del aire.<\/p>\n<p>Tecnolog\u00eda disruptiva que aumentar\u00e1 la productividad de los cultivos de cereales en escenarios de baja fertilizaci\u00f3n con nitr\u00f3geno.<\/p>\n","protected":false},"featured_media":11529,"template":"","meta":{"_acf_changed":false},"product_cat":[2384],"product_tag":[2449,2448,2450],"comunidades-upm":[],"quien":[],"mapa":[{"term_id":139,"name":"Agricultura, silvicultura, recursos naturales, usos de la tierra y crecimiento azul","slug":"agricultura-silvicultura-recursos_naturales-usos_tierra-crecimiento_azul","term_group":0,"term_taxonomy_id":139,"taxonomy":"mapa","description":"","parent":0,"count":43,"filter":"raw","term_order":"2"},{"term_id":137,"name":"Bioeconom\u00eda, Biotecnolog\u00eda y Sistemas Alimentarios","slug":"bioeconomia-biotecnologia-sistemas_alimentarios","term_group":0,"term_taxonomy_id":137,"taxonomy":"mapa","description":"","parent":0,"count":45,"filter":"raw","term_order":"6"}],"disponibilidad":[{"term_id":205,"name":"Consultar disponibilidad","slug":"consultar","term_group":0,"term_taxonomy_id":205,"taxonomy":"disponibilidad","description":"","parent":0,"count":290,"filter":"raw","term_order":"0"}],"donde":[{"term_id":626,"name":"Abordajes Multidisciplinares en la Interfaz Planta-Microorganismo","slug":"abordajes-multidisciplinares-en-la-interfaz-planta-microorganismo","term_group":0,"term_taxonomy_id":626,"taxonomy":"donde","description":"","parent":0,"count":3,"filter":"raw","term_order":"0"},{"term_id":1476,"name":"Centre for Biotechnology and Plant Genomics, CBPG","slug":"en_centre-for-biotechnology-and-plant-genomics-cbpg","term_group":0,"term_taxonomy_id":1476,"taxonomy":"donde","description":"","parent":0,"count":12,"filter":"raw","term_order":"0"},{"term_id":252,"name":"Centro de Biotecnolog\u00eda y Gen\u00f3mica de Plantas (CBGP)","slug":"centro-de-biotecnologia-y-genomica-de-plantas-cbgp","term_group":0,"term_taxonomy_id":252,"taxonomy":"donde","description":"","parent":0,"count":19,"filter":"raw","term_order":"0"},{"term_id":1848,"name":"Multi-disciplinary Approaches to the Plant-Micro-organism Interface","slug":"en_multi-disciplinary-approaches-to-the-plant-micro-organism-interface","term_group":0,"term_taxonomy_id":1848,"taxonomy":"donde","description":"","parent":0,"count":2,"filter":"raw","term_order":"0"}],"infraestructura":[],"ods":[{"term_id":2231,"name":"Acci\u00f3n por el Clima","slug":"accion-por-el-clima","term_group":0,"term_taxonomy_id":2231,"taxonomy":"ods","description":"","parent":0,"count":67,"filter":"raw","term_order":"0"},{"term_id":2214,"name":"Alianzas para Lograr los Objetivos","slug":"alianzas-para-lograr-los-objetivos","term_group":0,"term_taxonomy_id":2214,"taxonomy":"ods","description":"","parent":0,"count":4,"filter":"raw","term_order":"0"},{"term_id":2279,"name":"Fin de la Pobreza","slug":"fin-de-la-pobreza","term_group":0,"term_taxonomy_id":2279,"taxonomy":"ods","description":"","parent":0,"count":1,"filter":"raw","term_order":"0"},{"term_id":2275,"name":"Hambre Cero","slug":"hambre-cero","term_group":0,"term_taxonomy_id":2275,"taxonomy":"ods","description":"","parent":0,"count":4,"filter":"raw","term_order":"0"},{"term_id":2243,"name":"Reducci\u00f3n de las Desigualdades","slug":"reduccion-de-las-desigualdades","term_group":0,"term_taxonomy_id":2243,"taxonomy":"ods","description":"","parent":0,"count":17,"filter":"raw","term_order":"0"}],"origen":[{"term_id":192,"name":"Soluciones tecnol\u00f3gicas","slug":"soluciones-tecnologicas","term_group":0,"term_taxonomy_id":192,"taxonomy":"origen","description":"","parent":0,"count":278,"filter":"raw","term_order":"0"}],"familia_tax":false,"quien_tax":false,"donde_tax":false,"year":"2020-01-01","contacto":"CBGP - UPM-INIA, Campus de Montegancedo, 28660 Boadilla del Monte (Madrid)","telefono":"910679100","pagina_web":"http:\/\/www.cbgp.upm.es\/","email":"lm.rubio@upm.es","id_ficha_portal":"32","video":"https:\/\/youtu.be\/qROn26wj3AE","adjuntos":false,"adjuntos_portal":"","inf":false,"departamento":"","acf":[],"lang":"es","translation":{"es":11530,"en":11532},"_links":{"self":[{"href":"https:\/\/www.upm.es\/recursosidi\/wp-json\/wp\/v2\/product\/11530"}],"collection":[{"href":"https:\/\/www.upm.es\/recursosidi\/wp-json\/wp\/v2\/product"}],"about":[{"href":"https:\/\/www.upm.es\/recursosidi\/wp-json\/wp\/v2\/types\/product"}],"wp:featuredmedia":[{"embeddable":true,"href":"https:\/\/www.upm.es\/recursosidi\/wp-json\/wp\/v2\/media\/11529"}],"wp:attachment":[{"href":"https:\/\/www.upm.es\/recursosidi\/wp-json\/wp\/v2\/media?parent=11530"}],"wp:term":[{"taxonomy":"product_cat","embeddable":true,"href":"https:\/\/www.upm.es\/recursosidi\/wp-json\/wp\/v2\/product_cat?post=11530"},{"taxonomy":"product_tag","embeddable":true,"href":"https:\/\/www.upm.es\/recursosidi\/wp-json\/wp\/v2\/product_tag?post=11530"},{"taxonomy":"comunidad_upm","embeddable":true,"href":"https:\/\/www.upm.es\/recursosidi\/wp-json\/wp\/v2\/comunidades-upm?post=11530"},{"taxonomy":"quien","embeddable":true,"href":"https:\/\/www.upm.es\/recursosidi\/wp-json\/wp\/v2\/quien?post=11530"},{"taxonomy":"mapa","embeddable":true,"href":"https:\/\/www.upm.es\/recursosidi\/wp-json\/wp\/v2\/mapa?post=11530"},{"taxonomy":"disponibilidad","embeddable":true,"href":"https:\/\/www.upm.es\/recursosidi\/wp-json\/wp\/v2\/disponibilidad?post=11530"},{"taxonomy":"donde","embeddable":true,"href":"https:\/\/www.upm.es\/recursosidi\/wp-json\/wp\/v2\/donde?post=11530"},{"taxonomy":"infraestructura","embeddable":true,"href":"https:\/\/www.upm.es\/recursosidi\/wp-json\/wp\/v2\/infraestructura?post=11530"},{"taxonomy":"ods","embeddable":true,"href":"https:\/\/www.upm.es\/recursosidi\/wp-json\/wp\/v2\/ods?post=11530"},{"taxonomy":"origen","embeddable":true,"href":"https:\/\/www.upm.es\/recursosidi\/wp-json\/wp\/v2\/origen?post=11530"}],"curies":[{"name":"wp","href":"https:\/\/api.w.org\/{rel}","templated":true}]}}