{"id":11534,"date":"2022-11-02T13:55:14","date_gmt":"2022-11-02T12:55:14","guid":{"rendered":"https:\/\/www.upm.es\/recursosidi\/offers-resources\/sin categor\u00eda\/noxti-tecnologia\/"},"modified":"2022-11-02T13:55:32","modified_gmt":"2022-11-02T12:55:32","slug":"noxti-tecnologia","status":"publish","type":"product","link":"https:\/\/www.upm.es\/recursosidi\/offers-resources\/soluciones-tecnologicas\/noxti-tecnologia\/","title":{"rendered":"NOxTi tecnolog\u00eda"},"content":{"rendered":"<h4 style=\"text-align: left\"><strong>Descripci&oacute;n breve conjunta de la soluci&oacute;n y valor a&ntilde;adido que aporta <\/strong><\/h4>\n<p style=\"text-align: justify\">Un grupo de investigadores multidisciplinar de la Universidad Polit&eacute;cnica de Madrid ha desarrollado un nuevo material con excelentes propiedades mec&aacute;nicas y con revestimiento de gran atractivo est&eacute;tico. Este material adicionalmente podr&iacute;a ser empleado como descontaminante del aire (y aguas circundantes) eliminando las sustancias fundamentalmente org&aacute;nicas y NOx, por adsorci&oacute;n y oxidaci&oacute;n fotocatal&iacute;tica. De esta manera se contribuir&iacute;a a la limpieza del aire de nuestras ciudades.&nbsp;<\/p>\n<h4 style=\"text-align: left\"><strong>Descripci&oacute;n de la base tecnol&oacute;gica<\/strong><\/h4>\n<p style=\"text-align: justify\">Nuevo elemento constructivo y est&eacute;tico que permite la descontaminaci&oacute;n de gases y aguas circundantes.<\/p>\n<p style=\"text-align: justify\">El material obtenido por oxidaci&oacute;n electroqu&iacute;mica superficial de chapa de titanio, conserva sus propiedades mec&aacute;nicas y por lo tanto, su uso com&uacute;n, sin recubrimiento, sigue siendo adecuado en arquitectura y revestimientos de fachadas.<\/p>\n<p style=\"text-align: justify\">Adicionalmente, como elemento est&eacute;tico, aparece el atractivo de los colores obtenidos, que a&ntilde;ade alto valor al material.<\/p>\n<p style=\"text-align: justify\">Como descontaminante elimina las sustancias fundamentalmente org&aacute;nicas y NOx, por adsorci&oacute;n y oxidaci&oacute;n fotocatal&iacute;tica.<\/p>\n<p style=\"text-align: center\"><em>&ldquo;Material de alto atractivo est&eacute;tico a&ntilde;adido debido a la amplia gama de colores que ofrece, sin que se vean afectadas las propiedades mec&aacute;nicas&rdquo;<\/em><\/p>\n<p style=\"text-align: center\">&nbsp;<\/p>\n<h4 style=\"text-align: left\"><strong>Necesidades de negocio \/ aplicaci&oacute;n<\/strong><\/h4>\n<p><strong>Arquitectura<\/strong><\/p>\n<ul>\n<li>\n<p style=\"text-align: justify\">El mercado del titanio est&aacute; empezando a sustituir a otros materiales o metales menos resistentes, durables, est&eacute;ticos o con menor resistencia t&eacute;rmica, como el aluminio, que cumplen casi la misma funci&oacute;n constructiva y de revestimiento.<\/p>\n<\/li>\n<\/ul>\n<p><strong>Transporte<\/strong><\/p>\n<ul>\n<li>\n<p style=\"text-align: justify\">El titanio se usa en aeron&aacute;utica por su alta resistencia mec&aacute;nica y a la corrosi&oacute;n, entre otros.<\/p>\n<\/li>\n<\/ul>\n<p><strong>Medio ambiente<\/strong><\/p>\n<ul>\n<li>\n<p style=\"text-align: justify\">Hoy en d&iacute;a los niveles de contaminaci&oacute;n en las ciudades alcanzan niveles nocivos para la salud. En gran parte esta contaminaci&oacute;n se crea con el tr&aacute;fico de veh&iacute;culos y la industria, por lo que un material constructivo para la edificaci&oacute;n que reduzca y neutralice ese efecto negativo en el medio ambiente y contribuya a mejorar nuestra salud es de gran utilidad.<\/p>\n<\/li>\n<\/ul>\n<p style=\"text-align: center\"><em>&ldquo;El material ofrece una valorizaci&oacute;n de los productos de titanio y la apertura de un nuevo mercado con la fabricaci&oacute;n de un producto de alto valor a&ntilde;adido&rdquo;<\/em><\/p>\n<p style=\"text-align: center\">&nbsp;<\/p>\n<h4 style=\"text-align: left\"><strong>Ventajas competitivas<\/strong><\/h4>\n<ul>\n<li>\n<p style=\"text-align: justify\">Nuevo material de revestimiento con excelentes propiedades mec&aacute;nicas, resistencia t&eacute;rmica relativamente alta, no inflamable.<\/p>\n<\/li>\n<li style=\"text-align: justify\">\n<p>De gran atractivo est&eacute;tico debido a la amplia gama de colores que puede obtenerse.<\/p>\n<\/li>\n<li style=\"text-align: justify\">\n<p>Permeable al agua, al aire y muy resistente a las heladas.<\/p>\n<\/li>\n<li style=\"text-align: justify\">\n<p>Buen aislante ac&uacute;stico; maleable.<\/p>\n<\/li>\n<li>\n<p style=\"text-align: justify\">Material descontaminante de NOx. En la gr&aacute;fica &ldquo;Test de fotocat&aacute;lisis&rdquo; se puede ver la gran disminuci&oacute;n de la concentraci&oacute;n de contaminantes org&aacute;nicos&nbsp; con el tiempo&nbsp; dependiendo del tipo de proceso.<\/p>\n<\/li>\n<\/ul>\n<h4 style=\"text-align: left\"><strong>Referencias&nbsp;<\/strong><\/h4>\n<ul>\n<li>\n<p style=\"text-align: justify\">Amplia experiencia en la revalorizaci&oacute;n de residuos procedentes de diferentes industrias, as&iacute; como en cat&aacute;lisis y s&iacute;ntesis de materiales.<\/p>\n<\/li>\n<li style=\"text-align: justify\">\n<p>Colaboradores habituales del sector empresarial.<\/p>\n<\/li>\n<li>\n<p style=\"text-align: justify\">Existen otras patentes del grupo relacionadas con la eliminaci&oacute;n de contaminantes y la fotocat&aacute;lisis&nbsp;<\/p>\n<\/li>\n<\/ul>\n<h4><strong>Protecci&oacute;n&nbsp;<\/strong><\/h4>\n<ul>\n<li>\n<p>Patente concedida en Espa&ntilde;a ES2616276.<\/p>\n<\/li>\n<li>\n<p>Patente europea solicitada v&iacute;a EPO EP16872465.6.<\/p>\n<\/li>\n<\/ul>\n<h4 style=\"text-align: left\"><strong>Grado de desarrollo<\/strong><\/h4>\n<ul>\n<li>\n<p>Concepto<\/p>\n<\/li>\n<li>\n<p>Investigaci&oacute;n<\/p>\n<\/li>\n<li>\n<p><span style=\"text-decoration: underline\"><strong>Prototipo-Lab<\/strong><\/span><\/p>\n<\/li>\n<li>\n<p>Prototipo Industrial<\/p>\n<\/li>\n<li>\n<p>Producci&oacute;n<\/p>\n<\/li>\n<\/ul>\n<h4><strong>Contacto<\/strong><\/h4>\n<p><strong>Contacto NOxTi<\/strong><\/p>\n<p>Francisco Fern&aacute;ndez Mart&iacute;nez, Mercedes del R&iacute;o Merino, Irene Gonz&aacute;lez Mor&aacute;n;<\/p>\n<p>e: <span rel=\"6f311030b5312531b1313e31b2311a31b73129319f312030bb311a31b2313b31933128319c312c31ad313d3176314431ba311c316a312731be31\" class=\"cryptex \" style=\"\"><span class=\"CryptexImg ctxiDawqeOgAWZvg7Cl9MOBZCLufnswO5qIKWjjdMnBN_Q\"><\/span><\/span><\/p>\n<p>&nbsp;e: <span rel=\"6f311030bc311831c2313331b4311531a93139315e311631ba312131b2313631a1310630ad313731a03102309b314231\" class=\"cryptex \" style=\"\"><span class=\"CryptexImg ctxFsoQSDP17gx7sZgVPRk5e50zvbJj2xviPP6vba-9cCo\"><\/span><\/span><\/p>\n<p>&nbsp;e: <span rel=\"6f311030b8312531b5313e31b4312130ab3135319e312c31b6312131a531473160312731a731393194313e3176313031b6312431a9313031ba31343160312f31ae313c317d311831c331\" class=\"cryptex \" style=\"\"><span class=\"CryptexImg ctxUOBxwCLSIbndWdVs70EZ0MNaD-gXidvkZZHUAo2QnY0\"><\/span><\/span><\/p>\n<p><strong>Contacto UPM<\/strong><\/p>\n<p>Programas de Innovaci&oacute;n y Emprendimiento<\/p>\n<p>Centro de Apoyo a la Innovaci&oacute;n Tecnol&oacute;gica &ndash; UPM&nbsp;<\/p>\n<p>e: <span rel=\"6f311030b8312131be313f31c5311231a7312f319f31203183312931a5313031a0312931a43136319a313931993130318a312431ac312f3179312631a531\" class=\"cryptex \" style=\"\"><span class=\"CryptexImg ctxR7neImVV1tJoTSyttUGBAuiESKXKLLyzTwJSN1lk9Z0\"><\/span><\/span><\/p>\n<div class=\"pdfprnt-buttons pdfprnt-buttons-product pdfprnt-bottom-left\"><a href=\"https:\/\/www.upm.es\/recursosidi\/wp-json\/wp\/v2\/product\/11534?print=pdf\" class=\"pdfprnt-button pdfprnt-button-pdf\" target=\"_blank\"><span class=\"pdfprnt-button-title pdfprnt-button-pdf-title\">Descargar ficha<\/span><\/a><\/div>","protected":false},"excerpt":{"rendered":"<p>Fachadas m\u00e1s resistentes, ecol\u00f3gicas y con alto atractivo est\u00e9tico.<\/p>\n<p>Valorizaci\u00f3n de los productos de titanio y la apertura de un nuevo mercado con la fabricaci\u00f3n de un producto de alto valor a\u00f1adido.\u00a0<\/p>\n","protected":false},"featured_media":11533,"template":"","meta":{"_acf_changed":false},"product_cat":[2384],"product_tag":[2523],"comunidades-upm":[],"quien":[],"mapa":[{"term_id":135,"name":"Industria, materiales y econom\u00eda circular","slug":"industria-materiales-economia_circular","term_group":0,"term_taxonomy_id":135,"taxonomy":"mapa","description":"","parent":0,"count":165,"filter":"raw","term_order":"13"}],"disponibilidad":[{"term_id":205,"name":"Consultar disponibilidad","slug":"consultar","term_group":0,"term_taxonomy_id":205,"taxonomy":"disponibilidad","description":"","parent":0,"count":290,"filter":"raw","term_order":"0"}],"donde":[{"term_id":1907,"name":"Building and Environmental Technology","slug":"en_building-and-environmental-technology","term_group":0,"term_taxonomy_id":1907,"taxonomy":"donde","description":"Hacemos I+D+i en temas relacionados con el proceso de ejecuci&oacute;n de las obras y los materiales y sistemas constructivos para la edificaci&oacute;n. &nbsp;Adem&aacute;s, estudiamos el tratamiento y gesti&oacute;n de residuos, as&iacute; como su reciclaje y viabilidad como materia prima alternativa en la elaboraci&oacute;n de nuevos materiales de construcci&oacute;n.\n&nbsp;\nEn concreto, nuestras l&iacute;neas de investigaci&oacute;n son:\n\nGesti&oacute;n del proceso de edificaci&oacute;n\nImpacto ambiental en edificaci&oacute;n. Valorizaci&oacute;n de residuos\nDise&ntilde;o e innovaci&oacute;n en nuevos materiales y sistemas constructivos\nInnovaci&oacute;n en los sistemas constructivos para la rehabilitaci&oacute;n de edificios.\nEficiencia energ&eacute;tica y calidad del ambiente interior en edificaci&oacute;n\n","parent":0,"count":6,"filter":"raw","term_order":"0"},{"term_id":644,"name":"Tecnolog\u00eda Edificatoria y Medio Ambiente","slug":"tecnologia-edificatoria-y-medio-ambiente","term_group":0,"term_taxonomy_id":644,"taxonomy":"donde","description":"Hacemos I+D+i en temas relacionados con el proceso de ejecuci&oacute;n de las obras y los materiales y sistemas constructivos para la edificaci&oacute;n. &nbsp;Adem&aacute;s, estudiamos el tratamiento y gesti&oacute;n de residuos, as&iacute; como su reciclaje y viabilidad como materia prima alternativa en la elaboraci&oacute;n de nuevos materiales de construcci&oacute;n.\n&nbsp;\nEn concreto, nuestras l&iacute;neas de investigaci&oacute;n son:\n\nGesti&oacute;n del proceso de edificaci&oacute;n\nImpacto ambiental en edificaci&oacute;n. Valorizaci&oacute;n de residuos\nDise&ntilde;o e innovaci&oacute;n en nuevos materiales y sistemas constructivos\nInnovaci&oacute;n en los sistemas constructivos para la rehabilitaci&oacute;n de edificios.\nEficiencia energ&eacute;tica y calidad del ambiente interior en edificaci&oacute;n\n","parent":0,"count":14,"filter":"raw","term_order":"0"}],"infraestructura":[],"ods":[{"term_id":2231,"name":"Acci\u00f3n por el Clima","slug":"accion-por-el-clima","term_group":0,"term_taxonomy_id":2231,"taxonomy":"ods","description":"","parent":0,"count":67,"filter":"raw","term_order":"0"},{"term_id":2259,"name":"Agua Limpia y Saneamiento","slug":"agua-limpia-y-saneamiento","term_group":0,"term_taxonomy_id":2259,"taxonomy":"ods","description":"","parent":0,"count":11,"filter":"raw","term_order":"0"},{"term_id":2247,"name":"Industria, Innovaci\u00f3n e Infraestructura","slug":"industria-innovacion-e-infraestructura","term_group":0,"term_taxonomy_id":2247,"taxonomy":"ods","description":"","parent":0,"count":171,"filter":"raw","term_order":"0"},{"term_id":2251,"name":"Trabajo Decente y Crecimiento Econ\u00f3mico","slug":"trabajo-decente-y-crecimiento-economico","term_group":0,"term_taxonomy_id":2251,"taxonomy":"ods","description":"","parent":0,"count":9,"filter":"raw","term_order":"0"}],"origen":[{"term_id":192,"name":"Soluciones tecnol\u00f3gicas","slug":"soluciones-tecnologicas","term_group":0,"term_taxonomy_id":192,"taxonomy":"origen","description":"","parent":0,"count":278,"filter":"raw","term_order":"0"}],"familia_tax":false,"quien_tax":false,"donde_tax":false,"year":"2020-01-01","contacto":"ETS de Edificaci\u00f3n, Av. Juan de Herrera, 6, 28040, Madrid","telefono":"910675234","pagina_web":"https:\/\/www.edificacion.upm.es\/","email":"mercedes.delrio@upm.es","id_ficha_portal":"95","video":"","adjuntos":false,"adjuntos_portal":"","inf":false,"departamento":"","acf":[],"lang":"es","translation":{"es":11534,"en":11536},"_links":{"self":[{"href":"https:\/\/www.upm.es\/recursosidi\/wp-json\/wp\/v2\/product\/11534"}],"collection":[{"href":"https:\/\/www.upm.es\/recursosidi\/wp-json\/wp\/v2\/product"}],"about":[{"href":"https:\/\/www.upm.es\/recursosidi\/wp-json\/wp\/v2\/types\/product"}],"wp:featuredmedia":[{"embeddable":true,"href":"https:\/\/www.upm.es\/recursosidi\/wp-json\/wp\/v2\/media\/11533"}],"wp:attachment":[{"href":"https:\/\/www.upm.es\/recursosidi\/wp-json\/wp\/v2\/media?parent=11534"}],"wp:term":[{"taxonomy":"product_cat","embeddable":true,"href":"https:\/\/www.upm.es\/recursosidi\/wp-json\/wp\/v2\/product_cat?post=11534"},{"taxonomy":"product_tag","embeddable":true,"href":"https:\/\/www.upm.es\/recursosidi\/wp-json\/wp\/v2\/product_tag?post=11534"},{"taxonomy":"comunidad_upm","embeddable":true,"href":"https:\/\/www.upm.es\/recursosidi\/wp-json\/wp\/v2\/comunidades-upm?post=11534"},{"taxonomy":"quien","embeddable":true,"href":"https:\/\/www.upm.es\/recursosidi\/wp-json\/wp\/v2\/quien?post=11534"},{"taxonomy":"mapa","embeddable":true,"href":"https:\/\/www.upm.es\/recursosidi\/wp-json\/wp\/v2\/mapa?post=11534"},{"taxonomy":"disponibilidad","embeddable":true,"href":"https:\/\/www.upm.es\/recursosidi\/wp-json\/wp\/v2\/disponibilidad?post=11534"},{"taxonomy":"donde","embeddable":true,"href":"https:\/\/www.upm.es\/recursosidi\/wp-json\/wp\/v2\/donde?post=11534"},{"taxonomy":"infraestructura","embeddable":true,"href":"https:\/\/www.upm.es\/recursosidi\/wp-json\/wp\/v2\/infraestructura?post=11534"},{"taxonomy":"ods","embeddable":true,"href":"https:\/\/www.upm.es\/recursosidi\/wp-json\/wp\/v2\/ods?post=11534"},{"taxonomy":"origen","embeddable":true,"href":"https:\/\/www.upm.es\/recursosidi\/wp-json\/wp\/v2\/origen?post=11534"}],"curies":[{"name":"wp","href":"https:\/\/api.w.org\/{rel}","templated":true}]}}