{"id":11541,"date":"2022-11-05T02:00:44","date_gmt":"2022-11-05T01:00:44","guid":{"rendered":"https:\/\/www.upm.es\/recursosidi\/offers-resources\/sin%20categor\u00eda\/herramienta-para-la-identificacion-de-la-organizacion-responsable-de-un-dominio-web\/"},"modified":"2023-02-28T11:57:24","modified_gmt":"2023-02-28T10:57:24","slug":"herramienta-para-la-identificacion-de-la-organizacion-responsable-de-un-dominio-web","status":"publish","type":"product","link":"https:\/\/www.upm.es\/recursosidi\/offers-resources\/software\/herramienta-para-la-identificacion-de-la-organizacion-responsable-de-un-dominio-web\/","title":{"rendered":"Herramienta para la identificaci\u00f3n de la organizaci\u00f3n responsable de un dominio web"},"content":{"rendered":"<h4><strong>Descripci\u00f3n del software <\/strong><\/h4>\n<p>Esta obra consiste en una herramienta software basada en el lenguaje de programaci\u00f3n Python que permite conocer de manera autom\u00e1tica la identidad de la organizaci\u00f3n responsable de un dominio web. Estos dominios web (ej. upm.es) debe tener una persona o empresa responsable. Su identidad es a veces dif\u00edcil de obtener y trata de ser ocultada por motivos de privacidad o con fines malintencionados de la web. Esta herramienta pretende esclarecer esto.<\/p>\n<h4><strong>Referencia<\/strong><\/h4>\n<p>M-007861\/2022<\/p>\n<div class=\"pdfprnt-buttons pdfprnt-buttons-product pdfprnt-bottom-left\"><a href=\"https:\/\/www.upm.es\/recursosidi\/wp-json\/wp\/v2\/product\/11541?print=pdf\" class=\"pdfprnt-button pdfprnt-button-pdf\" target=\"_blank\"><span class=\"pdfprnt-button-title pdfprnt-button-pdf-title\">Descargar ficha<\/span><\/a><\/div>","protected":false},"excerpt":{"rendered":"<p>Descripci\u00f3n del software Esta obra consiste en una herramienta software basada en el lenguaje de programaci\u00f3n Python que permite conocer de manera autom\u00e1tica la identidad&hellip;<\/p>\n","protected":false},"featured_media":0,"template":"","meta":{"_acf_changed":false},"product_cat":[3948],"product_tag":[],"comunidades-upm":[],"quien":[],"mapa":[],"disponibilidad":[],"donde":[{"term_id":642,"name":"Information Processing and Telecommunications Center (IPTC)","slug":"information-processing-and-telecommunications-center-iptc","term_group":0,"term_taxonomy_id":642,"taxonomy":"donde","description":"","parent":0,"count":74,"filter":"raw","term_order":"0"},{"term_id":446,"name":"Sistemas de tiempo real y arquitectura de servicios telem\u00e1ticos","slug":"sistemas-de-tiempo-real-y-arquitectura-de-servicios-telematicos","term_group":0,"term_taxonomy_id":446,"taxonomy":"donde","description":"&nbsp;\nNuestro grupo realiza actividades de investigaci&oacute;n en las siguientes l&iacute;neas:\n&nbsp;\n\nSistemas de tiempo real\nSistemas de alta integridad\nConvergencia de servicios telem&aacute;ticos\nServicios telem&aacute;ticos en redes de siguiente generaci&oacute;n\nServicios telem&aacute;ticos en el &aacute;mbito corporativo\n\n&nbsp;\nNuestro trabajo de I+D+i en estas l&iacute;neas se aplica en m&uacute;ltiples sectores de actividad, como los sistemas aeroespaciales, sistemas ferroviarios, &nbsp;sistemas bancarios, y otros.","parent":0,"count":3,"filter":"raw","term_order":"0"}],"infraestructura":[],"ods":[],"origen":[{"term_id":184,"name":"Software","slug":"software","term_group":0,"term_taxonomy_id":184,"taxonomy":"origen","description":"","parent":0,"count":133,"filter":"raw","term_order":"0"}],"familia_tax":false,"quien_tax":false,"donde_tax":false,"year":"","contacto":"<strong>Investigadores principales: <\/strong><ul><li>JOSE MARIA DEL ALAMO RAMIRO <blockquote><strong>jm.delalamo@upm.es<\/strong><\/blockquote><\/li><li>DAVID RODRIGUEZ TORRADO <blockquote><strong>david.rtorrado@upm.es<\/strong><\/blockquote><\/li><li>MIGUEL COZAR TRAMBLIN <blockquote><strong><\/strong><\/blockquote><\/li><\/ul>","telefono":"","pagina_web":"","email":"","id_ficha_portal":"1875","video":"","adjuntos":false,"adjuntos_portal":"","inf":false,"departamento":"","acf":[],"lang":"es","translation":{"es":11541},"_links":{"self":[{"href":"https:\/\/www.upm.es\/recursosidi\/wp-json\/wp\/v2\/product\/11541"}],"collection":[{"href":"https:\/\/www.upm.es\/recursosidi\/wp-json\/wp\/v2\/product"}],"about":[{"href":"https:\/\/www.upm.es\/recursosidi\/wp-json\/wp\/v2\/types\/product"}],"wp:attachment":[{"href":"https:\/\/www.upm.es\/recursosidi\/wp-json\/wp\/v2\/media?parent=11541"}],"wp:term":[{"taxonomy":"product_cat","embeddable":true,"href":"https:\/\/www.upm.es\/recursosidi\/wp-json\/wp\/v2\/product_cat?post=11541"},{"taxonomy":"product_tag","embeddable":true,"href":"https:\/\/www.upm.es\/recursosidi\/wp-json\/wp\/v2\/product_tag?post=11541"},{"taxonomy":"comunidad_upm","embeddable":true,"href":"https:\/\/www.upm.es\/recursosidi\/wp-json\/wp\/v2\/comunidades-upm?post=11541"},{"taxonomy":"quien","embeddable":true,"href":"https:\/\/www.upm.es\/recursosidi\/wp-json\/wp\/v2\/quien?post=11541"},{"taxonomy":"mapa","embeddable":true,"href":"https:\/\/www.upm.es\/recursosidi\/wp-json\/wp\/v2\/mapa?post=11541"},{"taxonomy":"disponibilidad","embeddable":true,"href":"https:\/\/www.upm.es\/recursosidi\/wp-json\/wp\/v2\/disponibilidad?post=11541"},{"taxonomy":"donde","embeddable":true,"href":"https:\/\/www.upm.es\/recursosidi\/wp-json\/wp\/v2\/donde?post=11541"},{"taxonomy":"infraestructura","embeddable":true,"href":"https:\/\/www.upm.es\/recursosidi\/wp-json\/wp\/v2\/infraestructura?post=11541"},{"taxonomy":"ods","embeddable":true,"href":"https:\/\/www.upm.es\/recursosidi\/wp-json\/wp\/v2\/ods?post=11541"},{"taxonomy":"origen","embeddable":true,"href":"https:\/\/www.upm.es\/recursosidi\/wp-json\/wp\/v2\/origen?post=11541"}],"curies":[{"name":"wp","href":"https:\/\/api.w.org\/{rel}","templated":true}]}}