{"id":11543,"date":"2022-11-10T13:12:09","date_gmt":"2022-11-10T12:12:09","guid":{"rendered":"https:\/\/www.upm.es\/recursosidi\/offers-resources\/sin categor\u00eda\/drugs4covid\/"},"modified":"2022-11-10T13:12:31","modified_gmt":"2022-11-10T12:12:31","slug":"drugs4covid","status":"publish","type":"product","link":"https:\/\/www.upm.es\/recursosidi\/offers-resources\/soluciones-tecnologicas\/drugs4covid\/","title":{"rendered":"Drugs4Covid"},"content":{"rendered":"<hr \/>\n<h4 class=\"\">Descripci&oacute;n breve conjunta de la soluci&oacute;n y valor a&ntilde;adido que aporta<\/h4>\n<p style=\"text-align: justify\"><span style=\"font-weight: 400\">El objetivo principal de Drugs4Covid es crear recursos, siguiendo los principios de la Ciencia Abierta, que <strong><em>faciliten la extracci&oacute;n de conocimiento a partir de literatura cient&iacute;fica<\/em><\/strong> relacionada con el Coronavirus. Estos recursos pueden aprovecharse por comunidades cient&iacute;ficas que realizan investigaci&oacute;n en relaci&oacute;n con SARS-CoV-2\/COVID-19 y tambi&eacute;n por comunidades terap&eacute;uticas, laboratorios, etc., que deseen encontrar y entender relaciones entre s&iacute;ntomas, medicamentos, principios activos y sus evidencias documentales.<\/span><\/p>\n<hr \/>\n<h4 class=\"\">Descripci&oacute;n de la base tecnol&oacute;gica<\/h4>\n<p style=\"text-align: justify\"><span style=\"font-weight: 400\">Se ha creado una <\/span><strong><em>gu&iacute;a de buenas pr&aacute;cticas<\/em><\/strong><span style=\"font-weight: 400\"> que revisa y documenta los pasos necesarios para construir <strong><em>grafos de conocimientos<\/em><\/strong> a partir de conjuntos de art&iacute;culos cient&iacute;ficos. En las primeras etapas es necesario estructurar los datos que se recogen en forma de texto escrito y para ello hemos desarrollado <\/span><strong><em>modelos de reconocimiento de entidades nombradas<\/em><\/strong><span style=\"font-weight: 400\"> que identifican los medicamentos, enfermedades, genes y prote&iacute;nas mencionados en los art&iacute;culos cient&iacute;ficos.&nbsp; Se basan en modelos del lenguaje ya existentes que se han ajustado con vocabularios espec&iacute;ficos para normalizar las referencias mediante c&oacute;digos estandarizados (e.g. MeSH, ATC, ICD-10, SNOMED).<\/span><\/p>\n<p style=\"text-align: justify\"><span style=\"font-weight: 400\"><img fetchpriority=\"high\" decoding=\"async\" style=\"margin-left: auto;margin-right: auto\" src=\"\/recursosidi\/wp-content\/uploads_kairos\/ficha_431\/IMG1666091835392\" alt=\"\" width=\"350\" height=\"290\" \/><\/span><\/p>\n<p style=\"text-align: justify\"><span style=\"font-weight: 400\">El descubrimiento de relaciones entre las entidades cl&iacute;nicas, ya sea expl&iacute;cito cuando se mencionan en los mismos textos o impl&iacute;cito a partir de sus representaciones sem&aacute;nticas, se ha abordado mediante <\/span><strong><em>modelos de representaci&oacute;n basados en t&oacute;picos probabil&iacute;sticos<\/em><\/strong><span style=\"font-weight: 400\">. En concreto, se ha realizado un estudio de las capacidades que ofrecen las representaciones basadas en t&oacute;picos din&aacute;micos para capturar la relevancia de los medicamentos en el tratamiento del coronavirus. En esta l&iacute;nea, y para mejorar el rendimiento de los modelos del lenguaje para reconocer y relacionar entidades biom&eacute;dicas en textos m&eacute;dicos en espa&ntilde;ol, hemos <\/span><strong><em>anotado manualmente 200 casos cl&iacute;nicos en espa&ntilde;ol <\/em><\/strong><span style=\"font-weight: 400\">con siete tipos de relaciones (analiza, altera, causa, diagnostica, manifestaci&oacute;n_de, produce, refiere_a, y trata) y entre doce tipos de entidades (Enfermedad\/S&iacute;ndrome, Gen, Parte del cuerpo\/&Oacute;rgano, Gl&uacute;cido, Procedimiento de Diagn&oacute;stico, Prote&iacute;na, Procedimiento Terape&uacute;tico, S&iacute;ntoma\/Signo, Sustancia Farmacol&oacute;gica, L&iacute;pido, Organismo, Qu&iacute;mico Org&aacute;nico y Abreviatura\/Sigla\/Alias).<\/span><\/p>\n<p style=\"text-align: justify\"><span style=\"font-weight: 400\"><img decoding=\"async\" style=\"margin-left: auto;margin-right: auto\" src=\"\/recursosidi\/wp-content\/uploads_kairos\/ficha_431\/IMG1666091858508\" alt=\"\" width=\"350\" height=\"243\" \/><\/span><\/p>\n<p style=\"text-align: justify\"><span style=\"font-weight: 400\">Para a&ntilde;adir significado a las anotaciones y describir las evidencias que extraemos autom&aacute;ticamente al procesar los art&iacute;culos cient&iacute;ficos hemos creado la <\/span><strong><em>ontolog&iacute;a EBOCA, <\/em><\/strong><span style=\"font-weight: 400\">donde se modelan las asociaciones entre conceptos biom&eacute;dicos con respaldo en la literatura cient&iacute;fica.&nbsp; Como resultado final publicamos un <\/span><strong><em>grafo de conocimientos Drugs4Covid<\/em><\/strong><span style=\"font-weight: 400\"> con evidencias entre los medicamentos y enfermedades mencionados en el corpus CORD-19,&nbsp; que contiene publicaciones cient&iacute;ficas sobre coronavirus en los &uacute;ltimos 50 a&ntilde;os. <\/span><\/p>\n<h4 class=\"\"><span style=\"font-weight: 400\"><img decoding=\"async\" style=\"margin-left: auto;margin-right: auto\" src=\"\/recursosidi\/wp-content\/uploads_kairos\/ficha_431\/IMG1666091885859\" alt=\"\" width=\"350\" height=\"187\" \/><\/span><\/h4>\n<p style=\"text-align: justify\"><span style=\"font-weight: 400\">Finalmente, y para facilitar el acceso a toda esta informaci&oacute;n sin necesidad de ser experto en tecnolog&iacute;as sem&aacute;nticas, hemos creado una <\/span><strong><em>interfaz de pregunta-respuesta en lenguaje natural<\/em><\/strong><span style=\"font-weight: 400\"> que permite consultar su contenido junto con otras bases de conocimiento externas, como por ejemplo DBpedia y Wikidata.<\/span><\/p>\n<hr \/>\n<h4 class=\"\">Necesidades de negocio \/ aplicaci&oacute;n<\/h4>\n<ul>\n<li>Necesidad de creaci&oacute;n eficiente de relaciones entre entidades cl&iacute;nicas para optimizar las b&uacute;squedas complejas de informaci&oacute;n en este &aacute;mbito.<\/li>\n<\/ul>\n<hr \/>\n<h4 class=\"\">Referencias previas de prestaci&oacute;n<\/h4>\n<ul>\n<li><span style=\"font-weight: 400\">Como resultado final y caso de uso de la soluci&oacute;n, se ha publicado un <\/span><strong><em>grafo de conocimientos Drugs4Covid<\/em><\/strong><span style=\"font-weight: 400\"> con evidencias entre los medicamentos y enfermedades mencionados en el corpus CORD-19,&nbsp; que contiene publicaciones cient&iacute;ficas sobre coronavirus en los &uacute;ltimos 50 a&ntilde;os.<\/span><\/li>\n<\/ul>\n<hr \/>\n<h4 class=\"\">Ventajas competitivas<\/h4>\n<ul>\n<li style=\"text-align: justify\">Implementaci&oacute;n de buenas pr&aacute;cticas para agilizar la construcci&oacute;n del grafo de conocimientos.<\/li>\n<li style=\"text-align: justify\">No se requiere conocimiento en lenguajes formales: acceso a la informaci&oacute;n mediante consultas en lenguaje natural.&nbsp;<\/li>\n<li style=\"text-align: justify\">Desarrollo basado en est&aacute;ndares y sistemas existentes.<\/li>\n<\/ul>\n<hr \/>\n<h4 class=\"\">Protecci&oacute;n<\/h4>\n<ul class=\"propiedad\">\n<li>Patente<\/li>\n<li><strong>Registro sw<\/strong><\/li>\n<li>Secreto industrial<\/li>\n<\/ul>\n<hr \/>\n<h4 class=\"\">Grado de desarrollo<\/h4>\n<ul class=\"grado\">\n<li>Concepto<\/li>\n<li>Investigaci&oacute;n<\/li>\n<li><strong>Prototipo &#8211; lab<\/strong><\/li>\n<li>Prototipo industrial<\/li>\n<li>Producci&oacute;n<\/li>\n<\/ul>\n<div class=\"pdfprnt-buttons pdfprnt-buttons-product pdfprnt-bottom-left\"><a href=\"https:\/\/www.upm.es\/recursosidi\/wp-json\/wp\/v2\/product\/11543?print=pdf\" class=\"pdfprnt-button pdfprnt-button-pdf\" target=\"_blank\"><span class=\"pdfprnt-button-title pdfprnt-button-pdf-title\">Descargar ficha<\/span><\/a><\/div>","protected":false},"excerpt":{"rendered":"<p>Creaci\u00f3n de grafos de conocimientos con evidencias cl\u00ednicas extra\u00eddas autom\u00e1ticamente de literatura cient\u00edfica. Consultas en lenguaje natural y b\u00fasquedas complejas guiadas por medicamentos, enfermedades, genes y prote\u00ednas. <\/p>\n","protected":false},"featured_media":11542,"template":"","meta":{"_acf_changed":false},"product_cat":[2384],"product_tag":[8558,8554,8550,8560,8556,8552],"comunidades-upm":[],"quien":[],"mapa":[{"term_id":122,"name":"Salud y bienestar","slug":"salud-y-bienestar","term_group":0,"term_taxonomy_id":122,"taxonomy":"mapa","description":"","parent":0,"count":105,"filter":"raw","term_order":"17"},{"term_id":126,"name":"Tecnolog\u00edas digitales, Inteligencia Artificial, ciberseguridad, 5G, rob\u00f3tica","slug":"tecnologias_digitales-ai-ciberseguridad-5g-robotica","term_group":0,"term_taxonomy_id":126,"taxonomy":"mapa","description":"","parent":0,"count":194,"filter":"raw","term_order":"23"}],"disponibilidad":[{"term_id":205,"name":"Consultar disponibilidad","slug":"consultar","term_group":0,"term_taxonomy_id":205,"taxonomy":"disponibilidad","description":"","parent":0,"count":290,"filter":"raw","term_order":"0"}],"donde":[{"term_id":526,"name":"Ontology Engineering Group","slug":"ontology-engineering-group","term_group":0,"term_taxonomy_id":526,"taxonomy":"donde","description":"Trabajamos en las siguientes l&iacute;neas:\n&nbsp;\n\n<strong>Ingenier&iacute;a Ontol&oacute;gica.<\/strong> Construimos ontolog&iacute;as en dominios muy diversos, as&iacute; como m&eacute;todos y herramientas para facilitar esta tarea.\n<strong>Web Sem&aacute;ntica y Linked Data<\/strong>. Hemos creado Linked Data para organizaciones como la Biblioteca Nacional de Espa&ntilde;a, Instituto Geogr&aacute;fico Nacional, Ayuntamiento de Zaragoza, etc. Tambi&eacute;n hemos creado un gran n&uacute;mero de aplicaciones basadas en estos datos.\n<strong>Ingenier&iacute;a Ling&uuml;&iacute;stica.<\/strong> Aplicamos t&eacute;cnicas de procesamiento de lenguaje natural para la construcci&oacute;n de ontolog&iacute;as y la anotaci&oacute;n de textos, as&iacute; como el tratamiento de la multilingualidad.\n<strong>Integraci&oacute;n de datos.<\/strong> Creamos herramientas para integrar datos de bases de datos relacionales, hojas de c&aacute;lculo, streams de datos,, etc.\n<strong>e-Ciencia Sem&aacute;ntica.<\/strong> Facilitamos la labor de investigadores de varias disciplinas mediante el uso de tecnolog&iacute;as sem&aacute;nticas.\n","parent":0,"count":45,"filter":"raw","term_order":"0"},{"term_id":1750,"name":"Ontology Engineering Group","slug":"en_ontology-engineering-group","term_group":0,"term_taxonomy_id":1750,"taxonomy":"donde","description":"Trabajamos en las siguientes l&iacute;neas:\n&nbsp;\n\n<strong>Ingenier&iacute;a Ontol&oacute;gica.<\/strong> Construimos ontolog&iacute;as en dominios muy diversos, as&iacute; como m&eacute;todos y herramientas para facilitar esta tarea.\n<strong>Web Sem&aacute;ntica y Linked Data<\/strong>. Hemos creado Linked Data para organizaciones como la Biblioteca Nacional de Espa&ntilde;a, Instituto Geogr&aacute;fico Nacional, Ayuntamiento de Zaragoza, etc. Tambi&eacute;n hemos creado un gran n&uacute;mero de aplicaciones basadas en estos datos.\n<strong>Ingenier&iacute;a Ling&uuml;&iacute;stica.<\/strong> Aplicamos t&eacute;cnicas de procesamiento de lenguaje natural para la construcci&oacute;n de ontolog&iacute;as y la anotaci&oacute;n de textos, as&iacute; como el tratamiento de la multilingualidad.\n<strong>Integraci&oacute;n de datos.<\/strong> Creamos herramientas para integrar datos de bases de datos relacionales, hojas de c&aacute;lculo, streams de datos,, etc.\n<strong>e-Ciencia Sem&aacute;ntica.<\/strong> Facilitamos la labor de investigadores de varias disciplinas mediante el uso de tecnolog&iacute;as sem&aacute;nticas.\n","parent":0,"count":45,"filter":"raw","term_order":"0"}],"infraestructura":[],"ods":[{"term_id":2267,"name":"Educaci\u00f3n de Calidad","slug":"educacion-de-calidad","term_group":0,"term_taxonomy_id":2267,"taxonomy":"ods","description":"","parent":0,"count":14,"filter":"raw","term_order":"0"},{"term_id":2247,"name":"Industria, Innovaci\u00f3n e Infraestructura","slug":"industria-innovacion-e-infraestructura","term_group":0,"term_taxonomy_id":2247,"taxonomy":"ods","description":"","parent":0,"count":171,"filter":"raw","term_order":"0"},{"term_id":2271,"name":"Salud y Bienestar","slug":"salud-y-bienestar","term_group":0,"term_taxonomy_id":2271,"taxonomy":"ods","description":"","parent":0,"count":59,"filter":"raw","term_order":"0"}],"origen":[{"term_id":192,"name":"Soluciones tecnol\u00f3gicas","slug":"soluciones-tecnologicas","term_group":0,"term_taxonomy_id":192,"taxonomy":"origen","description":"","parent":0,"count":278,"filter":"raw","term_order":"0"}],"familia_tax":false,"quien_tax":false,"donde_tax":false,"year":"2022-01-01","contacto":"Laboratorio 3206\r\nEscuela T\u00e9cnica Superior de Ingenieros Inform\u00e1ticos (ETSIINF)\r\nUniversidad Polit\u00e9cnica de Madrid\r\nAvda. Montepr\u00edncipe, s\/n, Boadilla del Monte, 28660, Spain","telefono":"910673520","pagina_web":"https:\/\/drugs4covid.oeg.fi.upm.es\/","email":"carlos.badenes@upm.es","id_ficha_portal":"431","video":"","adjuntos":false,"adjuntos_portal":"https:\/\/www.upm.es\/recursosidi\/wp-content\/uploads_kairos\/ficha_431\/ficha_431_doc_22.pdf","inf":false,"departamento":"","acf":[],"lang":"es","translation":{"es":11543,"en":11545},"_links":{"self":[{"href":"https:\/\/www.upm.es\/recursosidi\/wp-json\/wp\/v2\/product\/11543"}],"collection":[{"href":"https:\/\/www.upm.es\/recursosidi\/wp-json\/wp\/v2\/product"}],"about":[{"href":"https:\/\/www.upm.es\/recursosidi\/wp-json\/wp\/v2\/types\/product"}],"wp:featuredmedia":[{"embeddable":true,"href":"https:\/\/www.upm.es\/recursosidi\/wp-json\/wp\/v2\/media\/11542"}],"wp:attachment":[{"href":"https:\/\/www.upm.es\/recursosidi\/wp-json\/wp\/v2\/media?parent=11543"}],"wp:term":[{"taxonomy":"product_cat","embeddable":true,"href":"https:\/\/www.upm.es\/recursosidi\/wp-json\/wp\/v2\/product_cat?post=11543"},{"taxonomy":"product_tag","embeddable":true,"href":"https:\/\/www.upm.es\/recursosidi\/wp-json\/wp\/v2\/product_tag?post=11543"},{"taxonomy":"comunidad_upm","embeddable":true,"href":"https:\/\/www.upm.es\/recursosidi\/wp-json\/wp\/v2\/comunidades-upm?post=11543"},{"taxonomy":"quien","embeddable":true,"href":"https:\/\/www.upm.es\/recursosidi\/wp-json\/wp\/v2\/quien?post=11543"},{"taxonomy":"mapa","embeddable":true,"href":"https:\/\/www.upm.es\/recursosidi\/wp-json\/wp\/v2\/mapa?post=11543"},{"taxonomy":"disponibilidad","embeddable":true,"href":"https:\/\/www.upm.es\/recursosidi\/wp-json\/wp\/v2\/disponibilidad?post=11543"},{"taxonomy":"donde","embeddable":true,"href":"https:\/\/www.upm.es\/recursosidi\/wp-json\/wp\/v2\/donde?post=11543"},{"taxonomy":"infraestructura","embeddable":true,"href":"https:\/\/www.upm.es\/recursosidi\/wp-json\/wp\/v2\/infraestructura?post=11543"},{"taxonomy":"ods","embeddable":true,"href":"https:\/\/www.upm.es\/recursosidi\/wp-json\/wp\/v2\/ods?post=11543"},{"taxonomy":"origen","embeddable":true,"href":"https:\/\/www.upm.es\/recursosidi\/wp-json\/wp\/v2\/origen?post=11543"}],"curies":[{"name":"wp","href":"https:\/\/api.w.org\/{rel}","templated":true}]}}