{"id":11547,"date":"2022-11-11T11:57:22","date_gmt":"2022-11-11T10:57:22","guid":{"rendered":"https:\/\/www.upm.es\/recursosidi\/offers-resources\/sin categor\u00eda\/occam-optimal-computation-of-collision-avoidance-maneuvers\/"},"modified":"2022-11-11T11:57:37","modified_gmt":"2022-11-11T10:57:37","slug":"occam-optimal-computation-of-collision-avoidance-maneuvers","status":"publish","type":"product","link":"https:\/\/www.upm.es\/recursosidi\/offers-resources\/soluciones-tecnologicas\/occam-optimal-computation-of-collision-avoidance-maneuvers\/","title":{"rendered":"OCCAM (Optimal Computation of Collision Avoidance Maneuvers)"},"content":{"rendered":"<h4 style=\"text-align: left\"><strong>Descripci&oacute;n breve conjunta de la soluci&oacute;n y valor a&ntilde;adido que aporta <\/strong><\/h4>\n<p style=\"text-align: justify\">La acumulaci&oacute;n de basura espacial en la regi&oacute;n de la &Oacute;rbita Baja Terrestre constituye un grave riesgo para la explotaci&oacute;n segura y rentable del espacio. Aunque se adoptasen nuevas medidas de mitigaci&oacute;n de forma inmediata, la ejecuci&oacute;n puntual de maniobras de evasi&oacute;n de colisiones seguir&aacute; siendo una necesidad inexcusable durante el futuro pr&oacute;ximo. Dado su potencial impacto en la operaci&oacute;n y seguridad de misiones tanto tripulados como no tripulados, disponer de un dise&ntilde;o optimizado para estas maniobras es de la mayor importancia. OCCAM (<em>Optimal Computation of Collision Avoidance Maneuvers<\/em>) es una herramienta de software desarrollada por el Grupo de Din&aacute;mica Espacial para el c&aacute;lculo r&aacute;pido y fiable de maniobras de evasi&oacute;n con un consumo m&iacute;nimo de combustible. Construida sobre algoritmos altamente eficaces y veloces, y equipada con un completo conjunto de par&aacute;metros de configuraci&oacute;n y una interfaz gr&aacute;fica amigable, puede ser usada bien como herramienta independiente o en combinaci&oacute;n con otros entornos para la la planificaci&oacute;n de operaciones con sat&eacute;lites.<\/p>\n<h4 style=\"text-align: left\"><strong>Descripci&oacute;n de la base tecnol&oacute;gica<\/strong><\/h4>\n<p style=\"text-align: justify\"><span style=\"font-size: small\"><img fetchpriority=\"high\" decoding=\"async\" style=\"float: left;margin: 5px 10px\" src=\"http:\/\/www.upm.es\/observatorio\/vi\/gestor_general\/recuperar_archivo.jsp?id=824\" alt=\"OCCAM\" width=\"275\" height=\"202\" \/><\/span>OCCAM (Optimal Computation of Collision Avoidance Maneuvers) es una herramienta de software orientada al c&aacute;lculo de maniobras de evasi&oacute;n con el m&iacute;nimo consumo de combustible, en el escenario m&aacute;s general de &Oacute;rbita Baja Terrestre. Desarrollada por el Grupo de Din&aacute;mica Espacial de la Universidad Polit&eacute;cnica de Madrid (Space Dynamics Group &ndash; SDG), incorpora modelos y t&eacute;cnicas de optimizaci&oacute;n avanzados para ofrecer un desempe&ntilde;o r&aacute;pido y fiable. Incluye un amplio conjunto de par&aacute;metros de entrada y salida, lo que le confiere un alto grado de flexibilidad en el dise&ntilde;o. Gracias a su amigable interfaz gr&aacute;fica e intuitivo dise&ntilde;o l&oacute;gico resulta f&aacute;cil de usar incluso para los no expertos, y puede emplearse tanto como herramienta independiente como en conjunto con otros entornos de planificaci&oacute;n de operaciones de sat&eacute;lites.<\/p>\n<p style=\"text-align: justify\">Los sectores de aplicaci&oacute;n comercial son espacio (herramienta de apoyo para los operadores de sat&eacute;lites) y seguridad (dise&ntilde;o de maniobras de evasi&oacute;n &oacute;ptimas para evitar colisiones en el espacio).<\/p>\n<p style=\"text-align: center\"><em><span style=\"font-size: small\">&#8220;En un entorno operacional cada vez m&aacute;s complejo, OCCAM puede hacer lo mismo que otras herramientas de planificaci&oacute;n de maniobras de evasi&oacute;n pero en mucho menos tiempo&#8221;<\/span><\/em><\/p>\n<p style=\"text-align: center\">&nbsp;<\/p>\n<h4 style=\"text-align: left\"><strong>Necesidades de negocio \/ aplicaci&oacute;n<\/strong><\/h4>\n<ul>\n<li>\n<p style=\"text-align: justify\">La &Oacute;rbita Baja Terrestre (LEO) es la regi&oacute;n entorno a la Tierra m&aacute;s densamente poblada, pero solo un 10% de los objetos son maniobrables. Contiene una creciente cantidad de Basura Espacial, que amenaza a la operatividad y seguridad de los sat&eacute;lites activos.<\/p>\n<\/li>\n<li style=\"text-align: justify\">\n<p>Hay m&aacute;s de 15.000 objetos de m&aacute;s de 10 cm catalogados en LEO. Su fragmentaci&oacute;n seguir&aacute; aumentando este n&uacute;mero aunque se tomen medidas para no depositar nuevos objetos.<\/p>\n<\/li>\n<li style=\"text-align: justify\">\n<p>Pese a que se est&aacute;n proponiendo diversas t&eacute;cnicas para la retirada activa de la Basura Espacial ya existente, ninguna ha sido implementada todav&iacute;a.<\/p>\n<\/li>\n<li style=\"text-align: justify\">\n<p>Las maniobras de Evasi&oacute;n de Colisiones son por tanto una necesidad, y seguir&aacute;n si&eacute;ndolo en el futuro.<\/p>\n<\/li>\n<li style=\"text-align: justify\">\n<p>Las incertidumbres en los datos sobre los encuentros potenciales son una limitaci&oacute;n clave en el dise&ntilde;o de las maniobras, e incluso a la hora de decidir si dicha maniobra es necesaria o no.<\/p>\n<\/li>\n<li>\n<p style=\"text-align: justify\">Diversas Agencias Espaciales y Gubernamentales est&aacute;n invirtiendo en mejorar sus predicciones. La ESA introdujo su propio servicio en 2004. El German Space Operation Center tambi&eacute;n est&aacute; desarrollando una infraestructura propia. Desde 2010, el Joint Space Operation Center (EEUU) emite Conjunction Summary Messages, ofreciendo una notable mejora respecto al catalogo de Basura Espacial del US Strategy Command&nbsp;[ESA, NASA, GSOC].<\/p>\n<\/li>\n<\/ul>\n<h4 style=\"text-align: left\"><strong>Ventajas competitivas<\/strong><\/h4>\n<ul>\n<li>\n<p style=\"text-align: justify\">Los algoritmos anal&iacute;ticos implementados en OCCAM permiten calcular maniobras de evasi&oacute;n de forma especialmente r&aacute;pida. Esto habilita a los operadores de sat&eacute;lites para llevar a cabo estudios m&aacute;s amplios sobre las posibles alternativas, como combinar la maniobra de evasi&oacute;n con otras de mantenimiento o retrasarla hasta que datos m&aacute;s precisos confirmen si la maniobra es realmente necesaria.<\/p>\n<\/li>\n<li style=\"text-align: justify\">\n<p>Su interfaz gr&aacute;fica de usuario lo hace f&aacute;cil de usar, al tiempo que mantiene un alto de nivel de flexibilidad.<\/p>\n<\/li>\n<li>\n<p style=\"text-align: justify\">Puede ser usado en conjunto con otras herramientas de dise&ntilde;o. Su integraci&oacute;n en entornos de operaci&oacute;n de sat&eacute;lites ya existentes puede estudiarse caso a caso.<\/p>\n<\/li>\n<\/ul>\n<h4 style=\"text-align: left\"><strong>Referencias<\/strong><\/h4>\n<p style=\"text-align: justify\">El Grupo de Din&aacute;mica Espacial (Space Dynamics Group &ndash; SDG) tiene una gran experiencia acumulada en los campos de la Din&aacute;mica Orbital Avanzada y el Space Situational Awareness. Investigadores del grupo propusieron recientemente una nueva formulaci&oacute;n orbital llamada Dromo, de la que derivan los algoritmos que constituyen el n&uacute;cleo de OCCAM. El grupo ha participado en m&uacute;ltiples proyectos nacionales e internacionales, y actualmente est&aacute; desarrollando su propia propuesta para la retirada activa de Basura Espacial, el Ion Beam Shepherd, en el marco del proyecto LEOSWEEP, financiado por el S&eacute;ptimo Programa Marco.<\/p>\n<h4 style=\"text-align: left\"><strong>Protecci&oacute;n industrial<\/strong><\/h4>\n<p>Software registrado M-004790\/2014<\/p>\n<h4 style=\"text-align: left\"><strong>Grado de desarrollo<\/strong><\/h4>\n<ul>\n<li>\n<p>Concepto<\/p>\n<\/li>\n<li>\n<p>Investigaci&oacute;n<\/p>\n<\/li>\n<li>\n<p><span style=\"text-decoration: underline\"><strong>Prototipo Lab<\/strong><\/span><\/p>\n<\/li>\n<li>\n<p>Prototipo industrial<\/p>\n<\/li>\n<li>\n<p>Producci&oacute;n<\/p>\n<\/li>\n<\/ul>\n<h4 style=\"text-align: left\"><strong>Contacto<\/strong><\/h4>\n<p style=\"text-align: justify\"><strong>Contacto OCCAM<\/strong><\/p>\n<p style=\"text-align: justify\">Claudio Bombardelli, Javier Hernando, Juan Luis Gonzalo<\/p>\n<p style=\"text-align: justify\">e: <span rel=\"68311e309a312331b631303198311531be310330af311e31a131093196313c31b6311331c6312c31b5311530b0313131ab311130b8312831\" class=\"cryptex \" style=\"\"><span class=\"CryptexImg ctxXokJwiMGI1CbWiNOym_kOf6A20NTEBNCySii5DYoo_E\"><\/span><\/span><\/p>\n<p style=\"text-align: justify\"><strong>Contacto UPM<\/strong><\/p>\n<p style=\"text-align: justify\">Programas de Innovaci&oacute;n y Emprendimiento<\/p>\n<p style=\"text-align: justify\">Centro de Apoyo a la Innovaci&oacute;n Tecnol&oacute;gica &#8211; UPM<\/p>\n<p style=\"text-align: justify\">e: <span rel=\"68311e30a0312531c3312a31aa310d31b2313831bc311d3162311b319a312d31c0311d31c6312f31b33114319e3122317e313631c331223187312131b431\" class=\"cryptex \" style=\"\"><span class=\"CryptexImg ctxR7neImVV1tJoTSyttUGBAuiESKXKLLyzTwJSN1lk9Z0\"><\/span><\/span><\/p>\n<div class=\"pdfprnt-buttons pdfprnt-buttons-product pdfprnt-bottom-left\"><a href=\"https:\/\/www.upm.es\/recursosidi\/wp-json\/wp\/v2\/product\/11547?print=pdf\" class=\"pdfprnt-button pdfprnt-button-pdf\" target=\"_blank\"><span class=\"pdfprnt-button-title pdfprnt-button-pdf-title\">Descargar ficha<\/span><\/a><\/div>","protected":false},"excerpt":{"rendered":"<p>Dise\u00f1o \u00f3ptimo de maniobras de evasi\u00f3n de colisiones en el espacio con un solo click.<\/p>\n<p>Herramienta de dise\u00f1o y planificaci\u00f3n r\u00e1pida y fiable para los operadores espaciales que buscan minimizar los costes de sus maniobras de evasi\u00f3n.<\/p>\n","protected":false},"featured_media":11546,"template":"","meta":{"_acf_changed":false},"product_cat":[2384],"product_tag":[2434,2433],"comunidades-upm":[],"quien":[],"mapa":[{"term_id":128,"name":"Espacio y Observaci\u00f3n de la Tierra","slug":"espacio-observacion_tierra","term_group":0,"term_taxonomy_id":128,"taxonomy":"mapa","description":"","parent":0,"count":19,"filter":"raw","term_order":"12"},{"term_id":130,"name":"Seguridad, defensa y resiliencia","slug":"seguridad-defensa-resiliencia","term_group":0,"term_taxonomy_id":130,"taxonomy":"mapa","description":"","parent":0,"count":26,"filter":"raw","term_order":"20"}],"disponibilidad":[{"term_id":205,"name":"Consultar disponibilidad","slug":"consultar","term_group":0,"term_taxonomy_id":205,"taxonomy":"disponibilidad","description":"","parent":0,"count":290,"filter":"raw","term_order":"0"}],"donde":[{"term_id":616,"name":"Din\u00e1mica Espacial (SDG-UPM)","slug":"dinamica-espacial-sdg-upm","term_group":0,"term_taxonomy_id":616,"taxonomy":"donde","description":"","parent":0,"count":9,"filter":"raw","term_order":"0"},{"term_id":1838,"name":"Space Dynamics Group (SDG-UPM)","slug":"en_space-dynamics-group-sdg-upm","term_group":0,"term_taxonomy_id":1838,"taxonomy":"donde","description":"","parent":0,"count":7,"filter":"raw","term_order":"0"}],"infraestructura":[],"ods":[{"term_id":2247,"name":"Industria, Innovaci\u00f3n e Infraestructura","slug":"industria-innovacion-e-infraestructura","term_group":0,"term_taxonomy_id":2247,"taxonomy":"ods","description":"","parent":0,"count":171,"filter":"raw","term_order":"0"}],"origen":[{"term_id":192,"name":"Soluciones tecnol\u00f3gicas","slug":"soluciones-tecnologicas","term_group":0,"term_taxonomy_id":192,"taxonomy":"origen","description":"","parent":0,"count":278,"filter":"raw","term_order":"0"}],"familia_tax":false,"quien_tax":false,"donde_tax":false,"year":"2020-01-01","contacto":"ETSI Aeron\u00e1utica y del Espacio - UPM, Plaza Cardenal Cisneros, 3, 28040, Madrid","telefono":"910675534","pagina_web":"https:\/\/www.etsiae.upm.es\/","email":"claudio.bombardelli@upm.es","id_ficha_portal":"22","video":"","adjuntos":false,"adjuntos_portal":"","inf":false,"departamento":"","acf":[],"lang":"es","translation":{"es":11547,"en":11549},"_links":{"self":[{"href":"https:\/\/www.upm.es\/recursosidi\/wp-json\/wp\/v2\/product\/11547"}],"collection":[{"href":"https:\/\/www.upm.es\/recursosidi\/wp-json\/wp\/v2\/product"}],"about":[{"href":"https:\/\/www.upm.es\/recursosidi\/wp-json\/wp\/v2\/types\/product"}],"wp:featuredmedia":[{"embeddable":true,"href":"https:\/\/www.upm.es\/recursosidi\/wp-json\/wp\/v2\/media\/11546"}],"wp:attachment":[{"href":"https:\/\/www.upm.es\/recursosidi\/wp-json\/wp\/v2\/media?parent=11547"}],"wp:term":[{"taxonomy":"product_cat","embeddable":true,"href":"https:\/\/www.upm.es\/recursosidi\/wp-json\/wp\/v2\/product_cat?post=11547"},{"taxonomy":"product_tag","embeddable":true,"href":"https:\/\/www.upm.es\/recursosidi\/wp-json\/wp\/v2\/product_tag?post=11547"},{"taxonomy":"comunidad_upm","embeddable":true,"href":"https:\/\/www.upm.es\/recursosidi\/wp-json\/wp\/v2\/comunidades-upm?post=11547"},{"taxonomy":"quien","embeddable":true,"href":"https:\/\/www.upm.es\/recursosidi\/wp-json\/wp\/v2\/quien?post=11547"},{"taxonomy":"mapa","embeddable":true,"href":"https:\/\/www.upm.es\/recursosidi\/wp-json\/wp\/v2\/mapa?post=11547"},{"taxonomy":"disponibilidad","embeddable":true,"href":"https:\/\/www.upm.es\/recursosidi\/wp-json\/wp\/v2\/disponibilidad?post=11547"},{"taxonomy":"donde","embeddable":true,"href":"https:\/\/www.upm.es\/recursosidi\/wp-json\/wp\/v2\/donde?post=11547"},{"taxonomy":"infraestructura","embeddable":true,"href":"https:\/\/www.upm.es\/recursosidi\/wp-json\/wp\/v2\/infraestructura?post=11547"},{"taxonomy":"ods","embeddable":true,"href":"https:\/\/www.upm.es\/recursosidi\/wp-json\/wp\/v2\/ods?post=11547"},{"taxonomy":"origen","embeddable":true,"href":"https:\/\/www.upm.es\/recursosidi\/wp-json\/wp\/v2\/origen?post=11547"}],"curies":[{"name":"wp","href":"https:\/\/api.w.org\/{rel}","templated":true}]}}