{"id":11551,"date":"2022-11-11T12:07:08","date_gmt":"2022-11-11T11:07:08","guid":{"rendered":"https:\/\/www.upm.es\/recursosidi\/offers-resources\/sin categor\u00eda\/oncorec-diagnostic\/"},"modified":"2022-11-11T12:07:26","modified_gmt":"2022-11-11T11:07:26","slug":"oncorec-diagnostic","status":"publish","type":"product","link":"https:\/\/www.upm.es\/recursosidi\/offers-resources\/soluciones-tecnologicas\/oncorec-diagnostic\/","title":{"rendered":"ONCOREC DIAGNOSTIC"},"content":{"rendered":"<h4 style=\"text-align: left\"><strong>Descripci&oacute;n breve conjunta de la soluci&oacute;n y valor a&ntilde;adido que aporta <\/strong><\/h4>\n<p style=\"text-align: justify\">La tecnolog&iacute;a desarrollada con Onco-Rec consiste en un kit de diagn&oacute;stico en sangre asociado a un software de an&aacute;lisis que permite adelantar la reca&iacute;da en pacientes con c&aacute;ncer colorrectal. La t&eacute;cnica se basa en la detecci&oacute;n de c&eacute;lulas iniciadoras de tumores, responsables de producir las reca&iacute;das y el desarrollo metast&aacute;sico. Se analizan muestras de sangre mediante procedimientos rutinarios en centros hospitalarios y usando aparatos y sistemas disponibles en cualquiera de estos centros. La predicci&oacute;n de la reca&iacute;da, adem&aacute;s de salvar vidas, ahorra recursos al sistema sanitario y molestias a los pacientes.<\/p>\n<h4 style=\"text-align: left\"><strong>Descripci&oacute;n de la base tecnol&oacute;gica<\/strong><\/h4>\n<p style=\"text-align: justify\">OncoRec Diagnostic es un kit de diagn&oacute;stico que nos permite detectar c&eacute;lulas iniciadoras de tumores (TIC), teniendo en cuenta la heterogeneidad tumoral. Estas c&eacute;lulas forman una subpoblaci&oacute;n minoritaria que se comporta de forma distinta a las c&eacute;lulas tumorales, siendo resistentes a la quimioterapia y capaces de generar nuevos tumores, dando lugar a las reca&iacute;das. Adem&aacute;s, pueden llegar a producir desarrollos metast&aacute;sicos al tener la capacidad de migrar hacia otros &oacute;rganos.<\/p>\n<p style=\"text-align: justify\">&nbsp;Se han caracterizado varios marcadores de superficie que permiten la detecci&oacute;n de este tipo de c&eacute;lulas. El kit est&aacute; asociado a un software de an&aacute;lisis que permite interpretar los resultados de forma sencilla, sin necesidad de contar con un t&eacute;cnico especializado.<\/p>\n<p style=\"text-align: center\"><em>&ldquo;La detecci&oacute;n de c&eacute;lulas iniciadoras de tumores es la base de la predicci&oacute;n de las reca&iacute;das en c&aacute;ncer.&rdquo;<\/em><\/p>\n<p style=\"text-align: center\">&nbsp;<\/p>\n<h4 style=\"text-align: left\"><strong>Necesidades de negocio \/ aplicaci&oacute;n<\/strong><\/h4>\n<ul>\n<li>\n<p style=\"text-align: justify\">El n&uacute;mero de casos mundiales de c&aacute;ncer desde 2012 a 2030 va a aumentar hasta en un 50%<\/p>\n<\/li>\n<li style=\"text-align: justify\">\n<p>El 35% de los pacientes sufren reca&iacute;das a pesar de los avances de los tratamientos tanto en efectividad como en disminuci&oacute;n de efectos secundarios.<\/p>\n<\/li>\n<li style=\"text-align: justify\">\n<p>Las TICs son resistentes a los f&aacute;rmacos convencionales en el tratamiento de c&aacute;ncer.<\/p>\n<\/li>\n<li style=\"text-align: justify\">\n<p>La detecci&oacute;n de c&eacute;lulas iniciadoras de tumores en Espa&ntilde;a se hace con una tecnolog&iacute;a CELLSEARCH&reg; de Veridex de Johnson &amp; Johnson, que no est&aacute; implantada en todos los hospitales y a pesar de ser espec&iacute;fica para detectar est&aacute;s c&eacute;lulas circulantes en el torrente sangu&iacute;neo, no tiene una alta sensibilidad.<\/p>\n<\/li>\n<li style=\"text-align: justify\">\n<p>Las reca&iacute;das producen tumores m&aacute;s agresivos y hacen que sean m&aacute;s mortales.<\/p>\n<\/li>\n<li>\n<p style=\"text-align: justify\">Est&aacute;s c&eacute;lulas circulante tambi&eacute;n son responsables del proceso de met&aacute;stasis. Una de las principales causas de la muerte de pacientes con c&aacute;ncer.<\/p>\n<\/li>\n<\/ul>\n<p style=\"text-align: center\"><em>&ldquo;La detecci&oacute;n de TICs hace que no s&oacute;lo son adelantemos al proceso de la reca&iacute;da sino tambi&eacute;n al proceso de met&aacute;stasis. Causa de la muerte de pacientes en c&aacute;ncer&rdquo;<\/em><\/p>\n<p style=\"text-align: center\">&nbsp;<\/p>\n<p style=\"text-align: left\"><strong style=\"font-size: 22px\">Ventajas competitivas<\/strong><\/p>\n<ul>\n<li>\n<p style=\"text-align: justify\">Se ha conseguido una especificidad del 90% con una sensibilidad del 97%.<\/p>\n<\/li>\n<li style=\"text-align: justify\">\n<p>El adelanto a las reca&iacute;das es de casi 2 a&ntilde;os en el 80% de pacientes y de 7 meses en el total de la poblaci&oacute;n analizada.<\/p>\n<\/li>\n<li style=\"text-align: justify\">\n<p>El an&aacute;lisis se hace en procesos rutinarios hospitalarios y no necesita personal t&eacute;cnico especializado adicional.<\/p>\n<\/li>\n<li style=\"text-align: justify\">\n<p>Para el paciente, el an&aacute;lisis no supone un procedimiento adicional, est&aacute; dentro de los rutinarios de seguimiento.<\/p>\n<\/li>\n<li>\n<p style=\"text-align: justify\">Disminuci&oacute;n de costes en la prueba.<\/p>\n<\/li>\n<\/ul>\n<p style=\"text-align: center\"><em>&ldquo;Antelaci&oacute;n a reca&iacute;das en casi dos a&ntilde;os en 80% de pacientes&rdquo;<\/em><\/p>\n<p style=\"text-align: center\">&nbsp;<\/p>\n<h4><strong>Referencias&nbsp;<\/strong><\/h4>\n<ul>\n<li>\n<p style=\"text-align: justify\">Comparaci&oacute;n de las mismas muestras de pacientes en tecnolog&iacute;a desarrollada y en la tecnolog&iacute;a CELLSEARCH&reg; de Veridex de Johnson &amp; Johnson. Se realiz&oacute; con 44 pacientes de c&aacute;ncer de colon y 20 pacientes de c&aacute;ncer de mama, en el Hospital Universitario de Albacete y en el Hospital Cl&iacute;nico San Carlos de Madrid.<\/p>\n<\/li>\n<\/ul>\n<h4><strong>Grado de desarrollo<\/strong><\/h4>\n<ul>\n<li>\n<p style=\"text-align: justify\">Concepto<\/p>\n<\/li>\n<li style=\"text-align: justify\">\n<p>Investigaci&oacute;n<\/p>\n<\/li>\n<li style=\"text-align: justify\">\n<p><span style=\"text-decoration: underline\"><strong>Prototipo-Lab<\/strong><\/span><\/p>\n<\/li>\n<li style=\"text-align: justify\">\n<p>Prototipo Industrial<\/p>\n<\/li>\n<li>\n<p style=\"text-align: justify\">Producci&oacute;n<\/p>\n<\/li>\n<\/ul>\n<h4><strong>Contacto<\/strong><\/h4>\n<p style=\"text-align: justify\"><strong>Contacto OncoRec Diagnostic<\/strong><\/p>\n<p style=\"text-align: justify\">Carmen Ram&iacute;rez-Castillejo<\/p>\n<p style=\"text-align: justify\">e:<span rel=\"6a312330c0311d31c1313331af312731b6311e31b4311d31a6313231af312a3182311b3191311a31af3127319d31363199312a31c331153179311031b431\" class=\"cryptex \" style=\"\"><span class=\"CryptexImg ctxAdaQE8VeqRoe-TxjPc2z19-j1I272CKDk8pPOqsZ-dE\"><\/span><\/span><\/p>\n<p style=\"text-align: justify\"><strong>Contacto UPM<\/strong><\/p>\n<p style=\"text-align: justify\">Programas de Innovaci&oacute;n y Emprendimiento<\/p>\n<p style=\"text-align: justify\">Centro de Apoyo a la Innovaci&oacute;n Tecnol&oacute;gica &ndash; UPM&nbsp;<\/p>\n<p style=\"text-align: justify\">e: <span rel=\"6a312330bc312a31bd313931c4312431b4311b31c0312a3162313931af311f31c23118319c311c31ad311e319b311d3199312a31c331153179311031b431\" class=\"cryptex \" style=\"\"><span class=\"CryptexImg ctxR7neImVV1tJoTSyttUGBAuiESKXKLLyzTwJSN1lk9Z0\"><\/span><\/span><\/p>\n<div class=\"pdfprnt-buttons pdfprnt-buttons-product pdfprnt-bottom-left\"><a href=\"https:\/\/www.upm.es\/recursosidi\/wp-json\/wp\/v2\/product\/11551?print=pdf\" class=\"pdfprnt-button pdfprnt-button-pdf\" target=\"_blank\"><span class=\"pdfprnt-button-title pdfprnt-button-pdf-title\">Descargar ficha<\/span><\/a><\/div>","protected":false},"excerpt":{"rendered":"<p>Anticiparse es la mejor defensa.<\/p>\n<p>Diagn\u00f3stico precoz en c\u00e1ncer para adelantarnos a la reca\u00edda mediante la detecci\u00f3n de c\u00e9lulas iniciadoras de tumores (TIC) en sangre perif\u00e9rica.<\/p>\n","protected":false},"featured_media":11550,"template":"","meta":{"_acf_changed":false},"product_cat":[2384],"product_tag":[2479,8577,8575,2308],"comunidades-upm":[],"quien":[],"mapa":[{"term_id":122,"name":"Salud y bienestar","slug":"salud-y-bienestar","term_group":0,"term_taxonomy_id":122,"taxonomy":"mapa","description":"","parent":0,"count":105,"filter":"raw","term_order":"17"}],"disponibilidad":[{"term_id":205,"name":"Consultar disponibilidad","slug":"consultar","term_group":0,"term_taxonomy_id":205,"taxonomy":"disponibilidad","description":"","parent":0,"count":290,"filter":"raw","term_order":"0"}],"donde":[{"term_id":1842,"name":"Health Sciences Technologies","slug":"en_health-sciences-technologies","term_group":0,"term_taxonomy_id":1842,"taxonomy":"donde","description":"","parent":0,"count":7,"filter":"raw","term_order":"0"},{"term_id":620,"name":"Tecnolog\u00edas para Ciencias de la Salud","slug":"tecnologias-para-ciencias-de-la-salud","term_group":0,"term_taxonomy_id":620,"taxonomy":"donde","description":"","parent":0,"count":21,"filter":"raw","term_order":"0"}],"infraestructura":[],"ods":[{"term_id":2271,"name":"Salud y Bienestar","slug":"salud-y-bienestar","term_group":0,"term_taxonomy_id":2271,"taxonomy":"ods","description":"","parent":0,"count":59,"filter":"raw","term_order":"0"}],"origen":[{"term_id":192,"name":"Soluciones tecnol\u00f3gicas","slug":"soluciones-tecnologicas","term_group":0,"term_taxonomy_id":192,"taxonomy":"origen","description":"","parent":0,"count":278,"filter":"raw","term_order":"0"}],"familia_tax":false,"quien_tax":false,"donde_tax":false,"year":"2020-01-01","contacto":"ETSI Agron\u00f3mica, Alimentaria y de Biosistemas, Av. Puerta de Hierro, n\u00ba 2 - 4, 28040 Madrid","telefono":"910670742","pagina_web":"http:\/\/www.etsiaab.upm.es\/","email":"mariadelcarmen.ramirez@upm.es","id_ficha_portal":"88","video":"","adjuntos":false,"adjuntos_portal":"","inf":false,"departamento":"","acf":[],"lang":"es","translation":{"es":11551,"en":11553},"_links":{"self":[{"href":"https:\/\/www.upm.es\/recursosidi\/wp-json\/wp\/v2\/product\/11551"}],"collection":[{"href":"https:\/\/www.upm.es\/recursosidi\/wp-json\/wp\/v2\/product"}],"about":[{"href":"https:\/\/www.upm.es\/recursosidi\/wp-json\/wp\/v2\/types\/product"}],"wp:featuredmedia":[{"embeddable":true,"href":"https:\/\/www.upm.es\/recursosidi\/wp-json\/wp\/v2\/media\/11550"}],"wp:attachment":[{"href":"https:\/\/www.upm.es\/recursosidi\/wp-json\/wp\/v2\/media?parent=11551"}],"wp:term":[{"taxonomy":"product_cat","embeddable":true,"href":"https:\/\/www.upm.es\/recursosidi\/wp-json\/wp\/v2\/product_cat?post=11551"},{"taxonomy":"product_tag","embeddable":true,"href":"https:\/\/www.upm.es\/recursosidi\/wp-json\/wp\/v2\/product_tag?post=11551"},{"taxonomy":"comunidad_upm","embeddable":true,"href":"https:\/\/www.upm.es\/recursosidi\/wp-json\/wp\/v2\/comunidades-upm?post=11551"},{"taxonomy":"quien","embeddable":true,"href":"https:\/\/www.upm.es\/recursosidi\/wp-json\/wp\/v2\/quien?post=11551"},{"taxonomy":"mapa","embeddable":true,"href":"https:\/\/www.upm.es\/recursosidi\/wp-json\/wp\/v2\/mapa?post=11551"},{"taxonomy":"disponibilidad","embeddable":true,"href":"https:\/\/www.upm.es\/recursosidi\/wp-json\/wp\/v2\/disponibilidad?post=11551"},{"taxonomy":"donde","embeddable":true,"href":"https:\/\/www.upm.es\/recursosidi\/wp-json\/wp\/v2\/donde?post=11551"},{"taxonomy":"infraestructura","embeddable":true,"href":"https:\/\/www.upm.es\/recursosidi\/wp-json\/wp\/v2\/infraestructura?post=11551"},{"taxonomy":"ods","embeddable":true,"href":"https:\/\/www.upm.es\/recursosidi\/wp-json\/wp\/v2\/ods?post=11551"},{"taxonomy":"origen","embeddable":true,"href":"https:\/\/www.upm.es\/recursosidi\/wp-json\/wp\/v2\/origen?post=11551"}],"curies":[{"name":"wp","href":"https:\/\/api.w.org\/{rel}","templated":true}]}}