{"id":11571,"date":"2022-11-11T12:38:23","date_gmt":"2022-11-11T11:38:23","guid":{"rendered":"https:\/\/www.upm.es\/recursosidi\/offers-resources\/sin categor\u00eda\/orte-exoesqueleto\/"},"modified":"2022-11-11T12:38:35","modified_gmt":"2022-11-11T11:38:35","slug":"orte-exoesqueleto","status":"publish","type":"product","link":"https:\/\/www.upm.es\/recursosidi\/offers-resources\/soluciones-tecnologicas\/orte-exoesqueleto\/","title":{"rendered":"ORTE exoesqueleto"},"content":{"rendered":"<h4><strong>Descripci&oacute;n breve conjunta de la soluci&oacute;n y valor a&ntilde;adido que aporta <\/strong><\/h4>\n<p style=\"text-align: justify\">El hombro humano es la articulaci&oacute;n m&aacute;s compleja del cuerpo humano y sus enfermedades son la causa de la mayor parte de bajas laborales en trabajadores (hombres y mujeres), m&aacute;s del doble que otras patolog&iacute;as. Por otro lado, el incremento de la edad productiva y el envejecimiento provocan la saturaci&oacute;n de los servicios de rehabilitaci&oacute;n de los hospitales y cl&iacute;nicas. La rehabilitaci&oacute;n rob&oacute;tica es el mejor asistente para los equipos de rehabilitaci&oacute;n. Algunas empresas en el mundo producen exoesqueletos para las extremidades inferiores, pero solamente hay una que produce exoesqueletos rob&oacute;ticos para las extremidades superiores. Esta soluci&oacute;n, adem&aacute;s de asistir a la rehabilitaci&oacute;n, es una herramienta para evaluar el progreso del tratamiento y puede ajustarse f&aacute;cilmente para el caso particular de cada paciente sin necesidad de unos conocimientos muy espec&iacute;ficos del terapeuta.<\/p>\n<h4 style=\"text-align: left\"><strong>Descripci&oacute;n de la base tecnol&oacute;gica<\/strong><\/h4>\n<p style=\"text-align: justify\">Los exoesqueletos rob&oacute;ticos son una herramienta importante para los terapeutas. En los &uacute;ltimos a&ntilde;os, se pueden encontrar muchos ejemplos de su uso en la rehabilitaci&oacute;n de lesiones en las extremidades superiores. La ventaja principal que ofrecen los exoesqueletos rob&oacute;ticos es la capacidad que se le da al paciente para repetir los movimientos del terapeuta durante el tratamiento.<\/p>\n<p style=\"text-align: justify\">Algunas ventajas de este dispositivo son: adaptaci&oacute;n a diferentes pacientes, evaluaci&oacute;n del grado de la lesi&oacute;n, registro del progreso del paciente mediante sensores de fuerza y movimiento convenientemente situados, mejora de la concentraci&oacute;n del paciente en el tratamiento.<\/p>\n<p style=\"text-align: justify\">Se puede adaptar a diferentes pacientes y sus tratamientos los selecciona el experto, bas&aacute;ndose en el grado de lesi&oacute;n y en la evoluci&oacute;n de la rehabilitaci&oacute;n.<\/p>\n<p style=\"text-align: center\"><em><span style=\"font-size: small\">&#8220;Las patolog&iacute;as de hombro y las psiqui&aacute;tricas son las causas m&aacute;s frecuentes de bajas laborables. El 70% de las patolog&iacute;as de hombro son debidas a la sobrecarga del manguito rotador&#8221;<\/span><\/em><\/p>\n<p style=\"text-align: center\"><em><strong><span style=\"font-size: small\"><em><strong><img fetchpriority=\"high\" decoding=\"async\" src=\"http:\/\/www.upm.es\/observatorio\/vi\/gestor_general\/recuperar_archivo.jsp?id=982\" alt=\"\" width=\"280\" height=\"235\" \/><\/strong><\/em><\/span><\/strong><\/em><\/p>\n<h4 style=\"text-align: left\"><strong>Necesidades de negocio \/ aplicaci&oacute;n<\/strong><\/h4>\n<ul>\n<li style=\"text-align: justify\">\n<p>Seg&uacute;n la autoridad nacional competente, las lesiones musculoesquel&eacute;ticas son las causas de bajas laborales tres veces m&aacute;s frecuentes que el resto de enfermedades juntas.&nbsp;<\/p>\n<\/li>\n<li style=\"text-align: justify\">\n<p>Estudios internacionales muestran que el 50% de las mujeres y el 33% de los hombres de la poblaci&oacute;n activa entre 18 y 65 a&ntilde;os declaran tener una lesi&oacute;n musculoesquel&eacute;tica. Sienten dolor en el cuello, hombro, espalda o cintura. El dolor es la principal causa de la prolongaci&oacute;n de la baja laboral temporal.<\/p>\n<\/li>\n<li style=\"text-align: justify\">\n<p>Las lesiones musculoesquel&eacute;ticas pueden producir da&ntilde;os psicopatol&oacute;gicos, como ansiedad, depresi&oacute;n y angustia, por lo que un diagn&oacute;stico temprano y todas las t&eacute;cnicas capaces de promover y acelerar la recuperaci&oacute;n del paciente tienen un impacto directo en la reducci&oacute;n de costes derivados de las bajas laborales.<\/p>\n<\/li>\n<li style=\"text-align: justify\">\n<p>Las lesiones de hombro son una de las enfermedades m&aacute;s comunes que afectan a la poblaci&oacute;n, y su impacto en el contexto del empleo es muy alto comparado con otras patolog&iacute;as cl&iacute;nicas, debido a que en muchos trabajos se requieren tareas repetitivas. Estas tareas est&aacute;n asociadas con la parte superior de las extremidades superiores.<\/p>\n<\/li>\n<li style=\"text-align: justify\">\n<p>El hombro humano es un sistema extremadamente sofisticado e interrelacionado que puede producir una gran variedad de movimientos complejos y, por tanto, es el m&aacute;s dif&iacute;cil de rehabilitar. El equipamiento es complejo, caro y necesita que el terapeuta tenga unos conocimientos espec&iacute;ficos para utilizarlo con los pacientes.<\/p>\n<\/li>\n<\/ul>\n<p style=\"text-align: center\"><em><span style=\"font-size: small\">&#8220;Los tratamientos de rehabilitaci&oacute;n realizados por sistemas rob&oacute;ticos inteligentes reducen hasta un 40% el tiempo de recuperaci&oacute;n del paciente&#8221;<\/span><\/em><\/p>\n<p style=\"text-align: center\">&nbsp;<\/p>\n<h4 style=\"text-align: left\"><strong>Ventajas competitivas<\/strong><\/h4>\n<ul>\n<li>\n<p style=\"text-align: justify\">Dispositivo de bajo coste (las soluciones comerciales actuales pueden alcanzar precios de 300.000 euros).<\/p>\n<\/li>\n<li style=\"text-align: justify\">\n<p>Rehabilitaci&oacute;n de hombro.<\/p>\n<\/li>\n<li style=\"text-align: justify\">\n<p>F&aacute;cil de usar.<\/p>\n<\/li>\n<li style=\"text-align: justify\">\n<p>F&aacute;cilmente adaptable a cualquier paciente.<\/p>\n<\/li>\n<li style=\"text-align: justify\">\n<p>Evaluaci&oacute;n del grado de lesi&oacute;n.<\/p>\n<\/li>\n<li style=\"text-align: justify\">\n<p>Registro del progreso del paciente mediante sensores de fuerza y movimiento convenientemente situados.<\/p>\n<\/li>\n<li>\n<p style=\"text-align: justify\">Mejora de la concentraci&oacute;n del paciente en el tratamiento.<\/p>\n<\/li>\n<\/ul>\n<h4 style=\"text-align: left\"><strong>Referencias<\/strong><\/h4>\n<ul>\n<li>\n<p style=\"text-align: justify\">M&aacute;s de 20 a&ntilde;os de experiencia en investigaci&oacute;n en rob&oacute;tica y automoci&oacute;n y sus posibles aplicaciones industriales.<\/p>\n<\/li>\n<li>\n<p style=\"text-align: justify\">Proyecto financiado por la Universidad Polit&eacute;cnica de Madrid. AL 14 PID 15. Investigador responsable: Cecilia Garc&iacute;a Cena. ETSIDI-CAR.<\/p>\n<\/li>\n<\/ul>\n<h4 style=\"text-align: left\"><strong>Grado de desarrollo<\/strong><\/h4>\n<ul>\n<li>\n<p>Concepto<\/p>\n<\/li>\n<li>\n<p>Investigaci&oacute;n<\/p>\n<\/li>\n<li>\n<p><span style=\"text-decoration: underline\"><strong>Prototipo Lab<\/strong><\/span><\/p>\n<\/li>\n<li>\n<p>Prototipo industrial<\/p>\n<\/li>\n<li>\n<p>Producci&oacute;n<\/p>\n<\/li>\n<\/ul>\n<h4 style=\"text-align: left\"><strong>Contacto<\/strong><\/h4>\n<p><strong>Contacto ORTE<\/strong><\/p>\n<p>Cecilia Garc&iacute;a Cena, Marie A. Destarac, Ricardo Espinoza, Javier L&oacute;pez y Roque Saltar&eacute;n<\/p>\n<p>Centro de Autom&aacute;tica y Rob&oacute;tica CAR UPM-CSIC&nbsp;<\/p>\n<p>e: <span rel=\"863111309c312f31bb3124319c311231a5312a30c0311b31b2313231b8312d3182314231a931393179312a31a831\" class=\"cryptex \" style=\"\"><span class=\"CryptexImg ctx1S8FMJsfN6pJyseX5bchow6hPYHS_uEAXpE4pNI251g\"><\/span><\/span><\/p>\n<p><strong>Contacto UPM<\/strong><\/p>\n<p>Programas de Innovaci&oacute;n y Emprendimiento<\/p>\n<p>Centro de Apoyo a la Innovaci&oacute;n Tecnol&oacute;gica &ndash; UPM<\/p>\n<p>e: <span rel=\"86311130a2313831c6312a31a6310a31a7311131c83128316e314331b4312f31b0313c31a5313b31b2312e319831253187313331bd31143178311731ae31\" class=\"cryptex \" style=\"\"><span class=\"CryptexImg ctxR7neImVV1tJoTSyttUGBAuiESKXKLLyzTwJSN1lk9Z0\"><\/span><\/span><\/p>\n<div class=\"pdfprnt-buttons pdfprnt-buttons-product pdfprnt-bottom-left\"><a href=\"https:\/\/www.upm.es\/recursosidi\/wp-json\/wp\/v2\/product\/11571?print=pdf\" class=\"pdfprnt-button pdfprnt-button-pdf\" target=\"_blank\"><span class=\"pdfprnt-button-title pdfprnt-button-pdf-title\">Descargar ficha<\/span><\/a><\/div>","protected":false},"excerpt":{"rendered":"<p>Exoesqueleto rob\u00f3tico para rehabilitaci\u00f3n de hombro.<\/p>\n<p>Exoesqueleto rob\u00f3tico de hombro para la evaluaci\u00f3n de accidentes, recuperaci\u00f3n y rehabilitaci\u00f3n.<\/p>\n","protected":false},"featured_media":11569,"template":"","meta":{"_acf_changed":false},"product_cat":[2384],"product_tag":[2432,33],"comunidades-upm":[],"quien":[],"mapa":[{"term_id":122,"name":"Salud y bienestar","slug":"salud-y-bienestar","term_group":0,"term_taxonomy_id":122,"taxonomy":"mapa","description":"","parent":0,"count":105,"filter":"raw","term_order":"17"},{"term_id":126,"name":"Tecnolog\u00edas digitales, Inteligencia Artificial, ciberseguridad, 5G, rob\u00f3tica","slug":"tecnologias_digitales-ai-ciberseguridad-5g-robotica","term_group":0,"term_taxonomy_id":126,"taxonomy":"mapa","description":"","parent":0,"count":194,"filter":"raw","term_order":"23"}],"disponibilidad":[{"term_id":205,"name":"Consultar disponibilidad","slug":"consultar","term_group":0,"term_taxonomy_id":205,"taxonomy":"disponibilidad","description":"","parent":0,"count":290,"filter":"raw","term_order":"0"}],"donde":[{"term_id":1800,"name":"Centre for Automation and Robotics (CAR). Joint UPM-CSIC Centre","slug":"en_centre-for-automation-and-robotics-car-joint-upm-csic-centre","term_group":0,"term_taxonomy_id":1800,"taxonomy":"donde","description":"","parent":0,"count":17,"filter":"raw","term_order":"0"},{"term_id":576,"name":"Centro de Autom\u00e1tica y Rob\u00f3tica (CAR). Centro Mixto UPM-CSIC","slug":"centro-de-automatica-y-robotica-car-centro-mixto-upm-csic","term_group":0,"term_taxonomy_id":576,"taxonomy":"donde","description":"","parent":0,"count":42,"filter":"raw","term_order":"0"},{"term_id":1584,"name":"Robots and smart machines","slug":"en_robots-and-smart-machines","term_group":0,"term_taxonomy_id":1584,"taxonomy":"donde","description":"","parent":0,"count":4,"filter":"raw","term_order":"0"},{"term_id":360,"name":"Robots y m\u00e1quinas inteligentes","slug":"robots-y-maquinas-inteligentes","term_group":0,"term_taxonomy_id":360,"taxonomy":"donde","description":"","parent":0,"count":22,"filter":"raw","term_order":"0"}],"infraestructura":[],"ods":[{"term_id":2271,"name":"Salud y Bienestar","slug":"salud-y-bienestar","term_group":0,"term_taxonomy_id":2271,"taxonomy":"ods","description":"","parent":0,"count":59,"filter":"raw","term_order":"0"}],"origen":[{"term_id":192,"name":"Soluciones tecnol\u00f3gicas","slug":"soluciones-tecnologicas","term_group":0,"term_taxonomy_id":192,"taxonomy":"origen","description":"","parent":0,"count":278,"filter":"raw","term_order":"0"}],"familia_tax":false,"quien_tax":false,"donde_tax":false,"year":"2020-01-01","contacto":"ETS de Ingenieros Industriales - UPM, c\/ Jos\u00e9 Guti\u00e9rrez Abascal 2, 28006, Madrid","telefono":"910676734","pagina_web":"https:\/\/www.car.upm-csic.es\/","email":"cecilia.garcia@upm.es","id_ficha_portal":"20","video":"","adjuntos":false,"adjuntos_portal":"","inf":false,"departamento":"","acf":[],"lang":"es","translation":{"es":11571,"en":11574},"_links":{"self":[{"href":"https:\/\/www.upm.es\/recursosidi\/wp-json\/wp\/v2\/product\/11571"}],"collection":[{"href":"https:\/\/www.upm.es\/recursosidi\/wp-json\/wp\/v2\/product"}],"about":[{"href":"https:\/\/www.upm.es\/recursosidi\/wp-json\/wp\/v2\/types\/product"}],"wp:featuredmedia":[{"embeddable":true,"href":"https:\/\/www.upm.es\/recursosidi\/wp-json\/wp\/v2\/media\/11569"}],"wp:attachment":[{"href":"https:\/\/www.upm.es\/recursosidi\/wp-json\/wp\/v2\/media?parent=11571"}],"wp:term":[{"taxonomy":"product_cat","embeddable":true,"href":"https:\/\/www.upm.es\/recursosidi\/wp-json\/wp\/v2\/product_cat?post=11571"},{"taxonomy":"product_tag","embeddable":true,"href":"https:\/\/www.upm.es\/recursosidi\/wp-json\/wp\/v2\/product_tag?post=11571"},{"taxonomy":"comunidad_upm","embeddable":true,"href":"https:\/\/www.upm.es\/recursosidi\/wp-json\/wp\/v2\/comunidades-upm?post=11571"},{"taxonomy":"quien","embeddable":true,"href":"https:\/\/www.upm.es\/recursosidi\/wp-json\/wp\/v2\/quien?post=11571"},{"taxonomy":"mapa","embeddable":true,"href":"https:\/\/www.upm.es\/recursosidi\/wp-json\/wp\/v2\/mapa?post=11571"},{"taxonomy":"disponibilidad","embeddable":true,"href":"https:\/\/www.upm.es\/recursosidi\/wp-json\/wp\/v2\/disponibilidad?post=11571"},{"taxonomy":"donde","embeddable":true,"href":"https:\/\/www.upm.es\/recursosidi\/wp-json\/wp\/v2\/donde?post=11571"},{"taxonomy":"infraestructura","embeddable":true,"href":"https:\/\/www.upm.es\/recursosidi\/wp-json\/wp\/v2\/infraestructura?post=11571"},{"taxonomy":"ods","embeddable":true,"href":"https:\/\/www.upm.es\/recursosidi\/wp-json\/wp\/v2\/ods?post=11571"},{"taxonomy":"origen","embeddable":true,"href":"https:\/\/www.upm.es\/recursosidi\/wp-json\/wp\/v2\/origen?post=11571"}],"curies":[{"name":"wp","href":"https:\/\/api.w.org\/{rel}","templated":true}]}}