{"id":11631,"date":"2022-11-11T13:58:50","date_gmt":"2022-11-11T12:58:50","guid":{"rendered":"https:\/\/www.upm.es\/recursosidi\/offers-resources\/sin categor\u00eda\/press-on-epoxy\/"},"modified":"2022-11-11T13:59:01","modified_gmt":"2022-11-11T12:59:01","slug":"press-on-epoxy","status":"publish","type":"product","link":"https:\/\/www.upm.es\/recursosidi\/offers-resources\/soluciones-tecnologicas\/press-on-epoxy\/","title":{"rendered":"PRESS ON EPOXY"},"content":{"rendered":"<h4>Descripci&oacute;n breve conjunta de la soluci&oacute;n y valor a&ntilde;adido que aporta<\/h4>\n<p>Mejora de la energ&iacute;a de fractura en resinas epoxy mediante procesos mec&aacute;nicos.<\/p>\n<hr \/>\n<h4>Descripci&oacute;n de la base tecnol&oacute;gica<\/h4>\n<p style=\"text-align: justify\">Las resinas epoxy poseen excelentes propiedades mec&aacute;nicas, tienen un bajo coste y son f&aacute;ciles de aplicar en comparaci&oacute;n con otros pl&aacute;sticos. Sin embargo, su energ&iacute;a de fractura lo limita en ciertas aplicaciones. Con Press On Epoxy, proponemos un m&eacute;todo sencillo y de bajo coste para la mejora de la energ&iacute;a de fractura de las resinas epoxy sin que &eacute;ste tenga un efecto negativo sobre las otras propiedades mec&aacute;nicas de la misma.<\/p>\n<blockquote>\n<p>&ldquo;Es un proceso puramente mec&aacute;nico, no requiere modificaciones qu&iacute;micas ni adiciones de nanopart&iacute;culas&rdquo;<\/p>\n<\/blockquote>\n<hr \/>\n<h4>Necesidades de negocio \/ aplicaci&oacute;n<\/h4>\n<p><strong>Generales:<\/strong><\/p>\n<ul>\n<li style=\"list-style-type: none\">\n<ul>\n<li>La mejora actual de energ&iacute;a de fractura en resinas epoxy requiere el uso de &ldquo;fillers&rdquo; que aumentan considerablemente el precio final o modificaciones qu&iacute;micas que producen empeoramientos de otras propiedades de la resina.<\/li>\n<\/ul>\n<\/li>\n<\/ul>\n<p><strong>Transporte:<\/strong><\/p>\n<ul>\n<li style=\"list-style-type: none\">\n<ul>\n<li>Uno de los mayores desaf&iacute;os en este sector es la reducci&oacute;n de peso. Por ello se est&aacute; considerando la sustituci&oacute;n de partes met&aacute;licas por materiales m&aacute;s ligeros. Sin embargo, la energ&iacute;a de fractura es un problema a la hora de usar pl&aacute;sticos.<\/li>\n<\/ul>\n<\/li>\n<\/ul>\n<p><strong>Electr&oacute;nica:<\/strong><\/p>\n<ul>\n<li style=\"list-style-type: none\">\n<ul>\n<li style=\"text-align: justify\">Los problemas de fiabilidad en circuitos impresos integrados (PCB) se deben principalmente al avance de grieta en resinas epoxy creado por la mala adhesi&oacute;n con el cobre.<\/li>\n<\/ul>\n<\/li>\n<\/ul>\n<hr \/>\n<h4>Ventajas competitivas<\/h4>\n<ul>\n<li style=\"text-align: justify\">Gran incremento de la energ&iacute;a de fractura sin producir empeoramientos en otras propiedades mec&aacute;nicas.<\/li>\n<li style=\"text-align: justify\">Bajo coste, no requiere modificaciones qu&iacute;micas ni uso de nanopart&iacute;culas.<\/li>\n<li style=\"text-align: justify\">El proceso no requiere la modificaci&oacute;n de la l&iacute;nea de producci&oacute;n de la resina epoxy. Es un proceso intermedio a la actual cadena de valor.<\/li>\n<li style=\"text-align: justify\">El uso de resinas epoxy no solo se limita al transporte y las placas impresas, el campo se aplicaci&oacute;n es muy amplio.<\/li>\n<\/ul>\n<hr \/>\n<h4>Referencias previas de prestaci&oacute;n<\/h4>\n<ul>\n<li>Spin-off Triboblend<\/li>\n<\/ul>\n<hr \/>\n<h4>Protecci&oacute;n<\/h4>\n<ul class=\"propiedad\">\n<li><strong>Patente:&nbsp;<\/strong>&ldquo;M&eacute;todo para el mezclado y la delaminaci&oacute;n, desentrelazado, dispersi&oacute;n y adhesi&oacute;n de nanopart&iacute;culas.&rdquo; ES P201831123.<\/li>\n<\/ul>\n<hr \/>\n<h4>Grado de desarrollo<\/h4>\n<ul class=\"grado\">\n<li>Concepto<\/li>\n<li>Investigaci&oacute;n<\/li>\n<li><strong>Prototipo &#8211; lab<\/strong><\/li>\n<li>Prototipo industrial<\/li>\n<li>Producci&oacute;n<\/li>\n<\/ul>\n<h4>Contacto<\/h4>\n<p>Contacto PRESS ON EPOXY<\/p>\n<p>Juan Manuel Mu&ntilde;oz Guijosa, Guillermo Fern&aacute;ndez Zapico&nbsp;<\/p>\n<p>Divisi&oacute;n de Ingenier&iacute;a de M&aacute;quinas, ETSI Industriales &#8211; UPM<\/p>\n<p>e: <span rel=\"87313830b7313531a3313a31b4311131b3314331b3310831ac312a31cc3111319c311c30c9312f31aa312630b8313331\" class=\"cryptex \" style=\"\"><span class=\"CryptexImg ctxBiERGGbCSQLFGsIFgM46KaoZ6Y7iMcNofPPxzQQBDmQ\"><\/span><\/span><\/p>\n<div class=\"pdfprnt-buttons pdfprnt-buttons-product pdfprnt-bottom-left\"><a href=\"https:\/\/www.upm.es\/recursosidi\/wp-json\/wp\/v2\/product\/11631?print=pdf\" class=\"pdfprnt-button pdfprnt-button-pdf\" target=\"_blank\"><span class=\"pdfprnt-button-title pdfprnt-button-pdf-title\">Descargar ficha<\/span><\/a><\/div>","protected":false},"excerpt":{"rendered":"<p> Help us make the epoxy feel the pressure<\/p>\n","protected":false},"featured_media":11630,"template":"","meta":{"_acf_changed":false},"product_cat":[2384],"product_tag":[2416,3950],"comunidades-upm":[],"quien":[],"mapa":[{"term_id":133,"name":"Clima, Energ\u00eda y Movilidad","slug":"clima-energia-movilidad","term_group":0,"term_taxonomy_id":133,"taxonomy":"mapa","description":"","parent":0,"count":129,"filter":"raw","term_order":"9"},{"term_id":135,"name":"Industria, materiales y econom\u00eda circular","slug":"industria-materiales-economia_circular","term_group":0,"term_taxonomy_id":135,"taxonomy":"mapa","description":"","parent":0,"count":165,"filter":"raw","term_order":"13"}],"disponibilidad":[{"term_id":205,"name":"Consultar disponibilidad","slug":"consultar","term_group":0,"term_taxonomy_id":205,"taxonomy":"disponibilidad","description":"","parent":0,"count":290,"filter":"raw","term_order":"0"}],"donde":[{"term_id":310,"name":"GI-IM: Grupo de Investigaci\u00f3n en Ingenier\u00eda de M\u00e1quinas","slug":"gi-im-grupo-de-investigacion-en-ingenieria-de-maquinas","term_group":0,"term_taxonomy_id":310,"taxonomy":"donde","description":"","parent":0,"count":12,"filter":"raw","term_order":"0"},{"term_id":1534,"name":"ME-RG: Machine Engineering Research Group","slug":"en_me-rg-machine-engineering-research-group","term_group":0,"term_taxonomy_id":1534,"taxonomy":"donde","description":"","parent":0,"count":2,"filter":"raw","term_order":"0"}],"infraestructura":[],"ods":[{"term_id":2247,"name":"Industria, Innovaci\u00f3n e Infraestructura","slug":"industria-innovacion-e-infraestructura","term_group":0,"term_taxonomy_id":2247,"taxonomy":"ods","description":"","parent":0,"count":171,"filter":"raw","term_order":"0"}],"origen":[{"term_id":192,"name":"Soluciones tecnol\u00f3gicas","slug":"soluciones-tecnologicas","term_group":0,"term_taxonomy_id":192,"taxonomy":"origen","description":"","parent":0,"count":278,"filter":"raw","term_order":"0"}],"familia_tax":false,"quien_tax":false,"donde_tax":false,"year":"2019-01-01","contacto":"ETSI Industriales - UPM\r\nc\/ Jos\u00e9 Guti\u00e9rrez Abascal, 2\r\n28006 - Madrid","telefono":"910670176","pagina_web":"https:\/\/www.etsii.upm.es\/","email":"jmguijosa@etsii.upm.es","id_ficha_portal":"335","video":"https:\/\/youtu.be\/dngf5_RgTiQ","adjuntos":false,"adjuntos_portal":"","inf":false,"departamento":"","acf":[],"lang":"es","translation":{"es":11631,"en":11633},"_links":{"self":[{"href":"https:\/\/www.upm.es\/recursosidi\/wp-json\/wp\/v2\/product\/11631"}],"collection":[{"href":"https:\/\/www.upm.es\/recursosidi\/wp-json\/wp\/v2\/product"}],"about":[{"href":"https:\/\/www.upm.es\/recursosidi\/wp-json\/wp\/v2\/types\/product"}],"wp:featuredmedia":[{"embeddable":true,"href":"https:\/\/www.upm.es\/recursosidi\/wp-json\/wp\/v2\/media\/11630"}],"wp:attachment":[{"href":"https:\/\/www.upm.es\/recursosidi\/wp-json\/wp\/v2\/media?parent=11631"}],"wp:term":[{"taxonomy":"product_cat","embeddable":true,"href":"https:\/\/www.upm.es\/recursosidi\/wp-json\/wp\/v2\/product_cat?post=11631"},{"taxonomy":"product_tag","embeddable":true,"href":"https:\/\/www.upm.es\/recursosidi\/wp-json\/wp\/v2\/product_tag?post=11631"},{"taxonomy":"comunidad_upm","embeddable":true,"href":"https:\/\/www.upm.es\/recursosidi\/wp-json\/wp\/v2\/comunidades-upm?post=11631"},{"taxonomy":"quien","embeddable":true,"href":"https:\/\/www.upm.es\/recursosidi\/wp-json\/wp\/v2\/quien?post=11631"},{"taxonomy":"mapa","embeddable":true,"href":"https:\/\/www.upm.es\/recursosidi\/wp-json\/wp\/v2\/mapa?post=11631"},{"taxonomy":"disponibilidad","embeddable":true,"href":"https:\/\/www.upm.es\/recursosidi\/wp-json\/wp\/v2\/disponibilidad?post=11631"},{"taxonomy":"donde","embeddable":true,"href":"https:\/\/www.upm.es\/recursosidi\/wp-json\/wp\/v2\/donde?post=11631"},{"taxonomy":"infraestructura","embeddable":true,"href":"https:\/\/www.upm.es\/recursosidi\/wp-json\/wp\/v2\/infraestructura?post=11631"},{"taxonomy":"ods","embeddable":true,"href":"https:\/\/www.upm.es\/recursosidi\/wp-json\/wp\/v2\/ods?post=11631"},{"taxonomy":"origen","embeddable":true,"href":"https:\/\/www.upm.es\/recursosidi\/wp-json\/wp\/v2\/origen?post=11631"}],"curies":[{"name":"wp","href":"https:\/\/api.w.org\/{rel}","templated":true}]}}