{"id":11633,"date":"2022-11-11T13:58:57","date_gmt":"2022-11-11T12:58:57","guid":{"rendered":"https:\/\/www.upm.es\/recursosidi\/offers-resources\/sin categor\u00eda\/press-on-epoxy-2\/"},"modified":"2022-11-11T13:59:00","modified_gmt":"2022-11-11T12:59:00","slug":"press-on-epoxy-2","status":"publish","type":"product","link":"https:\/\/www.upm.es\/recursosidi\/en\/offers-resources\/technological-solutions\/press-on-epoxy-2\/","title":{"rendered":"PRESS-ON EPOXY"},"content":{"rendered":"<h4>Brief description of the solution and the added value it delivers<\/h4>\n<p>Improves the fracture energy of epoxy resins by means of mechanical processes.<\/p>\n<hr \/>\n<h4>Description of the technological basis<\/h4>\n<p style=\"text-align: justify\">Epoxy resins have excellent mechanical properties, they are inexpensive and are easy to apply compared to other plastics. However, their fracture energy limits them in certain applications. With Press-On Epoxy, we propose a simple, low-cost method for improving the fracture energy of epoxy resins, without it having a negative effect on their other mechanical properties.<\/p>\n<blockquote>\n<p>&#8216;It is a purely mechanical process; it does not require chemical modifications or the addition of nanoparticles&#8217;<\/p>\n<\/blockquote>\n<hr \/>\n<h4>Business needs \/ application<\/h4>\n<p><strong>General:<\/strong><\/p>\n<ul>\n<li style=\"list-style-type: none\">\n<ul>\n<li>Currently, improving the fracture energy of epoxy resins requires the use of &#8216;fillers&#8217; that significantly increase the final price or chemical modifications that diminish some of the resin&#8217;s other properties.<\/li>\n<\/ul>\n<\/li>\n<\/ul>\n<p><strong>Transport:<\/strong><\/p>\n<ul>\n<li style=\"list-style-type: none\">\n<ul>\n<li>One of the greatest challenges in this sector is weight reduction. Therefore, consideration is being given to replacing metal parts with lighter materials. However, when it comes to using plastics, fracture energy is a problem.<\/li>\n<\/ul>\n<\/li>\n<\/ul>\n<p><strong>Electronics:<\/strong><\/p>\n<ul>\n<li style=\"list-style-type: none\">\n<ul>\n<li style=\"text-align: justify\">The problems of reliability with printed circuit boards (PCBs) are due, principally, to cracking in epoxy resins caused by poor adhesion to the copper.<\/li>\n<\/ul>\n<\/li>\n<\/ul>\n<hr \/>\n<h4>Competitive advantages<\/h4>\n<ul>\n<li style=\"text-align: justify\">Large increase in the fracture energy without diminishing other mechanical properties.<\/li>\n<li style=\"text-align: justify\">Low-cost and does not require chemical modifications or the addition of nanoparticles.<\/li>\n<li style=\"text-align: justify\">The process does not require the epoxy resin production line to be modified. It is an intermediate process in the current value chain.<\/li>\n<li style=\"text-align: justify\">The use of epoxy resins is not only limited to transport and circuit boards; its field of application is very broad.<\/li>\n<\/ul>\n<hr \/>\n<h4>Past performance references<\/h4>\n<ul>\n<li>Triboblend spin-off<\/li>\n<\/ul>\n<hr \/>\n<h4>Protection<\/h4>\n<ul class=\"propiedad\">\n<li><strong>Patent: <\/strong>&#8216;Method for mixing and delamination, deinterlacing, dispersion and adhesion of nanoparticles.&#8217; ES P201831123.<\/li>\n<\/ul>\n<hr \/>\n<h4>Stage of development<\/h4>\n<ul class=\"grado\">\n<li>Concept<\/li>\n<li>Research<\/li>\n<li><strong>Lab prototype<\/strong><\/li>\n<li>Industrial prototype<\/li>\n<li>Production<\/li>\n<\/ul>\n<h4>Contact<\/h4>\n<p>PRESS-ON EPOXY contact<\/p>\n<p>Juan Manuel Mu&ntilde;oz Guijosa, Guillermo Fern&aacute;ndez Zapico<\/p>\n<p>Divisi&oacute;n de Ingenier&iacute;a de M&aacute;quinas, ETSI Industriales &#8211; UPM<\/p>\n<p>e: <span rel=\"83313930bd3134319c312731ab313931a2312e31b53101309b314431a5312b31aa310630bd312931c6311a309d314031\" class=\"cryptex \" style=\"\"><span class=\"CryptexImg ctxBiERGGbCSQLFGsIFgM46KaoZ6Y7iMcNofPPxzQQBDmQ\"><\/span><\/span><\/p>\n<div class=\"pdfprnt-buttons pdfprnt-buttons-product pdfprnt-bottom-left\"><a href=\"https:\/\/www.upm.es\/recursosidi\/wp-json\/wp\/v2\/product\/11633?print=pdf\" class=\"pdfprnt-button pdfprnt-button-pdf\" target=\"_blank\"><span class=\"pdfprnt-button-title pdfprnt-button-pdf-title\">Descargar ficha<\/span><\/a><\/div>","protected":false},"excerpt":{"rendered":"<p>Help us make the epoxy feel the pressure<\/p>\n","protected":false},"featured_media":11632,"template":"","meta":{"_acf_changed":false},"product_cat":[2386],"product_tag":[6360,7701],"comunidades-upm":[],"quien":[],"mapa":[{"term_id":41,"name":"Climate, Energy and Mobility","slug":"climate-energy-mobility","term_group":0,"term_taxonomy_id":41,"taxonomy":"mapa","description":"","parent":0,"count":60,"filter":"raw","term_order":"10"},{"term_id":75,"name":"Industry, Materials and Circular Economy","slug":"industry-materials-circular_economy","term_group":0,"term_taxonomy_id":75,"taxonomy":"mapa","description":"","parent":0,"count":87,"filter":"raw","term_order":"14"}],"disponibilidad":[{"term_id":205,"name":"Consultar disponibilidad","slug":"consultar","term_group":0,"term_taxonomy_id":205,"taxonomy":"disponibilidad","description":"","parent":0,"count":290,"filter":"raw","term_order":"0"}],"donde":[{"term_id":310,"name":"GI-IM: Grupo de Investigaci\u00f3n en Ingenier\u00eda de M\u00e1quinas","slug":"gi-im-grupo-de-investigacion-en-ingenieria-de-maquinas","term_group":0,"term_taxonomy_id":310,"taxonomy":"donde","description":"","parent":0,"count":12,"filter":"raw","term_order":"0"},{"term_id":1534,"name":"ME-RG: Machine Engineering Research Group","slug":"en_me-rg-machine-engineering-research-group","term_group":0,"term_taxonomy_id":1534,"taxonomy":"donde","description":"","parent":0,"count":2,"filter":"raw","term_order":"0"}],"infraestructura":[],"ods":[{"term_id":2249,"name":"Industry, Innovation and Infrastructure","slug":"industry-innovation-and-infrastructure","term_group":0,"term_taxonomy_id":2249,"taxonomy":"ods","description":"","parent":0,"count":129,"filter":"raw","term_order":"0"}],"origen":[{"term_id":192,"name":"Soluciones tecnol\u00f3gicas","slug":"soluciones-tecnologicas","term_group":0,"term_taxonomy_id":192,"taxonomy":"origen","description":"","parent":0,"count":278,"filter":"raw","term_order":"0"}],"familia_tax":false,"quien_tax":false,"donde_tax":false,"year":"2019-01-01","contacto":"ETSI Industriales - UPM\r\nc\/ Jos\u00e9 Guti\u00e9rrez Abascal, 2\r\n28006 - Madrid","telefono":"910670176","pagina_web":"https:\/\/www.etsii.upm.es\/","email":"jmguijosa@etsii.upm.es","id_ficha_portal":"335","video":"","adjuntos":false,"adjuntos_portal":"","inf":false,"departamento":"","acf":[],"lang":"en","translation":{"en":11633,"es":11631},"_links":{"self":[{"href":"https:\/\/www.upm.es\/recursosidi\/wp-json\/wp\/v2\/product\/11633"}],"collection":[{"href":"https:\/\/www.upm.es\/recursosidi\/wp-json\/wp\/v2\/product"}],"about":[{"href":"https:\/\/www.upm.es\/recursosidi\/wp-json\/wp\/v2\/types\/product"}],"wp:featuredmedia":[{"embeddable":true,"href":"https:\/\/www.upm.es\/recursosidi\/wp-json\/wp\/v2\/media\/11632"}],"wp:attachment":[{"href":"https:\/\/www.upm.es\/recursosidi\/wp-json\/wp\/v2\/media?parent=11633"}],"wp:term":[{"taxonomy":"product_cat","embeddable":true,"href":"https:\/\/www.upm.es\/recursosidi\/wp-json\/wp\/v2\/product_cat?post=11633"},{"taxonomy":"product_tag","embeddable":true,"href":"https:\/\/www.upm.es\/recursosidi\/wp-json\/wp\/v2\/product_tag?post=11633"},{"taxonomy":"comunidad_upm","embeddable":true,"href":"https:\/\/www.upm.es\/recursosidi\/wp-json\/wp\/v2\/comunidades-upm?post=11633"},{"taxonomy":"quien","embeddable":true,"href":"https:\/\/www.upm.es\/recursosidi\/wp-json\/wp\/v2\/quien?post=11633"},{"taxonomy":"mapa","embeddable":true,"href":"https:\/\/www.upm.es\/recursosidi\/wp-json\/wp\/v2\/mapa?post=11633"},{"taxonomy":"disponibilidad","embeddable":true,"href":"https:\/\/www.upm.es\/recursosidi\/wp-json\/wp\/v2\/disponibilidad?post=11633"},{"taxonomy":"donde","embeddable":true,"href":"https:\/\/www.upm.es\/recursosidi\/wp-json\/wp\/v2\/donde?post=11633"},{"taxonomy":"infraestructura","embeddable":true,"href":"https:\/\/www.upm.es\/recursosidi\/wp-json\/wp\/v2\/infraestructura?post=11633"},{"taxonomy":"ods","embeddable":true,"href":"https:\/\/www.upm.es\/recursosidi\/wp-json\/wp\/v2\/ods?post=11633"},{"taxonomy":"origen","embeddable":true,"href":"https:\/\/www.upm.es\/recursosidi\/wp-json\/wp\/v2\/origen?post=11633"}],"curies":[{"name":"wp","href":"https:\/\/api.w.org\/{rel}","templated":true}]}}