{"id":11634,"date":"2022-11-12T02:00:31","date_gmt":"2022-11-12T01:00:31","guid":{"rendered":"https:\/\/www.upm.es\/recursosidi\/offers-resources\/sin categor\u00eda\/aparato-para-medir-la-susceptibilidad-magnetica-de-muestras-minerales\/"},"modified":"2022-11-12T02:00:31","modified_gmt":"2022-11-12T01:00:31","slug":"aparato-para-medir-la-susceptibilidad-magnetica-de-muestras-minerales","status":"publish","type":"product","link":"https:\/\/www.upm.es\/recursosidi\/offers-resources\/patentes\/aparato-para-medir-la-susceptibilidad-magnetica-de-muestras-minerales\/","title":{"rendered":"Aparato para medir la susceptibilidad magn\u00e9tica de muestras minerales"},"content":{"rendered":"<h5>Descripci\u00f3n de la patente <\/h5>\n<p>El instrumento es un equipo port\u00e1til que sirve para estudiar las propiedades magn\u00e9ticas<br \/>\nde un material.<br \/>\nLa invenci\u00f3n plantea un circuito magn\u00e9tico basado en imanes de NdFeB y un entrehierro<br \/>\nen el que el campo magn\u00e9tico es intenso. Asimismo, plantea un sistema mec\u00e1nico de desplazamiento de los imanes que permite variar el campo magn\u00e9tico en el entrehierro en un rango amplio (~30-300 mT). El sistema tiene un peso &lt;5Kg y puede ser<br \/>\nalimentado por bater\u00edas lo que lo hace f\u00e1cilmente transportable.<\/p>\n<h5>Situaci\u00f3n <\/h5>\n<p>Presentada<\/p>\n<h5>N\u00famero de solicitud<\/h5>\n<p>P202131192<\/p>\n<h5>N\u00famero de publicaci\u00f3n<\/h5>\n<p>ES2927494<\/p>\n<h5>Fecha de presentaci\u00f3n <\/h5>\n<p>22\/12\/2021<\/p>\n<h5>Fecha de publicaci\u00f3n <\/h5>\n<p>07\/11\/2022<\/p>\n<div class=\"pdfprnt-buttons pdfprnt-buttons-product pdfprnt-bottom-left\"><a href=\"https:\/\/www.upm.es\/recursosidi\/wp-json\/wp\/v2\/product\/11634?print=pdf\" class=\"pdfprnt-button pdfprnt-button-pdf\" target=\"_blank\"><span class=\"pdfprnt-button-title pdfprnt-button-pdf-title\">Descargar ficha<\/span><\/a><\/div>","protected":false},"excerpt":{"rendered":"<p>Descripci\u00f3n de la patente El instrumento es un equipo port\u00e1til que sirve para estudiar las propiedades magn\u00e9ticas de un material. La invenci\u00f3n plantea un circuito&hellip;<\/p>\n","protected":false},"featured_media":0,"template":"","meta":{"_acf_changed":false},"product_cat":[3946],"product_tag":[],"comunidades-upm":[],"quien":[],"mapa":[],"disponibilidad":[],"donde":[{"term_id":1702,"name":"ISOM Magnetic Devices Group","slug":"en_isom-magnetic-devices-group","term_group":0,"term_taxonomy_id":1702,"taxonomy":"donde","description":"Nuestro trabajo se centra en los materiales magn&eacute;ticos y su aplicaci&oacute;n en sensores y dispositivos. Hemos buscado siempre compaginar temas de investigaci&oacute;n b&aacute;sica con temas de investigaci&oacute;n aplicada muy relacionados con empresas. Las <strong>l&iacute;neas de trabajo<\/strong> actuales pueden agruparse en:\n&nbsp;\n\nSensores magn&eacute;ticos (detecci&oacute;n de veh&iacute;culos, motores lineales, fraudes en contadores, &hellip;),\nInstrumentaci&oacute;n (magnetrones y suscept&oacute;metros)\nTarjetas inteligentes de baja frecuencia,\nMulticapas magn&eacute;ticas met&aacute;licas. V&aacute;lvulas de Spin. Medidas CPP,\nDin&aacute;mica de paredes de dominio magn&eacute;tico,\nTransferencia de esp&iacute;n en paredes magn&eacute;ticas y nanoestructuras magn&eacute;ticas,\nNanopart&iacute;culas y nanocintas magn&eacute;ticas para aplicaciones biom&eacute;dicas\n","parent":0,"count":1,"filter":"raw","term_order":"0"},{"term_id":1468,"name":"University Optoelectronics and Microtechnology Systems Institute","slug":"en_university-optoelectronics-and-microtechnology-systems-institute","term_group":0,"term_taxonomy_id":1468,"taxonomy":"donde","description":"","parent":0,"count":29,"filter":"raw","term_order":"0"}],"infraestructura":[],"ods":[],"origen":[{"term_id":180,"name":"Patente","slug":"patente","term_group":0,"term_taxonomy_id":180,"taxonomy":"origen","description":"","parent":0,"count":614,"filter":"raw","term_order":"0"}],"familia_tax":false,"quien_tax":false,"donde_tax":false,"year":"","contacto":"<strong>Principales: <\/strong><ul><li>MARCO CESAR MAICAS RAMOS <blockquote><strong>marco.maicas@upm.es<\/strong><\/blockquote><\/li><li>CLAUDIO AROCA HERNANDEZ-ROS <blockquote><strong>claudio.aroca@upm.es<\/strong><\/blockquote><\/li><li>M. DEL MAR SANZ LLUCH <blockquote><strong>mar.sanz.lluch@upm.es<\/strong><\/blockquote><\/li><li>ALEJANDRO RIVELLES GARCIA <blockquote><strong>alejandro.rivelles.garcia@upm.es<\/strong><\/blockquote><\/li><\/ul><strong>Otros inventores: <\/strong><ul><li>MARINA D\u00cdAZ MICHELENA INTA - Instituto Nacional de T\u00e9cnica Aeroespacial (Ministerio de Defensa)<\/li> <li>JOS\u00c9 LUIS MESA U\u00d1A INTA - Instituto Nacional de T\u00e9cnica Aeroespacial (Ministerio de Defensa)<\/li> <\/ul>","telefono":"","pagina_web":"","email":"","id_ficha_portal":"1750","video":"","adjuntos":false,"adjuntos_portal":"","inf":false,"departamento":"","acf":[],"lang":"es","translation":{"es":11634},"_links":{"self":[{"href":"https:\/\/www.upm.es\/recursosidi\/wp-json\/wp\/v2\/product\/11634"}],"collection":[{"href":"https:\/\/www.upm.es\/recursosidi\/wp-json\/wp\/v2\/product"}],"about":[{"href":"https:\/\/www.upm.es\/recursosidi\/wp-json\/wp\/v2\/types\/product"}],"wp:attachment":[{"href":"https:\/\/www.upm.es\/recursosidi\/wp-json\/wp\/v2\/media?parent=11634"}],"wp:term":[{"taxonomy":"product_cat","embeddable":true,"href":"https:\/\/www.upm.es\/recursosidi\/wp-json\/wp\/v2\/product_cat?post=11634"},{"taxonomy":"product_tag","embeddable":true,"href":"https:\/\/www.upm.es\/recursosidi\/wp-json\/wp\/v2\/product_tag?post=11634"},{"taxonomy":"comunidad_upm","embeddable":true,"href":"https:\/\/www.upm.es\/recursosidi\/wp-json\/wp\/v2\/comunidades-upm?post=11634"},{"taxonomy":"quien","embeddable":true,"href":"https:\/\/www.upm.es\/recursosidi\/wp-json\/wp\/v2\/quien?post=11634"},{"taxonomy":"mapa","embeddable":true,"href":"https:\/\/www.upm.es\/recursosidi\/wp-json\/wp\/v2\/mapa?post=11634"},{"taxonomy":"disponibilidad","embeddable":true,"href":"https:\/\/www.upm.es\/recursosidi\/wp-json\/wp\/v2\/disponibilidad?post=11634"},{"taxonomy":"donde","embeddable":true,"href":"https:\/\/www.upm.es\/recursosidi\/wp-json\/wp\/v2\/donde?post=11634"},{"taxonomy":"infraestructura","embeddable":true,"href":"https:\/\/www.upm.es\/recursosidi\/wp-json\/wp\/v2\/infraestructura?post=11634"},{"taxonomy":"ods","embeddable":true,"href":"https:\/\/www.upm.es\/recursosidi\/wp-json\/wp\/v2\/ods?post=11634"},{"taxonomy":"origen","embeddable":true,"href":"https:\/\/www.upm.es\/recursosidi\/wp-json\/wp\/v2\/origen?post=11634"}],"curies":[{"name":"wp","href":"https:\/\/api.w.org\/{rel}","templated":true}]}}