{"id":11653,"date":"2022-11-21T12:46:22","date_gmt":"2022-11-21T11:46:22","guid":{"rendered":"https:\/\/www.upm.es\/recursosidi\/offers-resources\/sin categor\u00eda\/reloj-de-sol\/"},"modified":"2022-11-21T12:46:32","modified_gmt":"2022-11-21T11:46:32","slug":"reloj-de-sol","status":"publish","type":"product","link":"https:\/\/www.upm.es\/recursosidi\/offers-resources\/soluciones-tecnologicas\/reloj-de-sol\/","title":{"rendered":"RELOJ  DE  SOL"},"content":{"rendered":"<h4 style=\"text-align: left\"><strong>Descripci&oacute;n breve conjunta de la soluci&oacute;n y valor a&ntilde;adido que aporta <\/strong><\/h4>\n<p style=\"text-align: justify\">El coste de los dispositivos de concentraci&oacute;n solar supone m&aacute;s del 50% del coste total en las tecnolog&iacute;as que utilizan dicha concentraci&oacute;n para calentar fuertemente un fluido y generar electricidad mediante un ciclo termodin&aacute;mico. Reloj de Sol presenta una alternativa a los concentradores convencionales con el fin de reducir dicho coste. La peculiar geometr&iacute;a que define Reloj de Sol consigue minimizar el peso de los elementos materiales (acero, espejos, etc.) requeridos para concentrar la radiaci&oacute;n, sin por ello perjudicar la precisi&oacute;n de concentraci&oacute;n. Esto da lugar a un coste de inversi&oacute;n por kW que puede llegar a reducirse a la tercera parte del coste que suponen las tecnolog&iacute;as comerciales actuales.<\/p>\n<h4 style=\"text-align: left\"><strong>Descripci&oacute;n de la base tecnol&oacute;gica<\/strong><\/h4>\n<p style=\"text-align: justify\">Reloj de Sol es un concentrador de radiaci&oacute;n solar con una configuraci&oacute;n de espejos longitudinales cil&iacute;ndricos, con un mismo eje focal, fijos en una plataforma que gira en horizontal como la sombra del puntero en un reloj de sol.<\/p>\n<p style=\"text-align: justify\">Todos los concentradores de radiaci&oacute;n solar que utilizan espejos m&oacute;viles para enfocar la radiaci&oacute;n implican el uso de pesos considerables, por rigidizar la estructura. En Reloj de Sol se necesitan unos 20 kg de espejo plano y barato (que se deforma en el montaje), 15 kg de acero y 30 kg de hormig&oacute;n, para capturar en el fluido calor&iacute;fero una potencia de 1 kW t&eacute;rmico; frente a los 30kg de espejo templado y fabricado curvo; 50kg de acero y 100kg de hormig&oacute;n, que requiere un montaje convencional. Con esta disminuci&oacute;n de material, Reloj de Sol consigue reducir el coste un 65%.<\/p>\n<p style=\"text-align: justify\">Esta configuraci&oacute;n est&aacute; relacionada con los montajes denominados Fresnel de reflexi&oacute;n, pero con caracter&iacute;sticas no comunes a dicha familia.&nbsp;<\/p>\n<p style=\"text-align: center\"><em>&ldquo;La configuraci&oacute;n del Reloj de Sol puede reducir a 1\/3 el coste del campo de concentradores con respecto a tecnolog&iacute;as comerciales actuales, mediante reducci&oacute;n de peso y simplificaci&oacute;n de montaje&rdquo;<\/em><\/p>\n<p style=\"text-align: center\"><em><strong><span style=\"color: #000000\">&nbsp;<\/span><\/strong><\/em><\/p>\n<h4 style=\"text-align: left\"><strong>Necesidades de negocio \/ aplicaci&oacute;n<\/strong><\/h4>\n<ul>\n<li>\n<p style=\"text-align: justify\">La incompatibilidad del patr&oacute;n actual de consumo el&eacute;ctrico con la lucha contra el cambio clim&aacute;tico y la creciente demanda de electricidad hacen que se prevea que la producci&oacute;n de energ&iacute;a el&eacute;ctrica mediante tecnolog&iacute;as renovables haya de incrementarse varios &oacute;rdenes de magnitud.<\/p>\n<\/li>\n<li style=\"text-align: justify\">\n<p>Aunque la e&oacute;lica ha sido la primera de las tres grandes renovables en experimentar un despliegue significativo, y la fotovoltaica est&aacute; en estos momentos en fase expansiva, ninguna de las dos ha resuelto el problema del almacenamiento y, por tanto, de la gestionabilidad.<\/p>\n<\/li>\n<li style=\"text-align: justify\">\n<p>Por el contrario, el calor recogido mediante energ&iacute;a solar t&eacute;rmica de forma excedentaria s&iacute; que puede almacenarse para ser usado m&aacute;s tarde, seg&uacute;n convenga para satisfacer la demanda el&eacute;ctrica.<\/p>\n<\/li>\n<li style=\"text-align: justify\">\n<p>Adicionalmente, la energ&iacute;a solar t&eacute;rmica se presta a efectuar regulaci&oacute;n de frecuencia, tensi&oacute;n y potencia, por la inercia t&eacute;rmica que tiene.<\/p>\n<\/li>\n<li>\n<p style=\"text-align: justify\">Para que la energ&iacute;a solar t&eacute;rmica llegue a ser competitiva se hace indispensable una reducci&oacute;n de costes, donde el principal objetivo es el seguidor\/concentrador solar, ya que supone m&aacute;s de un 50% del&nbsp; coste total; y adem&aacute;s ofrece &aacute;mbitos y alternativas de innovaci&oacute;n muy prometedores.<\/p>\n<\/li>\n<\/ul>\n<h4 style=\"text-align: left\"><strong>Ventajas competitivas<\/strong><\/h4>\n<div>\n<ul>\n<li>\n<p style=\"text-align: justify\">Reducci&oacute;n de costes a 1\/3 del valor actual, en los elementos de concentraci&oacute;n de la radiaci&oacute;n solar<\/p>\n<\/li>\n<li style=\"text-align: justify\">\n<p>F&aacute;cil construcci&oacute;n, modular, repetitiva, en paralelo<\/p>\n<\/li>\n<li style=\"text-align: justify\">\n<p>Conectable f&aacute;cilmente a Almacenamiento T&eacute;rmico (gestionabilidad de la energ&iacute;a)<\/p>\n<\/li>\n<li style=\"text-align: justify\">\n<p>Facilidad de demostraci&oacute;n de sus costes y prestaciones a nivel de prototipo<\/p>\n<\/li>\n<li style=\"text-align: justify\">\n<p>Menor dependencia de los pocos proveedores que dominan el sector de energ&iacute;a solar t&eacute;rmica de alta temperatura.<\/p>\n<\/li>\n<li>\n<p style=\"text-align: justify\">Polivalente en fluidos de trabajo(a&uacute;n por optimizar)<\/p>\n<\/li>\n<\/ul>\n<\/div>\n<h4 style=\"text-align: left\"><strong>Referencias<\/strong><\/h4>\n<ul>\n<li style=\"text-align: justify\">\n<p style=\"text-align: justify\">El Grupo de Investigaciones Termoenerg&eacute;ticas cuenta con un precedente similar: el Proyecto &ldquo;Futuro Solar&rdquo; con OHL&nbsp; (2015)<\/p>\n<\/li>\n<\/ul>\n<h4><strong>Protecci&oacute;n industrial<\/strong><\/h4>\n<ul>\n<li>\n<p style=\"text-align: justify\">Patentes concedidas en Espa&ntilde;a ES2537607, ES 1138715 U, ES2596294, ES2578804<\/p>\n<\/li>\n<\/ul>\n<h4 style=\"text-align: left\"><strong>Grado de desarrollo<\/strong><\/h4>\n<ul>\n<li><span style=\"font-family: 'trebuchet ms', geneva;font-size: small\">Concepto<\/span><\/li>\n<li><span style=\"font-family: 'trebuchet ms', geneva;font-size: small\">Investigaci&oacute;n<\/span><\/li>\n<li><span style=\"text-decoration: underline\"><strong><span style=\"font-family: 'trebuchet ms', geneva;font-size: small\">Prototipo-Lab<\/span><\/strong><\/span><\/li>\n<li><span style=\"font-family: 'trebuchet ms', geneva;font-size: small\">Prototipo Industrial<\/span><\/li>\n<li><span style=\"font-family: 'trebuchet ms', geneva;font-size: small\">Producci&oacute;n<\/span><\/li>\n<\/ul>\n<h4><strong>Contacto<\/strong><\/h4>\n<p style=\"text-align: justify\"><strong><span lang=\"EN-GB\">Contacto <\/span>Reloj de Sol<\/strong><\/p>\n<p style=\"text-align: justify\">Jos&eacute; M&ordf; Mart&iacute;nez-Val Pe&ntilde;alosa<\/p>\n<p style=\"text-align: justify\">Grupo de Investigaciones Termoenerg&eacute;ticas (GIT)<\/p>\n<p style=\"text-align: justify\">e: <span rel=\"73312430bc314131ba31273182310b31aa312631b131193180312b31b3313a3160311331ca31\" class=\"cryptex \" style=\"\"><span class=\"CryptexImg ctxRRlptxq1XDzMP-Yw7rhYhn4PSHkJf6cVvt0cdRDsGJE\"><\/span><\/span>&nbsp;<\/p>\n<p style=\"text-align: justify\"><strong>Contacto UPM<\/strong><\/p>\n<p style=\"text-align: justify\">Programas de Innovaci&oacute;n y Emprendimiento<\/p>\n<p style=\"text-align: justify\">Centro de Apoyo a la Innovaci&oacute;n Tecnol&oacute;gica &ndash; UPM<\/p>\n<p style=\"text-align: justify\">e: <span rel=\"73312430b8313931c7312a31b831073199311c31b7311e3180312a31a8313031a0311d31c3312231b031213193311b3197312f31b131343187311631a531\" class=\"cryptex \" style=\"\"><span class=\"CryptexImg ctxR7neImVV1tJoTSyttUGBAuiESKXKLLyzTwJSN1lk9Z0\"><\/span><\/span><\/p>\n<div class=\"pdfprnt-buttons pdfprnt-buttons-product pdfprnt-bottom-left\"><a href=\"https:\/\/www.upm.es\/recursosidi\/wp-json\/wp\/v2\/product\/11653?print=pdf\" class=\"pdfprnt-button pdfprnt-button-pdf\" target=\"_blank\"><span class=\"pdfprnt-button-title pdfprnt-button-pdf-title\">Descargar ficha<\/span><\/a><\/div>","protected":false},"excerpt":{"rendered":"<p>The best way to sun burn.<\/p>\n<p>Concentrar la radiaci\u00f3n solar siguiendo el ejemplo de un Reloj de Sol y usando espejos m\u00e1s simples y econ\u00f3micos que permiten reducir sensiblemente el coste de generaci\u00f3n de energ\u00eda el\u00e9ctrica mediante energ\u00eda solar t\u00e9rmica.<\/p>\n","protected":false},"featured_media":11651,"template":"","meta":{"_acf_changed":false},"product_cat":[2384],"product_tag":[2306,2409],"comunidades-upm":[],"quien":[],"mapa":[{"term_id":133,"name":"Clima, Energ\u00eda y Movilidad","slug":"clima-energia-movilidad","term_group":0,"term_taxonomy_id":133,"taxonomy":"mapa","description":"","parent":0,"count":129,"filter":"raw","term_order":"9"}],"disponibilidad":[{"term_id":205,"name":"Consultar disponibilidad","slug":"consultar","term_group":0,"term_taxonomy_id":205,"taxonomy":"disponibilidad","description":"","parent":0,"count":290,"filter":"raw","term_order":"0"}],"donde":[{"term_id":1462,"name":"\"Guillermo Velarde\" Nuclear Fusion Institute","slug":"en_guillermo-velarde-nuclear-fusion-institute","term_group":0,"term_taxonomy_id":1462,"taxonomy":"donde","description":"","parent":0,"count":7,"filter":"raw","term_order":"0"},{"term_id":238,"name":"Instituto de Fusi\u00f3n Nuclear \"Guillermo Velarde\" (IFN-GV)","slug":"instituto-de-fusion-nuclear-guillermo-velarde-ifn-gv","term_group":0,"term_taxonomy_id":238,"taxonomy":"donde","description":"","parent":0,"count":57,"filter":"raw","term_order":"0"},{"term_id":390,"name":"Thermal Energy for Sustainability","slug":"thermal-energy-for-sustainability","term_group":0,"term_taxonomy_id":390,"taxonomy":"donde","description":"","parent":0,"count":57,"filter":"raw","term_order":"0"},{"term_id":1614,"name":"Thermal Energy for Sustainability","slug":"en_thermal-energy-for-sustainability","term_group":0,"term_taxonomy_id":1614,"taxonomy":"donde","description":"","parent":0,"count":7,"filter":"raw","term_order":"0"}],"infraestructura":[],"ods":[{"term_id":2231,"name":"Acci\u00f3n por el Clima","slug":"accion-por-el-clima","term_group":0,"term_taxonomy_id":2231,"taxonomy":"ods","description":"","parent":0,"count":67,"filter":"raw","term_order":"0"},{"term_id":2255,"name":"Energ\u00eda Asequible y no Contaminante","slug":"energia-asequible-y-no-contaminante","term_group":0,"term_taxonomy_id":2255,"taxonomy":"ods","description":"","parent":0,"count":34,"filter":"raw","term_order":"0"},{"term_id":2247,"name":"Industria, Innovaci\u00f3n e Infraestructura","slug":"industria-innovacion-e-infraestructura","term_group":0,"term_taxonomy_id":2247,"taxonomy":"ods","description":"","parent":0,"count":171,"filter":"raw","term_order":"0"}],"origen":[{"term_id":192,"name":"Soluciones tecnol\u00f3gicas","slug":"soluciones-tecnologicas","term_group":0,"term_taxonomy_id":192,"taxonomy":"origen","description":"","parent":0,"count":278,"filter":"raw","term_order":"0"}],"familia_tax":false,"quien_tax":false,"donde_tax":false,"year":"2020-01-01","contacto":"ETSI Industriales - UPM, c\/ Jos\u00e9 Guti\u00e9rrez Abascal, 2, 28006, Madrid","telefono":"910676734","pagina_web":"https:\/\/www.etsii.upm.es\/","email":"mval@etsii.upm.es","id_ficha_portal":"117","video":"https:\/\/youtu.be\/ydLxln-R0d4","adjuntos":false,"adjuntos_portal":"","inf":false,"departamento":"","acf":[],"lang":"es","translation":{"es":11653,"en":11656},"_links":{"self":[{"href":"https:\/\/www.upm.es\/recursosidi\/wp-json\/wp\/v2\/product\/11653"}],"collection":[{"href":"https:\/\/www.upm.es\/recursosidi\/wp-json\/wp\/v2\/product"}],"about":[{"href":"https:\/\/www.upm.es\/recursosidi\/wp-json\/wp\/v2\/types\/product"}],"wp:featuredmedia":[{"embeddable":true,"href":"https:\/\/www.upm.es\/recursosidi\/wp-json\/wp\/v2\/media\/11651"}],"wp:attachment":[{"href":"https:\/\/www.upm.es\/recursosidi\/wp-json\/wp\/v2\/media?parent=11653"}],"wp:term":[{"taxonomy":"product_cat","embeddable":true,"href":"https:\/\/www.upm.es\/recursosidi\/wp-json\/wp\/v2\/product_cat?post=11653"},{"taxonomy":"product_tag","embeddable":true,"href":"https:\/\/www.upm.es\/recursosidi\/wp-json\/wp\/v2\/product_tag?post=11653"},{"taxonomy":"comunidad_upm","embeddable":true,"href":"https:\/\/www.upm.es\/recursosidi\/wp-json\/wp\/v2\/comunidades-upm?post=11653"},{"taxonomy":"quien","embeddable":true,"href":"https:\/\/www.upm.es\/recursosidi\/wp-json\/wp\/v2\/quien?post=11653"},{"taxonomy":"mapa","embeddable":true,"href":"https:\/\/www.upm.es\/recursosidi\/wp-json\/wp\/v2\/mapa?post=11653"},{"taxonomy":"disponibilidad","embeddable":true,"href":"https:\/\/www.upm.es\/recursosidi\/wp-json\/wp\/v2\/disponibilidad?post=11653"},{"taxonomy":"donde","embeddable":true,"href":"https:\/\/www.upm.es\/recursosidi\/wp-json\/wp\/v2\/donde?post=11653"},{"taxonomy":"infraestructura","embeddable":true,"href":"https:\/\/www.upm.es\/recursosidi\/wp-json\/wp\/v2\/infraestructura?post=11653"},{"taxonomy":"ods","embeddable":true,"href":"https:\/\/www.upm.es\/recursosidi\/wp-json\/wp\/v2\/ods?post=11653"},{"taxonomy":"origen","embeddable":true,"href":"https:\/\/www.upm.es\/recursosidi\/wp-json\/wp\/v2\/origen?post=11653"}],"curies":[{"name":"wp","href":"https:\/\/api.w.org\/{rel}","templated":true}]}}