{"id":11659,"date":"2022-11-21T13:13:48","date_gmt":"2022-11-21T12:13:48","guid":{"rendered":"https:\/\/www.upm.es\/recursosidi\/offers-resources\/sin categor\u00eda\/sfs-structural-fiber-sensing\/"},"modified":"2022-11-21T13:14:04","modified_gmt":"2022-11-21T12:14:04","slug":"sfs-structural-fiber-sensing","status":"publish","type":"product","link":"https:\/\/www.upm.es\/recursosidi\/offers-resources\/soluciones-tecnologicas\/sfs-structural-fiber-sensing\/","title":{"rendered":"SFS (Structural Fiber Sensing)"},"content":{"rendered":"<h4 style=\"text-align: left\"><strong>Descripci&oacute;n breve conjunta de la soluci&oacute;n y valor a&ntilde;adido que aporta <\/strong><\/h4>\n<p style=\"text-align: justify\">Se trata de un innovador sistema de hilado permite la producci&oacute;n de fibras de prote&iacute;nas bajo una amplia variedad de condiciones, resultando biomateriales con propiedades que pueden ser adaptados para su uso. Su aplicaci&oacute;n a fibro&iacute;nas de seda dota al material natural de ventajas adicionales que lo hacen muy adecuado para su uso como biomaterial estructural para el tratamiento de patolog&iacute;as de tendones &nbsp;y ligamentos, los cuales demandan alto rendimiento mec&aacute;nico a corto plazo y el m&aacute;ximo esfuerzo en biocompatibilidad e interacci&oacute;n celular.<\/p>\n<h4 style=\"text-align: left\"><strong>Descripci&oacute;n de la base tecnol&oacute;gica<\/strong><\/h4>\n<p style=\"text-align: justify\">Un innovador sistema de hilado (SFS) permite el hilado de fibras de prote&iacute;nas mediante un procedimiento asequible y respetuoso con el medio ambiente que posibilita la adaptaci&oacute;n del material para su uso.<\/p>\n<p style=\"text-align: justify\">La fibro&iacute;na obtenida a partir de la seda del gusano de seda es procesada en fibras, mostrando las excelentes propiedades de la seda natural (biocompatibilidad y alto rendimiento), dotando al material de propiedades tales como pre-estr&eacute;s mec&aacute;nico y actividad biol&oacute;gica.<\/p>\n<p style=\"text-align: justify\">Esta nueva combinaci&oacute;n de propiedades lo hacen id&oacute;neo para aplicaciones en Medicina, desde suturas hasta biomaterial estructural bioactivo para tratamientos celulares e ingenier&iacute;a de tejidos.<\/p>\n<p style=\"text-align: justify\">En particular, estas fibras son especialmente adecuadas para tratamientos de enfermedades de tendones y ligamentos da&ntilde;ados, donde el rendimiento mec&aacute;nico en las etapas iniciales es cr&iacute;tico.<\/p>\n<p style=\"text-align: center\"><span style=\"font-size: small\"><em>&ldquo;Los biomateriales biocompatibles y bioactivos de alto rendimiento pueden utilizarse en una amplia variedad de tratamientos ortop&eacute;dicos, incrementando las posibilidades curativas y disminuyendo el tiempo de&nbsp;<\/em><\/span><span style=\"font-size: small\"><em>convalecencia.<\/em><\/span><em style=\"font-size: small\">&rdquo;<\/em><span style=\"font-size: small\">&nbsp; &nbsp;<\/span><\/p>\n<p style=\"text-align: left\"><span style=\"font-size: small\">&nbsp; &nbsp; &nbsp; &nbsp; &nbsp; &nbsp; &nbsp; &nbsp; &nbsp; &nbsp; &nbsp; &nbsp; &nbsp; &nbsp; &nbsp; &nbsp; &nbsp; &nbsp; &nbsp; &nbsp;<img decoding=\"async\" src=\"http:\/\/www.upm.es\/observatorio\/vi\/gestor_general\/recuperar_archivo.jsp?id=939\" alt=\"\" width=\"177\" height=\"190\" \/>&nbsp; &nbsp; &nbsp;<\/span><span style=\"font-size: small\"><img decoding=\"async\" src=\"http:\/\/www.upm.es\/observatorio\/vi\/gestor_general\/recuperar_archivo.jsp?id=940\" alt=\"\" width=\"212\" height=\"190\" \/>&nbsp; &nbsp; &nbsp; &nbsp; &nbsp; &nbsp; &nbsp; &nbsp; &nbsp; &nbsp; &nbsp; &nbsp; &nbsp; &nbsp; &nbsp;<\/span><span style=\"font-size: small\">&nbsp; &nbsp; &nbsp;<\/span><\/p>\n<h4 style=\"text-align: left\"><strong>Necesidades de negocio \/ aplicaci&oacute;n<\/strong><\/h4>\n<ul>\n<li>\n<p style=\"text-align: justify\">Existe una creciente necesidad en la producci&oacute;n de alto rendimiento, de biomateriales celularmente sensibles para aplicaciones con demandas mec&aacute;nicas, como las suturas, hilos y membranas para reemplazar o reforzar tejidos estructurales en ingenier&iacute;a de tejido.<\/p>\n<\/li>\n<li style=\"text-align: justify\">\n<p>Esta necesidad es especialmente evidente en el tratamiendo de tendones y ligamentos. Las soluciones actuales suelen requerir el uso de injertos aut&oacute;logos o alog&eacute;nicos y no soportan la movilizaci&oacute;n temprana.<\/p>\n<\/li>\n<li style=\"text-align: justify\">\n<p>Las soluciones actuales con materiales biodegradables o permanentes son inadecuadas; los pol&iacute;meros reabsorbibles, como el &aacute;cido polil&aacute;ctico o la policaprolactona, son absorbidos por el cuerpo de forma descontrolada, y los pol&iacute;meros permanentes, como las poliaramidas y el propileno producen desechos que desencadenan inflamaciones cr&oacute;nicas. Adem&aacute;s, estos biomateriales cl&aacute;sicos no proporcionan un ambiente ni respuesta mec&aacute;nica adecuados.<\/p>\n<\/li>\n<li>\n<p style=\"text-align: justify\">Actualmente no existe un material adecuado que sirva de material estructural en ingenier&iacute;a de tejido de tendones y ligamentos debido a la necesidad de biocompatibilidad, bioactividad y de alto rendimiento mec&aacute;nico.&nbsp;<\/p>\n<\/li>\n<\/ul>\n<p style=\"text-align: center\"><span style=\"font-size: small\"><em>&ldquo;Actualmente no existe una soluci&oacute;n adecuada para el tratamiento de enfermedades de tendones y ligamentos da&ntilde;ados que evite el uso de injertos.&rdquo;<\/em><\/span><\/p>\n<p><strong><em><span style=\"font-size: small\">&nbsp;<\/span><\/em><\/strong><\/p>\n<h4 style=\"text-align: left\"><strong>Ventajas competitivas<\/strong><\/h4>\n<ul>\n<li>La tecnolog&iacute;a SFS dota a los biomateriales de fibro&iacute;na de seda de unas propiedades mec&aacute;nicas espectaculares desde el punto de vista de dureza y resistencia, y a&ntilde;ade la posibilidad de construirlos bajo esfuerzos de carga para producir suturas de autorrefuerzo.<\/li>\n<li>Los biomateriales de fibro&iacute;na de seda pueden presentarse de varias formas, desde fibras individuales a hilos o tiras.<br \/>El procesamiento SFS mantiene la gran biocompatibilidad de la fibro&iacute;na de seda y puede ajustar su reabsorbilidad y bioactividad.<\/li>\n<li>Se puede incrementar la actividad biol&oacute;gica de las fibras de seda mediante el procesamiento SFS con varias prote&iacute;nas de adhesi&oacute;n y factores de crecimiento.<\/li>\n<li>Los desechos de las fibras de fibro&iacute;na de seda est&aacute;n compuestos por prote&iacute;nas, lo que garantiza su eliminaci&oacute;n natural del organismo.<\/li>\n<\/ul>\n<h4 style=\"text-align: left\"><strong>Referencias<\/strong><\/h4>\n<ul>\n<li>\n<p style=\"text-align: justify\">El grupo de investigaci&oacute;n ha estado involucrado en la caracterizaci&oacute;n y producci&oacute;n de fibras de seda desde 1998.<\/p>\n<\/li>\n<li>\n<p style=\"text-align: justify\">Las primeras fibras de seda regeneradas con propiedades comparables a las del material natural fueron desarrolladas por el grupo en 2007.<\/p>\n<\/li>\n<\/ul>\n<h4 style=\"text-align: left\"><strong>Propiedad industrial<\/strong><\/h4>\n<ul>\n<li>\n<p>Patente europea concedida v&iacute;a EPO EP15382646.6.<\/p>\n<\/li>\n<li>\n<p>Patente solicitada en EEUU US2018\/0298523.<\/p>\n<\/li>\n<\/ul>\n<h4 style=\"text-align: left\"><strong>Grado de desarrollo<\/strong><\/h4>\n<ul>\n<li>\n<p>Concepto<\/p>\n<\/li>\n<li>\n<p>Investigaci&oacute;n<\/p>\n<\/li>\n<li>\n<p><span style=\"text-decoration: underline\"><strong>Prototipo Lab<\/strong><\/span><\/p>\n<\/li>\n<li>\n<p>Prototipo industrial<\/p>\n<\/li>\n<li>\n<p>Producci&oacute;n<\/p>\n<\/li>\n<\/ul>\n<h4 style=\"text-align: left\"><strong>Contacto<\/strong><\/h4>\n<p style=\"text-align: justify\"><strong>Contacto SFS<\/strong><\/p>\n<p style=\"text-align: justify\">Jos&eacute; P&eacute;rez Rigueiro, Gustavo V. Guinea<\/p>\n<p style=\"text-align: justify\">Centro de Tecnolog&iacute;a Biom&eacute;dica CTB-UPM<\/p>\n<p style=\"text-align: justify\">e: <span rel=\"7b311330be314031a9311831b7313d3174311c31aa313931a9312f315f313931aa31383160311631af31\" class=\"cryptex \" style=\"\"><span class=\"CryptexImg ctx3xM91Z5QJM_t4ZlT1iMaeBL60oqa5Nc6wra4v5KhpOE\"><\/span><\/span><\/p>\n<p style=\"text-align: justify\">e: <span rel=\"7b311330bb313731b9310f31c031283195311130b6312631b8312231a3310e30af313b319f312130a1311a31\" class=\"cryptex \" style=\"\"><span class=\"CryptexImg ctx-LKLePaQ8HhN7H5obnyxHBKLGJbY4Z1C6XRrOVzYQbM\"><\/span><\/span><\/p>\n<p style=\"text-align: justify\"><strong>Contacto UPM<\/strong><\/p>\n<p style=\"text-align: justify\">Programas de Innovaci&oacute;n y Emprendimiento<\/p>\n<p style=\"text-align: justify\">Centro de Apoyo a la Innovaci&oacute;n Tecnol&oacute;gica &ndash; UPM<\/p>\n<p style=\"text-align: justify\">&nbsp;e: <span rel=\"7b311330bd313e31b2311531c831243197311831b83133317231313196312731a8313a319e312031a3311031b431103179314531b731333179311f31c531\" class=\"cryptex \" style=\"\"><span class=\"CryptexImg ctxR7neImVV1tJoTSyttUGBAuiESKXKLLyzTwJSN1lk9Z0\"><\/span><\/span><\/p>\n<div class=\"pdfprnt-buttons pdfprnt-buttons-product pdfprnt-bottom-left\"><a href=\"https:\/\/www.upm.es\/recursosidi\/wp-json\/wp\/v2\/product\/11659?print=pdf\" class=\"pdfprnt-button pdfprnt-button-pdf\" target=\"_blank\"><span class=\"pdfprnt-button-title pdfprnt-button-pdf-title\">Descargar ficha<\/span><\/a><\/div>","protected":false},"excerpt":{"rendered":"<p>Tecnolog\u00eda de producci\u00f3n para biomateriales de seda de alto rendimiento.<\/p>\n<p>SFS es un m\u00e9todo de producci\u00f3n vers\u00e1til y asequible de biomateriales basados en fibro\u00ednas para producir fibras que combina la biocompatibilidad y el alto rendimiento.<\/p>\n","protected":false},"featured_media":11657,"template":"","meta":{"_acf_changed":false},"product_cat":[2384],"product_tag":[2455,2308,2456],"comunidades-upm":[],"quien":[],"mapa":[{"term_id":137,"name":"Bioeconom\u00eda, Biotecnolog\u00eda y Sistemas Alimentarios","slug":"bioeconomia-biotecnologia-sistemas_alimentarios","term_group":0,"term_taxonomy_id":137,"taxonomy":"mapa","description":"","parent":0,"count":45,"filter":"raw","term_order":"6"},{"term_id":122,"name":"Salud y bienestar","slug":"salud-y-bienestar","term_group":0,"term_taxonomy_id":122,"taxonomy":"mapa","description":"","parent":0,"count":105,"filter":"raw","term_order":"17"}],"disponibilidad":[{"term_id":205,"name":"Consultar disponibilidad","slug":"consultar","term_group":0,"term_taxonomy_id":205,"taxonomy":"disponibilidad","description":"","parent":0,"count":290,"filter":"raw","term_order":"0"}],"donde":[{"term_id":1566,"name":"Advanced Structural Materials and Nanomaterials","slug":"en_advanced-structural-materials-and-nanomaterials","term_group":0,"term_taxonomy_id":1566,"taxonomy":"donde","description":"Llevamos m&aacute;s de 20 a&ntilde;os desarrollando numerosas t&eacute;cnicas experimentales con las que podemos estudiar y caracterizar casi cualquier tipo de material y geometr&iacute;a en una variedad muy amplia de condiciones de servicio.\n&nbsp;\nNuestras l&iacute;neas de investigaci&oacute;n se pueden resumir en:\n&nbsp;\n\nMateriales compuestos\nMateriales para la seguridad\nBiomateriales estructurales\nIntegridad y seguridad estructural\nMateriales para la construcci&oacute;n\nNanomateriales\n","parent":0,"count":22,"filter":"raw","term_order":"0"},{"term_id":1780,"name":"Center for Biomedical Technology","slug":"en_center-for-biomedical-technology","term_group":0,"term_taxonomy_id":1780,"taxonomy":"donde","description":"","parent":0,"count":56,"filter":"raw","term_order":"0"},{"term_id":556,"name":"Centro de Tecnolog\u00eda Biom\u00e9dica (CTB)","slug":"centro-de-tecnologia-biomedica-ctb","term_group":0,"term_taxonomy_id":556,"taxonomy":"donde","description":"","parent":0,"count":84,"filter":"raw","term_order":"0"},{"term_id":342,"name":"Materiales Estructurales Avanzados y Nanomateriales","slug":"materiales-estructurales-avanzados-y-nanomateriales","term_group":0,"term_taxonomy_id":342,"taxonomy":"donde","description":"Llevamos m&aacute;s de 20 a&ntilde;os desarrollando numerosas t&eacute;cnicas experimentales con las que podemos estudiar y caracterizar casi cualquier tipo de material y geometr&iacute;a en una variedad muy amplia de condiciones de servicio.\n&nbsp;\nNuestras l&iacute;neas de investigaci&oacute;n se pueden resumir en:\n&nbsp;\n\nMateriales compuestos\nMateriales para la seguridad\nBiomateriales estructurales\nIntegridad y seguridad estructural\nMateriales para la construcci&oacute;n\nNanomateriales\n","parent":0,"count":32,"filter":"raw","term_order":"0"}],"infraestructura":[],"ods":[{"term_id":2271,"name":"Salud y Bienestar","slug":"salud-y-bienestar","term_group":0,"term_taxonomy_id":2271,"taxonomy":"ods","description":"","parent":0,"count":59,"filter":"raw","term_order":"0"}],"origen":[{"term_id":192,"name":"Soluciones tecnol\u00f3gicas","slug":"soluciones-tecnologicas","term_group":0,"term_taxonomy_id":192,"taxonomy":"origen","description":"","parent":0,"count":278,"filter":"raw","term_order":"0"}],"familia_tax":false,"quien_tax":false,"donde_tax":false,"year":"2020-01-01","contacto":"CTB - UPM, Campus de Montegancedo, 28223 Pozuelo de Alarc\u00f3n (Madrid)","telefono":"910679250","pagina_web":"http:\/\/www.ctb.upm.es\/","email":"jperez@mater.upm.es","id_ficha_portal":"37","video":"","adjuntos":false,"adjuntos_portal":"","inf":false,"departamento":"","acf":[],"lang":"es","translation":{"es":11659,"en":11662},"_links":{"self":[{"href":"https:\/\/www.upm.es\/recursosidi\/wp-json\/wp\/v2\/product\/11659"}],"collection":[{"href":"https:\/\/www.upm.es\/recursosidi\/wp-json\/wp\/v2\/product"}],"about":[{"href":"https:\/\/www.upm.es\/recursosidi\/wp-json\/wp\/v2\/types\/product"}],"wp:featuredmedia":[{"embeddable":true,"href":"https:\/\/www.upm.es\/recursosidi\/wp-json\/wp\/v2\/media\/11657"}],"wp:attachment":[{"href":"https:\/\/www.upm.es\/recursosidi\/wp-json\/wp\/v2\/media?parent=11659"}],"wp:term":[{"taxonomy":"product_cat","embeddable":true,"href":"https:\/\/www.upm.es\/recursosidi\/wp-json\/wp\/v2\/product_cat?post=11659"},{"taxonomy":"product_tag","embeddable":true,"href":"https:\/\/www.upm.es\/recursosidi\/wp-json\/wp\/v2\/product_tag?post=11659"},{"taxonomy":"comunidad_upm","embeddable":true,"href":"https:\/\/www.upm.es\/recursosidi\/wp-json\/wp\/v2\/comunidades-upm?post=11659"},{"taxonomy":"quien","embeddable":true,"href":"https:\/\/www.upm.es\/recursosidi\/wp-json\/wp\/v2\/quien?post=11659"},{"taxonomy":"mapa","embeddable":true,"href":"https:\/\/www.upm.es\/recursosidi\/wp-json\/wp\/v2\/mapa?post=11659"},{"taxonomy":"disponibilidad","embeddable":true,"href":"https:\/\/www.upm.es\/recursosidi\/wp-json\/wp\/v2\/disponibilidad?post=11659"},{"taxonomy":"donde","embeddable":true,"href":"https:\/\/www.upm.es\/recursosidi\/wp-json\/wp\/v2\/donde?post=11659"},{"taxonomy":"infraestructura","embeddable":true,"href":"https:\/\/www.upm.es\/recursosidi\/wp-json\/wp\/v2\/infraestructura?post=11659"},{"taxonomy":"ods","embeddable":true,"href":"https:\/\/www.upm.es\/recursosidi\/wp-json\/wp\/v2\/ods?post=11659"},{"taxonomy":"origen","embeddable":true,"href":"https:\/\/www.upm.es\/recursosidi\/wp-json\/wp\/v2\/origen?post=11659"}],"curies":[{"name":"wp","href":"https:\/\/api.w.org\/{rel}","templated":true}]}}