{"id":11677,"date":"2022-11-30T11:43:12","date_gmt":"2022-11-30T10:43:12","guid":{"rendered":"https:\/\/www.upm.es\/recursosidi\/offers-resources\/sin categor\u00eda\/sisba-sistema\/"},"modified":"2022-11-30T11:44:09","modified_gmt":"2022-11-30T10:44:09","slug":"sisba-sistema","status":"publish","type":"product","link":"https:\/\/www.upm.es\/recursosidi\/offers-resources\/soluciones-tecnologicas\/sisba-sistema\/","title":{"rendered":"SisBA sistema"},"content":{"rendered":"<h4 style=\"text-align: left\"><strong>Descripci&oacute;n breve conjunta de la soluci&oacute;n y valor a&ntilde;adido que aporta <\/strong><\/h4>\n<p style=\"text-align: justify\">Investigadores de la Universidad Polit&eacute;cnica de Madrid (UPM) han desarrollado un sistema de bloqueo antigiro para base nivelante modificada. El sistema de bloqueo inventado evita el movimiento del aparato topogr&aacute;fico respecto su posici&oacute;n de estacionamiento, ya que se encuentra mucho m&aacute;s firmemente sujeto de lo que estaba con los sistemas anteriores. Este sistema de bloqueo impide el giro del aparato respecto a la plataforma nivelante, convirti&eacute;ndolos en solidarios y estableciendo un sistema de referencia &uacute;nico durante todo el tiempo de observaci&oacute;n.<\/p>\n<h4 style=\"text-align: left\"><strong>Descripci&oacute;n de la base tecnol&oacute;gica<\/strong><\/h4>\n<p style=\"text-align: justify\">El sistema de bloqueo antigiro propuesto en la presente invenci&oacute;n est&aacute; compuesto por un elemento de bloqueo que fija la plataforma nivelante con su adaptador. Este elemento est&aacute; formado por las siguientes partes:<\/p>\n<ul>\n<li style=\"text-align: justify\">Un cuello de forma cil&iacute;ndrica, que tiene unas pletinas que permiten aumentar la presi&oacute;n de ajuste sin necesidad de herramientas adicionales, como destornilladores o cualquier otra llave.<\/li>\n<li style=\"text-align: justify\">Un cuerpo principal, con configuraci&oacute;n de tronco de cono que permite ejercer una mayor presi&oacute;n en la plataforma nivelante. Esta forma de tronco de cono permite una fijaci&oacute;n mayor que una forma cil&iacute;ndrica.<\/li>\n<li style=\"text-align: justify\">Y una parte cil&iacute;ndrica roscada, que va a permitir fijarlo al adaptador de la plataforma nivelante.<\/li>\n<\/ul>\n<p style=\"text-align: justify\">Este elemento de bloqueo se introduce en primer lugar en la plataforma nivelante y, posteriormente, en el adaptador de la plataforma nivelante. El primer orificio con forma troncoc&oacute;nica y el segundo roscado para que pueda atornillarse.<\/p>\n<p style=\"text-align: center\"><em>&ldquo;Impide el giro del adaptador de la plataforma nivelante y del aparato, convirti&eacute;ndolos en solidarios&rdquo;<\/em><\/p>\n<p style=\"text-align: center\">&nbsp;<\/p>\n<h4 style=\"text-align: left\"><strong>Necesidades de negocio \/ aplicaci&oacute;n<\/strong><\/h4>\n<ul>\n<li style=\"text-align: justify\">Los instrumentos de medici&oacute;n han evolucionado y muchos de ellos se mueven de forma aut&oacute;noma girando en torno a su eje de rotaci&oacute;n para poder realizar medidas en todas las direcciones del espacio.<\/li>\n<li style=\"text-align: justify\">Al igual que aparatos topogr&aacute;ficos tales como taqu&iacute;metros, estaciones totales, receptores GPS&#8230;, los esc&aacute;neres terrestres van apoyados sobre plataformas nivelantes, cuya estabilidad e inmovilidad es sumamente importante en el resultado de la medida.<\/li>\n<li style=\"text-align: justify\">A pesar de que los instrumentos de medida han evolucionado, no ha pasado lo mismo con los elementos de fijaci&oacute;n. Dichos elementos no est&aacute;n preparados para soportar movimientos como los que realizan los esc&aacute;neres cuando miden.<\/li>\n<\/ul>\n<h4 style=\"text-align: left\"><strong>Ventajas competitivas<\/strong><\/h4>\n<ul>\n<li style=\"text-align: justify\">No existe otra tecnolog&iacute;a en el mercado que resuelva el problema de soportar los movimientos que realizan los esc&aacute;neres cuando miden.<\/li>\n<li style=\"text-align: justify\">El elemento de bloqueo es f&aacute;cilmente ejecutable.<\/li>\n<li style=\"text-align: justify\">Se trata de un dispositivo de puesta en marcha sencilla.<\/li>\n<li style=\"text-align: justify\">La invenci&oacute;n impide el movimiento de los equipos como consecuencias de las mediciones realizadas.<\/li>\n<li style=\"text-align: justify\">Impide un cambio en el origen de medici&oacute;n de los &aacute;ngulos horizontales, no perdi&eacute;ndose por tanto el sistema de coordenadas instrumental.<\/li>\n<\/ul>\n<p style=\"text-align: center\"><em>&ldquo;A nivel global la demanda de infraestructuras requiere de 57 trillones de d&oacute;lares para 2030&rdquo;<\/em><\/p>\n<p style=\"text-align: center\">&nbsp;<\/p>\n<h4 style=\"text-align: left\"><strong>Referencias<\/strong><\/h4>\n<ul>\n<li style=\"text-align: justify\">Amplia trayectoria investigadora y de colaboraci&oacute;n con la industria.<\/li>\n<li style=\"text-align: justify\">Grupo investigador orientado hacia la innovaci&oacute;n tecnol&oacute;gica y realizaci&oacute;n de patentes.<\/li>\n<\/ul>\n<h4 style=\"text-align: left\"><strong>Propiedad industrial<\/strong><\/h4>\n<ul>\n<li>Modelo de utilidad concedido en Espa&ntilde;a ES1087005U.<\/li>\n<\/ul>\n<h4 style=\"text-align: left\"><strong>Grado de desarrollo<\/strong><\/h4>\n<ul>\n<li>\n<p>Concepto<\/p>\n<\/li>\n<li>\n<p>Investigaci&oacute;n<\/p>\n<\/li>\n<li>\n<p><strong><u>Prototipo Lab<\/u><\/strong><\/p>\n<\/li>\n<li>\n<p>Prototipo industrial<\/p>\n<\/li>\n<li>\n<p>Producci&oacute;n<\/p>\n<\/li>\n<\/ul>\n<h4 style=\"text-align: left\"><strong>Contacto<\/strong><\/h4>\n<p style=\"text-align: justify\"><strong>Contacto SisBA<\/strong><\/p>\n<p style=\"text-align: justify\">Amparo Verd&uacute; V&aacute;zquez, Tom&aacute;s Gil L&oacute;pez, Fidel Carrasco Andr&eacute;s<\/p>\n<p style=\"text-align: justify\">e: <span rel=\"7d311a30a1311331aa310c31b131163188314531ae3135319c3131317b313331ab313b3183312b31aa31\" class=\"cryptex \" style=\"\"><span class=\"CryptexImg ctxlNL_LNRzS5BhEFaC5picBHoaGmwopiwCqtySkgJShL0\"><\/span><\/span><\/p>\n<p style=\"text-align: justify\">e:<span rel=\"7d311a30b4311531a7310c31b2312b30c1313831b5312f3178313131ab312b3169313331c831\" class=\"cryptex \" style=\"\"><span class=\"CryptexImg ctxV3WP8ZwSog8lVqwlyXlzoSRniMOvTy90c_nODQm1EAg\"><\/span><\/span><\/p>\n<p style=\"text-align: justify\">e:<span rel=\"7d311a30a6310f319e311031ab312b30bd313031bb31353199312f319e312d317b314331c531333165312531c531\" class=\"cryptex \" style=\"\"><span class=\"CryptexImg ctx5ATz6XjD2eE9EbqwdIM6uKa1c7aKVvOs-v0us_ZeQuU\"><\/span><\/span><\/p>\n<p style=\"text-align: justify\"><strong>Contacto UPM&nbsp;<\/strong><\/p>\n<p style=\"text-align: justify\">Programas de Innovaci&oacute;n y Emprendimiento<\/p>\n<p style=\"text-align: justify\">Centro de Apoyo a la Innovaci&oacute;n Tecnol&oacute;gica &ndash; UPM&nbsp;<\/p>\n<p style=\"text-align: justify\">e: <span rel=\"7d311a30a9311431a8311a31b5310831bd313831b831313166313031a0312131a9313d31c13135319e312931b5312e3196312d31be31353169310b31b131\" class=\"cryptex \" style=\"\"><span class=\"CryptexImg ctxR7neImVV1tJoTSyttUGBAuiESKXKLLyzTwJSN1lk9Z0\"><\/span><\/span><\/p>\n<div class=\"pdfprnt-buttons pdfprnt-buttons-product pdfprnt-bottom-left\"><a href=\"https:\/\/www.upm.es\/recursosidi\/wp-json\/wp\/v2\/product\/11677?print=pdf\" class=\"pdfprnt-button pdfprnt-button-pdf\" target=\"_blank\"><span class=\"pdfprnt-button-title pdfprnt-button-pdf-title\">Descargar ficha<\/span><\/a><\/div>","protected":false},"excerpt":{"rendered":"<p>Evitando los movimientos involuntarios de las plataformas nivelantes.<\/p>\n<p>Se trata de un elemento de bloqueo para evitar movimientos de la plataforma nivelante de los tr\u00edpodes de equipos motorizados de medici\u00f3n topogr\u00e1fica.<\/p>\n","protected":false},"featured_media":11675,"template":"","meta":{"_acf_changed":false},"product_cat":[2384],"product_tag":[2414],"comunidades-upm":[],"quien":[],"mapa":[{"term_id":135,"name":"Industria, materiales y econom\u00eda circular","slug":"industria-materiales-economia_circular","term_group":0,"term_taxonomy_id":135,"taxonomy":"mapa","description":"","parent":0,"count":165,"filter":"raw","term_order":"13"}],"disponibilidad":[{"term_id":205,"name":"Consultar disponibilidad","slug":"consultar","term_group":0,"term_taxonomy_id":205,"taxonomy":"disponibilidad","description":"","parent":0,"count":290,"filter":"raw","term_order":"0"}],"donde":[{"term_id":548,"name":"Grupo de Investigaci\u00f3n en Ingenier\u00eda Mar\u00edtima y Portuaria","slug":"grupo-de-investigacion-en-ingenieria-maritima-y-portuaria","term_group":0,"term_taxonomy_id":548,"taxonomy":"donde","description":"","parent":0,"count":16,"filter":"raw","term_order":"0"},{"term_id":1772,"name":"Maritime and Ports Engineering Research Group","slug":"en_maritime-and-ports-engineering-research-group","term_group":0,"term_taxonomy_id":1772,"taxonomy":"donde","description":"","parent":0,"count":10,"filter":"raw","term_order":"0"}],"infraestructura":[],"ods":[{"term_id":2247,"name":"Industria, Innovaci\u00f3n e Infraestructura","slug":"industria-innovacion-e-infraestructura","term_group":0,"term_taxonomy_id":2247,"taxonomy":"ods","description":"","parent":0,"count":171,"filter":"raw","term_order":"0"},{"term_id":2251,"name":"Trabajo Decente y Crecimiento Econ\u00f3mico","slug":"trabajo-decente-y-crecimiento-economico","term_group":0,"term_taxonomy_id":2251,"taxonomy":"ods","description":"","parent":0,"count":9,"filter":"raw","term_order":"0"}],"origen":[{"term_id":192,"name":"Soluciones tecnol\u00f3gicas","slug":"soluciones-tecnologicas","term_group":0,"term_taxonomy_id":192,"taxonomy":"origen","description":"","parent":0,"count":278,"filter":"raw","term_order":"0"}],"familia_tax":false,"quien_tax":false,"donde_tax":false,"year":"2020-01-01","contacto":"ETS de Edificaci\u00f3n, Av. Juan de Herrera, 6, 28040, Madrid","telefono":"913367627","pagina_web":"http:\/\/www.edificacion.upm.es\/","email":"amparo.verdu@upm.es","id_ficha_portal":"79","video":"","adjuntos":false,"adjuntos_portal":"","inf":false,"departamento":"","acf":[],"lang":"es","translation":{"es":11677,"en":11680},"_links":{"self":[{"href":"https:\/\/www.upm.es\/recursosidi\/wp-json\/wp\/v2\/product\/11677"}],"collection":[{"href":"https:\/\/www.upm.es\/recursosidi\/wp-json\/wp\/v2\/product"}],"about":[{"href":"https:\/\/www.upm.es\/recursosidi\/wp-json\/wp\/v2\/types\/product"}],"wp:featuredmedia":[{"embeddable":true,"href":"https:\/\/www.upm.es\/recursosidi\/wp-json\/wp\/v2\/media\/11675"}],"wp:attachment":[{"href":"https:\/\/www.upm.es\/recursosidi\/wp-json\/wp\/v2\/media?parent=11677"}],"wp:term":[{"taxonomy":"product_cat","embeddable":true,"href":"https:\/\/www.upm.es\/recursosidi\/wp-json\/wp\/v2\/product_cat?post=11677"},{"taxonomy":"product_tag","embeddable":true,"href":"https:\/\/www.upm.es\/recursosidi\/wp-json\/wp\/v2\/product_tag?post=11677"},{"taxonomy":"comunidad_upm","embeddable":true,"href":"https:\/\/www.upm.es\/recursosidi\/wp-json\/wp\/v2\/comunidades-upm?post=11677"},{"taxonomy":"quien","embeddable":true,"href":"https:\/\/www.upm.es\/recursosidi\/wp-json\/wp\/v2\/quien?post=11677"},{"taxonomy":"mapa","embeddable":true,"href":"https:\/\/www.upm.es\/recursosidi\/wp-json\/wp\/v2\/mapa?post=11677"},{"taxonomy":"disponibilidad","embeddable":true,"href":"https:\/\/www.upm.es\/recursosidi\/wp-json\/wp\/v2\/disponibilidad?post=11677"},{"taxonomy":"donde","embeddable":true,"href":"https:\/\/www.upm.es\/recursosidi\/wp-json\/wp\/v2\/donde?post=11677"},{"taxonomy":"infraestructura","embeddable":true,"href":"https:\/\/www.upm.es\/recursosidi\/wp-json\/wp\/v2\/infraestructura?post=11677"},{"taxonomy":"ods","embeddable":true,"href":"https:\/\/www.upm.es\/recursosidi\/wp-json\/wp\/v2\/ods?post=11677"},{"taxonomy":"origen","embeddable":true,"href":"https:\/\/www.upm.es\/recursosidi\/wp-json\/wp\/v2\/origen?post=11677"}],"curies":[{"name":"wp","href":"https:\/\/api.w.org\/{rel}","templated":true}]}}