{"id":11698,"date":"2022-11-30T13:06:37","date_gmt":"2022-11-30T12:06:37","guid":{"rendered":"https:\/\/www.upm.es\/recursosidi\/offers-resources\/sin categor\u00eda\/spreadsolver\/"},"modified":"2022-11-30T13:07:11","modified_gmt":"2022-11-30T12:07:11","slug":"spreadsolver","status":"publish","type":"product","link":"https:\/\/www.upm.es\/recursosidi\/offers-resources\/soluciones-tecnologicas\/spreadsolver\/","title":{"rendered":"SPREADSOLVER"},"content":{"rendered":"<h4 style=\"text-align: left\"><strong>Descripci&oacute;n breve conjunta de la soluci&oacute;n y valor a&ntilde;adido que aporta <\/strong><\/h4>\n<p style=\"text-align: justify\">SpreadSolver integra tecnolog&iacute;as avanzadas de lenguajes de programaci&oacute;n con las interfaces de hoja de c&aacute;lculo para atacar algunas de las causas m&aacute;s habituales de errores, tales como operaciones entre operandos incompatibles (p.ej. sumar yardas con euros), manejo de valores total o parcialmente indefinidos, o referencias circulares entre celdas. Nuestra soluci&oacute;n extiende el modelo tradicional de hoja de c&aacute;lculo en el que cada celda es o bien un dato constante o bien un dato calculado a partir de operar con otras celdas, permitiendo la posibilidad de establecer relaciones complejas entre celdas que son capaces de detectar inconsistencias o reconstruir valores a partir de informaci&oacute;n parcial. Esta extensi&oacute;n permite adem&aacute;s aplicar el modelo de hoja de c&aacute;lculo a problemas completamente nuevos. SpreadSolver ha sido desarrollado por el grupo de investigaci&oacute;n BABEL de la Universidad Polit&eacute;cnica de Madrid.<\/p>\n<h4 style=\"text-align: left\"><strong>Descripci&oacute;n de la base tecnol&oacute;gica<\/strong><\/h4>\n<p><img fetchpriority=\"high\" decoding=\"async\" style=\"float: left;margin: 10px\" title=\"SpreadSolver\" src=\"http:\/\/www.upm.es\/observatorio\/vi\/gestor_general\/recuperar_archivo.jsp?id=384\" alt=\"SpreadSolver\" width=\"268\" height=\"204\" \/><\/p>\n<p style=\"text-align: justify\">SpreadSolver permite usar las hojas de c&aacute;lculo de un modo diferente a como estamos acostumbrados. Tener celdas con valores incompletos (p.ej. fijar un rango de valores), establecer relaciones entre conjuntos de celdas (p.ej. forzar a que sumen 100) o manejar adecuadamente referencias circulares entre celdas es posible gracias al uso de t&eacute;cnicas de deducci&oacute;n autom&aacute;tica.<\/p>\n<p style=\"text-align: justify\">Estas mismas t&eacute;cnicas permiten asimismo detectar inconsistencias que est&aacute;n en el origen de algunos de los errores m&aacute;s habituales en el uso de hojas de c&aacute;lculo.<\/p>\n<p style=\"text-align: justify\">Nuestro modelo de hoja de c&aacute;lculo inteligente permite, adem&aacute;s, aplicaciones hasta ahora no soportadas por las hojas de c&aacute;lculo tradicionales, incluyendo problemas combinatorios como planificaci&oacute;n de horarios o asignaci&oacute;n de recursos.<\/p>\n<p style=\"text-align: center\"><em><span style=\"font-size: small\">&nbsp;<\/span><span style=\"font-size: small\">&ldquo;SpreadSolver, una hoja de c&aacute;lculo inteligente con potentes capacidades deductivas, sin sacrificar la facilidad de uso de las hojas de c&aacute;lculo tradicionales&rdquo;<\/span><\/em><\/p>\n<h4 style=\"text-align: left\"><strong>Necesidades de negocio \/ aplicaci&oacute;n<\/strong><\/h4>\n<ul>\n<li style=\"text-align: justify\">Millones de usuarios en todo el mundo han interactuado alguna vez con una hoja de c&aacute;lculo. Se las considera uno de los ejemplos m&aacute;s tempranos y exitosos de lo que se ha dado en llamar end-user development (EUD), y encarnan a la perfecci&oacute;n las tres caracter&iacute;sticas definitorias:&nbsp;alta disponibilidad;&nbsp;efecto inmediato de los cambios, y&nbsp;reutilizaci&oacute;n f&aacute;cil.<\/li>\n<li style=\"text-align: justify\">Estas mismas cualidades (en especial la &uacute;ltima) son tambi&eacute;n la causa de algunos de sus inconvenientes.<\/li>\n<li style=\"text-align: justify\">El repetido corta-pega por usuarios no cualificados puede dar lugar a hojas grandes, dif&iacute;ciles de mantener y entender, que pueden dar lugar a comportamientos impredecibles.<\/li>\n<li style=\"text-align: justify\">Estudios recientes de consultoras como PWC o KPMG apuntan a que hasta un 95% de las hojas de c&aacute;lculo podr&iacute;an contener errores.<\/li>\n<li style=\"text-align: justify\">Sociedades cada vez m&aacute;s dependiente de los dispositivos m&oacute;viles y necesitada de tecnolog&iacute;as que favorezcan el trabajo en red.&nbsp;<\/li>\n<\/ul>\n<h4><strong>Ventajas competitivas<\/strong><\/h4>\n<ul>\n<li style=\"text-align: justify\">Reduce la posibilidad de errores en hojas de c&aacute;lculo, especialmente aquellas que manejan datos sensibles de una empresa, como los financieros, ocasionando millones de euros en p&eacute;rdidas.<\/li>\n<li style=\"text-align: justify\">Integraci&oacute;n con Google docs, lo que facilita su uso en entornos m&oacute;viles y colaborativos.<\/li>\n<li style=\"text-align: justify\">El modelo de hoja ampliada de SpreadSolver permite resolver problema de planificaci&oacute;n temporal y de recursos usando un lenguaje gr&aacute;fico ya conocido para los usuarios de hojas de c&aacute;lculo.<\/li>\n<li style=\"text-align: justify\">SpreadSolver, al estar basada en formatos abiertos, textuales, y sem&aacute;nticamente ricos, facilita el trabajo colaborativo mediante sistemas de control de versiones, ya que las hojas pueden ser mezcladas con mayor facilidad que las tradicionales.<\/li>\n<\/ul>\n<p style=\"text-align: center\"><em><span style=\"font-size: small\">&ldquo;SpreadSolver permite integrar datos de varias fuentes sin perder la consistencia&rdquo;<\/span><\/em><\/p>\n<h4 style=\"text-align: left\"><strong>Referencias<\/strong><\/h4>\n<ul>\n<li style=\"text-align: justify\">El grupo de investigaci&oacute;n Babel cuenta con m&aacute;s de 20 a&ntilde;os de experiencia investigando y aplicando la l&oacute;gica al desarrollo de SW y los lenguajes de programaci&oacute;n.<\/li>\n<li style=\"text-align: justify\">Colaboradores habituales de algunas de las principales empresas tecnol&oacute;gicas espa&ntilde;olas y europeas.<\/li>\n<\/ul>\n<h4><strong>Grado de desarrollo<\/strong><\/h4>\n<ul>\n<li>Concepto<\/li>\n<li>Investigaci&oacute;n<\/li>\n<li>Prototipo Lab<\/li>\n<li><span style=\"text-decoration: underline\"><strong>Prototipo industrial<\/strong><\/span><\/li>\n<li>Producci&oacute;n<\/li>\n<\/ul>\n<h4><strong>Contacto<\/strong><\/h4>\n<p><strong>Contacto SpreadSolver<\/strong><\/p>\n<p>Julio Mari&ntilde;o, &Aacute;ngel Herranz<\/p>\n<p>e: <span rel=\"7e312230bf312231af311c319b312c31a6310f309a31333169313131af31303166313131a731\" class=\"cryptex \" style=\"\"><span class=\"CryptexImg ctxKD7zbptwQUoD4svbrfS5_IfY4mATsAPLdG_hD7V94ik\"><\/span><\/span>;&nbsp;e: <span rel=\"7e312230b6311d31b3311c31a4311f31a5312b3174313031a4311630b4313331a531063099312631\" class=\"cryptex \" style=\"\"><span class=\"CryptexImg ctxqCmnTLBGvmbZlI1tgJX-ePqwKWM70Xh3BV0fpLEk8E0\"><\/span><\/span>&nbsp;<\/p>\n<p><strong>Contacto UPM<\/strong><\/p>\n<p>Programas de Innovaci&oacute;n y Emprendimiento<\/p>\n<p>Centro de Apoyo a la Innovaci&oacute;n Tecnol&oacute;gica &ndash; UPM&nbsp;<\/p>\n<p>e: <span rel=\"7e312230be312331bc311931a8311f319a311a31a331383169313031a4312631a6313b31a03122319d3120319e31083193312a31ac3120317b313331cc31\" class=\"cryptex \" style=\"\"><span class=\"CryptexImg ctxR7neImVV1tJoTSyttUGBAuiESKXKLLyzTwJSN1lk9Z0\"><\/span><\/span><\/p>\n<div class=\"pdfprnt-buttons pdfprnt-buttons-product pdfprnt-bottom-left\"><a href=\"https:\/\/www.upm.es\/recursosidi\/wp-json\/wp\/v2\/product\/11698?print=pdf\" class=\"pdfprnt-button pdfprnt-button-pdf\" target=\"_blank\"><span class=\"pdfprnt-button-title pdfprnt-button-pdf-title\">Descargar ficha<\/span><\/a><\/div>","protected":false},"excerpt":{"rendered":"<p>Hojas de c\u00e1lculo inteligentes para ayuda a la decisi\u00f3n.<\/p>\n<p>La combinaci\u00f3n de hojas de c\u00e1lculo con t\u00e9cnicas de deducci\u00f3n autom\u00e1tica permite detectar errores habituales, trabajar con informaci\u00f3n incompleta, resolver problemas complejos y facilita el trabajo en red.\u00a0<\/p>\n","protected":false},"featured_media":11697,"template":"","meta":{"_acf_changed":false},"product_cat":[2384],"product_tag":[2413],"comunidades-upm":[],"quien":[],"mapa":[{"term_id":126,"name":"Tecnolog\u00edas digitales, Inteligencia Artificial, ciberseguridad, 5G, rob\u00f3tica","slug":"tecnologias_digitales-ai-ciberseguridad-5g-robotica","term_group":0,"term_taxonomy_id":126,"taxonomy":"mapa","description":"","parent":0,"count":194,"filter":"raw","term_order":"23"}],"disponibilidad":[{"term_id":205,"name":"Consultar disponibilidad","slug":"consultar","term_group":0,"term_taxonomy_id":205,"taxonomy":"disponibilidad","description":"","parent":0,"count":290,"filter":"raw","term_order":"0"}],"donde":[],"infraestructura":[],"ods":[{"term_id":2247,"name":"Industria, Innovaci\u00f3n e Infraestructura","slug":"industria-innovacion-e-infraestructura","term_group":0,"term_taxonomy_id":2247,"taxonomy":"ods","description":"","parent":0,"count":171,"filter":"raw","term_order":"0"}],"origen":[{"term_id":192,"name":"Soluciones tecnol\u00f3gicas","slug":"soluciones-tecnologicas","term_group":0,"term_taxonomy_id":192,"taxonomy":"origen","description":"","parent":0,"count":278,"filter":"raw","term_order":"0"}],"familia_tax":false,"quien_tax":false,"donde_tax":false,"year":"2020-01-01","contacto":"ETSI Inform\u00e1ticos, Campus de Montegancedo, 28660 Boadilla del Monte (Madrid)","telefono":"910672801","pagina_web":"http:\/\/babel.upm.es\/","email":"jmarino@fi.upm.es","id_ficha_portal":"8","video":"","adjuntos":false,"adjuntos_portal":"","inf":false,"departamento":"","acf":[],"lang":"es","translation":{"es":11698,"en":11700},"_links":{"self":[{"href":"https:\/\/www.upm.es\/recursosidi\/wp-json\/wp\/v2\/product\/11698"}],"collection":[{"href":"https:\/\/www.upm.es\/recursosidi\/wp-json\/wp\/v2\/product"}],"about":[{"href":"https:\/\/www.upm.es\/recursosidi\/wp-json\/wp\/v2\/types\/product"}],"wp:featuredmedia":[{"embeddable":true,"href":"https:\/\/www.upm.es\/recursosidi\/wp-json\/wp\/v2\/media\/11697"}],"wp:attachment":[{"href":"https:\/\/www.upm.es\/recursosidi\/wp-json\/wp\/v2\/media?parent=11698"}],"wp:term":[{"taxonomy":"product_cat","embeddable":true,"href":"https:\/\/www.upm.es\/recursosidi\/wp-json\/wp\/v2\/product_cat?post=11698"},{"taxonomy":"product_tag","embeddable":true,"href":"https:\/\/www.upm.es\/recursosidi\/wp-json\/wp\/v2\/product_tag?post=11698"},{"taxonomy":"comunidad_upm","embeddable":true,"href":"https:\/\/www.upm.es\/recursosidi\/wp-json\/wp\/v2\/comunidades-upm?post=11698"},{"taxonomy":"quien","embeddable":true,"href":"https:\/\/www.upm.es\/recursosidi\/wp-json\/wp\/v2\/quien?post=11698"},{"taxonomy":"mapa","embeddable":true,"href":"https:\/\/www.upm.es\/recursosidi\/wp-json\/wp\/v2\/mapa?post=11698"},{"taxonomy":"disponibilidad","embeddable":true,"href":"https:\/\/www.upm.es\/recursosidi\/wp-json\/wp\/v2\/disponibilidad?post=11698"},{"taxonomy":"donde","embeddable":true,"href":"https:\/\/www.upm.es\/recursosidi\/wp-json\/wp\/v2\/donde?post=11698"},{"taxonomy":"infraestructura","embeddable":true,"href":"https:\/\/www.upm.es\/recursosidi\/wp-json\/wp\/v2\/infraestructura?post=11698"},{"taxonomy":"ods","embeddable":true,"href":"https:\/\/www.upm.es\/recursosidi\/wp-json\/wp\/v2\/ods?post=11698"},{"taxonomy":"origen","embeddable":true,"href":"https:\/\/www.upm.es\/recursosidi\/wp-json\/wp\/v2\/origen?post=11698"}],"curies":[{"name":"wp","href":"https:\/\/api.w.org\/{rel}","templated":true}]}}