{"id":11703,"date":"2022-11-30T13:16:21","date_gmt":"2022-11-30T12:16:21","guid":{"rendered":"https:\/\/www.upm.es\/recursosidi\/offers-resources\/sin categor\u00eda\/structural-fiber-sensing\/"},"modified":"2022-11-30T13:17:19","modified_gmt":"2022-11-30T12:17:19","slug":"structural-fiber-sensing","status":"publish","type":"product","link":"https:\/\/www.upm.es\/recursosidi\/offers-resources\/soluciones-tecnologicas\/structural-fiber-sensing\/","title":{"rendered":"STRUCTURAL FIBER SENSING"},"content":{"rendered":"<h4 style=\"text-align: left\"><strong>Descripci&oacute;n breve conjunta de la soluci&oacute;n y valor a&ntilde;adido que aporta <\/strong><\/h4>\n<p style=\"text-align: justify\">Los planes de mantenimiento estructural preventivo basados en inspecciones peri&oacute;dicas son caros e ineficientes, ya que implican su realizaci&oacute;n est&eacute; o no la estructura da&ntilde;ada. Structural Fiber Sensing, un sistema dise&ntilde;ado por un grupo de investigaci&oacute;n de la <a title=\"UPM\" href=\"\/institucional\" target=\"_blank\" rel=\"noopener\">Universidad Polit&eacute;cnica de Madrid<\/a>, se propone como una alternativa eficaz para la detecci&oacute;n de posibles da&ntilde;os en estructuras.<\/p>\n<p style=\"text-align: justify\">Para ello, y a trav&eacute;s de una red basada en sensores de fibra &oacute;ptica, integrada de forma muy poco intrusiva en la estructura y sin apenas aporte de peso, se monitoriza la propagaci&oacute;n de ondas el&aacute;sticas en la estructura. Dicha red de sensores permite la medida de ondas el&aacute;sticas muy tenues que se propagan por la estructura a muy altas frecuencias, como las que&nbsp; se generan con la aparici&oacute;n o la propagaci&oacute;n de cualquier tipo de da&ntilde;o.<\/p>\n<p style=\"text-align: justify\">As&iacute;, tratando las se&ntilde;ales recibidas por la red sensora, es posible estimar la posici&oacute;n y la severidad del da&ntilde;o, y realizar el mantenimiento basado en el estado real de la estructura, incrementando la eficiencia de operaci&oacute;n&nbsp; y disminuyendo los costes de reparaci&oacute;n. Este sistema puede ser integrado en todo tipo de estructuras y materiales, aunque est&aacute; orientado a aquellos con mayores problemas de mantenimiento.&nbsp;<span style=\"font-size: small\"><br \/><\/span><\/p>\n<h4 style=\"text-align: left\"><strong>Descripci&oacute;n de la base tecnol&oacute;gica<\/strong><\/h4>\n<p style=\"text-align: justify\">Structural Fiber Sensing&nbsp;es un sistema de medida de ondas el&aacute;sticas mediante sensores de fibra &oacute;ptica basados en la ley de difracci&oacute;n de Bragg (o FBGs), que por sus peculiares caracter&iacute;sticas permiten una alta multiplexaci&oacute;n en una &uacute;nica fibra de menos de 0.2 mm de di&aacute;metro.&nbsp;La aparici&oacute;n o la propagaci&oacute;n de un da&ntilde;o en la estructura genera la aparici&oacute;n de una onda el&aacute;stica de muy baja intensidad y de muy alta frecuencia (por debajo de la cent&eacute;sima de microdeformaci&oacute;n a frecuencias entre 50kHz y 1MHz).&nbsp;La medida y tratamiento de estas se&ntilde;ales permiten monitorizar de forma permanente una estructura, determinando la posici&oacute;n y la severidad del da&ntilde;o, lo que permite un incremento en la seguridad y un mantenimiento m&aacute;s eficiente.<\/p>\n<p style=\"text-align: center\"><em><span style=\"font-size: small\">&ldquo;La detecci&oacute;n de la aparici&oacute;n de da&ntilde;os estructurales mediante una red de sensores de fibra &oacute;ptica embebida en la propia estructura, mejora la seguridad y optimiza el mantenimiento y la operaci&oacute;n de la estructura&rdquo;.<\/span><\/em><\/p>\n<p style=\"text-align: center\"><em><strong><span style=\"font-size: small\"><img fetchpriority=\"high\" decoding=\"async\" title=\"STRUCTURAL FIBER SENSING\" src=\"http:\/\/www.upm.es\/observatorio\/vi\/gestor_general\/recuperar_archivo.jsp?id=394\" alt=\"STRUCTURAL FIBER SENSING\" width=\"407\" height=\"183\" \/><\/span><\/strong><\/em><\/p>\n<h4 style=\"text-align: left\"><strong>Necesidades de negocio \/ aplicaci&oacute;n<\/strong><\/h4>\n<ul>\n<li style=\"text-align: justify\">Los altos costes de las estructuras de elevado nivel de desarrollo ingenieril requieren grandes tiempos de operaci&oacute;n para amortizar su precio, por lo que una disminuci&oacute;n de los tiempos de mantenimiento optimizar&aacute; el aprovechamiento y disminuir&aacute; los costes.<\/li>\n<li style=\"text-align: justify\">Los m&eacute;todos de inspecci&oacute;n no destructiva utilizados a d&iacute;a de hoy dependen enormemente de la pericia del operario. El uso de sistemas integrados automatizados permitir&aacute; simplificar la toma de decisiones y el dise&ntilde;o de la reparaci&oacute;n.<\/li>\n<li style=\"text-align: justify\">El desarrollo de una red sensora integrada en la estructura permite mejorar la seguridad de la misma, ya que es posible una monitorizaci&oacute;n en tiempo real, lo que permite detectar cualquier da&ntilde;o en el momento que se produzca.<\/li>\n<li style=\"text-align: justify\">El tama&ntilde;o de las grandes estructuras dificulta la automatizaci&oacute;n de procesos de inspecci&oacute;n y la localizaci&oacute;n de la zona da&ntilde;ada.<\/li>\n<li style=\"text-align: justify\">Para la monitorizaci&oacute;n de una estructura de gran tama&ntilde;o se requiere una red sensora de alta densidad, pero limitada por el peso a&ntilde;adido (principalmente por el cableado) y por la interferencia en otros sistemas de la estructura.<\/li>\n<\/ul>\n<h4 style=\"text-align: left\"><strong>Ventajas competitivas<\/strong><\/h4>\n<ul>\n<li style=\"text-align: justify\">A pesar de que actualmente se dispone de soluciones comerciales que permiten detectar las ondas el&aacute;sticas mediante piezoel&eacute;ctricos, el hecho de utilizar sensores de fibra &oacute;ptica permite implementar la tecnolog&iacute;a de forma m&aacute;s sencilla y menos costosa en diferentes aplicaciones, como la aeron&aacute;utica y e&oacute;lica, donde a d&iacute;a de hoy no se puede utilizar.<\/li>\n<li style=\"text-align: justify\">La geometr&iacute;a de la fibra y la posibilidad de integrar m&uacute;ltiples sensores en una misma fibra permiten crear una densa red sensora sin apenas introducir peso en la estructura.<\/li>\n<li style=\"text-align: justify\">Al ser inmunes a interferencias electromagn&eacute;ticas es posible utilizarla en entornos aeroespaciales y en palas de aerogenerador.<\/li>\n<li style=\"text-align: justify\">Es posible desarrollar sensores de peque&ntilde;o tama&ntilde;o, compatibles con la longitud de onda de la onda el&aacute;stica.<\/li>\n<li style=\"text-align: justify\">La direccionalidad de los sensores permite una mayor discriminaci&oacute;n en la localizaci&oacute;n del da&ntilde;o.<\/li>\n<\/ul>\n<p style=\"text-align: center\"><em><span style=\"font-size: small\">&ldquo;El mantenimiento basado en el estado real de la estructura requiere un sistema de sensores integrados que permita conocer el estado de la estructura en todo momento y es vital para el ahorro de costes de operaci&oacute;n&rdquo;<\/span><\/em><\/p>\n<h4 style=\"text-align: left\"><strong>Referencias<\/strong><\/h4>\n<ul>\n<li style=\"text-align: justify\">Grupo de investigaci&oacute;n con amplia trayectoria investigadora y de colaboraci&oacute;n con la industria.<\/li>\n<li style=\"text-align: justify\">M&aacute;s de 20 a&ntilde;os de participaci&oacute;n en proyectos de I+D desarrollando tecnolog&iacute;as de detecci&oacute;n temprana de da&ntilde;o basada en sensores de fibra &oacute;ptica<\/li>\n<li style=\"text-align: justify\">Orientaci&oacute;n hacia la transferencia al sector productivo e innovaci&oacute;n.<\/li>\n<\/ul>\n<h4 style=\"text-align: left\"><strong>Grado de desarrollo<\/strong><\/h4>\n<ul>\n<li>Concepto<\/li>\n<li>Investigaci&oacute;n<\/li>\n<li><strong><span style=\"text-decoration: underline\">Prototipo Lab<\/span><\/strong><\/li>\n<li>Prototipo industrial<\/li>\n<li>Producci&oacute;n<\/li>\n<\/ul>\n<h4 style=\"text-align: left\"><strong>Contacto<\/strong><\/h4>\n<p><strong>Contacto&nbsp;Structural Fiber Sensing<\/strong><\/p>\n<p>Antonio Fern&aacute;ndez-L&oacute;pez, Alfredo G&uuml;emes, &Aacute;ngel Lozano Mart&iacute;n<\/p>\n<p>ETSI Aeron&aacute;utica y del Espacio &#8211; UPM<\/p>\n<p>e: <span rel=\"6c313430ba313631a4312e31a9312831a2311030a1311a31b9312f3192313531ad312631aa311130a6313e31c3312031c8311630be312d31af3113309b313031\" class=\"cryptex \" style=\"\"><span class=\"CryptexImg ctxJbYoDtwy7A7nvyfpDlQPs1rTuaTgTkxU8wCmqpFydAY\"><\/span><\/span>, <span rel=\"6c313430ba31343196313131a0312331a2311030a2312a31ac312e3196313a3189313631a0312e3168313431c631\" class=\"cryptex \" style=\"\"><span class=\"CryptexImg ctxcwTWYebM2Lrr0Ha-2RufC0MGvDQaeKQL9MjmVJTXGyk\"><\/span><\/span>,&nbsp; <span rel=\"6c313430ba31363197312431a73113309f313131b5311631b531303171312831ae3133319f311130af313f31c0311730b3311d31\" class=\"cryptex \" style=\"\"><span class=\"CryptexImg ctxrYTWRBAS0YpkWCBd5a3kyc5Jyww87OJYOzamwDJpPZU\"><\/span><\/span><\/p>\n<p><strong>Contacto UPM<\/strong><\/p>\n<p>Programas de Innovaci&oacute;n y Emprendimiento<\/p>\n<p>Centro de Apoyo a la Innovaci&oacute;n Tecnol&oacute;gica &ndash; UPM&nbsp;<\/p>\n<p>e: <span rel=\"6c313430c23136319e312e31b131203196312b31aa3123317531353196312a31b73130319c313031a1313831b6311c318e311f31b9312a3170312431a931\" class=\"cryptex \" style=\"\"><span class=\"CryptexImg ctxR7neImVV1tJoTSyttUGBAuiESKXKLLyzTwJSN1lk9Z0\"><\/span><\/span><\/p>\n<div class=\"pdfprnt-buttons pdfprnt-buttons-product pdfprnt-bottom-left\"><a href=\"https:\/\/www.upm.es\/recursosidi\/wp-json\/wp\/v2\/product\/11703?print=pdf\" class=\"pdfprnt-button pdfprnt-button-pdf\" target=\"_blank\"><span class=\"pdfprnt-button-title pdfprnt-button-pdf-title\">Descargar ficha<\/span><\/a><\/div>","protected":false},"excerpt":{"rendered":"<p>Mantenimiento eficiente de estructuras inteligentes. <\/p>\n<p>Sistema para la detecci\u00f3n de da\u00f1os estructurales mediante la monitorizaci\u00f3n de ondas el\u00e1sticas por una red de sensores de fibra \u00f3ptica integrada en la estructura<\/p>\n","protected":false},"featured_media":11701,"template":"","meta":{"_acf_changed":false},"product_cat":[2384],"product_tag":[2306,2414,2415],"comunidades-upm":[],"quien":[],"mapa":[{"term_id":133,"name":"Clima, Energ\u00eda y Movilidad","slug":"clima-energia-movilidad","term_group":0,"term_taxonomy_id":133,"taxonomy":"mapa","description":"","parent":0,"count":129,"filter":"raw","term_order":"9"},{"term_id":135,"name":"Industria, materiales y econom\u00eda circular","slug":"industria-materiales-economia_circular","term_group":0,"term_taxonomy_id":135,"taxonomy":"mapa","description":"","parent":0,"count":165,"filter":"raw","term_order":"13"},{"term_id":126,"name":"Tecnolog\u00edas digitales, Inteligencia Artificial, ciberseguridad, 5G, rob\u00f3tica","slug":"tecnologias_digitales-ai-ciberseguridad-5g-robotica","term_group":0,"term_taxonomy_id":126,"taxonomy":"mapa","description":"","parent":0,"count":194,"filter":"raw","term_order":"23"}],"disponibilidad":[{"term_id":205,"name":"Consultar disponibilidad","slug":"consultar","term_group":0,"term_taxonomy_id":205,"taxonomy":"disponibilidad","description":"","parent":0,"count":290,"filter":"raw","term_order":"0"}],"donde":[{"term_id":1466,"name":"\"Ignacio da Riva\" University Microgravity Institute","slug":"en_ignacio-da-riva-university-microgravity-institute","term_group":0,"term_taxonomy_id":1466,"taxonomy":"donde","description":"","parent":0,"count":5,"filter":"raw","term_order":"0"},{"term_id":242,"name":"Instituto Universitario de Microgravedad \"Ignacio da Riva\" (IDR)","slug":"instituto-universitario-de-microgravedad-ignacio-da-riva-idr","term_group":0,"term_taxonomy_id":242,"taxonomy":"donde","description":"","parent":0,"count":7,"filter":"raw","term_order":"0"}],"infraestructura":[],"ods":[{"term_id":2239,"name":"Ciudades y Comunidades Sostenibles","slug":"ciudades-y-comunidades-sostenibles","term_group":0,"term_taxonomy_id":2239,"taxonomy":"ods","description":"","parent":0,"count":43,"filter":"raw","term_order":"0"},{"term_id":2255,"name":"Energ\u00eda Asequible y no Contaminante","slug":"energia-asequible-y-no-contaminante","term_group":0,"term_taxonomy_id":2255,"taxonomy":"ods","description":"","parent":0,"count":34,"filter":"raw","term_order":"0"},{"term_id":2247,"name":"Industria, Innovaci\u00f3n e Infraestructura","slug":"industria-innovacion-e-infraestructura","term_group":0,"term_taxonomy_id":2247,"taxonomy":"ods","description":"","parent":0,"count":171,"filter":"raw","term_order":"0"}],"origen":[{"term_id":192,"name":"Soluciones tecnol\u00f3gicas","slug":"soluciones-tecnologicas","term_group":0,"term_taxonomy_id":192,"taxonomy":"origen","description":"","parent":0,"count":278,"filter":"raw","term_order":"0"}],"familia_tax":false,"quien_tax":false,"donde_tax":false,"year":"2020-01-01","contacto":"ETSI Aeron\u00e1utica y del Espacio - UPM, Plaza Cardenal Cisneros, 3, 28040, Madrid","telefono":"910675534","pagina_web":"https:\/\/www.etsiae.upm.es\/","email":"antonio.fernandez.lopez@upm.es","id_ficha_portal":"9","video":"","adjuntos":false,"adjuntos_portal":"","inf":false,"departamento":"","acf":[],"lang":"es","translation":{"es":11703,"en":11706},"_links":{"self":[{"href":"https:\/\/www.upm.es\/recursosidi\/wp-json\/wp\/v2\/product\/11703"}],"collection":[{"href":"https:\/\/www.upm.es\/recursosidi\/wp-json\/wp\/v2\/product"}],"about":[{"href":"https:\/\/www.upm.es\/recursosidi\/wp-json\/wp\/v2\/types\/product"}],"wp:featuredmedia":[{"embeddable":true,"href":"https:\/\/www.upm.es\/recursosidi\/wp-json\/wp\/v2\/media\/11701"}],"wp:attachment":[{"href":"https:\/\/www.upm.es\/recursosidi\/wp-json\/wp\/v2\/media?parent=11703"}],"wp:term":[{"taxonomy":"product_cat","embeddable":true,"href":"https:\/\/www.upm.es\/recursosidi\/wp-json\/wp\/v2\/product_cat?post=11703"},{"taxonomy":"product_tag","embeddable":true,"href":"https:\/\/www.upm.es\/recursosidi\/wp-json\/wp\/v2\/product_tag?post=11703"},{"taxonomy":"comunidad_upm","embeddable":true,"href":"https:\/\/www.upm.es\/recursosidi\/wp-json\/wp\/v2\/comunidades-upm?post=11703"},{"taxonomy":"quien","embeddable":true,"href":"https:\/\/www.upm.es\/recursosidi\/wp-json\/wp\/v2\/quien?post=11703"},{"taxonomy":"mapa","embeddable":true,"href":"https:\/\/www.upm.es\/recursosidi\/wp-json\/wp\/v2\/mapa?post=11703"},{"taxonomy":"disponibilidad","embeddable":true,"href":"https:\/\/www.upm.es\/recursosidi\/wp-json\/wp\/v2\/disponibilidad?post=11703"},{"taxonomy":"donde","embeddable":true,"href":"https:\/\/www.upm.es\/recursosidi\/wp-json\/wp\/v2\/donde?post=11703"},{"taxonomy":"infraestructura","embeddable":true,"href":"https:\/\/www.upm.es\/recursosidi\/wp-json\/wp\/v2\/infraestructura?post=11703"},{"taxonomy":"ods","embeddable":true,"href":"https:\/\/www.upm.es\/recursosidi\/wp-json\/wp\/v2\/ods?post=11703"},{"taxonomy":"origen","embeddable":true,"href":"https:\/\/www.upm.es\/recursosidi\/wp-json\/wp\/v2\/origen?post=11703"}],"curies":[{"name":"wp","href":"https:\/\/api.w.org\/{rel}","templated":true}]}}