{"id":11733,"date":"2022-11-30T14:08:27","date_gmt":"2022-11-30T13:08:27","guid":{"rendered":"https:\/\/www.upm.es\/recursosidi\/offers-resources\/sin categor\u00eda\/teksteela\/"},"modified":"2022-11-30T14:09:09","modified_gmt":"2022-11-30T13:09:09","slug":"teksteela","status":"publish","type":"product","link":"https:\/\/www.upm.es\/recursosidi\/offers-resources\/soluciones-tecnologicas\/teksteela\/","title":{"rendered":"TEKSTEELA"},"content":{"rendered":"<h4 style=\"text-align: left\"><strong>Descripci&oacute;n breve conjunta de la soluci&oacute;n y valor a&ntilde;adido que aporta <\/strong><\/h4>\n<p style=\"text-align: justify\">Investigadores de la Universidad Polit&eacute;cnica de Madrid (UPM) han desarrollado y fabricado un nuevo concepto de material laminado de aglomerado textil reciclado con recubrimiento met&aacute;lico o polim&eacute;rico. La combinaci&oacute;n de estos materiales, el posicionamiento y la orientaci&oacute;n precisa permiten lograr un producto final con prestaciones muy superiores a otros materiales laminares tradicionales aportando, adem&aacute;s, una soluci&oacute;n responsable en cuanto al reciclado de producto textil.<\/p>\n<p style=\"text-align: justify\">TeksTeela se presenta as&iacute; como un material vers&aacute;til, ligero, resistente, de larga durabilidad, capaz de absorber gran cantidad de agua sin deteriorarse y eficaz aislante t&eacute;rmico y ac&uacute;stico. Su especial dise&ntilde;o permite que se adapte a los requerimientos espec&iacute;ficos de cada aplicaci&oacute;n industrial y, en particular, a la construcci&oacute;n de estructuras modulares (geometr&iacute;as palanas y curvas) y la fabricaci&oacute;n de mobiliario personalizado.<\/p>\n<h4 style=\"text-align: left\"><strong>Descripci&oacute;n de la base tecnol&oacute;gica<\/strong><\/h4>\n<p style=\"text-align: justify\">Cada vez m&aacute;s se encuentra, en mucho pa&iacute;ses, la necesidad creciente de aportar a su poblaci&oacute;n soluciones baratas de viviendas y mobiliario, pero, a la vez, sin que se vean disminu&iacute;das unas condiciones de habitabilidad dignas y reduciendo en lo posible el gasto en su acondicionamiento t&eacute;rmico y ac&uacute;stico. Adem&aacute;s, la expansi&oacute;n del sector textil ha provocado una hiperproducci&oacute;n mundial de tejido de hasta 64 millones de toneladas al a&ntilde;o, generando un problema en su gesti&oacute;n como residuo.<\/p>\n<p style=\"text-align: justify\">TeksTeela no solo es un material laminar que reutiliza productos textiles, sino que logra aumentar hasta 8 veces la resistencia a impacto frente a otras soluciones tradicionales del mercado , consiguiendo unas prestaciones con una fabricaci&oacute;n a bajo coste e in situ en el lugar de implantaci&oacute;n de la tecnolog&iacute;a, manifest&aacute;ndose tambi&eacute;ncomo un eficaz aislante de temperatura y ruido para viviendas.<\/p>\n<p style=\"text-align: center\"><span style=\"font-family: 'trebuchet ms', geneva\"><em><span style=\"font-size: small\">&ldquo;La combinaci&oacute;n de diferentes materiales proporcionan a TeksTeela unas caracter&iacute;sticas sin&eacute;rgicas que lo hacen viable, vers&aacute;til y f&aacute;cil de fabricar&rdquo;<\/span><\/em><\/span><\/p>\n<p><span style=\"font-family: arial, helvetica, sans-serif;font-size: small\">&nbsp;<\/span><\/p>\n<h4 style=\"text-align: left\"><strong>Necesidades de negocio \/ aplicaci&oacute;n<\/strong><\/h4>\n<div><strong>Construcci&oacute;n modular<\/strong><\/div>\n<ul>\n<li style=\"text-align: justify\">\n<p>Es una constante en el sector la b&uacute;squeda de materiales nuevos que sean capaces de satisfacer los requisitos de dise&ntilde;o y estructurales cada vez m&aacute;s exigentes. El empleo de materiales h&iacute;bridos es una buena alternativa a los materiales tradicionales. TeksTeela es m&aacute;s resistente a impacto (hasta 8 veces m&aacute;s que los materiales tradicionales y absorbiendo 4 veces menos de agua), permite estructuras m&aacute;s ligeras, es f&aacute;cil y barato de fabricar y se adapta a muchas aplicaciones diferentes. Se postula, adem&aacute;s, como eficaz aislante t&eacute;rmico y ac&uacute;stico.<\/p>\n<\/li>\n<\/ul>\n<div><strong>Fabricaci&oacute;n de mobiliario<\/strong><\/div>\n<ul>\n<li>\n<p style=\"text-align: justify\">Un &aacute;rea de aplicaci&oacute;n prometedora es el dise&ntilde;o de mobiliario de elevadas prestaciones, vers&aacute;til y ligero para viviendas de todo el mundo. Utilizar TeksTeela con este prop&oacute;sito proporciona una soluci&oacute;n que a la vez que disminuye el porcentaje de residuos textiles, proporciona un material personalizable a cualquier usuario.&nbsp;<\/p>\n<\/li>\n<\/ul>\n<h4 style=\"text-align: left\"><strong>Ventajas competitivas<\/strong><\/h4>\n<div>\n<ul>\n<li>\n<p style=\"text-align: justify\">Un material dise&ntilde;ado para poder satisfacer las necesidades m&aacute;s exigentes tanto a nivel de estructuras modulares como de mobiliario.<\/p>\n<\/li>\n<li style=\"text-align: justify\">\n<p>Mejora la resistencia a impacto a la vez que reduce el peso de la estructura.<\/p>\n<\/li>\n<li style=\"text-align: justify\">\n<p>Absorbe menor cantidad de agua que los materiales tradicionales como la madera, a la vez que tiene elevada resistencia biol&oacute;gica y disminuye el mantenimiento.<\/p>\n<\/li>\n<li style=\"text-align: justify\">\n<p>Proporciona elevada resistencia t&eacute;rmica y ac&uacute;stica frente a las vibraciones estructurales y el ruido.<\/p>\n<\/li>\n<li>\n<p style=\"text-align: justify\">TeksTeela proporciona caracter&iacute;sticas sin&eacute;rgicas, vers&aacute;tiles y personalizables para cada aplicaci&oacute;n<span style=\"font-family: 'trebuchet ms', geneva;font-size: small\">.<\/span><\/p>\n<\/li>\n<\/ul>\n<\/div>\n<div>\n<h4 style=\"text-align: left\"><strong>Referencias<\/strong><\/h4>\n<ul>\n<li>\n<p style=\"text-align: justify\">La tecnolog&iacute;a ha sido evaluada por empresas del sector&nbsp; de la construcci&oacute;n, como &ldquo;DIERULAN Soluciones T&eacute;cnicas&rdquo;, quienes han alabado la iniciativa y est&aacute;n dispuestos a emplear este material en sus proyectos futuros en pa&iacute;ses como M&eacute;jico o Espa&ntilde;a.<\/p>\n<\/li>\n<li>\n<p style=\"text-align: justify\">El Grupo de Investigaci&oacute;n en Dise&ntilde;o y Fabricaci&oacute;n Industrial de la UPM lleva m&aacute;s de 10 a&ntilde;os como grupo consolidado y cuenta con m&aacute;s de 50 proyectos y contratos de investigaci&oacute;n.<\/p>\n<\/li>\n<\/ul>\n<h4 style=\"text-align: left\"><strong>Grado de desarrollo<\/strong><\/h4>\n<ul>\n<li>\n<p>Concepto<\/p>\n<\/li>\n<li>\n<p>Investigaci&oacute;n<\/p>\n<\/li>\n<li>\n<p><span style=\"text-decoration: underline\"><strong>Prototipo Lab<\/strong><\/span><\/p>\n<\/li>\n<li>\n<p>Prototipo industrial<\/p>\n<\/li>\n<li>\n<p>Producci&oacute;n<\/p>\n<\/li>\n<\/ul>\n<\/div>\n<h4 style=\"text-align: left\"><strong>Contacto<\/strong><\/h4>\n<p><strong>Contacto TeksTeela <\/strong><\/p>\n<p>Cristina Al&iacute;a Garc&iacute;a, Rosa Oca&ntilde;a L&oacute;pez<\/p>\n<p>ETSIDI &#8211; UPM<\/p>\n<p>e: <span rel=\"80311630bb312931aa312e31ca311831ab31173166311b31a9312631b7311031c2313c31a8312930ac313f31\" class=\"cryptex \" style=\"\"><span class=\"CryptexImg ctx3VmviZhF43Q6FuHdpPZHaDmsXr_vi8U5CZ08KKvvpoY\"><\/span><\/span><\/p>\n<p>e: <span rel=\"80311630ca312631b4311c3184311e31a0311731a6311b317d313231c6313d317b313131ae31\" class=\"cryptex \" style=\"\"><span class=\"CryptexImg ctxFwP_6N4QoLyS076eHN3iZZ0lj1OZFlajzfrMuU-duRM\"><\/span><\/span><\/p>\n<p><strong>Contacto UPM<\/strong><\/p>\n<p>Programas de Innovaci&oacute;n y Emprendimiento<\/p>\n<p>Centro de Apoyo a la Innovaci&oacute;n Tecnol&oacute;gica &ndash; UPM<\/p>\n<p>e: <span rel=\"80311630c1312531af312a31cc311031a0311f31a73128316b313131bb313331bb313b31a7311831ae313531a231253188313e31b63116317a312631a731\" class=\"cryptex \" style=\"\"><span class=\"CryptexImg ctxR7neImVV1tJoTSyttUGBAuiESKXKLLyzTwJSN1lk9Z0\"><\/span><\/span><\/p>\n<div class=\"pdfprnt-buttons pdfprnt-buttons-product pdfprnt-bottom-left\"><a href=\"https:\/\/www.upm.es\/recursosidi\/wp-json\/wp\/v2\/product\/11733?print=pdf\" class=\"pdfprnt-button pdfprnt-button-pdf\" target=\"_blank\"><span class=\"pdfprnt-button-title pdfprnt-button-pdf-title\">Descargar ficha<\/span><\/a><\/div>","protected":false},"excerpt":{"rendered":"<p>Un segundo uso para la tela.<\/p>\n<p>TeksTeela es un laminado resistente y de f\u00e1cil fabricaci\u00f3n formado con material textil reciclado para su uso en construcciones modulares y fabricaci\u00f3n de mobiliario.<\/p>\n","protected":false},"featured_media":11731,"template":"","meta":{"_acf_changed":false},"product_cat":[2384],"product_tag":[2436],"comunidades-upm":[],"quien":[],"mapa":[{"term_id":133,"name":"Clima, Energ\u00eda y Movilidad","slug":"clima-energia-movilidad","term_group":0,"term_taxonomy_id":133,"taxonomy":"mapa","description":"","parent":0,"count":129,"filter":"raw","term_order":"9"},{"term_id":135,"name":"Industria, materiales y econom\u00eda circular","slug":"industria-materiales-economia_circular","term_group":0,"term_taxonomy_id":135,"taxonomy":"mapa","description":"","parent":0,"count":165,"filter":"raw","term_order":"13"}],"disponibilidad":[{"term_id":205,"name":"Consultar disponibilidad","slug":"consultar","term_group":0,"term_taxonomy_id":205,"taxonomy":"disponibilidad","description":"","parent":0,"count":290,"filter":"raw","term_order":"0"}],"donde":[{"term_id":606,"name":"Centro de Investigaci\u00f3n en Materiales Estructurales (CIME)","slug":"centro-de-investigacion-en-materiales-estructurales-cime","term_group":0,"term_taxonomy_id":606,"taxonomy":"donde","description":"","parent":0,"count":42,"filter":"raw","term_order":"0"},{"term_id":498,"name":"Dise\u00f1o y fabricaci\u00f3n industrial","slug":"diseno-y-fabricacion-industrial","term_group":0,"term_taxonomy_id":498,"taxonomy":"donde","description":"","parent":0,"count":18,"filter":"raw","term_order":"0"},{"term_id":1722,"name":"Industrial design and manufacture","slug":"en_industrial-design-and-manufacture","term_group":0,"term_taxonomy_id":1722,"taxonomy":"donde","description":"","parent":0,"count":4,"filter":"raw","term_order":"0"},{"term_id":1828,"name":"RESEARCH CENTRE STRUCTURAL MATERIALS (CIME)","slug":"en_research-centre-structural-materials-cime","term_group":0,"term_taxonomy_id":1828,"taxonomy":"donde","description":"","parent":0,"count":37,"filter":"raw","term_order":"0"}],"infraestructura":[],"ods":[{"term_id":2231,"name":"Acci\u00f3n por el Clima","slug":"accion-por-el-clima","term_group":0,"term_taxonomy_id":2231,"taxonomy":"ods","description":"","parent":0,"count":67,"filter":"raw","term_order":"0"},{"term_id":2239,"name":"Ciudades y Comunidades Sostenibles","slug":"ciudades-y-comunidades-sostenibles","term_group":0,"term_taxonomy_id":2239,"taxonomy":"ods","description":"","parent":0,"count":43,"filter":"raw","term_order":"0"}],"origen":[{"term_id":192,"name":"Soluciones tecnol\u00f3gicas","slug":"soluciones-tecnologicas","term_group":0,"term_taxonomy_id":192,"taxonomy":"origen","description":"","parent":0,"count":278,"filter":"raw","term_order":"0"}],"familia_tax":false,"quien_tax":false,"donde_tax":false,"year":"2020-01-01","contacto":"ETSIDI - UPM, Ronda de Valencia, 3, 28012, Madrid","telefono":"910677400","pagina_web":"https:\/\/www.etsidi.upm.es\/","email":"cristina.alia@upm.es","id_ficha_portal":"23","video":"","adjuntos":false,"adjuntos_portal":"","inf":false,"departamento":"","acf":[],"lang":"es","translation":{"es":11733,"en":11736},"_links":{"self":[{"href":"https:\/\/www.upm.es\/recursosidi\/wp-json\/wp\/v2\/product\/11733"}],"collection":[{"href":"https:\/\/www.upm.es\/recursosidi\/wp-json\/wp\/v2\/product"}],"about":[{"href":"https:\/\/www.upm.es\/recursosidi\/wp-json\/wp\/v2\/types\/product"}],"wp:featuredmedia":[{"embeddable":true,"href":"https:\/\/www.upm.es\/recursosidi\/wp-json\/wp\/v2\/media\/11731"}],"wp:attachment":[{"href":"https:\/\/www.upm.es\/recursosidi\/wp-json\/wp\/v2\/media?parent=11733"}],"wp:term":[{"taxonomy":"product_cat","embeddable":true,"href":"https:\/\/www.upm.es\/recursosidi\/wp-json\/wp\/v2\/product_cat?post=11733"},{"taxonomy":"product_tag","embeddable":true,"href":"https:\/\/www.upm.es\/recursosidi\/wp-json\/wp\/v2\/product_tag?post=11733"},{"taxonomy":"comunidad_upm","embeddable":true,"href":"https:\/\/www.upm.es\/recursosidi\/wp-json\/wp\/v2\/comunidades-upm?post=11733"},{"taxonomy":"quien","embeddable":true,"href":"https:\/\/www.upm.es\/recursosidi\/wp-json\/wp\/v2\/quien?post=11733"},{"taxonomy":"mapa","embeddable":true,"href":"https:\/\/www.upm.es\/recursosidi\/wp-json\/wp\/v2\/mapa?post=11733"},{"taxonomy":"disponibilidad","embeddable":true,"href":"https:\/\/www.upm.es\/recursosidi\/wp-json\/wp\/v2\/disponibilidad?post=11733"},{"taxonomy":"donde","embeddable":true,"href":"https:\/\/www.upm.es\/recursosidi\/wp-json\/wp\/v2\/donde?post=11733"},{"taxonomy":"infraestructura","embeddable":true,"href":"https:\/\/www.upm.es\/recursosidi\/wp-json\/wp\/v2\/infraestructura?post=11733"},{"taxonomy":"ods","embeddable":true,"href":"https:\/\/www.upm.es\/recursosidi\/wp-json\/wp\/v2\/ods?post=11733"},{"taxonomy":"origen","embeddable":true,"href":"https:\/\/www.upm.es\/recursosidi\/wp-json\/wp\/v2\/origen?post=11733"}],"curies":[{"name":"wp","href":"https:\/\/api.w.org\/{rel}","templated":true}]}}