{"id":11762,"date":"2022-12-01T10:03:06","date_gmt":"2022-12-01T09:03:06","guid":{"rendered":"https:\/\/www.upm.es\/recursosidi\/offers-resources\/sin categor\u00eda\/yesograf\/"},"modified":"2022-12-01T10:04:20","modified_gmt":"2022-12-01T09:04:20","slug":"yesograf","status":"publish","type":"product","link":"https:\/\/www.upm.es\/recursosidi\/offers-resources\/soluciones-tecnologicas\/yesograf\/","title":{"rendered":"YESOGRAF"},"content":{"rendered":"<h4 style=\"text-align: left\"><strong>Descripci&oacute;n breve conjunta de la soluci&oacute;n y valor a&ntilde;adido que aporta <\/strong><\/h4>\n<p style=\"text-align: justify\">Yesograf incorpora una adici&oacute;n en forma de polvo fino que se a&ntilde;ade a pastas de yesos o escayolas para mejorar su resistencia mec&aacute;nica (hasta en un 250%), al tiempo que se aumenta la conductividad t&eacute;rmica (en un 115%) y protege a las viviendas de las fuentes de generaci&oacute;n de ondas electromagn&eacute;ticas; todo a coste cero. Yesograf supone la revalorizaci&oacute;n de materiales y contribuye a una mejor durabilidad del compuesto en contacto con el agua.<\/p>\n<h4 style=\"text-align: left\"><strong>Descripci&oacute;n de la base tecnol&oacute;gica<\/strong><\/h4>\n<p style=\"text-align: justify\">Yesograf es un material que incorpora un desecho industrial inerte, presentado en forma de polvo fino que, a&ntilde;adido a pastas de yesos o escayolas, mejora la resistencia mec&aacute;nica, aumenta la conductividad t&eacute;rmica, el aislamiento ac&uacute;stico y el aislamiento electromagn&eacute;tico. Actualmente tiene un coste nulo como adici&oacute;n y mejora de manera importante los materiales compuestos de yesos que comercialmente son de baja resistencia.<\/p>\n<p style=\"text-align: justify\">Adem&aacute;s, con estas pastas de yeso se puede incorporar arenas y preparar morteros. Estas mezclas se pueden usar en guarnecidos aplicados en obra o en prefabricados como en paneles de yeso laminado o s&aacute;ndwich, entre otros.<\/p>\n<p style=\"text-align: center\"><em>&ldquo;Adici&oacute;n, a coste cero, que en forma de polvo fino mejora las propiedades mec&aacute;nicas y aumenta la conductividad t&eacute;rmica de los materiales de construcci&oacute;n para soluciones radiantes&rdquo;<\/em><\/p>\n<p style=\"text-align: center\">&nbsp;<\/p>\n<h4 style=\"text-align: left\"><strong>Necesidades de negocio \/ aplicaci&oacute;n<\/strong><\/h4>\n<p><strong>Tecnolog&iacute;a de materiales<\/strong><\/p>\n<ul>\n<li>\n<p style=\"text-align: justify\">Se hace necesario un incremento en la resistencia y durabilidad de materiales con base yeso o escayola empleados en obra.<\/p>\n<\/li>\n<\/ul>\n<p><strong>Eficiencia energ&eacute;tica<\/strong><\/p>\n<ul>\n<li>\n<p style=\"text-align: justify\">A partir de la entrada en vigor del RD 235\/2013 se exige la presentaci&oacute;n y disposici&oacute;n del certificado de eficiencia energ&eacute;tica de los edificios.&nbsp;<\/p>\n<\/li>\n<\/ul>\n<h4 style=\"text-align: left\"><strong>Ventajas competitivas<\/strong><\/h4>\n<ul>\n<li>\n<p style=\"text-align: justify\">Mejora la resistencia mec&aacute;nica hasta en un 250 % de los materiales inorg&aacute;nicos ampliamente usados en construcci&oacute;n como el yeso.<\/p>\n<\/li>\n<li style=\"text-align: justify\">\n<p>La conductividad t&eacute;rmica aumenta un 115%.<\/p>\n<\/li>\n<li style=\"text-align: justify\">\n<p>Las p&eacute;rdidas t&eacute;rmicas interiores globales se pueden reducir hasta un 8% proporcionando un ahorro energ&eacute;tico en edificios.<\/p>\n<\/li>\n<li style=\"text-align: justify\">\n<p>Revalorizaci&oacute;n de materiales. Soluci&oacute;n de coste cero.<\/p>\n<\/li>\n<li style=\"text-align: justify\">\n<p>Adici&oacute;n inocua.<\/p>\n<\/li>\n<li>\n<p style=\"text-align: justify\">Protege a las viviendas de las fuentes de generaci&oacute;n de ondas electromagn&eacute;ticas actuando como pantalla.<\/p>\n<\/li>\n<\/ul>\n<p style=\"text-align: center\"><em>&ldquo;Yesograf mejora las propiedades de aquellos materiales que usen yeso o yeso laminado como conglomerantes, la inmensa mayor&iacute;a del mercado&rdquo;<\/em><\/p>\n<p style=\"text-align: center\">&nbsp;<\/p>\n<h4 style=\"text-align: left\"><strong>Referencias&nbsp;<\/strong><\/h4>\n<p>Amplia experiencia en el desarrollo de aplicaciones de inter&eacute;s para la industria,<\/p>\n<h4 style=\"text-align: left\"><strong>Protecci&oacute;n industrial<\/strong><\/h4>\n<p style=\"text-align: justify\">Patente concedida en Espa&ntilde;a ES2529269.<\/p>\n<h4 style=\"text-align: left\"><strong>Grado de desarrollo<\/strong><\/h4>\n<ul>\n<li>\n<p><span style=\"font-size: small\">Concepto<\/span><\/p>\n<\/li>\n<li>\n<p><span style=\"font-size: small\">Investigaci&oacute;n<\/span><\/p>\n<\/li>\n<li>\n<p><span style=\"text-decoration: underline\"><strong><span style=\"font-size: small\">Prototipo-Lab<\/span><\/strong><\/span><\/p>\n<\/li>\n<li>\n<p><span style=\"font-size: small\">Prototipo Industrial<\/span><\/p>\n<\/li>\n<li>\n<p><span style=\"font-size: small\">Producci&oacute;n<\/span><\/p>\n<\/li>\n<\/ul>\n<h4><strong>Contacto<\/strong><\/h4>\n<p style=\"text-align: justify\"><strong>Contacto Yesograf<\/strong><\/p>\n<p style=\"text-align: justify\">M&ordf; Mar Barbero Barrera, Nelson Flores Medina, Rosa Bustamante Montoro<\/p>\n<p style=\"text-align: justify\">e: <span rel=\"86312930ac311f31a8311730a8312f31a9310931ba312931c5310b31bb3135319f3104309b313631\" class=\"cryptex \" style=\"\"><span class=\"CryptexImg ctxBDx-GexEYTKV9WqpaX7krUVINBakNCGPnpLRBXLCYVY\"><\/span><\/span><\/p>\n<p style=\"text-align: justify\">e: <span rel=\"86312930ad312331a2312e31b5313c3165310d31c1312631c8313031b9310531a7313e31a3310f30a4312531\" class=\"cryptex \" style=\"\"><span class=\"CryptexImg ctx0Okir4SNrufs66_Jzqb6dWA0fsNFbAEOV96S1QGg_8I\"><\/span><\/span><\/p>\n<p style=\"text-align: justify\">e: <span rel=\"86312930b1312d31a9311c3174313031ac311a31c9311831c3312c31b431393197310e31ab313331ac312030b9313831\" class=\"cryptex \" style=\"\"><span class=\"CryptexImg ctxeWVtM_E0lV2iX_zHWEh4eGQziqLzFUxGLgyEtKWVQgI\"><\/span><\/span><\/p>\n<p style=\"text-align: justify\"><strong>Contacto UPM<\/strong><\/p>\n<p style=\"text-align: justify\">Programas de Innovaci&oacute;n y Emprendimiento<\/p>\n<p style=\"text-align: justify\">Centro de Apoyo a la Innovaci&oacute;n Tecnol&oacute;gica &ndash; UPM&nbsp;<\/p>\n<p style=\"text-align: justify\">e: <span rel=\"86312930a8312c31a4312a31bc312f319a311031c431253184313f31ab312831a0313d31a2313231a6311b31b73126317b312f31af3139316e312231c731\" class=\"cryptex \" style=\"\"><span class=\"CryptexImg ctxR7neImVV1tJoTSyttUGBAuiESKXKLLyzTwJSN1lk9Z0\"><\/span><\/span><\/p>\n<div class=\"pdfprnt-buttons pdfprnt-buttons-product pdfprnt-bottom-left\"><a href=\"https:\/\/www.upm.es\/recursosidi\/wp-json\/wp\/v2\/product\/11762?print=pdf\" class=\"pdfprnt-button pdfprnt-button-pdf\" target=\"_blank\"><span class=\"pdfprnt-button-title pdfprnt-button-pdf-title\">Descargar ficha<\/span><\/a><\/div>","protected":false},"excerpt":{"rendered":"<p>Mejorando las propiedades de pastas de yeso y escayola.<\/p>\n<p>Material que mejora las resistencia mec\u00e1nica hasta en un 250 % de materiales inorg\u00e1nicos ampliamente usados en construcci\u00f3n como el yeso<\/p>\n","protected":false},"featured_media":11761,"template":"","meta":{"_acf_changed":false},"product_cat":[2384],"product_tag":[2528,2416,2286,2540],"comunidades-upm":[],"quien":[],"mapa":[{"term_id":135,"name":"Industria, materiales y econom\u00eda circular","slug":"industria-materiales-economia_circular","term_group":0,"term_taxonomy_id":135,"taxonomy":"mapa","description":"","parent":0,"count":165,"filter":"raw","term_order":"13"}],"disponibilidad":[{"term_id":205,"name":"Consultar disponibilidad","slug":"consultar","term_group":0,"term_taxonomy_id":205,"taxonomy":"disponibilidad","description":"","parent":0,"count":290,"filter":"raw","term_order":"0"}],"donde":[{"term_id":42,"name":"UPM","slug":"upm","term_group":0,"term_taxonomy_id":42,"taxonomy":"donde","description":"Universidad Polit\u00e9cnica de Madrid\r\nHTML \"Lorem ipsum dolor sit amet, consectetur adipiscing elit, sed do eiusmod tempor incididunt ut labore et dolore magna aliqua. Ut enim ad minim veniam, quis nostrud exercitation ullamco laboris nisi ut aliquip ex ea commodo consequat. Duis aute irure dolor in reprehenderit in voluptate velit esse cillum dolore eu fugiat nulla pariatur. Excepteur sint occaecat cupidatat non proident, sunt in culpa qui officia deserunt mollit anim id est laborum.\"","parent":0,"count":146,"filter":"raw","term_order":"0"}],"infraestructura":[],"ods":[{"term_id":2231,"name":"Acci\u00f3n por el Clima","slug":"accion-por-el-clima","term_group":0,"term_taxonomy_id":2231,"taxonomy":"ods","description":"","parent":0,"count":67,"filter":"raw","term_order":"0"},{"term_id":2239,"name":"Ciudades y Comunidades Sostenibles","slug":"ciudades-y-comunidades-sostenibles","term_group":0,"term_taxonomy_id":2239,"taxonomy":"ods","description":"","parent":0,"count":43,"filter":"raw","term_order":"0"},{"term_id":2247,"name":"Industria, Innovaci\u00f3n e Infraestructura","slug":"industria-innovacion-e-infraestructura","term_group":0,"term_taxonomy_id":2247,"taxonomy":"ods","description":"","parent":0,"count":171,"filter":"raw","term_order":"0"}],"origen":[{"term_id":192,"name":"Soluciones tecnol\u00f3gicas","slug":"soluciones-tecnologicas","term_group":0,"term_taxonomy_id":192,"taxonomy":"origen","description":"","parent":0,"count":278,"filter":"raw","term_order":"0"}],"familia_tax":false,"quien_tax":false,"donde_tax":false,"year":"2020-01-01","contacto":"ETS de Arquitectura de Madrid - UPM, Av. Juan de Herrera, 4, 28040, Madrid","telefono":"910674700","pagina_web":"http:\/\/etsamadrid.aq.upm.es\/","email":"mar.barbero@upm.es","id_ficha_portal":"100","video":"","adjuntos":false,"adjuntos_portal":"","inf":false,"departamento":"","acf":[],"lang":"es","translation":{"es":11762,"en":11764},"_links":{"self":[{"href":"https:\/\/www.upm.es\/recursosidi\/wp-json\/wp\/v2\/product\/11762"}],"collection":[{"href":"https:\/\/www.upm.es\/recursosidi\/wp-json\/wp\/v2\/product"}],"about":[{"href":"https:\/\/www.upm.es\/recursosidi\/wp-json\/wp\/v2\/types\/product"}],"wp:featuredmedia":[{"embeddable":true,"href":"https:\/\/www.upm.es\/recursosidi\/wp-json\/wp\/v2\/media\/11761"}],"wp:attachment":[{"href":"https:\/\/www.upm.es\/recursosidi\/wp-json\/wp\/v2\/media?parent=11762"}],"wp:term":[{"taxonomy":"product_cat","embeddable":true,"href":"https:\/\/www.upm.es\/recursosidi\/wp-json\/wp\/v2\/product_cat?post=11762"},{"taxonomy":"product_tag","embeddable":true,"href":"https:\/\/www.upm.es\/recursosidi\/wp-json\/wp\/v2\/product_tag?post=11762"},{"taxonomy":"comunidad_upm","embeddable":true,"href":"https:\/\/www.upm.es\/recursosidi\/wp-json\/wp\/v2\/comunidades-upm?post=11762"},{"taxonomy":"quien","embeddable":true,"href":"https:\/\/www.upm.es\/recursosidi\/wp-json\/wp\/v2\/quien?post=11762"},{"taxonomy":"mapa","embeddable":true,"href":"https:\/\/www.upm.es\/recursosidi\/wp-json\/wp\/v2\/mapa?post=11762"},{"taxonomy":"disponibilidad","embeddable":true,"href":"https:\/\/www.upm.es\/recursosidi\/wp-json\/wp\/v2\/disponibilidad?post=11762"},{"taxonomy":"donde","embeddable":true,"href":"https:\/\/www.upm.es\/recursosidi\/wp-json\/wp\/v2\/donde?post=11762"},{"taxonomy":"infraestructura","embeddable":true,"href":"https:\/\/www.upm.es\/recursosidi\/wp-json\/wp\/v2\/infraestructura?post=11762"},{"taxonomy":"ods","embeddable":true,"href":"https:\/\/www.upm.es\/recursosidi\/wp-json\/wp\/v2\/ods?post=11762"},{"taxonomy":"origen","embeddable":true,"href":"https:\/\/www.upm.es\/recursosidi\/wp-json\/wp\/v2\/origen?post=11762"}],"curies":[{"name":"wp","href":"https:\/\/api.w.org\/{rel}","templated":true}]}}