{"id":11785,"date":"2023-01-12T10:23:06","date_gmt":"2023-01-12T09:23:06","guid":{"rendered":"https:\/\/www.upm.es\/recursosidi\/offers-resources\/sin categor\u00eda\/environment-coast-and-ocean-research-laboratory-ecorel-upm\/"},"modified":"2023-01-12T10:23:53","modified_gmt":"2023-01-12T09:23:53","slug":"environment-coast-and-ocean-research-laboratory-ecorel-upm","status":"publish","type":"product","link":"https:\/\/www.upm.es\/recursosidi\/offers-resources\/servicios-cientifico-tecnologico\/servicios-servicios-cientifico-tecnologico\/environment-coast-and-ocean-research-laboratory-ecorel-upm\/","title":{"rendered":"Environment Coast and Ocean Research Laboratory. ECOREL-UPM"},"content":{"rendered":"<h4 class=\"\">Necesidades demandadas y aplicaciones:<\/h4>\n<ul>\n<li>Estabilidad estructural de diques rompeolas.<\/li>\n<li>Estabilidad funcional de diques rompeolas.<\/li>\n<li>Estabilidad estructural de diques verticales, mixtos y especiales.<\/li>\n<li>Estabilidad funcional de diques verticales, mixtos y especiales.<\/li>\n<li>Diagramas de presiones en monolitos y espaldones.<\/li>\n<li>Estabilidad estructural de GBS en energ&iacute;a e&oacute;lica marina.<\/li>\n<li>Estabilidad funcional de GBS en energ&iacute;a e&oacute;lica marina.<\/li>\n<li>Estabilidad estructural de estructuras flotantes en energ&iacute;a e&oacute;lica marina.<\/li>\n<li>Estabilidad funcional de estructuras flotantes en energ&iacute;a e&oacute;lica marina.<\/li>\n<li>Comportamiento energ&eacute;tico de piezas, reflexi&oacute;n, transmisi&oacute;n y disipaci&oacute;n.<\/li>\n<\/ul>\n<hr \/>\n<h4 class=\"\">Sector o &aacute;rea de aplicaci&oacute;n:<\/h4>\n<ul>\n<li>Ingenier&iacute;a Hidr&aacute;ulica Mar&iacute;tima<\/li>\n<li>Ingenier&iacute;a Mar&iacute;tima<\/li>\n<li>Ingenier&iacute;a Offshore<\/li>\n<li>Ingenier&iacute;a Portuaria y Costera<\/li>\n<\/ul>\n<hr \/>\n<h4 class=\"\">Competencias diferenciales<\/h4>\n<ul>\n<li>Existencia de una instalaci&oacute;n con canal y tanque de ensayos para pruebas de oleaje con criterio investigador semejante a la del Centro de Estudios y Experimentaci&oacute;n de Obras P&uacute;blicas (CEDEX) perteneciente al Ministerio de Transportes, Movilidad y Agenda Urbana o el Canal de Experiencias Hidrodin&aacute;micas de El Pardo adscrito al Instituto Nacional de T&eacute;cnica Aeroespacial del Ministerio de Defensa de Espa&ntilde;a.<\/li>\n<\/ul>\n<hr \/>\n<h4 class=\"\">Referencias previas de prestaci&oacute;n<\/h4>\n<p>Entre las referencias m&aacute;s importantes cabe destacar:<\/p>\n<ul style=\"list-style-type: square\">\n<li>Servicio para la realizaci&oacute;n de los Ensayos del Proyecto Estudio en Modelo F&iacute;sico sobre la Evoluci&oacute;n de Aver&iacute;as en Diques en Talud en el Laboratorio de Puertos y Costas de la E.T.S.I. de Caminos, Canales y Puertos de Madrid (2022). Cliente: Centro de Estudios y Experimentaci&oacute;n de Obras P&uacute;blicas. Centro de Estudios de Puertos y Costas. CEDEX &ndash; CEPYC.<\/li>\n<li>Campa&ntilde;a de ensayos para un dispositivo offshore tipo GBS con tecnolog&iacute;a Elisa para el aprovechamiento energ&eacute;tico del viento (2022). Cliente: Esteyco, S. A.<\/li>\n<li>Ensayos en modelo f&iacute;sico a escala reducida 2D para el estudio funcional del Dique de abrigo del Club N&agrave;utic S&acute;Estanyol (2022).<\/li>\n<li>Ensayos con modelo a escala reducida 3D del Proyecto de Refuerzo del Dique de abrigo del Puerto de Ond&aacute;rroa, Vizcaya (2021). Cliente: T&eacute;cnica t Proyectos, S. A. TYPSA.<\/li>\n<li>Optimizaci&oacute;n de una estructura flotante tipo Triwind Arqu&iacute;medes (2021). Cliente: Beridi Ingenieros, S. L.<\/li>\n<li>Ampliaci&oacute;n de los ensayos en modelo f&iacute;sico 3D de un aerogenerador h&iacute;brido gravedad &ndash; flotaci&oacute;n TRIWIND FLOAT (2020). Cliente: Beridi Ingenieros, S. L.<\/li>\n<li>Ensayo en modelo f&iacute;sico tridimensional 3D de un aerogenerador h&iacute;brido gravedad &ndash; flotaci&oacute;n TRIWIND FLOAT (2019). Cliente: Rover Maritime, S. A.<\/li>\n<li>MADAME: Desarrollo y validaci&oacute;n de materiales de alta durabilidad para su aplicaci&oacute;n en estructuras mar&iacute;timas y espaldones vulnerables al Cambio Clim&aacute;tico. RETOS (2018 &ndash; 2022).<\/li>\n<\/ul>\n<hr \/>\n<h4 class=\"\">Descripci&oacute;n del equipamiento<\/h4>\n<p>En la Escuela T&eacute;cnica Superior de Ingenieros de Caminos, Canales y Puertos de la Universidad Polit&eacute;cnica de Madrid (UPM), en el s&oacute;tano segundo, se ubica el &ldquo;<em>Environment, Coast and Ocean Research Laboratory (ECOREL &ndash; UPM)<\/em>&rdquo; instalaci&oacute;n cuyo objetivo es docente e investigador en el campo de la experimentaci&oacute;n en modelo f&iacute;sico a escala 3D y 2D de obras mar&iacute;timas, portuarias, costeras e instalaciones en grandes profundidades de petr&oacute;leo y gas, as&iacute; como, de energ&iacute;as marinas en todos sus recursos (viento, oleaje y corriente).<\/p>\n<p>Pretende seguir las estelas conceptuales e innovadoras de ilustres y brillantes profesores de la C&aacute;tedra, tales como, D. Ram&oacute;n Iribarren o D. Pedro Su&aacute;rez Bores. La infraestructura se encuadra dentro del Grupo de Investigaci&oacute;n hom&oacute;nimo consolidado por la Universidad Polit&eacute;cnica de Madrid desde 2005, y ha estado rehabilitada, remodelada y mejorada durante el periodo comprendido entre el 2007 al 2017 mediante la C&aacute;tedra Universidad-Empresa &ldquo;C&aacute;tedra Pablo Bueno Ingenier&iacute;a Civil del Mar&rdquo;. En la actualidad, y tras la finalizaci&oacute;n del citado Convenio en 2017 se enmarca en el Departamento de Ingenier&iacute;a Civil: Hidr&aacute;ulica, Energ&iacute;a y Medio Ambiente con un marcado aspecto docente e investigador.<\/p>\n<p><strong>La Instalaci&oacute;n y su equipamiento<\/strong><\/p>\n<p>El laboratorio consta de un canal y tanque de oleaje multidireccional. El primero de ellos tiene una longitud de 52 metros, con secci&oacute;n transversal de 1.50 metros de ancho por 1.00 metros de altura y tiene una capacidad de generaci&oacute;n de oleaje regular e irregular de hasta 0.45 m en una profundidad de hasta 1.00 metro. Presenta control de absorci&oacute;n activo del oleaje reflejado.<\/p>\n<p>El tanque de oleaje multidireccional, que ocupa la parte central de la nave, tiene una profundidad de 1.36 metros, una anchura de 11 metros y una longitud de 33 m. El fondo de este est&aacute; terminado con pavimento de terrazo &ldquo;in situ&rdquo; y las paredes verticales en loseta continua, est&aacute; dotado de un sistema de control de las reflexiones mediante una rampa parab&oacute;lica pasiva mediante espumas de poliuretano de 10 ppi.<\/p>\n<p>Se genera oleaje multidireccional con control activo de absorci&oacute;n, con movimiento individual de cada pala, pudiendo llenar hasta 1.00 m.<\/p>\n<p>El aparato generador de oleaje est&aacute; constituido por 16 paletas de 0.70 metros de frente y 1.40 metros de altura, con las prestaciones medias siguientes: H = 0.45 m en una l&aacute;mina de agua de 0.80 m. Las posibilidades de generaci&oacute;n son inmensas dado que es capaz de reproducir cualquier espectro convencional, es decir, Pierson Moskowitz (PM), Hasselmann <em>et al<\/em>, Jonswap (J) o TMA, adem&aacute;s de poderle introducir cualquier se&ntilde;al procedente de las series temporales de datos de medici&oacute;n sin interrupci&oacute;n en un punto objetivo cualquiera.<\/p>\n<p>Como cifras m&aacute;s representativas se pueden concretar:<\/p>\n<p>El laboratorio presenta un total de 2.100 m&sup2; repartidos en 1.000 m&sup2; de nave de ensayos; 450 m&sup2; en aulas, despachos y museo; 400 m&sup2; de talleres y zonas de acopio; 250 m&sup2; de dep&oacute;sito inferior y galer&iacute;as de servicio combinadas para el reciclado y la gesti&oacute;n del agua que, con las facilidades descritas anteriormente de un tanque de oleaje multidireccional de 33 m x 11 m x 1.36 m y un canal de oleaje de 52 m x 1 m x 1.5 m completan este.<\/p>\n<p>Adem&aacute;s, se cuenta con unas instalaciones de servicio consistentes en una sala limpia; una sala CNC; un taller; un almac&eacute;n; unas playas de carga y las salas de reuniones, aulas y despachos.<\/p>\n<p>El tanque presenta una generaci&oacute;n de oleaje multidireccional capaz de reproducir hasta 0.30 m de altura de ola y per&iacute;odos ondulatorios de 4 s. Para el canal, la generaci&oacute;n se lleva a cabo mediante una sola pala de pist&oacute;n dise&ntilde;ada y fabricada ad-hoc por HR Wallingford. Esta viene equipada con un sistema de control y absorci&oacute;n de onda reflejada.<\/p>\n<p>La informatizaci&oacute;n del proceso de generaci&oacute;n y calibraci&oacute;n del oleaje se compone de una estaci&oacute;n de trabajo, tarjetas de comunicaciones, unidades conversoras y una interfaz con tarjeta de conexi&oacute;n para un m&iacute;nimo de ocho canales anal&oacute;gicos de entrada en forma diferencial o diecis&eacute;is canales forma com&uacute;n y dos canales tambi&eacute;n anal&oacute;gicos de salida. Las instalaciones se complementan con equipos de medida de oleaje, programaci&oacute;n y calibrado, adquisici&oacute;n y an&aacute;lisis de datos y un peque&ntilde;o centro de c&aacute;lculo con modelos matem&aacute;ticos y num&eacute;ricos de contraste.<\/p>\n<p>Con relaci&oacute;n a la instrumentaci&oacute;n, se dispone:<\/p>\n<ul>\n<li>Sistema de seguimiento y posicionamiento din&aacute;mico en tiempo real mediante reflexi&oacute;n de luz infrarroja (Optitrack)<\/li>\n<li>Sensores de nivel (Capacitivos, resistivos y ac&uacute;sticos)<\/li>\n<li>Sensores de presi&oacute;n (Monoaxiales y multiaxiales)<\/li>\n<li>C&aacute;maras de video-imagen<\/li>\n<li>Sensores ac&uacute;sticos de velocidad (ADVs)<\/li>\n<li>Aceler&oacute;metros y sistemas inerciales (IMUs)<\/li>\n<li>Tarjetas de comunicaci&oacute;n y sincronizaci&oacute;n inal&aacute;mbricas<\/li>\n<li>Herramientas topogr&aacute;ficas<\/li>\n<li>Herramientas fotogram&eacute;tricas<\/li>\n<li>Slow-mo cameras<\/li>\n<li>C&aacute;maras sumergibles<\/li>\n<li>Sistema de adquisici&oacute;n para sondas de nivel de hasta 400 Hz<\/li>\n<li>C&aacute;mara de fotos de alta resoluci&oacute;n<\/li>\n<li>Dron de altas prestaciones para trabajos de campo<\/li>\n<\/ul>\n<p>El taller est&aacute; equipado con maquinaria y herramientas para la construcci&oacute;n y arreglos de todos aquellos elementos que cohabitan en la instalaci&oacute;n, ya sean estos de madera, aluminio, PVC, acero, pol&iacute;meros u otros materiales. Adem&aacute;s, cuenta con tres Impresoras 3D y una cortadora laser para el prototipado y fabricaci&oacute;n de piezas.<\/p>\n<p>La sala CNC est&aacute; equipada con una fresadora de alta precisi&oacute;n y gran tama&ntilde;o por control num&eacute;rico ALARSIS, que permite la creaci&oacute;n de elementos con un gran nivel de detalle y customizaci&oacute;n, aun con geometr&iacute;as exigentes y grandes tama&ntilde;os, en diferentes materiales.<\/p>\n<p>Finalmente, la Sala Limpia consta de un sistema de presi&oacute;n positiva y herramientas dedicadas al dise&ntilde;o y la fabricaci&oacute;n de electr&oacute;nica, sens&oacute;rica y nanosens&oacute;rica, lo cual permite customizar al m&aacute;ximo la sens&oacute;rica necesaria para los ensayos y la monitorizaci&oacute;n de la instalaci&oacute;n.<\/p>\n<hr \/>\n<h4 class=\"\">Solicitud del servicio<\/h4>\n<p>Las solicitudes de servicios se solicitan es funci&oacute;n del cat&aacute;logo de prestaciones siendo las principales las siguientes:<\/p>\n<ul>\n<li>Estabilidad estructural e hidr&aacute;ulica de diques rompeolas, incertidumbre y modos de fallo para mantos convencionales de escolleras naturales, cubos, bloques de hormig&oacute;n y piezas especiales. Diagramas de presiones y fuerzas en espaldones. Remonte y rebase. Todo ello en canal de ensayo (2D).<\/li>\n<li>Estabilidad estructural e hidr&aacute;ulica de diques verticales, incertidumbre y modos de fallo para monolitos. Diagramas de presi&oacute;n y fuerza. Remonte y rebase. Todo ello en canal de ensayo (2D).<\/li>\n<li>Comportamiento energ&eacute;tico de piezas en obras interiores. An&aacute;lisis de la reflexi&oacute;n. Todo ello en canal de ensayo (2D).<\/li>\n<li>Estabilidad estructural e hidr&aacute;ulica de diques rompeolas, incertidumbre y modos de fallo para mantos convencionales de escolleras naturales, cubos, bloques de hormig&oacute;n y piezas especiales. Diagramas de presiones y fuerzas en espaldones. Remonte y rebase. Todo ello en tanque de ensayos (3D).<\/li>\n<li>Estabilidad estructural e hidr&aacute;ulica de diques verticales, incertidumbre y modos de fallo para monolitos. Diagramas de presi&oacute;n y fuerza. Remonte y rebase. Todo ello en tanque de ensayos (3D).<\/li>\n<li>Comportamiento frente a la agitaci&oacute;n interior de un puerto. Ensayo 3D.<\/li>\n<li>Comportamiento de estabilidad estructural y funcional de estructuras de gravedad (GBS) para aprovechamiento de la energ&iacute;a del oc&eacute;ano en recurso e&oacute;lico. Ensayo 3D.<\/li>\n<li>Comportamiento de estabilidad estructural y funcional de estructuras flotantes para aprovechamiento de la energ&iacute;a del oc&eacute;ano en recurso e&oacute;lico. Ensayo 3D.<\/li>\n<li>Comportamiento de estructuras flotantes tipo barco frente a estados l&iacute;mites de servicio y &uacute;ltimo en la reparaci&oacute;n de instalaciones de offshore o de aprovechamiento de energ&iacute;a del oc&eacute;ano. Ensayo 3D.<\/li>\n<\/ul>\n<hr \/>\n<p>&nbsp;<\/p>\n<div class=\"pdfprnt-buttons pdfprnt-buttons-product pdfprnt-bottom-left\"><a href=\"https:\/\/www.upm.es\/recursosidi\/wp-json\/wp\/v2\/product\/11785?print=pdf\" class=\"pdfprnt-button pdfprnt-button-pdf\" target=\"_blank\"><span class=\"pdfprnt-button-title pdfprnt-button-pdf-title\">Descargar ficha<\/span><\/a><\/div>","protected":false},"excerpt":{"rendered":"<p>ECOREL-UPM es una instalaci\u00f3n docente y de investigaci\u00f3n en el \u00e1mbito de la ingenier\u00eda mar\u00edtima, costera y portuaria que tiene como misi\u00f3n la generaci\u00f3n de nuevo conocimiento en estas \u00e1reas, de tal manera que se favorezca la consecuci\u00f3n de los Objetivos de Desarrollo Sostenible (ODS).<\/p>\n","protected":false},"featured_media":11782,"template":"","meta":{"_acf_changed":false},"product_cat":[2395],"product_tag":[8818,8816,8812,8814,8810,8820],"comunidades-upm":[],"quien":[],"mapa":[{"term_id":2405,"name":"Ciencia para la ingenier\u00eda y la arquitectura","slug":"ciencia-para-ingenieria-y-arquitectura","term_group":0,"term_taxonomy_id":2405,"taxonomy":"mapa","description":"","parent":0,"count":127,"filter":"raw","term_order":"7"},{"term_id":133,"name":"Clima, Energ\u00eda y Movilidad","slug":"clima-energia-movilidad","term_group":0,"term_taxonomy_id":133,"taxonomy":"mapa","description":"","parent":0,"count":129,"filter":"raw","term_order":"9"}],"disponibilidad":[{"term_id":205,"name":"Consultar disponibilidad","slug":"consultar","term_group":0,"term_taxonomy_id":205,"taxonomy":"disponibilidad","description":"","parent":0,"count":290,"filter":"raw","term_order":"0"}],"donde":[{"term_id":346,"name":"Environment Coast and Ocean Research Laboratory","slug":"environment-coast-and-ocean-research-laboratory","term_group":0,"term_taxonomy_id":346,"taxonomy":"donde","description":"","parent":0,"count":2,"filter":"raw","term_order":"0"},{"term_id":1570,"name":"Environment Coast and Ocean Research Laboratory","slug":"en_environment-coast-and-ocean-research-laboratory","term_group":0,"term_taxonomy_id":1570,"taxonomy":"donde","description":"","parent":0,"count":2,"filter":"raw","term_order":"0"}],"infraestructura":[],"ods":[{"term_id":2231,"name":"Acci\u00f3n por el Clima","slug":"accion-por-el-clima","term_group":0,"term_taxonomy_id":2231,"taxonomy":"ods","description":"","parent":0,"count":67,"filter":"raw","term_order":"0"},{"term_id":2247,"name":"Industria, Innovaci\u00f3n e Infraestructura","slug":"industria-innovacion-e-infraestructura","term_group":0,"term_taxonomy_id":2247,"taxonomy":"ods","description":"","parent":0,"count":171,"filter":"raw","term_order":"0"},{"term_id":2227,"name":"Vida Submarina","slug":"vida-submarina","term_group":0,"term_taxonomy_id":2227,"taxonomy":"ods","description":"","parent":0,"count":1,"filter":"raw","term_order":"0"}],"origen":[{"term_id":196,"name":"Infraestructuras, Instalaci\u00f3n, Equipo","slug":"infraestructuras","term_group":0,"term_taxonomy_id":196,"taxonomy":"origen","description":"","parent":0,"count":180,"filter":"raw","term_order":"0"}],"familia_tax":false,"quien_tax":false,"donde_tax":false,"year":"2022-01-01","contacto":"Calle Profesor Aranguren 3, 28040 Madrid","telefono":"910674352","pagina_web":"https:\/\/ecorelupm.es\/","email":"info@ecorelupm.es","id_ficha_portal":"240","video":"https:\/\/youtu.be\/1B8OOo-gXxs","adjuntos":false,"adjuntos_portal":"https:\/\/www.upm.es\/recursosidi\/wp-content\/uploads_kairos\/ficha_240\/ficha_240_doc_23.pdf;https:\/\/www.upm.es\/recursosidi\/wp-content\/uploads_kairos\/ficha_240\/ficha_240_doc_24.pdf","inf":false,"departamento":"","acf":[],"lang":"es","translation":{"es":11785,"en":11789},"_links":{"self":[{"href":"https:\/\/www.upm.es\/recursosidi\/wp-json\/wp\/v2\/product\/11785"}],"collection":[{"href":"https:\/\/www.upm.es\/recursosidi\/wp-json\/wp\/v2\/product"}],"about":[{"href":"https:\/\/www.upm.es\/recursosidi\/wp-json\/wp\/v2\/types\/product"}],"wp:featuredmedia":[{"embeddable":true,"href":"https:\/\/www.upm.es\/recursosidi\/wp-json\/wp\/v2\/media\/11782"}],"wp:attachment":[{"href":"https:\/\/www.upm.es\/recursosidi\/wp-json\/wp\/v2\/media?parent=11785"}],"wp:term":[{"taxonomy":"product_cat","embeddable":true,"href":"https:\/\/www.upm.es\/recursosidi\/wp-json\/wp\/v2\/product_cat?post=11785"},{"taxonomy":"product_tag","embeddable":true,"href":"https:\/\/www.upm.es\/recursosidi\/wp-json\/wp\/v2\/product_tag?post=11785"},{"taxonomy":"comunidad_upm","embeddable":true,"href":"https:\/\/www.upm.es\/recursosidi\/wp-json\/wp\/v2\/comunidades-upm?post=11785"},{"taxonomy":"quien","embeddable":true,"href":"https:\/\/www.upm.es\/recursosidi\/wp-json\/wp\/v2\/quien?post=11785"},{"taxonomy":"mapa","embeddable":true,"href":"https:\/\/www.upm.es\/recursosidi\/wp-json\/wp\/v2\/mapa?post=11785"},{"taxonomy":"disponibilidad","embeddable":true,"href":"https:\/\/www.upm.es\/recursosidi\/wp-json\/wp\/v2\/disponibilidad?post=11785"},{"taxonomy":"donde","embeddable":true,"href":"https:\/\/www.upm.es\/recursosidi\/wp-json\/wp\/v2\/donde?post=11785"},{"taxonomy":"infraestructura","embeddable":true,"href":"https:\/\/www.upm.es\/recursosidi\/wp-json\/wp\/v2\/infraestructura?post=11785"},{"taxonomy":"ods","embeddable":true,"href":"https:\/\/www.upm.es\/recursosidi\/wp-json\/wp\/v2\/ods?post=11785"},{"taxonomy":"origen","embeddable":true,"href":"https:\/\/www.upm.es\/recursosidi\/wp-json\/wp\/v2\/origen?post=11785"}],"curies":[{"name":"wp","href":"https:\/\/api.w.org\/{rel}","templated":true}]}}