{"id":11819,"date":"2023-01-26T11:47:16","date_gmt":"2023-01-26T10:47:16","guid":{"rendered":""},"modified":"2023-01-26T11:47:16","modified_gmt":"2023-01-26T10:47:16","slug":"sistema-termico-con-compresor-y-turbina-de-expansion-de-gas-en-circuito-cerrado-con-aportacion-de-calor-por-fuente-exterior-y-recuperacion-interna-de-calor-y-de-energia-mecanica-para-generacion-de","status":"publish","type":"product","link":"https:\/\/www.upm.es\/recursosidi\/offers-resources\/patentes\/sistema-termico-con-compresor-y-turbina-de-expansion-de-gas-en-circuito-cerrado-con-aportacion-de-calor-por-fuente-exterior-y-recuperacion-interna-de-calor-y-de-energia-mecanica-para-generacion-de\/","title":{"rendered":"SISTEMA T\u00c9RMICO CON COMPRESOR Y TURBINA DE EXPANSI\u00d3N DE GAS EN CIRCUITO CERRADO, CON APORTACI\u00d3N DE CALOR POR FUENTE EXTERIOR, Y RECUPERACI\u00d3N INTERNA DE CALOR Y DE ENERG\u00cdA MEC\u00c1NICA, PARA GENERACI\u00d3N DE ELECTRICIDAD"},"content":{"rendered":"<h4><strong>Descripci\u00f3n de la patente <\/strong><\/h4>\n<p>Sistema t&eacute;rmico con compresor y turbina de<br \/>expansi&oacute;n de gas en circuito cerrado, con aportaci&oacute;n<br \/>de calor por fuente exterior y recuperaci&oacute;n interna de<br \/>calor y de energ&iacute;a mec&aacute;nica, para generaci&oacute;n de<br \/>electricidad, donde el sistema consiste en una<br \/>sucesi&oacute;n de componentes que incluyen<br \/>recuperadores mec&aacute;nicos abocinados para<br \/>transformar presi&oacute;n din&aacute;mica en est&aacute;tica, en los<br \/>tramos que van desde la salida de fluido de cada<br \/>m&aacute;quina, compresor o turbina, a la entrada<br \/>correspondiente del regenerador de calor, de alta y<br \/>baja presi&oacute;n respectivamente; pudi&eacute;ndose encadenar<br \/>varios ciclos en uno solo, con incremento de<br \/>rendimiento; quedando reglado el procedimiento<br \/>termodin&aacute;mico que rige cada ciclo, de modo que el<br \/>volumen espec&iacute;fico del fluido turbinado es mayor que<br \/>el del fluido a su paso por el compresor.<\/p>\n<p><img fetchpriority=\"high\" decoding=\"async\" src=\"recuperarArchivo.jsp?id=1471&amp;id_archivo=12627&amp;tipo=patente&amp;extension=imagen\" alt=\"Figura 4\" width=\"474\" height=\"362\" \/><\/p>\n<h4><strong>Situaci\u00f3n<\/strong><\/h4>\n<p>Concedida<\/p>\n<h4><strong>N\u00famero de solicitud<\/h5>\n<p>P201930136<\/p>\n<h5>N\u00famero de publicaci\u00f3n<\/h5>\n<p>ES2713123<\/p>\n<h5>Fecha de presentaci\u00f3n <\/h5>\n<p>19\/02\/2019<\/p>\n<h5>Fecha de publicaci\u00f3n <\/h5>\n<p>17\/05\/2019<\/p>\n<h5>Fecha de concesi\u00f3n <\/h5>\n<p>29\/10\/2019<\/p>\n<div class=\"pdfprnt-buttons pdfprnt-buttons-product pdfprnt-bottom-left\"><a href=\"https:\/\/www.upm.es\/recursosidi\/wp-json\/wp\/v2\/product\/11819?print=pdf\" class=\"pdfprnt-button pdfprnt-button-pdf\" target=\"_blank\"><span class=\"pdfprnt-button-title pdfprnt-button-pdf-title\">Descargar ficha<\/span><\/a><\/div>","protected":false},"excerpt":{"rendered":"<p>Descripci\u00f3n de la patente Sistema t&eacute;rmico con compresor y turbina deexpansi&oacute;n de gas en circuito cerrado, con aportaci&oacute;nde calor por fuente exterior y recuperaci&oacute;n interna&hellip;<\/p>\n","protected":false},"featured_media":0,"template":"","meta":{"_acf_changed":false},"product_cat":[3946],"product_tag":[],"comunidades-upm":[],"quien":[],"mapa":[{"term_id":2405,"name":"Ciencia para la ingenier\u00eda y la arquitectura","slug":"ciencia-para-ingenieria-y-arquitectura","term_group":0,"term_taxonomy_id":2405,"taxonomy":"mapa","description":"","parent":0,"count":127,"filter":"raw","term_order":"7"},{"term_id":133,"name":"Clima, Energ\u00eda y Movilidad","slug":"clima-energia-movilidad","term_group":0,"term_taxonomy_id":133,"taxonomy":"mapa","description":"","parent":0,"count":129,"filter":"raw","term_order":"9"},{"term_id":135,"name":"Industria, materiales y econom\u00eda circular","slug":"industria-materiales-economia_circular","term_group":0,"term_taxonomy_id":135,"taxonomy":"mapa","description":"","parent":0,"count":165,"filter":"raw","term_order":"13"}],"disponibilidad":[],"donde":[{"term_id":1462,"name":"\"Guillermo Velarde\" Nuclear Fusion Institute","slug":"en_guillermo-velarde-nuclear-fusion-institute","term_group":0,"term_taxonomy_id":1462,"taxonomy":"donde","description":"","parent":0,"count":7,"filter":"raw","term_order":"0"},{"term_id":1614,"name":"Thermal Energy for Sustainability","slug":"en_thermal-energy-for-sustainability","term_group":0,"term_taxonomy_id":1614,"taxonomy":"donde","description":"","parent":0,"count":7,"filter":"raw","term_order":"0"}],"infraestructura":[],"ods":[],"origen":[{"term_id":180,"name":"Patente","slug":"patente","term_group":0,"term_taxonomy_id":180,"taxonomy":"origen","description":"","parent":0,"count":614,"filter":"raw","term_order":"0"}],"familia_tax":false,"quien_tax":false,"donde_tax":false,"year":"","contacto":"<strong>Principales: <\/strong><ul><li>JOSE MARIA MARTINEZ-VAL PE\u00d1ALOSA <blockquote><strong>josemaria.martinezval@upm.es<\/strong><\/blockquote><\/li><\/ul>","telefono":"","pagina_web":"","email":"","id_ficha_portal":"1471","video":"","adjuntos":false,"adjuntos_portal":"https:\/\/www.upm.es\/S2i\/Acuse\/recuperarArchivo.jsp?id=1471&id_archivo=10541&tipo=patente&extension=fichero","inf":false,"departamento":"","acf":[],"lang":"es","translation":{"es":11819},"_links":{"self":[{"href":"https:\/\/www.upm.es\/recursosidi\/wp-json\/wp\/v2\/product\/11819"}],"collection":[{"href":"https:\/\/www.upm.es\/recursosidi\/wp-json\/wp\/v2\/product"}],"about":[{"href":"https:\/\/www.upm.es\/recursosidi\/wp-json\/wp\/v2\/types\/product"}],"wp:attachment":[{"href":"https:\/\/www.upm.es\/recursosidi\/wp-json\/wp\/v2\/media?parent=11819"}],"wp:term":[{"taxonomy":"product_cat","embeddable":true,"href":"https:\/\/www.upm.es\/recursosidi\/wp-json\/wp\/v2\/product_cat?post=11819"},{"taxonomy":"product_tag","embeddable":true,"href":"https:\/\/www.upm.es\/recursosidi\/wp-json\/wp\/v2\/product_tag?post=11819"},{"taxonomy":"comunidad_upm","embeddable":true,"href":"https:\/\/www.upm.es\/recursosidi\/wp-json\/wp\/v2\/comunidades-upm?post=11819"},{"taxonomy":"quien","embeddable":true,"href":"https:\/\/www.upm.es\/recursosidi\/wp-json\/wp\/v2\/quien?post=11819"},{"taxonomy":"mapa","embeddable":true,"href":"https:\/\/www.upm.es\/recursosidi\/wp-json\/wp\/v2\/mapa?post=11819"},{"taxonomy":"disponibilidad","embeddable":true,"href":"https:\/\/www.upm.es\/recursosidi\/wp-json\/wp\/v2\/disponibilidad?post=11819"},{"taxonomy":"donde","embeddable":true,"href":"https:\/\/www.upm.es\/recursosidi\/wp-json\/wp\/v2\/donde?post=11819"},{"taxonomy":"infraestructura","embeddable":true,"href":"https:\/\/www.upm.es\/recursosidi\/wp-json\/wp\/v2\/infraestructura?post=11819"},{"taxonomy":"ods","embeddable":true,"href":"https:\/\/www.upm.es\/recursosidi\/wp-json\/wp\/v2\/ods?post=11819"},{"taxonomy":"origen","embeddable":true,"href":"https:\/\/www.upm.es\/recursosidi\/wp-json\/wp\/v2\/origen?post=11819"}],"curies":[{"name":"wp","href":"https:\/\/api.w.org\/{rel}","templated":true}]}}