{"id":11821,"date":"2023-01-26T11:47:22","date_gmt":"2023-01-26T10:47:22","guid":{"rendered":"https:\/\/www.upm.es\/recursosidi\/offers-resources\/sin%20categor\u00eda\/dispositivo-optico-de-comprobacion-de-la-hinca-de-un-pilote-2\/"},"modified":"2023-05-26T02:31:19","modified_gmt":"2023-05-26T00:31:19","slug":"dispositivo-optico-de-comprobacion-de-la-hinca-de-un-pilote-2","status":"publish","type":"product","link":"https:\/\/www.upm.es\/recursosidi\/offers-resources\/patentes\/dispositivo-optico-de-comprobacion-de-la-hinca-de-un-pilote-2\/","title":{"rendered":"Dispositivo \u00f3ptico de comprobaci\u00f3n de la hinca de un pilote"},"content":{"rendered":"<h5>Descripci\u00f3n de la patente <\/h5>\n<p>Dispositivo &oacute;ptico de comprobaci&oacute;n de la hinca de un<br \/>pilote que comprende una estructura portante, una<br \/>c&aacute;mara (1), un brazo (5) articulado, que a su vez<br \/>comprende un punto de referencia (11); un sensoriluminador<br \/>(3), configurado para iluminar la superficie<br \/>del pilote (12) y el punto de referencia (11) mediante<br \/>un patr&oacute;n de iluminaci&oacute;n l&aacute;ser, as&iacute; como para medir<br \/>distancias con respecto al pilote (12); un equipo (6) de<br \/>procesado de las im&aacute;genes tomadas por la c&aacute;mara<br \/>(1) y de las distancias medidas por el sensoriluminador<br \/>(3); donde dicho equipo (6) est&aacute;<br \/>configurado para medir, sobre cada imagen tomada<br \/>por la c&aacute;mara (1), una distancia, Yf, entre la franja de<br \/>contraste (4) y el punto de referencia (11) y, mediante<br \/>triangulaci&oacute;n, calcular la distancia real, Ym, sobre el<br \/>pilote (12) entre la franja de contraste (4) y la<br \/>proyecci&oacute;n del punto de referencia (11) sobre la<br \/>superficie del pilote (12).<\/p>\n<p><img fetchpriority=\"high\" decoding=\"async\" src=\"https:\/\/www.upm.es\/S2i\/Acuse\/recuperarArchivo.jsp?id=1509&amp;id_archivo=12703&amp;tipo=patente&amp;extension=imagen\" alt=\"Figura 1\" width=\"379\" height=\"261\" \/><\/p>\n<h5>Situaci\u00f3n <\/h5>\n<p>Concedida<\/p>\n<h5>N\u00famero de solicitud<\/h5>\n<p>P201831172<\/p>\n<h5>N\u00famero de publicaci\u00f3n<\/h5>\n<p>ES2722573<\/p>\n<h5>Fecha de presentaci\u00f3n <\/h5>\n<p>03\/12\/2018<\/p>\n<h5>Fecha de publicaci\u00f3n <\/h5>\n<p>13\/08\/2019<\/p>\n<h5>Fecha de concesi\u00f3n <\/h5>\n<p>04\/05\/2021<\/p>\n<h4><strong>Extensiones Internacionales<\/strong><\/h4>\n<h5>PCT<\/h5>\n<p><strong>Referencia de la solicitud: <\/strong>PCT\/ES2019\/070813<br \/><strong>T\u00edtulo: <\/strong>DISPOSITIVO \u00d3PTICO DE COMPROBACI\u00d3N DE LA HINCA DE UN<br \/>\nPILOTE<\/p>\n<h5>EUROPA<\/h5>\n<p><strong>Referencia de la solicitud: <\/strong>19893856.5<br \/><strong>T\u00edtulo:\t\t\t\t\t   <\/strong>OPTICAL DEVICE FOR THE VERIFICATION OF PILE-DRIVING<br \/><strong>Situacion: \t\t\t\t   <\/strong>Concedida<\/p>\n<h5>PA\u00cdSES<\/h5>\n<p><strong>Pa\u00eds: <\/strong>Francia<br \/><strong>N\u00famero de solicitud: <\/strong>EP3892778<br \/><strong>Titulo: <\/strong>Dispositif optique de verification denfoncement dun pieu<br \/><strong>Situaci\u00f3n: <\/strong>Concedida<br \/><strong>Pa\u00eds: <\/strong>Reino Unido<br \/><strong>N\u00famero de solicitud: <\/strong>EP3892778<br \/><strong>Titulo: <\/strong>Optical device for the verification of pile-driving<br \/><strong>Situaci\u00f3n: <\/strong>Concedida<\/p>\n<div class=\"pdfprnt-buttons pdfprnt-buttons-product pdfprnt-bottom-left\"><a href=\"https:\/\/www.upm.es\/recursosidi\/wp-json\/wp\/v2\/product\/11821?print=pdf\" class=\"pdfprnt-button pdfprnt-button-pdf\" target=\"_blank\"><span class=\"pdfprnt-button-title pdfprnt-button-pdf-title\">Descargar ficha<\/span><\/a><\/div>","protected":false},"excerpt":{"rendered":"<p>Descripci\u00f3n de la patente Dispositivo &oacute;ptico de comprobaci&oacute;n de la hinca de unpilote que comprende una estructura portante, unac&aacute;mara (1), un brazo (5) articulado, que&hellip;<\/p>\n","protected":false},"featured_media":0,"template":"","meta":{"_acf_changed":false},"product_cat":[3946],"product_tag":[9042,9043],"comunidades-upm":[],"quien":[],"mapa":[{"term_id":124,"name":"Arquitectura, Baukultur y creatividad","slug":"arquitectura-baukultur-creatividad","term_group":0,"term_taxonomy_id":124,"taxonomy":"mapa","description":"","parent":0,"count":25,"filter":"raw","term_order":"4"},{"term_id":135,"name":"Industria, materiales y econom\u00eda circular","slug":"industria-materiales-economia_circular","term_group":0,"term_taxonomy_id":135,"taxonomy":"mapa","description":"","parent":0,"count":165,"filter":"raw","term_order":"13"}],"disponibilidad":[],"donde":[{"term_id":578,"name":"Geolog\u00eda Aplicada a la Ingenier\u00eda Civil","slug":"geologia-aplicada-a-la-ingenieria-civil","term_group":0,"term_taxonomy_id":578,"taxonomy":"donde","description":"Las <strong>l&iacute;neas de investigaci&oacute;n<\/strong> en las que basamos nuestro trabajo e investigaci&oacute;n son:\n&nbsp;\n\nGeolog&iacute;a Aplicada al Medio Ambiente y a las Obras P&uacute;blicas e Ingenier&iacute;a Civil.\n\n&nbsp;\n\nGeomorfolog&iacute;a Aplicada al Medio Ambiente y a las Obras P&uacute;blicas e Ingenier&iacute;a Civil y Geolog&iacute;a del Cuaternario\n\n&nbsp;\n\nHidrogeolog&iacute;a Aplicada al Medio Ambiente y a las Obras P&uacute;blicas\n\n&nbsp;\n\nRiesgos Geol&oacute;gicos Afectos a la Ingenier&iacute;a Civil y Medio Ambiente\n\n&nbsp;\n\nIngenier&iacute;a Geol&oacute;gica y su Relaci&oacute;n con el Medio Ambiente y la Ingenier&iacute;a\n","parent":0,"count":1,"filter":"raw","term_order":"0"},{"term_id":500,"name":"Tecnolog\u00eda de Materiales y Medio Ambiente","slug":"tecnologia-de-materiales-y-medio-ambiente","term_group":0,"term_taxonomy_id":500,"taxonomy":"donde","description":"Somos un grupo multidisciplinar con experiencia investigadora y profesional, fundado en 2005 por la Catedr\u00e1tica Milagros Bonilla Sim\u00f3n, formado en la actualidad por 9 profesores de la\u00a0<a href=\"https:\/\/caminos.upm.es\/\">ETSI de Caminos, Canales y Puertos<\/a>. Nuestro grupo est\u00e1 integrado en el\u00a0<a href=\"http:\/\/www.campusmoncloa.es\/tematma\/\">Campus de Excelencia Internacional Moncloa<\/a>, dentro las l\u00edneas de acci\u00f3n\u00a0<em>Tecnolog\u00edas medioambientales y nuevas energ\u00edas<\/em>\u00a0y\u00a0<em>Materiales estructurales<\/em>, correspondientes a los cl\u00faster de\u00a0<a href=\"http:\/\/www.campusmoncloa.es\/es\/clusteres\/cambio-global-y-nuevas-energias\/\">Cambio Global y Nuevas Energ\u00edas<\/a>\u00a0y\u00a0<a href=\"http:\/\/www.campusmoncloa.es\/es\/clusteres\/materiales-para-el-futuro\/\">Materiales para el Futuro<\/a>, respectivamente.","parent":0,"count":5,"filter":"raw","term_order":"0"}],"infraestructura":[],"ods":[],"origen":[{"term_id":180,"name":"Patente","slug":"patente","term_group":0,"term_taxonomy_id":180,"taxonomy":"origen","description":"","parent":0,"count":614,"filter":"raw","term_order":"0"}],"familia_tax":false,"quien_tax":false,"donde_tax":false,"year":"","contacto":"<strong>Principales: <\/strong><ul><li>JOSE RAMON SANCHEZ LAVIN <blockquote><strong>joseramon.sanchez@upm.es<\/strong><\/blockquote><\/li><li>ALBERTO MAZARIEGOS DE LA SERNA <blockquote><strong>alberto.mazariegos@upm.es<\/strong><\/blockquote><\/li><li>MARIA ISABEL MAS LOPEZ <blockquote><strong>mariaisabel.mas@upm.es<\/strong><\/blockquote><\/li><li>FELIX ESCOLANO SANCHEZ <blockquote><strong>felix.escolano@upm.es<\/strong><\/blockquote><\/li><\/ul>","telefono":"","pagina_web":"","email":"","id_ficha_portal":"1509","video":"","adjuntos":false,"adjuntos_portal":"https:\/\/www.upm.es\/S2i\/Acuse\/recuperarArchivo.jsp?id=1509&id_archivo=12096&tipo=patente&extension=fichero ","inf":false,"departamento":"","acf":[],"lang":"es","translation":{"es":11821},"_links":{"self":[{"href":"https:\/\/www.upm.es\/recursosidi\/wp-json\/wp\/v2\/product\/11821"}],"collection":[{"href":"https:\/\/www.upm.es\/recursosidi\/wp-json\/wp\/v2\/product"}],"about":[{"href":"https:\/\/www.upm.es\/recursosidi\/wp-json\/wp\/v2\/types\/product"}],"wp:attachment":[{"href":"https:\/\/www.upm.es\/recursosidi\/wp-json\/wp\/v2\/media?parent=11821"}],"wp:term":[{"taxonomy":"product_cat","embeddable":true,"href":"https:\/\/www.upm.es\/recursosidi\/wp-json\/wp\/v2\/product_cat?post=11821"},{"taxonomy":"product_tag","embeddable":true,"href":"https:\/\/www.upm.es\/recursosidi\/wp-json\/wp\/v2\/product_tag?post=11821"},{"taxonomy":"comunidad_upm","embeddable":true,"href":"https:\/\/www.upm.es\/recursosidi\/wp-json\/wp\/v2\/comunidades-upm?post=11821"},{"taxonomy":"quien","embeddable":true,"href":"https:\/\/www.upm.es\/recursosidi\/wp-json\/wp\/v2\/quien?post=11821"},{"taxonomy":"mapa","embeddable":true,"href":"https:\/\/www.upm.es\/recursosidi\/wp-json\/wp\/v2\/mapa?post=11821"},{"taxonomy":"disponibilidad","embeddable":true,"href":"https:\/\/www.upm.es\/recursosidi\/wp-json\/wp\/v2\/disponibilidad?post=11821"},{"taxonomy":"donde","embeddable":true,"href":"https:\/\/www.upm.es\/recursosidi\/wp-json\/wp\/v2\/donde?post=11821"},{"taxonomy":"infraestructura","embeddable":true,"href":"https:\/\/www.upm.es\/recursosidi\/wp-json\/wp\/v2\/infraestructura?post=11821"},{"taxonomy":"ods","embeddable":true,"href":"https:\/\/www.upm.es\/recursosidi\/wp-json\/wp\/v2\/ods?post=11821"},{"taxonomy":"origen","embeddable":true,"href":"https:\/\/www.upm.es\/recursosidi\/wp-json\/wp\/v2\/origen?post=11821"}],"curies":[{"name":"wp","href":"https:\/\/api.w.org\/{rel}","templated":true}]}}