{"id":11822,"date":"2023-01-26T11:47:25","date_gmt":"2023-01-26T10:47:25","guid":{"rendered":"https:\/\/www.upm.es\/recursosidi\/offers-resources\/sin%20categor\u00eda\/sistema-de-fachada-movil-y-autonomo-con-panel-solar-plegable-para-el-aprovechamiento-optimo-de-luz-natural\/"},"modified":"2025-02-01T02:46:50","modified_gmt":"2025-02-01T01:46:50","slug":"sistema-de-fachada-movil-y-autonomo-con-panel-solar-plegable-para-el-aprovechamiento-optimo-de-luz-natural","status":"publish","type":"product","link":"https:\/\/www.upm.es\/recursosidi\/offers-resources\/patentes\/sistema-de-fachada-movil-y-autonomo-con-panel-solar-plegable-para-el-aprovechamiento-optimo-de-luz-natural\/","title":{"rendered":"SISTEMA DE FACHADA M\u00d3VIL Y AUT\u00d3NOMO CON PANEL SOLAR PLEGABLE PARA EL APROVECHAMIENTO \u00d3PTIMO DE LUZ NATURAL"},"content":{"rendered":"<h5>Descripci\u00f3n de la patente <\/h5>\n<p>La presente invenci&oacute;n consiste en un panel solar<br \/>plegable para el aprovechamiento &oacute;ptimo de luz solar<br \/>que comprende un m&aacute;stil central (1), un esqueleto<br \/>estructural (14) articulado conectado al m&aacute;stil central<br \/>(1), una envoltura reforzada (2) que reviste el<br \/>esqueleto estructural (14) articulado y al menos una<br \/>c&eacute;lula fotovoltaica (3) situada sobre una superficie<br \/>exterior de la envoltura reforzada (2). El m&aacute;stil central<br \/>(1) comprende un accionamiento que permite activar<br \/>una polea que pliega y despliega el panel solar<br \/>plegable, ampliando la superficie de captaci&oacute;n solar<br \/>por parte de las c&eacute;lulas fotovoltaicas (3).<br \/>Adem&aacute;s del panel, la invenci&oacute;n tambi&eacute;n comprende<br \/>un sistema m&oacute;vil y aut&oacute;nomo de cerramientos de<br \/>fachadas de edificaciones que comprende los paneles<br \/>solares plegables definidos, donde dichos paneles<br \/>solares se encuentran cubriendo parte o la totalidad<br \/>de una fachada de una edificaci&oacute;n en forma de lamas,<br \/>de modo que est&aacute;n configurados para regular el paso<br \/>de la radiaci&oacute;n solar directa e indirecta al interior de<br \/>dicha edificaci&oacute;n.<br \/>El objetivo de la invenci&oacute;n es el de implementar una<br \/>medida sostenible activa de captaci&oacute;n de energ&iacute;a<br \/>solar para transformarla en energ&iacute;a el&eacute;ctrica, en una<br \/>medida pasiva como son las lamas utilizadas para<br \/>cubrir las fachadas de edificaciones de la radiaci&oacute;n<br \/>directa y el campo t&eacute;cnico en el que se encuentra es<br \/>el de la integraci&oacute;n arquitect&oacute;nica de dispositivos<br \/>semiconductores sensibles a la radiaci&oacute;n adaptados<br \/>para la conversi&oacute;n de la energ&iacute;a.<\/p>\n<p><img fetchpriority=\"high\" decoding=\"async\" src=\"https:\/\/www.upm.es\/S2i\/Acuse\/recuperarArchivo.jsp?id=1519&amp;id_archivo=12636&amp;tipo=patente&amp;extension=imagen\" alt=\"Figura 3\" width=\"456\" height=\"646\" \/><\/p>\n<h5>N\u00famero de solicitud<\/h5>\n<p>P201831277<\/p>\n<h5>N\u00famero de publicaci\u00f3n<\/h5>\n<p>ES2708399<\/p>\n<h5>Fecha de presentaci\u00f3n <\/h5>\n<p>24\/12\/2018<\/p>\n<h5>Fecha de publicaci\u00f3n <\/h5>\n<p>09\/04\/2019<\/p>\n<h5>Fecha de concesi\u00f3n <\/h5>\n<p>03\/12\/2019<\/p>\n<div class=\"pdfprnt-buttons pdfprnt-buttons-product pdfprnt-bottom-left\"><a href=\"https:\/\/www.upm.es\/recursosidi\/wp-json\/wp\/v2\/product\/11822?print=pdf\" class=\"pdfprnt-button pdfprnt-button-pdf\" target=\"_blank\"><span class=\"pdfprnt-button-title pdfprnt-button-pdf-title\">Descargar ficha<\/span><\/a><\/div>","protected":false},"excerpt":{"rendered":"<p>Descripci\u00f3n de la patente La presente invenci&oacute;n consiste en un panel solarplegable para el aprovechamiento &oacute;ptimo de luz solarque comprende un m&aacute;stil central (1), un&hellip;<\/p>\n","protected":false},"featured_media":0,"template":"","meta":{"_acf_changed":false},"product_cat":[3946],"product_tag":[2548,3547,4006,3984],"comunidades-upm":[],"quien":[],"mapa":[{"term_id":124,"name":"Arquitectura, Baukultur y creatividad","slug":"arquitectura-baukultur-creatividad","term_group":0,"term_taxonomy_id":124,"taxonomy":"mapa","description":"","parent":0,"count":25,"filter":"raw","term_order":"4"},{"term_id":133,"name":"Clima, Energ\u00eda y Movilidad","slug":"clima-energia-movilidad","term_group":0,"term_taxonomy_id":133,"taxonomy":"mapa","description":"","parent":0,"count":129,"filter":"raw","term_order":"9"}],"disponibilidad":[],"donde":[{"term_id":42,"name":"UPM","slug":"upm","term_group":0,"term_taxonomy_id":42,"taxonomy":"donde","description":"Universidad Polit\u00e9cnica de Madrid\r\nHTML \"Lorem ipsum dolor sit amet, consectetur adipiscing elit, sed do eiusmod tempor incididunt ut labore et dolore magna aliqua. Ut enim ad minim veniam, quis nostrud exercitation ullamco laboris nisi ut aliquip ex ea commodo consequat. Duis aute irure dolor in reprehenderit in voluptate velit esse cillum dolore eu fugiat nulla pariatur. Excepteur sint occaecat cupidatat non proident, sunt in culpa qui officia deserunt mollit anim id est laborum.\"","parent":0,"count":146,"filter":"raw","term_order":"0"}],"infraestructura":[],"ods":[],"origen":[{"term_id":180,"name":"Patente","slug":"patente","term_group":0,"term_taxonomy_id":180,"taxonomy":"origen","description":"","parent":0,"count":614,"filter":"raw","term_order":"0"}],"familia_tax":false,"quien_tax":false,"donde_tax":false,"year":"","contacto":"<ul><li><blockquote><strong>otri.investigacion@upm.es<\/strong><\/blockquote><\/li><\/ul>","telefono":"","pagina_web":"","email":"","id_ficha_portal":"1519","video":"","adjuntos":false,"adjuntos_portal":"https:\/\/www.upm.es\/S2i\/Acuse\/recuperarArchivo.jsp?id=1519&id_archivo=10649&tipo=patente&extension=fichero","inf":false,"departamento":"","acf":[],"lang":"es","translation":{"es":11822},"_links":{"self":[{"href":"https:\/\/www.upm.es\/recursosidi\/wp-json\/wp\/v2\/product\/11822"}],"collection":[{"href":"https:\/\/www.upm.es\/recursosidi\/wp-json\/wp\/v2\/product"}],"about":[{"href":"https:\/\/www.upm.es\/recursosidi\/wp-json\/wp\/v2\/types\/product"}],"wp:attachment":[{"href":"https:\/\/www.upm.es\/recursosidi\/wp-json\/wp\/v2\/media?parent=11822"}],"wp:term":[{"taxonomy":"product_cat","embeddable":true,"href":"https:\/\/www.upm.es\/recursosidi\/wp-json\/wp\/v2\/product_cat?post=11822"},{"taxonomy":"product_tag","embeddable":true,"href":"https:\/\/www.upm.es\/recursosidi\/wp-json\/wp\/v2\/product_tag?post=11822"},{"taxonomy":"comunidad_upm","embeddable":true,"href":"https:\/\/www.upm.es\/recursosidi\/wp-json\/wp\/v2\/comunidades-upm?post=11822"},{"taxonomy":"quien","embeddable":true,"href":"https:\/\/www.upm.es\/recursosidi\/wp-json\/wp\/v2\/quien?post=11822"},{"taxonomy":"mapa","embeddable":true,"href":"https:\/\/www.upm.es\/recursosidi\/wp-json\/wp\/v2\/mapa?post=11822"},{"taxonomy":"disponibilidad","embeddable":true,"href":"https:\/\/www.upm.es\/recursosidi\/wp-json\/wp\/v2\/disponibilidad?post=11822"},{"taxonomy":"donde","embeddable":true,"href":"https:\/\/www.upm.es\/recursosidi\/wp-json\/wp\/v2\/donde?post=11822"},{"taxonomy":"infraestructura","embeddable":true,"href":"https:\/\/www.upm.es\/recursosidi\/wp-json\/wp\/v2\/infraestructura?post=11822"},{"taxonomy":"ods","embeddable":true,"href":"https:\/\/www.upm.es\/recursosidi\/wp-json\/wp\/v2\/ods?post=11822"},{"taxonomy":"origen","embeddable":true,"href":"https:\/\/www.upm.es\/recursosidi\/wp-json\/wp\/v2\/origen?post=11822"}],"curies":[{"name":"wp","href":"https:\/\/api.w.org\/{rel}","templated":true}]}}