{"id":11824,"date":"2023-01-26T11:47:31","date_gmt":"2023-01-26T10:47:31","guid":{"rendered":"https:\/\/www.upm.es\/recursosidi\/offers-resources\/sin categor\u00eda\/procedimiento-y-sistema-ciberfisico-de-manipulacion-y-mecanizado-de-un-panel-rigido\/"},"modified":"2023-01-26T11:47:31","modified_gmt":"2023-01-26T10:47:31","slug":"procedimiento-y-sistema-ciberfisico-de-manipulacion-y-mecanizado-de-un-panel-rigido","status":"publish","type":"product","link":"https:\/\/www.upm.es\/recursosidi\/offers-resources\/patentes\/procedimiento-y-sistema-ciberfisico-de-manipulacion-y-mecanizado-de-un-panel-rigido\/","title":{"rendered":"Procedimiento y sistema ciberf\u00edsico de manipulaci\u00f3n y mecanizado de un panel r\u00edgido"},"content":{"rendered":"<h4><strong>Descripci\u00f3n de la patente <\/strong><\/h4>\n<p>Procedimiento y sistema ciberf&iacute;sico de manipulaci&oacute;n y<br \/>mecanizado de un panel r&iacute;gido, que comprende:<br \/>recoger, mediante un robot manipulador (1), el panel<br \/>(100) de una cinta transportadora (4) e introducido en<br \/>una m&aacute;quina de corte (2); realizar autom&aacute;ticamente<br \/>en la m&aacute;quina de corte (2) un proceso de perfilado y<br \/>mecanizado de una ranura lateral en el panel (100);<br \/>extraer, mediante el robot manipulador (1), el panel de<br \/>la m&aacute;quina de corte (2) y colocarlo de nuevo sobre la<br \/>cinta transportadora (4).<\/p>\n<p><img fetchpriority=\"high\" decoding=\"async\" src=\"recuperarArchivo.jsp?id=1559&amp;id_archivo=12618&amp;tipo=patente&amp;extension=imagen\" alt=\"Figura 4\" width=\"296\" height=\"238\" \/><\/p>\n<h4><strong>Situaci\u00f3n<\/strong><\/h4>\n<p>Concedida<\/p>\n<h4><strong>N\u00famero de solicitud<\/h5>\n<p>P201930579<\/p>\n<h5>N\u00famero de publicaci\u00f3n<\/h5>\n<p>ES2800799<\/p>\n<h5>Fecha de presentaci\u00f3n <\/h5>\n<p>24\/06\/2019<\/p>\n<h5>Fecha de publicaci\u00f3n <\/h5>\n<p>04\/01\/2021<\/p>\n<h5>Fecha de concesi\u00f3n <\/h5>\n<p>06\/05\/2021<\/p>\n<h4><strong>Extensiones Internacionales<\/strong><\/h4>\n<h5>PCT<\/h5>\n<p><strong>Referencia de la solicitud: <\/strong>PCT\/ES2020\/070412<br \/>\nWO 2020\/260740<br \/><strong>T\u00edtulo: <\/strong>PROCEDIMIENTO Y SISTEMA CIBERF\u00cdSICO DE MANIPULACI\u00d3N Y MECANIZADO DE UN PANEL R\u00cdGIDO<\/p>\n<div class=\"pdfprnt-buttons pdfprnt-buttons-product pdfprnt-bottom-left\"><a href=\"https:\/\/www.upm.es\/recursosidi\/wp-json\/wp\/v2\/product\/11824?print=pdf\" class=\"pdfprnt-button pdfprnt-button-pdf\" target=\"_blank\"><span class=\"pdfprnt-button-title pdfprnt-button-pdf-title\">Descargar ficha<\/span><\/a><\/div>","protected":false},"excerpt":{"rendered":"<p>Descripci\u00f3n de la patente Procedimiento y sistema ciberf&iacute;sico de manipulaci&oacute;n ymecanizado de un panel r&iacute;gido, que comprende:recoger, mediante un robot manipulador (1), el panel(100) de&hellip;<\/p>\n","protected":false},"featured_media":0,"template":"","meta":{"_acf_changed":false},"product_cat":[3946],"product_tag":[],"comunidades-upm":[],"quien":[],"mapa":[{"term_id":124,"name":"Arquitectura, Baukultur y creatividad","slug":"arquitectura-baukultur-creatividad","term_group":0,"term_taxonomy_id":124,"taxonomy":"mapa","description":"","parent":0,"count":25,"filter":"raw","term_order":"4"},{"term_id":135,"name":"Industria, materiales y econom\u00eda circular","slug":"industria-materiales-economia_circular","term_group":0,"term_taxonomy_id":135,"taxonomy":"mapa","description":"","parent":0,"count":165,"filter":"raw","term_order":"13"}],"disponibilidad":[],"donde":[{"term_id":42,"name":"UPM","slug":"upm","term_group":0,"term_taxonomy_id":42,"taxonomy":"donde","description":"Universidad Polit\u00e9cnica de Madrid\r\nHTML \"Lorem ipsum dolor sit amet, consectetur adipiscing elit, sed do eiusmod tempor incididunt ut labore et dolore magna aliqua. Ut enim ad minim veniam, quis nostrud exercitation ullamco laboris nisi ut aliquip ex ea commodo consequat. Duis aute irure dolor in reprehenderit in voluptate velit esse cillum dolore eu fugiat nulla pariatur. Excepteur sint occaecat cupidatat non proident, sunt in culpa qui officia deserunt mollit anim id est laborum.\"","parent":0,"count":146,"filter":"raw","term_order":"0"}],"infraestructura":[],"ods":[],"origen":[{"term_id":180,"name":"Patente","slug":"patente","term_group":0,"term_taxonomy_id":180,"taxonomy":"origen","description":"","parent":0,"count":614,"filter":"raw","term_order":"0"}],"familia_tax":false,"quien_tax":false,"donde_tax":false,"year":"","contacto":"<ul><\/strong><li><blockquote><strong>otri.investigacion@upm.es<\/strong><\/blockquote><\/li><\/ul>","telefono":"","pagina_web":"","email":"","id_ficha_portal":"1559","video":"","adjuntos":false,"adjuntos_portal":"https:\/\/www.upm.es\/S2i\/Acuse\/recuperarArchivo.jsp?id=1559&id_archivo=12107&tipo=patente&extension=fichero","inf":false,"departamento":"","acf":[],"lang":"es","translation":{"es":11824},"_links":{"self":[{"href":"https:\/\/www.upm.es\/recursosidi\/wp-json\/wp\/v2\/product\/11824"}],"collection":[{"href":"https:\/\/www.upm.es\/recursosidi\/wp-json\/wp\/v2\/product"}],"about":[{"href":"https:\/\/www.upm.es\/recursosidi\/wp-json\/wp\/v2\/types\/product"}],"wp:attachment":[{"href":"https:\/\/www.upm.es\/recursosidi\/wp-json\/wp\/v2\/media?parent=11824"}],"wp:term":[{"taxonomy":"product_cat","embeddable":true,"href":"https:\/\/www.upm.es\/recursosidi\/wp-json\/wp\/v2\/product_cat?post=11824"},{"taxonomy":"product_tag","embeddable":true,"href":"https:\/\/www.upm.es\/recursosidi\/wp-json\/wp\/v2\/product_tag?post=11824"},{"taxonomy":"comunidad_upm","embeddable":true,"href":"https:\/\/www.upm.es\/recursosidi\/wp-json\/wp\/v2\/comunidades-upm?post=11824"},{"taxonomy":"quien","embeddable":true,"href":"https:\/\/www.upm.es\/recursosidi\/wp-json\/wp\/v2\/quien?post=11824"},{"taxonomy":"mapa","embeddable":true,"href":"https:\/\/www.upm.es\/recursosidi\/wp-json\/wp\/v2\/mapa?post=11824"},{"taxonomy":"disponibilidad","embeddable":true,"href":"https:\/\/www.upm.es\/recursosidi\/wp-json\/wp\/v2\/disponibilidad?post=11824"},{"taxonomy":"donde","embeddable":true,"href":"https:\/\/www.upm.es\/recursosidi\/wp-json\/wp\/v2\/donde?post=11824"},{"taxonomy":"infraestructura","embeddable":true,"href":"https:\/\/www.upm.es\/recursosidi\/wp-json\/wp\/v2\/infraestructura?post=11824"},{"taxonomy":"ods","embeddable":true,"href":"https:\/\/www.upm.es\/recursosidi\/wp-json\/wp\/v2\/ods?post=11824"},{"taxonomy":"origen","embeddable":true,"href":"https:\/\/www.upm.es\/recursosidi\/wp-json\/wp\/v2\/origen?post=11824"}],"curies":[{"name":"wp","href":"https:\/\/api.w.org\/{rel}","templated":true}]}}