{"id":11826,"date":"2023-01-26T11:47:37","date_gmt":"2023-01-26T10:47:37","guid":{"rendered":"https:\/\/www.upm.es\/recursosidi\/offers-resources\/sin%20categor\u00eda\/localizador-de-faltas-a-tierra-para-un-circuito-electrico-circuito-electrico-ymetodo-de-localizacion-de-faltas-a-tierra\/"},"modified":"2023-10-26T02:31:13","modified_gmt":"2023-10-26T00:31:13","slug":"localizador-de-faltas-a-tierra-para-un-circuito-electrico-circuito-electrico-ymetodo-de-localizacion-de-faltas-a-tierra","status":"publish","type":"product","link":"https:\/\/www.upm.es\/recursosidi\/offers-resources\/patentes\/localizador-de-faltas-a-tierra-para-un-circuito-electrico-circuito-electrico-ymetodo-de-localizacion-de-faltas-a-tierra\/","title":{"rendered":"Localizador de faltas a tierra para un circuito el\u00e9ctrico, circuito el\u00e9ctrico y\r\nm\u00e9todo de localizaci\u00f3n de faltas a tierra"},"content":{"rendered":"<h5>Descripci\u00f3n de la patente <\/h5>\n<p>La presente invenci&oacute;n se refiere a un localizador de faltas a tierra para un circuito el&eacute;ctrico, comprendiendo el localizador: conexiones el&eacute;ctricas (10a, 10b) con interruptores, un medidor de tensi&oacute;n (17) y medios de procesamiento (20) configurados para: a) recibir una medida de una onda de tensi&oacute;n de una de las conexiones el&eacute;ctricas (10a, 10b); b) estimar una tensi&oacute;n continua de una componente continua de la onda de tensi&oacute;n medida y\/o estimar una tensi&oacute;n alterna de una componente alterna de la onda de tensi&oacute;n medida; c) cerrar el interruptor de una de las conexiones el&eacute;ctricas distinta de la conexi&oacute;n el&eacute;ctrica de la etapa a); d) recibir la medida de la onda de tensi&oacute;n de la conexi&oacute;n el&eacute;ctrica distinta de la conexi&oacute;n el&eacute;ctrica de la etapa a); e) determinar que una porci&oacute;n de un circuito el&eacute;ctrico tiene una falta a tierra en base a la medida de la etapa d).<\/p>\n<h5>Situaci\u00f3n <\/h5>\n<p>Concedida<\/p>\n<h5>N\u00famero de solicitud<\/h5>\n<p>P202230596<\/p>\n<h5>N\u00famero de publicaci\u00f3n<\/h5>\n<p>ES2930209<\/p>\n<h5>Fecha de presentaci\u00f3n <\/h5>\n<p>01\/07\/2022<\/p>\n<h5>Fecha de publicaci\u00f3n <\/h5>\n<p>07\/12\/2022<\/p>\n<h5>Fecha de concesi\u00f3n <\/h5>\n<p>11\/10\/2023<\/p>\n<div class=\"pdfprnt-buttons pdfprnt-buttons-product pdfprnt-bottom-left\"><a href=\"https:\/\/www.upm.es\/recursosidi\/wp-json\/wp\/v2\/product\/11826?print=pdf\" class=\"pdfprnt-button pdfprnt-button-pdf\" target=\"_blank\"><span class=\"pdfprnt-button-title pdfprnt-button-pdf-title\">Descargar ficha<\/span><\/a><\/div>","protected":false},"excerpt":{"rendered":"<p>Descripci\u00f3n de la patente La presente invenci&oacute;n se refiere a un localizador de faltas a tierra para un circuito el&eacute;ctrico, comprendiendo el localizador: conexiones el&eacute;ctricas&hellip;<\/p>\n","protected":false},"featured_media":0,"template":"","meta":{"_acf_changed":false},"product_cat":[3946],"product_tag":[4144],"comunidades-upm":[],"quien":[],"mapa":[{"term_id":2405,"name":"Ciencia para la ingenier\u00eda y la arquitectura","slug":"ciencia-para-ingenieria-y-arquitectura","term_group":0,"term_taxonomy_id":2405,"taxonomy":"mapa","description":"","parent":0,"count":127,"filter":"raw","term_order":"7"},{"term_id":133,"name":"Clima, Energ\u00eda y Movilidad","slug":"clima-energia-movilidad","term_group":0,"term_taxonomy_id":133,"taxonomy":"mapa","description":"","parent":0,"count":129,"filter":"raw","term_order":"9"},{"term_id":135,"name":"Industria, materiales y econom\u00eda circular","slug":"industria-materiales-economia_circular","term_group":0,"term_taxonomy_id":135,"taxonomy":"mapa","description":"","parent":0,"count":165,"filter":"raw","term_order":"13"}],"disponibilidad":[],"donde":[{"term_id":4598,"name":"Centro Tecnol\u00f3gico de Seguridad y Calidad en Industrias Energ\u00e9ticas y Minas (TECMINERGY)","slug":"centro-tecnologico-de-seguridad-y-calidad-en-industrias-energeticas-y-minas-tecminergy","term_group":0,"term_taxonomy_id":4598,"taxonomy":"donde","description":"","parent":0,"count":8,"filter":"raw","term_order":"0"},{"term_id":374,"name":"Generaci\u00f3n el\u00e9ctrica con energ\u00eda e\u00f3lica","slug":"generacion-electrica-con-energia-eolica","term_group":0,"term_taxonomy_id":374,"taxonomy":"donde","description":"","parent":0,"count":70,"filter":"raw","term_order":"0"},{"term_id":8956,"name":"Investigaci\u00f3n en Sistemas Energ\u00e9ticos (GISE)","slug":"investigacion-en-sistemas-energeticos-gise","term_group":0,"term_taxonomy_id":8956,"taxonomy":"donde","description":"","parent":0,"count":3,"filter":"raw","term_order":"0"},{"term_id":406,"name":"Seguridad Industrial: atm\u00f3sferas explosivas","slug":"seguridad-industrial-atmosferas-explosivas","term_group":0,"term_taxonomy_id":406,"taxonomy":"donde","description":"","parent":0,"count":4,"filter":"raw","term_order":"0"}],"infraestructura":[],"ods":[],"origen":[{"term_id":180,"name":"Patente","slug":"patente","term_group":0,"term_taxonomy_id":180,"taxonomy":"origen","description":"","parent":0,"count":614,"filter":"raw","term_order":"0"}],"familia_tax":false,"quien_tax":false,"donde_tax":false,"year":"","contacto":"<strong>Principales: <\/strong><ul><li>VANESA VALI\u00d1O LOPEZ <blockquote><strong>vanesa.valino@upm.es<\/strong><\/blockquote><\/li><li>JOSE MANUEL GUERRERO GRANADOS <blockquote><strong>josemanuel.guerrero@upm.es<\/strong><\/blockquote><\/li><li>DANIEL SERRANO JIMENEZ <blockquote><strong>daniel.serrano.jimenez@upm.es<\/strong><\/blockquote><\/li><li>CARLOS ANTONIO PLATERO GAONA <blockquote><strong>carlosantonio.platero@upm.es<\/strong><\/blockquote><\/li><\/ul><strong>Otros investigadores UPM: <\/strong><ul><li>Pablo Pomares Perego E.T.S. de Ingenieros Industriales<\/li><\/ul>","telefono":"","pagina_web":"","email":"","id_ficha_portal":"1846","video":"","adjuntos":false,"adjuntos_portal":"https:\/\/www.upm.es\/S2i\/Acuse\/recuperarArchivo.jsp?id=1846&id_archivo=14073&tipo=patente&extension=fichero","inf":false,"departamento":"","acf":[],"lang":"es","translation":{"es":11826},"_links":{"self":[{"href":"https:\/\/www.upm.es\/recursosidi\/wp-json\/wp\/v2\/product\/11826"}],"collection":[{"href":"https:\/\/www.upm.es\/recursosidi\/wp-json\/wp\/v2\/product"}],"about":[{"href":"https:\/\/www.upm.es\/recursosidi\/wp-json\/wp\/v2\/types\/product"}],"wp:attachment":[{"href":"https:\/\/www.upm.es\/recursosidi\/wp-json\/wp\/v2\/media?parent=11826"}],"wp:term":[{"taxonomy":"product_cat","embeddable":true,"href":"https:\/\/www.upm.es\/recursosidi\/wp-json\/wp\/v2\/product_cat?post=11826"},{"taxonomy":"product_tag","embeddable":true,"href":"https:\/\/www.upm.es\/recursosidi\/wp-json\/wp\/v2\/product_tag?post=11826"},{"taxonomy":"comunidad_upm","embeddable":true,"href":"https:\/\/www.upm.es\/recursosidi\/wp-json\/wp\/v2\/comunidades-upm?post=11826"},{"taxonomy":"quien","embeddable":true,"href":"https:\/\/www.upm.es\/recursosidi\/wp-json\/wp\/v2\/quien?post=11826"},{"taxonomy":"mapa","embeddable":true,"href":"https:\/\/www.upm.es\/recursosidi\/wp-json\/wp\/v2\/mapa?post=11826"},{"taxonomy":"disponibilidad","embeddable":true,"href":"https:\/\/www.upm.es\/recursosidi\/wp-json\/wp\/v2\/disponibilidad?post=11826"},{"taxonomy":"donde","embeddable":true,"href":"https:\/\/www.upm.es\/recursosidi\/wp-json\/wp\/v2\/donde?post=11826"},{"taxonomy":"infraestructura","embeddable":true,"href":"https:\/\/www.upm.es\/recursosidi\/wp-json\/wp\/v2\/infraestructura?post=11826"},{"taxonomy":"ods","embeddable":true,"href":"https:\/\/www.upm.es\/recursosidi\/wp-json\/wp\/v2\/ods?post=11826"},{"taxonomy":"origen","embeddable":true,"href":"https:\/\/www.upm.es\/recursosidi\/wp-json\/wp\/v2\/origen?post=11826"}],"curies":[{"name":"wp","href":"https:\/\/api.w.org\/{rel}","templated":true}]}}