{"id":11828,"date":"2023-01-26T11:47:44","date_gmt":"2023-01-26T10:47:44","guid":{"rendered":"https:\/\/www.upm.es\/recursosidi\/offers-resources\/sin%20categor\u00eda\/metodo-y-sistema-para-la-deteccion-precoz-de-episodios-de-dolor-oncologico\/"},"modified":"2023-04-20T02:30:14","modified_gmt":"2023-04-20T00:30:14","slug":"metodo-y-sistema-para-la-deteccion-precoz-de-episodios-de-dolor-oncologico","status":"publish","type":"product","link":"https:\/\/www.upm.es\/recursosidi\/offers-resources\/patentes\/metodo-y-sistema-para-la-deteccion-precoz-de-episodios-de-dolor-oncologico\/","title":{"rendered":"M\u00e9todo y sistema para la detecci\u00f3n precoz de episodios de dolor oncol\u00f3gico"},"content":{"rendered":"<h5>Descripci\u00f3n de la patente <\/h5>\n<p>La presente invenci&oacute;n se refiere a un m&eacute;todo y sistema para la detecci&oacute;n precoz de dolor oncol&oacute;gico en humanos. Comprende: asignar, desde una base de datos sociodemogr&aacute;fica, un modelo poblacional inicial a la persona; obtener, mediante un dispositivo personal inteligente o wearable, localizado en la persona, se&ntilde;ales biom&eacute;tricas; extraer, por un m&oacute;dulo de proceso, un vector de caracter&iacute;sticas de la se&ntilde;al biom&eacute;trica; proporcionar el vector de caracter&iacute;sticas extra&iacute;do a un m&oacute;dulo de predicci&oacute;n, donde el m&oacute;dulo de predicci&oacute;n consiste en un modelo predictivo asociado al modelo poblacional; y proporcionar una estimaci&oacute;n de intensidad de dolor en una ventana de tiempo futuro, de acuerdo al modelo predictivo del m&oacute;dulo de predicci&oacute;n.<\/p>\n<p>&nbsp;<\/p>\n<p><strong>BOPI<\/strong><\/p>\n<p align=\"LEFT\">M&eacute;todo y sistema para la detecci&oacute;n precoz de episodios de dolor oncol&oacute;gico. La presente invenci&oacute;n se refiere a un m&eacute;todo y sistema para la detecci&oacute;n precoz de dolor oncol&oacute;gico en humanos. Comprende: asignar, desde una base de datos sociodemogr&aacute;fica, un modelo poblacional inicial a la persona; obtener, mediante un dispositivo personal inteligente o wearable, localizado en la persona, se&ntilde;ales biom&eacute;tricas; extraer, por un m&oacute;dulo de proceso, un vector de caracter&iacute;sticas de la se&ntilde;al biom&eacute;trica; proporcionar el vector de caracter&iacute;sticas extra&iacute;do a un m&oacute;dulo de predicci&oacute;n, donde el m&oacute;dulo de predicci&oacute;n consiste en un modelo predictivo asociado al modelo poblacional; y proporcionar una estimaci&oacute;n de intensidad de dolor en una ventana de tiempo futuro, de acuerdo al modelo predictivo del m&oacute;dulo de predicci&oacute;n.<\/p>\n<p>&nbsp;<\/p>\n<h5>Situaci\u00f3n <\/h5>\n<p>Concedida<\/p>\n<h5>N\u00famero de solicitud<\/h5>\n<p>P202130974<\/p>\n<h5>N\u00famero de publicaci\u00f3n<\/h5>\n<p>ES2905474<\/p>\n<h5>Fecha de presentaci\u00f3n <\/h5>\n<p>19\/10\/2021<\/p>\n<h5>Fecha de publicaci\u00f3n <\/h5>\n<p>08\/04\/2022<\/p>\n<h5>Fecha de concesi\u00f3n <\/h5>\n<p>11\/04\/2023<\/p>\n<div class=\"pdfprnt-buttons pdfprnt-buttons-product pdfprnt-bottom-left\"><a href=\"https:\/\/www.upm.es\/recursosidi\/wp-json\/wp\/v2\/product\/11828?print=pdf\" class=\"pdfprnt-button pdfprnt-button-pdf\" target=\"_blank\"><span class=\"pdfprnt-button-title pdfprnt-button-pdf-title\">Descargar ficha<\/span><\/a><\/div>","protected":false},"excerpt":{"rendered":"<p>Descripci\u00f3n de la patente La presente invenci&oacute;n se refiere a un m&eacute;todo y sistema para la detecci&oacute;n precoz de dolor oncol&oacute;gico en humanos. Comprende: asignar,&hellip;<\/p>\n","protected":false},"featured_media":0,"template":"","meta":{"_acf_changed":false},"product_cat":[3946],"product_tag":[],"comunidades-upm":[],"quien":[],"mapa":[],"disponibilidad":[],"donde":[{"term_id":618,"name":"Centro de Investigaci\u00f3n en Simulaci\u00f3n Computacional (CCS)","slug":"centro-de-investigacion-en-simulacion-computacional-ccs","term_group":0,"term_taxonomy_id":618,"taxonomy":"donde","description":"","parent":0,"count":27,"filter":"raw","term_order":"0"},{"term_id":440,"name":"Laboratorio de Sistemas Integrados (LSI)","slug":"laboratorio-de-sistemas-integrados-lsi","term_group":0,"term_taxonomy_id":440,"taxonomy":"donde","description":"La actividad del grupo cubre las diversas etapas que van desde la I+D hasta la innovaci&oacute;n, en un amplio espectro tem&aacute;tico, a fin de proporcionar soluciones tecnol&oacute;gicas en el &aacute;rea de los sistemas integrados. As&iacute;, las principales l&iacute;neas de investigaci&oacute;n son:\n&nbsp;\n\n<strong>Microelectr&oacute;nica<\/strong>: Dise&ntilde;o de circuitos tolerantes a variaciones (proceso, temperatura, tensi&oacute;n, envejecimiento, radiaci&oacute;n) y VLSI.\n<strong>Arquitecturas digitales<\/strong> espec&iacute;ficas de altas prestaciones y sobre plataformas reconfigurables (FPGAs). Aceleraci&oacute;n Hardware.\n<strong>Herramientas EDA<\/strong> para el dise&ntilde;o de sistemas electr&oacute;nicos.\nDise&ntilde;o de <strong>sistemas embebidos, redes de sensores inal&aacute;mbricos, radio cognitiva<\/strong> y aplicaciones con estas tecnolog&iacute;as, incluyendo optimizaci&oacute;n de prestaciones, seguridad y consumo energ&eacute;tico.\n<strong>Optimizaci&oacute;n energ&eacute;tica<\/strong> de centros de datos.\n","parent":0,"count":13,"filter":"raw","term_order":"0"}],"infraestructura":[],"ods":[],"origen":[{"term_id":180,"name":"Patente","slug":"patente","term_group":0,"term_taxonomy_id":180,"taxonomy":"origen","description":"","parent":0,"count":614,"filter":"raw","term_order":"0"}],"familia_tax":false,"quien_tax":false,"donde_tax":false,"year":"","contacto":"<strong>Principales: <\/strong><ul><li>JOSUE PAGAN ORTIZ <blockquote><strong>j.pagan@upm.es<\/strong><\/blockquote><\/li><\/ul><strong>Otros investigadores UPM: <\/strong><ul><li>Juan Fern\u00e1dez Blasco E.T.S. de Ingenieros de Telecomunicaci\u00f3n<\/li><\/ul><strong>Otros inventores: <\/strong><ul><li>Jos\u00e9 LuisAyala Rodrigo <blockquote><strong>jayala@ucm.es<\/strong><\/blockquote> Universidad Complutense de Madrid (UCM)<\/li> <li>Jes\u00fasGarc\u00eda-Donas Jim\u00e9nez <blockquote><strong> jgarciadonas@gmail.com<\/strong><\/blockquote> Fundacion de Investigacion HM Hospitales<\/li> <\/ul>","telefono":"","pagina_web":"","email":"","id_ficha_portal":"1673","video":"","adjuntos":false,"adjuntos_portal":"https:\/\/www.upm.es\/S2i\/Acuse\/recuperarArchivo.jsp?id=1673&id_archivo=13636&tipo=patente&extension=fichero","inf":false,"departamento":"","acf":[],"lang":"es","translation":{"es":11828},"_links":{"self":[{"href":"https:\/\/www.upm.es\/recursosidi\/wp-json\/wp\/v2\/product\/11828"}],"collection":[{"href":"https:\/\/www.upm.es\/recursosidi\/wp-json\/wp\/v2\/product"}],"about":[{"href":"https:\/\/www.upm.es\/recursosidi\/wp-json\/wp\/v2\/types\/product"}],"wp:attachment":[{"href":"https:\/\/www.upm.es\/recursosidi\/wp-json\/wp\/v2\/media?parent=11828"}],"wp:term":[{"taxonomy":"product_cat","embeddable":true,"href":"https:\/\/www.upm.es\/recursosidi\/wp-json\/wp\/v2\/product_cat?post=11828"},{"taxonomy":"product_tag","embeddable":true,"href":"https:\/\/www.upm.es\/recursosidi\/wp-json\/wp\/v2\/product_tag?post=11828"},{"taxonomy":"comunidad_upm","embeddable":true,"href":"https:\/\/www.upm.es\/recursosidi\/wp-json\/wp\/v2\/comunidades-upm?post=11828"},{"taxonomy":"quien","embeddable":true,"href":"https:\/\/www.upm.es\/recursosidi\/wp-json\/wp\/v2\/quien?post=11828"},{"taxonomy":"mapa","embeddable":true,"href":"https:\/\/www.upm.es\/recursosidi\/wp-json\/wp\/v2\/mapa?post=11828"},{"taxonomy":"disponibilidad","embeddable":true,"href":"https:\/\/www.upm.es\/recursosidi\/wp-json\/wp\/v2\/disponibilidad?post=11828"},{"taxonomy":"donde","embeddable":true,"href":"https:\/\/www.upm.es\/recursosidi\/wp-json\/wp\/v2\/donde?post=11828"},{"taxonomy":"infraestructura","embeddable":true,"href":"https:\/\/www.upm.es\/recursosidi\/wp-json\/wp\/v2\/infraestructura?post=11828"},{"taxonomy":"ods","embeddable":true,"href":"https:\/\/www.upm.es\/recursosidi\/wp-json\/wp\/v2\/ods?post=11828"},{"taxonomy":"origen","embeddable":true,"href":"https:\/\/www.upm.es\/recursosidi\/wp-json\/wp\/v2\/origen?post=11828"}],"curies":[{"name":"wp","href":"https:\/\/api.w.org\/{rel}","templated":true}]}}