{"id":11829,"date":"2023-01-26T11:47:47","date_gmt":"2023-01-26T10:47:47","guid":{"rendered":"https:\/\/www.upm.es\/recursosidi\/offers-resources\/sin%20categor\u00eda\/disipador-de-energia-hibrido-multifase-para-la-proteccion-de-estructurasfrente-a-vibraciones-por-sismo-y-viento\/"},"modified":"2023-02-28T11:53:06","modified_gmt":"2023-02-28T10:53:06","slug":"disipador-de-energia-hibrido-multifase-para-la-proteccion-de-estructurasfrente-a-vibraciones-por-sismo-y-viento","status":"publish","type":"product","link":"https:\/\/www.upm.es\/recursosidi\/offers-resources\/patentes\/disipador-de-energia-hibrido-multifase-para-la-proteccion-de-estructurasfrente-a-vibraciones-por-sismo-y-viento\/","title":{"rendered":"Disipador de energ\u00eda h\u00edbrido multifase para la protecci\u00f3n de estructuras\r\nfrente a vibraciones por sismo y viento"},"content":{"rendered":"<h5>Descripci\u00f3n de la patente <\/h5>\n<p>Disipador de energ&iacute;a h&iacute;brido multifase para la protecci&oacute;n de estructuras frente a vibraciones por <br \/>sismo y viento que comprende:<br \/>&#8211; dos elementos tubulares (1, 2) telesc&oacute;picos donde uno comprende dos perforaciones (3) alineadas y <br \/>separadas por una porci&oacute;n (4) del elemento tubular (1, 2),<br \/>&#8211; una l&aacute;mina de material viscoel&aacute;stico (11) localizada entre las dos estructuras tubulares (1, 2),<br \/>&#8211; al menos un elemento rigidizador (6) unido a la porci&oacute;n (4) del elemento tubular (1, 2) <br \/>localizada entre<br \/>las perforaciones (3),<br \/>&#8211; al menos sendos elementos de tope (7), localizados a continuaci&oacute;n de cada extremo longitudinal <br \/>(6.1) del elemento rigidizador (6) localizado a una distancia (&delta;g\u00bf, &delta;g\u00bf) del elemento rigidizador <br \/>(6),<br \/>&#8211; sendos elementos de bloqueo (8) configurados para quedar localizados entre el elemento <br \/>rigidizador (6) y el elemento de tope (7) cuando el desplazamiento relativo e&nbsp;&nbsp;&nbsp;&nbsp;&nbsp;&nbsp;&nbsp;&nbsp;&nbsp;&nbsp;&nbsp;&nbsp;&nbsp;&nbsp; de las <br \/>distancias<br \/>(&delta;g\u00bf, &delta;g\u00bf).<\/p>\n<h5>Situaci\u00f3n <\/h5>\n<p>Concedida<\/p>\n<h5>N\u00famero de solicitud<\/h5>\n<p>P202230161<\/p>\n<h5>N\u00famero de publicaci\u00f3n<\/h5>\n<p>ES2920158<\/p>\n<h5>Fecha de presentaci\u00f3n <\/h5>\n<p>01\/03\/2022<\/p>\n<h5>Fecha de publicaci\u00f3n <\/h5>\n<p>01\/08\/2022<\/p>\n<h5>Fecha de concesi\u00f3n <\/h5>\n<p>10\/02\/2023<\/p>\n<div class=\"pdfprnt-buttons pdfprnt-buttons-product pdfprnt-bottom-left\"><a href=\"https:\/\/www.upm.es\/recursosidi\/wp-json\/wp\/v2\/product\/11829?print=pdf\" class=\"pdfprnt-button pdfprnt-button-pdf\" target=\"_blank\"><span class=\"pdfprnt-button-title pdfprnt-button-pdf-title\">Descargar ficha<\/span><\/a><\/div>","protected":false},"excerpt":{"rendered":"<p>Descripci\u00f3n de la patente Disipador de energ&iacute;a h&iacute;brido multifase para la protecci&oacute;n de estructuras frente a vibraciones por sismo y viento que comprende:&#8211; dos elementos&hellip;<\/p>\n","protected":false},"featured_media":0,"template":"","meta":{"_acf_changed":false},"product_cat":[3946],"product_tag":[],"comunidades-upm":[],"quien":[],"mapa":[],"disponibilidad":[],"donde":[{"term_id":394,"name":"Ingenier\u00eda S\u00edsmica: Din\u00e1mica de Suelos y Estructuras","slug":"ingenieria-sismica-dinamica-de-suelos-y-estructuras","term_group":0,"term_taxonomy_id":394,"taxonomy":"donde","description":"El grupo se ha establecido como referente en Espa&ntilde;a en el campo de la Ingenier&iacute;a S&iacute;smica y en los estudios de peligrosidad y riesgo s&iacute;smico. El grupo ha trabajado en la caracterizaci&oacute;n s&iacute;smica de emplazamientos de instalaciones cr&iacute;ticas y en la redacci&oacute;n de normas s&iacute;smicas de &aacute;mbito nacional y europeo. Adem&aacute;s abarca otras &aacute;reas afines y complementarias enmarcadas en el campo de las geociencias y en la organizaci&oacute;n y visualizaci&oacute;n de informaci&oacute;n georreferenciada, destacando el dominio de los SIG. Tiene un car&aacute;cter multidisciplinar, integrado por especialistas en todas estas tem&aacute;ticas, lo que permite abordar sus investigaciones mediante modernas tecnolog&iacute;as. El Grupo investiga en estructuras sismorresistentes avanzadas que incorporan sistemas de control pasivo. Ha trabajado intensamente tambi&eacute;n en problemas relacionados con vibraciones generadas por tr&aacute;fico, personas, explosiones etc.&nbsp;","parent":0,"count":1,"filter":"raw","term_order":"0"}],"infraestructura":[],"ods":[],"origen":[{"term_id":180,"name":"Patente","slug":"patente","term_group":0,"term_taxonomy_id":180,"taxonomy":"origen","description":"","parent":0,"count":614,"filter":"raw","term_order":"0"}],"familia_tax":false,"quien_tax":false,"donde_tax":false,"year":"","contacto":"<strong>Principales: <\/strong><ul><li>AMADEO BENAVENT CLIMENT <blockquote><strong>amadeo.benavent@upm.es<\/strong><\/blockquote><\/li><li>DAVID ESCOLANO MARGARIT <blockquote><strong>d.escolano@upm.es<\/strong><\/blockquote><\/li><li>JULIO ARCOS ESPADA <blockquote><strong>julio.aespada@upm.es<\/strong><\/blockquote><\/li><li>HERMES PONCE PARRA <blockquote><strong>hermes.ponce@upm.es<\/strong><\/blockquote><\/li><\/ul>","telefono":"","pagina_web":"","email":"","id_ficha_portal":"1829","video":"","adjuntos":false,"adjuntos_portal":"https:\/\/www.upm.es\/S2i\/Acuse\/recuperarArchivo.jsp?id=1829&id_archivo=13520&tipo=patente&extension=fichero","inf":false,"departamento":"","acf":[],"lang":"es","translation":{"es":11829},"_links":{"self":[{"href":"https:\/\/www.upm.es\/recursosidi\/wp-json\/wp\/v2\/product\/11829"}],"collection":[{"href":"https:\/\/www.upm.es\/recursosidi\/wp-json\/wp\/v2\/product"}],"about":[{"href":"https:\/\/www.upm.es\/recursosidi\/wp-json\/wp\/v2\/types\/product"}],"wp:attachment":[{"href":"https:\/\/www.upm.es\/recursosidi\/wp-json\/wp\/v2\/media?parent=11829"}],"wp:term":[{"taxonomy":"product_cat","embeddable":true,"href":"https:\/\/www.upm.es\/recursosidi\/wp-json\/wp\/v2\/product_cat?post=11829"},{"taxonomy":"product_tag","embeddable":true,"href":"https:\/\/www.upm.es\/recursosidi\/wp-json\/wp\/v2\/product_tag?post=11829"},{"taxonomy":"comunidad_upm","embeddable":true,"href":"https:\/\/www.upm.es\/recursosidi\/wp-json\/wp\/v2\/comunidades-upm?post=11829"},{"taxonomy":"quien","embeddable":true,"href":"https:\/\/www.upm.es\/recursosidi\/wp-json\/wp\/v2\/quien?post=11829"},{"taxonomy":"mapa","embeddable":true,"href":"https:\/\/www.upm.es\/recursosidi\/wp-json\/wp\/v2\/mapa?post=11829"},{"taxonomy":"disponibilidad","embeddable":true,"href":"https:\/\/www.upm.es\/recursosidi\/wp-json\/wp\/v2\/disponibilidad?post=11829"},{"taxonomy":"donde","embeddable":true,"href":"https:\/\/www.upm.es\/recursosidi\/wp-json\/wp\/v2\/donde?post=11829"},{"taxonomy":"infraestructura","embeddable":true,"href":"https:\/\/www.upm.es\/recursosidi\/wp-json\/wp\/v2\/infraestructura?post=11829"},{"taxonomy":"ods","embeddable":true,"href":"https:\/\/www.upm.es\/recursosidi\/wp-json\/wp\/v2\/ods?post=11829"},{"taxonomy":"origen","embeddable":true,"href":"https:\/\/www.upm.es\/recursosidi\/wp-json\/wp\/v2\/origen?post=11829"}],"curies":[{"name":"wp","href":"https:\/\/api.w.org\/{rel}","templated":true}]}}