{"id":11831,"date":"2023-01-26T11:47:53","date_gmt":"2023-01-26T10:47:53","guid":{"rendered":"https:\/\/www.upm.es\/recursosidi\/offers-resources\/sin%20categor\u00eda\/metodo-sistema-y-producto-de-programa-informatico-implementados-enordenador-para-generar-un-trazado-neuronal-jerarquico-a-partir-de-unainformacion-de-malla-en-3d\/"},"modified":"2023-02-28T11:53:12","modified_gmt":"2023-02-28T10:53:12","slug":"metodo-sistema-y-producto-de-programa-informatico-implementados-enordenador-para-generar-un-trazado-neuronal-jerarquico-a-partir-de-unainformacion-de-malla-en-3d","status":"publish","type":"product","link":"https:\/\/www.upm.es\/recursosidi\/offers-resources\/patentes\/metodo-sistema-y-producto-de-programa-informatico-implementados-enordenador-para-generar-un-trazado-neuronal-jerarquico-a-partir-de-unainformacion-de-malla-en-3d\/","title":{"rendered":"M\u00c9TODO, SISTEMA Y PRODUCTO DE PROGRAMA INFORM\u00c1TICO IMPLEMENTADOS EN\r\nORDENADOR PARA GENERAR UN TRAZADO NEURONAL JER\u00c1RQUICO A PARTIR DE UNA\r\nINFORMACI\u00d3N DE MALLA EN 3D"},"content":{"rendered":"<h5>Descripci\u00f3n de la patente <\/h5>\n<p align=\"LEFT\">M&eacute;todo, sistema y producto de programa inform&aacute;tico implementados en ordenador para generar un trazado neuronal jer&aacute;rquico a partir de una informaci&oacute;n de malla 3D. El m&eacute;todo (100) comprende:- recibir (110) un conjunto de mallas 3D (6) que representan al menos una parte de una neurona (1), correspondiendo cada malla 3D (6) a un fragmento de neurita definido por una pluralidad de secciones (8), siendo definida a su vez cada secci&oacute;n (8) por una serie de puntos (9);convertir (120) cada fragmento de neurita en una polil&iacute;nea (13) formada por un conjunto de puntos de trazado onectados (12) definidos por el centro de las secciones (8) del fragmento de neurita correspondiente; y&nbsp;determinar conexiones entre las polil&iacute;neas y generar un trazado jer&aacute;rquico para las polil&iacute;neas (130) bas&aacute;ndose en las conexiones entre las polil&iacute;neas (13).<\/p>\n<p align=\"LEFT\">El m&eacute;todo elimina la necesidad de realizar un proceso de extracci&oacute;n de neurona adicional para obtener una representaci&oacute;n del trazado, reduciendo as&iacute; tiempo y esfuerzos adicionales.<\/p>\n<p align=\"LEFT\"><img fetchpriority=\"high\" decoding=\"async\" src=\"https:\/\/www.upm.es\/S2i\/Acuse\/recuperarArchivo.jsp?id=1652&amp;id_archivo=12638&amp;tipo=patente&amp;extension=imagen\" alt=\"Figura 3\" width=\"432\" height=\"369\" \/><\/p>\n<p>&nbsp;<\/p>\n<h5>N\u00famero de solicitud<\/h5>\n<p>P202030555<\/p>\n<h5>N\u00famero de publicaci\u00f3n<\/h5>\n<p>ES2885433<\/p>\n<h5>Fecha de presentaci\u00f3n <\/h5>\n<p>09\/06\/2020<\/p>\n<h5>Fecha de publicaci\u00f3n <\/h5>\n<p>13\/12\/2021<\/p>\n<div class=\"pdfprnt-buttons pdfprnt-buttons-product pdfprnt-bottom-left\"><a href=\"https:\/\/www.upm.es\/recursosidi\/wp-json\/wp\/v2\/product\/11831?print=pdf\" class=\"pdfprnt-button pdfprnt-button-pdf\" target=\"_blank\"><span class=\"pdfprnt-button-title pdfprnt-button-pdf-title\">Descargar ficha<\/span><\/a><\/div>","protected":false},"excerpt":{"rendered":"<p>Descripci\u00f3n de la patente M&eacute;todo, sistema y producto de programa inform&aacute;tico implementados en ordenador para generar un trazado neuronal jer&aacute;rquico a partir de una informaci&oacute;n&hellip;<\/p>\n","protected":false},"featured_media":0,"template":"","meta":{"_acf_changed":false},"product_cat":[3946],"product_tag":[],"comunidades-upm":[],"quien":[],"mapa":[{"term_id":137,"name":"Bioeconom\u00eda, Biotecnolog\u00eda y Sistemas Alimentarios","slug":"bioeconomia-biotecnologia-sistemas_alimentarios","term_group":0,"term_taxonomy_id":137,"taxonomy":"mapa","description":"","parent":0,"count":45,"filter":"raw","term_order":"6"},{"term_id":126,"name":"Tecnolog\u00edas digitales, Inteligencia Artificial, ciberseguridad, 5G, rob\u00f3tica","slug":"tecnologias_digitales-ai-ciberseguridad-5g-robotica","term_group":0,"term_taxonomy_id":126,"taxonomy":"mapa","description":"","parent":0,"count":194,"filter":"raw","term_order":"23"}],"disponibilidad":[],"donde":[{"term_id":618,"name":"Centro de Investigaci\u00f3n en Simulaci\u00f3n Computacional (CCS)","slug":"centro-de-investigacion-en-simulacion-computacional-ccs","term_group":0,"term_taxonomy_id":618,"taxonomy":"donde","description":"","parent":0,"count":27,"filter":"raw","term_order":"0"},{"term_id":556,"name":"Centro de Tecnolog\u00eda Biom\u00e9dica (CTB)","slug":"centro-de-tecnologia-biomedica-ctb","term_group":0,"term_taxonomy_id":556,"taxonomy":"donde","description":"","parent":0,"count":84,"filter":"raw","term_order":"0"},{"term_id":516,"name":"Grupo de investigaci\u00f3n en Informaci\u00f3n y Computaci\u00f3n Cu\u00e1ntica (GIICC)","slug":"grupo-de-investigacion-en-informacion-y-computacion-cuantica-giicc","term_group":0,"term_taxonomy_id":516,"taxonomy":"donde","description":"El grupo es experto en la distribuci&oacute;n cu&aacute;ntica de claves (QKD). En particular, en la integraci&oacute;n de sistemas QKD en redes &oacute;pticas comerciales, as&iacute; como en el post-procesado o destilaci&oacute;n de clave secreta en QKD. Y participa en el proceso de estandarizaci&oacute;n de la QKD llevado a cabo por el Instituto Europeo de Est&aacute;ndares de Telecomunicaci&oacute;n (ETSI).\n&nbsp;\nEl grupo tambi&eacute;n es experto en t&eacute;cnicas de computaci&oacute;n de alto rendimiento, en especial aquellas aplicadas a procesos f&iacute;sicos y su an&aacute;lisis a trav&eacute;s de t&eacute;cnicas de visualizaci&oacute;n.\n&nbsp;\nLlevamos a cabo nuestro trabajo en base a las siguientes l&iacute;neas de investigaci&oacute;n:\n\nSimulaci&oacute;n de Sistemas Cu&aacute;nticos Mesosc&oacute;picos\nInformaci&oacute;n y Computaci&oacute;n Cu&aacute;nticas\nComputaci&oacute;n de alto rendimiento\n","parent":0,"count":9,"filter":"raw","term_order":"0"},{"term_id":612,"name":"Miner\u00eda de Datos y Simulaci\u00f3n (MIDAS)","slug":"mineria-de-datos-y-simulacion-midas","term_group":0,"term_taxonomy_id":612,"taxonomy":"donde","description":"Nuestro trabajo se&nbsp; resume en tres grandes l&iacute;neas:\n\nAn&aacute;lisis de datos: Es importante destacar en esta l&iacute;nea que el grupo no&nbsp; solo destaca por&nbsp; la aplicaci&oacute;n de t&eacute;cnicas en distintos tipos de datos y dominios sino por la metodolog&iacute;a de preprocesado y enriquecimiento de datos previa a la extracci&oacute;n de patrones\n\n\nProcesamiento y An&aacute;lisis de Im&aacute;genes: En este &aacute;mbito el grupo destaca por los algoritmos de fusi&oacute;n de im&aacute;genes propios y por la aplicaci&oacute;n de diferentes t&eacute;cnicas de machine learning, entre las que cabe destacar Deep learning al etiquetado y an&aacute;lisis autom&aacute;tico de im&aacute;genes. Estas t&eacute;cnicas est&aacute;n siendo aplicadas en a im&aacute;genes&nbsp; de &oacute;pticas de sat&eacute;lite con aplicaci&oacute;n en agricultura; y en diferentes tipos de imagen m&eacute;dica.\n\n\nProcesado de Lenguaje Natural: En este&nbsp; &aacute;mbito MIDAS destaca por el desarrollo de algoritmos para procesado de textos en espa&ntilde;ol. Los algoritmos han sido aplicados especialmente en el dominio m&eacute;dico y judicial.\n","parent":0,"count":3,"filter":"raw","term_order":"0"}],"infraestructura":[],"ods":[],"origen":[{"term_id":180,"name":"Patente","slug":"patente","term_group":0,"term_taxonomy_id":180,"taxonomy":"origen","description":"","parent":0,"count":614,"filter":"raw","term_order":"0"}],"familia_tax":false,"quien_tax":false,"donde_tax":false,"year":"","contacto":"<strong>Principales: <\/strong><ul><li>JUAN PEDRO BRITO MENDEZ <blockquote><strong>juanpedro.brito@upm.es<\/strong><\/blockquote><\/li><li>ISABEL FERNAUD ESPINOSA <blockquote><strong>isabel.fernaud@upm.es<\/strong><\/blockquote><\/li><li>PABLO TOHARIA RABASCO <blockquote><strong>pablo.toharia@upm.es<\/strong><\/blockquote><\/li><\/ul><strong>Otros inventores: <\/strong><ul><li>RuthBenavides Piccione CSIC - Consejo Superior de Investigaciones Cient\u00edficas<\/li> <li>Iv\u00e1nVelasco Gonz\u00e1lez Universidad Rey Juan Carlos (URJC)<\/li> <li>Sof\u00edaBayona Berisco Universidad Rey Juan Carlos (URJC)<\/li> <li>LuisPastor P\u00e9rez Universidad Rey Juan Carlos (URJC)<\/li> <li>JavierDe Felipe Oroquieta CSIC - Consejo Superior de Investigaciones Cient\u00edficas<\/li> <\/ul>","telefono":"","pagina_web":"","email":"","id_ficha_portal":"1652","video":"","adjuntos":false,"adjuntos_portal":"","inf":false,"departamento":"","acf":[],"lang":"es","translation":{"es":11831},"_links":{"self":[{"href":"https:\/\/www.upm.es\/recursosidi\/wp-json\/wp\/v2\/product\/11831"}],"collection":[{"href":"https:\/\/www.upm.es\/recursosidi\/wp-json\/wp\/v2\/product"}],"about":[{"href":"https:\/\/www.upm.es\/recursosidi\/wp-json\/wp\/v2\/types\/product"}],"wp:attachment":[{"href":"https:\/\/www.upm.es\/recursosidi\/wp-json\/wp\/v2\/media?parent=11831"}],"wp:term":[{"taxonomy":"product_cat","embeddable":true,"href":"https:\/\/www.upm.es\/recursosidi\/wp-json\/wp\/v2\/product_cat?post=11831"},{"taxonomy":"product_tag","embeddable":true,"href":"https:\/\/www.upm.es\/recursosidi\/wp-json\/wp\/v2\/product_tag?post=11831"},{"taxonomy":"comunidad_upm","embeddable":true,"href":"https:\/\/www.upm.es\/recursosidi\/wp-json\/wp\/v2\/comunidades-upm?post=11831"},{"taxonomy":"quien","embeddable":true,"href":"https:\/\/www.upm.es\/recursosidi\/wp-json\/wp\/v2\/quien?post=11831"},{"taxonomy":"mapa","embeddable":true,"href":"https:\/\/www.upm.es\/recursosidi\/wp-json\/wp\/v2\/mapa?post=11831"},{"taxonomy":"disponibilidad","embeddable":true,"href":"https:\/\/www.upm.es\/recursosidi\/wp-json\/wp\/v2\/disponibilidad?post=11831"},{"taxonomy":"donde","embeddable":true,"href":"https:\/\/www.upm.es\/recursosidi\/wp-json\/wp\/v2\/donde?post=11831"},{"taxonomy":"infraestructura","embeddable":true,"href":"https:\/\/www.upm.es\/recursosidi\/wp-json\/wp\/v2\/infraestructura?post=11831"},{"taxonomy":"ods","embeddable":true,"href":"https:\/\/www.upm.es\/recursosidi\/wp-json\/wp\/v2\/ods?post=11831"},{"taxonomy":"origen","embeddable":true,"href":"https:\/\/www.upm.es\/recursosidi\/wp-json\/wp\/v2\/origen?post=11831"}],"curies":[{"name":"wp","href":"https:\/\/api.w.org\/{rel}","templated":true}]}}