{"id":11834,"date":"2023-01-26T11:48:03","date_gmt":"2023-01-26T10:48:03","guid":{"rendered":"https:\/\/www.upm.es\/recursosidi\/offers-resources\/sin%20categor\u00eda\/metodo-y-sistema-de-supervision-del-sistema-de-excitacion-indirecta-deuna-maquina-sincrona\/"},"modified":"2023-04-15T03:17:07","modified_gmt":"2023-04-15T01:17:07","slug":"metodo-y-sistema-de-supervision-del-sistema-de-excitacion-indirecta-deuna-maquina-sincrona","status":"publish","type":"product","link":"https:\/\/www.upm.es\/recursosidi\/offers-resources\/patentes\/metodo-y-sistema-de-supervision-del-sistema-de-excitacion-indirecta-deuna-maquina-sincrona\/","title":{"rendered":"M\u00e9todo y sistema de supervisi\u00f3n del sistema de excitaci\u00f3n indirecta de\r\nuna m\u00e1quina s\u00edncrona"},"content":{"rendered":"<h5>Descripci\u00f3n de la patente <\/h5>\n<p align=\"LEFT\">M&eacute;todo y sistema de supervisi&oacute;n del sistema de<\/p>\n<p align=\"LEFT\">excitaci&oacute;n indirecta de una m&aacute;quina s&iacute;ncrona, donde<\/p>\n<p align=\"LEFT\">dicho sistema de excitaci&oacute;n indirecta comprende una<\/p>\n<p align=\"LEFT\">excitatriz (4) y un rectificador (8) formado por un<\/p>\n<p align=\"LEFT\">puente de diodos, y donde el sistema de excitaci&oacute;n<\/p>\n<p align=\"LEFT\">est&aacute; configurado para excitar con corriente continua el<\/p>\n<p align=\"LEFT\">devanado de campo de una m&aacute;quina s&iacute;ncrona<\/p>\n<p align=\"LEFT\">principal (1), donde el m&eacute;todo de supervisi&oacute;n est&aacute;<\/p>\n<p align=\"LEFT\">basado en el an&aacute;lisis del flujo disperso de la excitatriz<\/p>\n<p align=\"LEFT\">(4), y donde el m&eacute;todo de supervisi&oacute;n permite<\/p>\n<p align=\"LEFT\">detectar diodos abiertos o en cortocircuito mediante la<\/p>\n<p align=\"LEFT\">identificaci&oacute;n de distintas frecuencias en el flujo<\/p>\n<p>disperso.<\/p>\n<p>&nbsp;<\/p>\n<h5>Situaci\u00f3n <\/h5>\n<p>Concedida<\/p>\n<h5>N\u00famero de solicitud<\/h5>\n<p>P202230319<\/p>\n<h5>N\u00famero de publicaci\u00f3n<\/h5>\n<p>ES2918074<\/p>\n<h5>Fecha de presentaci\u00f3n <\/h5>\n<p>08\/04\/2022<\/p>\n<h5>Fecha de publicaci\u00f3n <\/h5>\n<p>13\/07\/2022<\/p>\n<h5>Fecha de concesi\u00f3n <\/h5>\n<p>02\/04\/2023<\/p>\n<div class=\"pdfprnt-buttons pdfprnt-buttons-product pdfprnt-bottom-left\"><a href=\"https:\/\/www.upm.es\/recursosidi\/wp-json\/wp\/v2\/product\/11834?print=pdf\" class=\"pdfprnt-button pdfprnt-button-pdf\" target=\"_blank\"><span class=\"pdfprnt-button-title pdfprnt-button-pdf-title\">Descargar ficha<\/span><\/a><\/div>","protected":false},"excerpt":{"rendered":"<p>Descripci\u00f3n de la patente M&eacute;todo y sistema de supervisi&oacute;n del sistema de excitaci&oacute;n indirecta de una m&aacute;quina s&iacute;ncrona, donde dicho sistema de excitaci&oacute;n indirecta comprende&hellip;<\/p>\n","protected":false},"featured_media":0,"template":"","meta":{"_acf_changed":false},"product_cat":[3946],"product_tag":[4084,4125,4126,4127,4124],"comunidades-upm":[],"quien":[],"mapa":[{"term_id":2405,"name":"Ciencia para la ingenier\u00eda y la arquitectura","slug":"ciencia-para-ingenieria-y-arquitectura","term_group":0,"term_taxonomy_id":2405,"taxonomy":"mapa","description":"","parent":0,"count":127,"filter":"raw","term_order":"7"},{"term_id":133,"name":"Clima, Energ\u00eda y Movilidad","slug":"clima-energia-movilidad","term_group":0,"term_taxonomy_id":133,"taxonomy":"mapa","description":"","parent":0,"count":129,"filter":"raw","term_order":"9"},{"term_id":135,"name":"Industria, materiales y econom\u00eda circular","slug":"industria-materiales-economia_circular","term_group":0,"term_taxonomy_id":135,"taxonomy":"mapa","description":"","parent":0,"count":165,"filter":"raw","term_order":"13"}],"disponibilidad":[],"donde":[{"term_id":374,"name":"Generaci\u00f3n el\u00e9ctrica con energ\u00eda e\u00f3lica","slug":"generacion-electrica-con-energia-eolica","term_group":0,"term_taxonomy_id":374,"taxonomy":"donde","description":"","parent":0,"count":70,"filter":"raw","term_order":"0"}],"infraestructura":[],"ods":[],"origen":[{"term_id":180,"name":"Patente","slug":"patente","term_group":0,"term_taxonomy_id":180,"taxonomy":"origen","description":"","parent":0,"count":614,"filter":"raw","term_order":"0"}],"familia_tax":false,"quien_tax":false,"donde_tax":false,"year":"","contacto":"<strong>Principales: <\/strong><ul><li>DAVID TALAVERA MIGUEL <blockquote><strong>david.talavera@upm.es<\/strong><\/blockquote><\/li><li>JOSE MANUEL GUERRERO GRANADOS <blockquote><strong>josemanuel.guerrero@upm.es<\/strong><\/blockquote><\/li><li>PENGFEI TIAN  <blockquote><strong>p.tian@alumnos.upm.es<\/strong><\/blockquote><\/li><li>CARLOS ANTONIO PLATERO GAONA <blockquote><strong>carlosantonio.platero@upm.es<\/strong><\/blockquote><\/li><\/ul>","telefono":"","pagina_web":"","email":"","id_ficha_portal":"1816","video":"","adjuntos":false,"adjuntos_portal":"https:\/\/www.upm.es\/S2i\/Acuse\/recuperarArchivo.jsp?id=1816&id_archivo=13614&tipo=patente&extension=fichero","inf":false,"departamento":"","acf":[],"lang":"es","translation":{"es":11834},"_links":{"self":[{"href":"https:\/\/www.upm.es\/recursosidi\/wp-json\/wp\/v2\/product\/11834"}],"collection":[{"href":"https:\/\/www.upm.es\/recursosidi\/wp-json\/wp\/v2\/product"}],"about":[{"href":"https:\/\/www.upm.es\/recursosidi\/wp-json\/wp\/v2\/types\/product"}],"wp:attachment":[{"href":"https:\/\/www.upm.es\/recursosidi\/wp-json\/wp\/v2\/media?parent=11834"}],"wp:term":[{"taxonomy":"product_cat","embeddable":true,"href":"https:\/\/www.upm.es\/recursosidi\/wp-json\/wp\/v2\/product_cat?post=11834"},{"taxonomy":"product_tag","embeddable":true,"href":"https:\/\/www.upm.es\/recursosidi\/wp-json\/wp\/v2\/product_tag?post=11834"},{"taxonomy":"comunidad_upm","embeddable":true,"href":"https:\/\/www.upm.es\/recursosidi\/wp-json\/wp\/v2\/comunidades-upm?post=11834"},{"taxonomy":"quien","embeddable":true,"href":"https:\/\/www.upm.es\/recursosidi\/wp-json\/wp\/v2\/quien?post=11834"},{"taxonomy":"mapa","embeddable":true,"href":"https:\/\/www.upm.es\/recursosidi\/wp-json\/wp\/v2\/mapa?post=11834"},{"taxonomy":"disponibilidad","embeddable":true,"href":"https:\/\/www.upm.es\/recursosidi\/wp-json\/wp\/v2\/disponibilidad?post=11834"},{"taxonomy":"donde","embeddable":true,"href":"https:\/\/www.upm.es\/recursosidi\/wp-json\/wp\/v2\/donde?post=11834"},{"taxonomy":"infraestructura","embeddable":true,"href":"https:\/\/www.upm.es\/recursosidi\/wp-json\/wp\/v2\/infraestructura?post=11834"},{"taxonomy":"ods","embeddable":true,"href":"https:\/\/www.upm.es\/recursosidi\/wp-json\/wp\/v2\/ods?post=11834"},{"taxonomy":"origen","embeddable":true,"href":"https:\/\/www.upm.es\/recursosidi\/wp-json\/wp\/v2\/origen?post=11834"}],"curies":[{"name":"wp","href":"https:\/\/api.w.org\/{rel}","templated":true}]}}