{"id":11835,"date":"2023-01-26T11:48:06","date_gmt":"2023-01-26T10:48:06","guid":{"rendered":"https:\/\/www.upm.es\/recursosidi\/offers-resources\/sin%20categor\u00eda\/metodo-y-sistema-de-localizacion-de-faltas-a-tierra-en-el-lado-de-corriente-alterna-de-una-instalacion-electrica-con-conversion-entre-corriente-continua-y-corriente-alterna\/"},"modified":"2023-04-13T02:50:34","modified_gmt":"2023-04-13T00:50:34","slug":"metodo-y-sistema-de-localizacion-de-faltas-a-tierra-en-el-lado-de-corriente-alterna-de-una-instalacion-electrica-con-conversion-entre-corriente-continua-y-corriente-alterna","status":"publish","type":"product","link":"https:\/\/www.upm.es\/recursosidi\/offers-resources\/patentes\/metodo-y-sistema-de-localizacion-de-faltas-a-tierra-en-el-lado-de-corriente-alterna-de-una-instalacion-electrica-con-conversion-entre-corriente-continua-y-corriente-alterna\/","title":{"rendered":"M\u00e9todo y sistema de localizaci\u00f3n de faltas a tierra en el lado de corriente alterna de una instalaci\u00f3n el\u00e9ctrica con conversi\u00f3n entre corriente continua y corriente alterna"},"content":{"rendered":"<h5>Descripci\u00f3n de la patente <\/h5>\n<p align=\"LEFT\">Sistema y m&eacute;todo de localizaci&oacute;n de faltas a tierra en<\/p>\n<p align=\"LEFT\">el lado de corriente alterna en instalaciones el&eacute;ctricas<\/p>\n<p align=\"LEFT\">con conversi&oacute;n entre corriente continua y corriente<\/p>\n<p align=\"LEFT\">alterna (AC) basados en la medida de la tensi&oacute;n en<\/p>\n<p align=\"LEFT\">un subsistema de puesta a tierra (8) instalado en un<\/p>\n<p align=\"LEFT\">punto medio\/neutro de la instalaci&oacute;n el&eacute;ctrica, en la<\/p>\n<p align=\"LEFT\">medida de tensi&oacute;n fase-neutro de las fases de<\/p>\n<p align=\"LEFT\">corriente alterna y en el c&aacute;lculo fasorial a distintas<\/p>\n<p align=\"LEFT\">frecuencias que estima primero la resistencia de falta<\/p>\n<p align=\"LEFT\">mediante las componentes a frecuencia de<\/p>\n<p align=\"LEFT\">conmutaci&oacute;n del inversor y posteriormente calcula la<\/p>\n<p align=\"LEFT\">posici&oacute;n del defecto utilizando la frecuencia<\/p>\n<p>fundamental de corriente alterna del sistema.<\/p>\n<p>&nbsp;<\/p>\n<h5>Situaci\u00f3n <\/h5>\n<p>Concedida<\/p>\n<h5>N\u00famero de solicitud<\/h5>\n<p>P202230244<\/p>\n<h5>N\u00famero de publicaci\u00f3n<\/h5>\n<p>ES2926002<\/p>\n<h5>Fecha de presentaci\u00f3n <\/h5>\n<p>21\/03\/2022<\/p>\n<h5>Fecha de publicaci\u00f3n <\/h5>\n<p>20\/10\/2022<\/p>\n<h5>Fecha de concesi\u00f3n <\/h5>\n<p>28\/03\/2023<\/p>\n<div class=\"pdfprnt-buttons pdfprnt-buttons-product pdfprnt-bottom-left\"><a href=\"https:\/\/www.upm.es\/recursosidi\/wp-json\/wp\/v2\/product\/11835?print=pdf\" class=\"pdfprnt-button pdfprnt-button-pdf\" target=\"_blank\"><span class=\"pdfprnt-button-title pdfprnt-button-pdf-title\">Descargar ficha<\/span><\/a><\/div>","protected":false},"excerpt":{"rendered":"<p>Descripci\u00f3n de la patente Sistema y m&eacute;todo de localizaci&oacute;n de faltas a tierra en el lado de corriente alterna en instalaciones el&eacute;ctricas con conversi&oacute;n entre&hellip;<\/p>\n","protected":false},"featured_media":0,"template":"","meta":{"_acf_changed":false},"product_cat":[3946],"product_tag":[4116,4084,4144],"comunidades-upm":[],"quien":[],"mapa":[{"term_id":2405,"name":"Ciencia para la ingenier\u00eda y la arquitectura","slug":"ciencia-para-ingenieria-y-arquitectura","term_group":0,"term_taxonomy_id":2405,"taxonomy":"mapa","description":"","parent":0,"count":127,"filter":"raw","term_order":"7"},{"term_id":133,"name":"Clima, Energ\u00eda y Movilidad","slug":"clima-energia-movilidad","term_group":0,"term_taxonomy_id":133,"taxonomy":"mapa","description":"","parent":0,"count":129,"filter":"raw","term_order":"9"},{"term_id":135,"name":"Industria, materiales y econom\u00eda circular","slug":"industria-materiales-economia_circular","term_group":0,"term_taxonomy_id":135,"taxonomy":"mapa","description":"","parent":0,"count":165,"filter":"raw","term_order":"13"}],"disponibilidad":[],"donde":[{"term_id":4598,"name":"Centro Tecnol\u00f3gico de Seguridad y Calidad en Industrias Energ\u00e9ticas y Minas (TECMINERGY)","slug":"centro-tecnologico-de-seguridad-y-calidad-en-industrias-energeticas-y-minas-tecminergy","term_group":0,"term_taxonomy_id":4598,"taxonomy":"donde","description":"","parent":0,"count":8,"filter":"raw","term_order":"0"},{"term_id":374,"name":"Generaci\u00f3n el\u00e9ctrica con energ\u00eda e\u00f3lica","slug":"generacion-electrica-con-energia-eolica","term_group":0,"term_taxonomy_id":374,"taxonomy":"donde","description":"","parent":0,"count":70,"filter":"raw","term_order":"0"},{"term_id":8956,"name":"Investigaci\u00f3n en Sistemas Energ\u00e9ticos (GISE)","slug":"investigacion-en-sistemas-energeticos-gise","term_group":0,"term_taxonomy_id":8956,"taxonomy":"donde","description":"","parent":0,"count":3,"filter":"raw","term_order":"0"},{"term_id":406,"name":"Seguridad Industrial: atm\u00f3sferas explosivas","slug":"seguridad-industrial-atmosferas-explosivas","term_group":0,"term_taxonomy_id":406,"taxonomy":"donde","description":"","parent":0,"count":4,"filter":"raw","term_order":"0"}],"infraestructura":[],"ods":[],"origen":[{"term_id":180,"name":"Patente","slug":"patente","term_group":0,"term_taxonomy_id":180,"taxonomy":"origen","description":"","parent":0,"count":614,"filter":"raw","term_order":"0"}],"familia_tax":false,"quien_tax":false,"donde_tax":false,"year":"","contacto":"<strong>Principales: <\/strong><ul><li>VANESA VALI\u00d1O LOPEZ <blockquote><strong>vanesa.valino@upm.es<\/strong><\/blockquote><\/li><li>JOSE MANUEL GUERRERO GRANADOS <blockquote><strong>josemanuel.guerrero@upm.es<\/strong><\/blockquote><\/li><li>DANIEL SERRANO JIMENEZ <blockquote><strong>daniel.serrano.jimenez@upm.es<\/strong><\/blockquote><\/li><li>CARLOS ANTONIO PLATERO GAONA <blockquote><strong>carlosantonio.platero@upm.es<\/strong><\/blockquote><\/li><\/ul>","telefono":"","pagina_web":"","email":"","id_ficha_portal":"1824","video":"","adjuntos":false,"adjuntos_portal":"https:\/\/www.upm.es\/S2i\/Acuse\/recuperarArchivo.jsp?id=1824&id_archivo=13604&tipo=patente&extension=fichero","inf":false,"departamento":"","acf":[],"lang":"es","translation":{"es":11835},"_links":{"self":[{"href":"https:\/\/www.upm.es\/recursosidi\/wp-json\/wp\/v2\/product\/11835"}],"collection":[{"href":"https:\/\/www.upm.es\/recursosidi\/wp-json\/wp\/v2\/product"}],"about":[{"href":"https:\/\/www.upm.es\/recursosidi\/wp-json\/wp\/v2\/types\/product"}],"wp:attachment":[{"href":"https:\/\/www.upm.es\/recursosidi\/wp-json\/wp\/v2\/media?parent=11835"}],"wp:term":[{"taxonomy":"product_cat","embeddable":true,"href":"https:\/\/www.upm.es\/recursosidi\/wp-json\/wp\/v2\/product_cat?post=11835"},{"taxonomy":"product_tag","embeddable":true,"href":"https:\/\/www.upm.es\/recursosidi\/wp-json\/wp\/v2\/product_tag?post=11835"},{"taxonomy":"comunidad_upm","embeddable":true,"href":"https:\/\/www.upm.es\/recursosidi\/wp-json\/wp\/v2\/comunidades-upm?post=11835"},{"taxonomy":"quien","embeddable":true,"href":"https:\/\/www.upm.es\/recursosidi\/wp-json\/wp\/v2\/quien?post=11835"},{"taxonomy":"mapa","embeddable":true,"href":"https:\/\/www.upm.es\/recursosidi\/wp-json\/wp\/v2\/mapa?post=11835"},{"taxonomy":"disponibilidad","embeddable":true,"href":"https:\/\/www.upm.es\/recursosidi\/wp-json\/wp\/v2\/disponibilidad?post=11835"},{"taxonomy":"donde","embeddable":true,"href":"https:\/\/www.upm.es\/recursosidi\/wp-json\/wp\/v2\/donde?post=11835"},{"taxonomy":"infraestructura","embeddable":true,"href":"https:\/\/www.upm.es\/recursosidi\/wp-json\/wp\/v2\/infraestructura?post=11835"},{"taxonomy":"ods","embeddable":true,"href":"https:\/\/www.upm.es\/recursosidi\/wp-json\/wp\/v2\/ods?post=11835"},{"taxonomy":"origen","embeddable":true,"href":"https:\/\/www.upm.es\/recursosidi\/wp-json\/wp\/v2\/origen?post=11835"}],"curies":[{"name":"wp","href":"https:\/\/api.w.org\/{rel}","templated":true}]}}