{"id":11839,"date":"2023-01-26T11:48:17","date_gmt":"2023-01-26T10:48:17","guid":{"rendered":"https:\/\/www.upm.es\/recursosidi\/offers-resources\/sin%20categor\u00eda\/sistema-de-generacion-y-transmision-de-potencia-mecanica-para-accionamiento-de-actuadores-hidraulicos-remotos\/"},"modified":"2024-06-18T02:26:39","modified_gmt":"2024-06-18T00:26:39","slug":"sistema-de-generacion-y-transmision-de-potencia-mecanica-para-accionamiento-de-actuadores-hidraulicos-remotos","status":"publish","type":"product","link":"https:\/\/www.upm.es\/recursosidi\/offers-resources\/patentes\/sistema-de-generacion-y-transmision-de-potencia-mecanica-para-accionamiento-de-actuadores-hidraulicos-remotos\/","title":{"rendered":"Sistema de generaci\u00f3n y transmisi\u00f3n de potencia mec\u00e1nica para accionamiento de actuadores hidr\u00e1ulicos remotos"},"content":{"rendered":"<h5>Descripci\u00f3n de la patente <\/h5>\n<p>Sistema de generaci&oacute;n y transmisi&oacute;n de potencia mec&aacute;nica para accionamiento de actuadores hidr&aacute;ulicos remotos, que comprende al menos un actuador hidr&aacute;ulico motorizado (4, 14), alojado en un primer recipiente (18), que se conecta a un actuador hidr&aacute;ulico remoto (8, 15) mediante un conector hidr&aacute;ulico estanco (6). El actuador hidr&aacute;ulico motorizado puede ser un actuador hidr&aacute;ulico motorizado lineal (4), para gobernar un actuador remoto lineal (8); o un actuador hidr&aacute;ulico motorizado rotatorio (14), para gobernar un actuador remoto rotatorio (15). Comprende un n&uacute;mero variable de actuadores hidr&aacute;ulicos motorizados lineales (4) y rotatorios (14), en funci&oacute;n del n&uacute;mero de actuadores hidr&aacute;ulicos remotos lineales (8) y rotatorios (15) que se deban actuar.<\/p>\n<p><img fetchpriority=\"high\" decoding=\"async\" src=\"https:\/\/www.upm.es\/S2i\/Acuse\/recuperarArchivo.jsp?id=1615&amp;id_archivo=12631&amp;tipo=patente&amp;extension=imagen\" alt=\"Figura 1\" width=\"313\" height=\"326\" \/><\/p>\n<p>&nbsp;<\/p>\n<h5>Situaci\u00f3n <\/h5>\n<p>Concedida<\/p>\n<h5>N\u00famero de solicitud<\/h5>\n<p>P202130792<\/p>\n<h5>N\u00famero de publicaci\u00f3n<\/h5>\n<p>ES 2884499<\/p>\n<h5>Fecha de presentaci\u00f3n <\/h5>\n<p>13\/08\/2021<\/p>\n<h5>Fecha de publicaci\u00f3n <\/h5>\n<p>10\/12\/2021<\/p>\n<h5>Fecha de concesi\u00f3n <\/h5>\n<p>25\/04\/2022<\/p>\n<div class=\"pdfprnt-buttons pdfprnt-buttons-product pdfprnt-bottom-left\"><a href=\"https:\/\/www.upm.es\/recursosidi\/wp-json\/wp\/v2\/product\/11839?print=pdf\" class=\"pdfprnt-button pdfprnt-button-pdf\" target=\"_blank\"><span class=\"pdfprnt-button-title pdfprnt-button-pdf-title\">Descargar ficha<\/span><\/a><\/div>","protected":false},"excerpt":{"rendered":"<p>Descripci\u00f3n de la patente Sistema de generaci&oacute;n y transmisi&oacute;n de potencia mec&aacute;nica para accionamiento de actuadores hidr&aacute;ulicos remotos, que comprende al menos un actuador hidr&aacute;ulico&hellip;<\/p>\n","protected":false},"featured_media":0,"template":"","meta":{"_acf_changed":false},"product_cat":[3946],"product_tag":[4508,2676,2524,3460,8818,9085,4302,2495,4301,9910,4204,9151,3403,2599,4140,4185,2549,4273,2324,2850,10175,8994,4476,2449,2512,2494,4093,2625,3653,2528,2440,10147,3993,8309,2439,3983,10307,8870,4506,2424,9143,9026,9069,4080,9012,10145,2654,2469,2343,10215,3785,10225,3609,10227,2651,10171,2550,8558,2451,10157,4014,3056,8895,3579,4320,3996,9006,8982,3515,4133,4195,2521,4497,3582,2421,10169,2507,8901,2605,3316,4593,4480,4592,2513,2434,4303,2453,2835,2487,2427,2502,10211,10197,9737,2455,2412,2667,2668,2476,10207,4505,4179,2448,4631,4255,4112,2545,3951,3958,4181,4119,10165,2337,4478,4139,9667,4241,3788,3787,3794,10191,10199,2300,4251,2600,3374,3965,2479,4299,2647,9665,2564,4520,2642,9067,2657,8643,3633,2460,3994,2515,4298,8554,2522,4137,4259,3320,2645,9904,8577,4002,4003,9052,8874,3384,2468,2450,4000,2690,9902,4188,3775,4517,2459,8401,9155,4271,4270,2598,2443,3607,10309,2299,10311,9097,2673,10313,4323,3979,4182,9898,3801,9077,2558,4235,4236,3321,3318,3319,2496,2425,3363,4648,3779,2573,4630,4196,2458,8403,3453,4245,3651,4246,4258,4500,2493,4138,4116,4084,9101,4375,8641,4522,2516,3581,2315,4130,4141,4518,2648,2538,2575,10187,3700,3782,3701,9016,4519,3329,2413,3325,3357,4632,3327,3326,3378,4243,2465,4209,2587,3802,3456,4082,2523,10223,4125,2482,2464,8575,4316,4213,9022,4016,4726,2572,2335,8802,3463,4492,4591,3964,4491,4705,4633,4516,2410,10167,10315,8835,9099,4489,4503,3608,2548,3512,2506,3519,3757,2533,3781,2447,3405,4319,2411,2477,3777,2597,4647,2585,2561,2555,2419,2553,3790,4307,10153,4092,2306,3980,4190,3547,3631,2957,3978,3977,8816,3630,4479,4311,2543,2341,3632,3364,3361,8380,3365,3371,3360,9081,3629,9918,8391,4315,3201,2596,3058,3369,2489,2644,3778,3995,8798,2649,3987,4212,8839,2433,3328,4254,3786,4639,3439,3440,4194,4010,8812,8814,3694,4089,4205,10221,2452,3783,4007,4706,2883,8996,8384,2430,2782,8550,4707,4126,4127,4610,2432,3691,3382,9733,9920,9059,2662,3462,4525,4521,9087,2672,4655,3575,2643,4006,4304,4114,10317,4211,4101,2884,4722,4510,10201,2470,2660,3796,2491,2661,3203,9089,3461,8843,2551,2446,8637,9083,9075,10233,9008,4191,3367,2442,4496,4201,3468,4640,2567,2488,2348,4015,3773,4090,4244,2617,4381,4012,3516,3795,3797,3514,4193,4131,3386,9145,9157,9153,4146,3800,3556,3580,2445,3355,8560,4724,3990,8833,10319,2650,4083,3362,3477,4512,10321,10231,2885,9071,4498,9020,8872,2441,2535,4499,9663,4330,2417,4121,3458,3548,4509,2568,3455,4177,2503,10143,3959,3606,2414,2331,8887,3094,3628,4013,4115,10177,2601,2547,10149,3798,4187,3010,4088,4102,2509,2473,10189,4262,2674,4079,4242,4076,4077,3708,3956,3356,4005,10141,2437,4266,3445,8986,4117,4494,2963,4495,4477,4475,2486,3314,4376,3997,4378,3699,3113,4111,4490,2592,2663,2576,4144,10217,2586,2431,3799,2480,2415,4379,4145,4124,10139,9906,3381,4256,3803,3805,4493,4332,4134,2416,4334,3095,4728,2536,8992,2615,4484,4634,9912,9914,4237,10155,4234,9922,9916,2510,8841,3404,4324,4132,2478,4106,4110,2868,4247,4513,9147,2669,3442,3452,4502,2929,10173,3041,10209,4501,2563,3689,3690,3688,4487,3687,10213,10219,3383,4328,2537,4108,4109,3385,3513,3692,3693,8810,2675,4176,3402,4104,4105,2492,9091,9111,9073,9014,2518,2490,4257,2508,4178,4306,2462,9735,8984,4143,3441,4383,2870,2566,159,3982,10323,4142,2514,2653,2858,2655,3954,8891,4504,2485,4147,4120,3709,2542,3359,3380,4718,2483,8556,3323,3330,2428,3368,3373,2562,4313,4129,4309,4702,4103,2814,2481,2497,4075,3986,4300,3984,3985,4507,2520,3372,3584,9018,3173,2788,4515,3312,8845,4329,4100,8837,8980,10325,4314,10327,3791,4511,2560,10329,8405,3457,3459,3991,4009,2574,8868,2595,4656,10195,10193,3366,3955,4524,3555,4488,4249,3992,4208,3989,4011,10331,2466,3650,4635,4136,2474,4135,8552,2539,2554,2666,8806,8808,4708,2646,4380,4382,3377,8804,9900,4263,2618,8990,4377,3792,4200,3479,3033,10229,4326,4638,4239,3998,3696,2467,4308,4199,2920,9065,4265,4264,3953,2552,2571,4086,4085,4260,3652,4327,4248,4189,4318,2556,2423,2953,4720,3950,8378,8393,10203,4250,3583,9010,3957,3444,9149,4186,3454,33,10333,2461,4261,3695,4202,10151,2308,3804,2498,2792,3376,10159,2456,10335,2286,2511,2634,4087,2594,2475,2583,4091,4210,4197,4203,2577,3789,3780,3784,4321,4723,4267,4310,4305,9669,4317,4238,2546,4240,4274,4668,4325,3315,3578,2454,8800,10337,2409,2626,9061,4331,10163,2499,2860,3443,3379,10339,8820,4113,2621,4207,4253,4122,4078,2664,4123,4107,3370,3774,4004,3988,2591,3793,2593,4184,3520,2931,2559,4128,4269,2429,2457,2584,4719,4198,4725,3952,3960,4523,4611,10341,4717,10343,8889,9063,2436,8893,4206,4214,4215,4118,2658,2656,10205,9057,8382,3375,9079,9141,2472,4180,4081,3697,4252,2444,3476,4727,4322,4183,3626,4192,4272,4729,3317,3776,4268,4008,3313,4590,2541,2517,3698,2881,4333,2525,9024,2463,2418,8639,2544,3981,2426,4514,2471,3387,2484,3627,4721,2540,4312],"comunidades-upm":[],"quien":[],"mapa":[{"term_id":2405,"name":"Ciencia para la ingenier\u00eda y la arquitectura","slug":"ciencia-para-ingenieria-y-arquitectura","term_group":0,"term_taxonomy_id":2405,"taxonomy":"mapa","description":"","parent":0,"count":127,"filter":"raw","term_order":"7"},{"term_id":126,"name":"Tecnolog\u00edas digitales, Inteligencia Artificial, ciberseguridad, 5G, rob\u00f3tica","slug":"tecnologias_digitales-ai-ciberseguridad-5g-robotica","term_group":0,"term_taxonomy_id":126,"taxonomy":"mapa","description":"","parent":0,"count":194,"filter":"raw","term_order":"23"}],"disponibilidad":[],"donde":[{"term_id":576,"name":"Centro de Autom\u00e1tica y Rob\u00f3tica (CAR). Centro Mixto UPM-CSIC","slug":"centro-de-automatica-y-robotica-car-centro-mixto-upm-csic","term_group":0,"term_taxonomy_id":576,"taxonomy":"donde","description":"","parent":0,"count":42,"filter":"raw","term_order":"0"},{"term_id":10253,"name":"Mechatronics and Advanced Design in Robotics. MAD-Robotics","slug":"mechatronics-and-advanced-design-in-robotics-mad-robotics-2","term_group":0,"term_taxonomy_id":10253,"taxonomy":"donde","description":"","parent":0,"count":2,"filter":"raw","term_order":"0"},{"term_id":360,"name":"Robots y m\u00e1quinas inteligentes","slug":"robots-y-maquinas-inteligentes","term_group":0,"term_taxonomy_id":360,"taxonomy":"donde","description":"","parent":0,"count":22,"filter":"raw","term_order":"0"}],"infraestructura":[],"ods":[],"origen":[{"term_id":180,"name":"Patente","slug":"patente","term_group":0,"term_taxonomy_id":180,"taxonomy":"origen","description":"","parent":0,"count":614,"filter":"raw","term_order":"0"}],"familia_tax":false,"quien_tax":false,"donde_tax":false,"year":"","contacto":"<strong>Principales: <\/strong><ul><li>JUAN SEBASTI\u00c1N CELY GUTI\u00c9RREZ <blockquote><strong>js.cely@upm.es<\/strong><\/blockquote><\/li><li>CECILIA ELISABET GARCIA CENA <blockquote><strong>cecilia.garcia@upm.es<\/strong><\/blockquote><\/li><li>ROQUE JACINTO SALTAREN PAZMI\u00d1O <blockquote><strong>roquejacinto.saltaren@upm.es<\/strong><\/blockquote><\/li><\/ul><strong>Otros investigadores UPM: <\/strong><ul><li>Jos\u00e9 Manuel Angosto Fern\u00e1ndez Centro de I+d+i en Procesado de la Informaci\u00f3n y Telecomunicaciones (IPT)<\/li><\/ul>","telefono":"","pagina_web":"","email":"","id_ficha_portal":"1615","video":"","adjuntos":false,"adjuntos_portal":"https:\/\/www.upm.es\/S2i\/Acuse\/recuperarArchivo.jsp?id=1615&id_archivo=12931&tipo=patente&extension=fichero ","inf":false,"departamento":"","acf":[],"lang":"es","translation":{"es":11839},"_links":{"self":[{"href":"https:\/\/www.upm.es\/recursosidi\/wp-json\/wp\/v2\/product\/11839"}],"collection":[{"href":"https:\/\/www.upm.es\/recursosidi\/wp-json\/wp\/v2\/product"}],"about":[{"href":"https:\/\/www.upm.es\/recursosidi\/wp-json\/wp\/v2\/types\/product"}],"wp:attachment":[{"href":"https:\/\/www.upm.es\/recursosidi\/wp-json\/wp\/v2\/media?parent=11839"}],"wp:term":[{"taxonomy":"product_cat","embeddable":true,"href":"https:\/\/www.upm.es\/recursosidi\/wp-json\/wp\/v2\/product_cat?post=11839"},{"taxonomy":"product_tag","embeddable":true,"href":"https:\/\/www.upm.es\/recursosidi\/wp-json\/wp\/v2\/product_tag?post=11839"},{"taxonomy":"comunidad_upm","embeddable":true,"href":"https:\/\/www.upm.es\/recursosidi\/wp-json\/wp\/v2\/comunidades-upm?post=11839"},{"taxonomy":"quien","embeddable":true,"href":"https:\/\/www.upm.es\/recursosidi\/wp-json\/wp\/v2\/quien?post=11839"},{"taxonomy":"mapa","embeddable":true,"href":"https:\/\/www.upm.es\/recursosidi\/wp-json\/wp\/v2\/mapa?post=11839"},{"taxonomy":"disponibilidad","embeddable":true,"href":"https:\/\/www.upm.es\/recursosidi\/wp-json\/wp\/v2\/disponibilidad?post=11839"},{"taxonomy":"donde","embeddable":true,"href":"https:\/\/www.upm.es\/recursosidi\/wp-json\/wp\/v2\/donde?post=11839"},{"taxonomy":"infraestructura","embeddable":true,"href":"https:\/\/www.upm.es\/recursosidi\/wp-json\/wp\/v2\/infraestructura?post=11839"},{"taxonomy":"ods","embeddable":true,"href":"https:\/\/www.upm.es\/recursosidi\/wp-json\/wp\/v2\/ods?post=11839"},{"taxonomy":"origen","embeddable":true,"href":"https:\/\/www.upm.es\/recursosidi\/wp-json\/wp\/v2\/origen?post=11839"}],"curies":[{"name":"wp","href":"https:\/\/api.w.org\/{rel}","templated":true}]}}