{"id":11840,"date":"2023-01-26T11:48:20","date_gmt":"2023-01-26T10:48:20","guid":{"rendered":"https:\/\/www.upm.es\/recursosidi\/offers-resources\/sin%20categor\u00eda\/sistema-y-procedimiento-para-desacoplar-el-consumo-y-la-produccion-de-energia-mecanica-en-ciclos-termodinamicos-de-potencia\/"},"modified":"2023-05-10T03:16:35","modified_gmt":"2023-05-10T01:16:35","slug":"sistema-y-procedimiento-para-desacoplar-el-consumo-y-la-produccion-de-energia-mecanica-en-ciclos-termodinamicos-de-potencia","status":"publish","type":"product","link":"https:\/\/www.upm.es\/recursosidi\/offers-resources\/patentes\/sistema-y-procedimiento-para-desacoplar-el-consumo-y-la-produccion-de-energia-mecanica-en-ciclos-termodinamicos-de-potencia\/","title":{"rendered":"SISTEMA Y PROCEDIMIENTO PARA DESACOPLAR EL CONSUMO Y LA PRODUCCI\u00d3N DE ENERG\u00cdA MEC\u00c1NICA EN CICLOS TERMODIN\u00c1MICOS DE POTENCIA"},"content":{"rendered":"<h5>Descripci\u00f3n de la patente <\/h5>\n<p align=\"LEFT\">Sistema y procedimiento para desacoplar en el tiempo el consumo y la producci&oacute;n de energ&iacute;a mec&aacute;nica en ciclos termodin&aacute;micos de potencia, que permite el consumo de energ&iacute;a el&eacute;ctrica o mec&aacute;nica cuando esta tiene bajo coste y la producci&oacute;n de energ&iacute;a mec&aacute;nica o el&eacute;ctrica cuando su precio de venta es mayor. El dispositivo consiste en la adici&oacute;n a los ciclos h&iacute;bridos Rankine-Brayton o los ciclos de recompresi&oacute;n de CO2 supercr&iacute;ticos un sistema de almacenamiento (9), una valvula de laminaci&oacute;n (10), un intercambiador de calor que recibe calor del ambiente (11) y, opcionalmente, un recuperador de calor (15) del sistema de almacenamiento (9), haciendo uso del almacenamiento de la energ&iacute;a t&eacute;rmica obtenida durante el consumo de energ&iacute;a mec&aacute;nica en el compresor (1) en horas posteriores y de forma simult&aacute;nea al proceso de generaci&oacute;n de energ&iacute;a mec&aacute;nica, que es cuando se necesita el estado t&eacute;rmico generado previamente.<\/p>\n<p align=\"LEFT\">&nbsp;<\/p>\n<p>&nbsp;<\/p>\n<p>&nbsp;<\/p>\n<p>&nbsp;<\/p>\n<p>&nbsp;<\/p>\n<p>&nbsp;<\/p>\n<p>&nbsp;<\/p>\n<p>&nbsp;<\/p>\n<p>&nbsp;<\/p>\n<p>&nbsp;<\/p>\n<p>&nbsp;<\/p>\n<p>&nbsp;<\/p>\n<p>&nbsp;<\/p>\n<p>&nbsp;<\/p>\n<p>&nbsp;<\/p>\n<h5>Situaci\u00f3n <\/h5>\n<p>Concedida<\/p>\n<h5>N\u00famero de solicitud<\/h5>\n<p>P202130678<\/p>\n<h5>N\u00famero de publicaci\u00f3n<\/h5>\n<p>ES2891374<\/p>\n<h5>Fecha de presentaci\u00f3n <\/h5>\n<p>16\/07\/2021<\/p>\n<h5>Fecha de publicaci\u00f3n <\/h5>\n<p>27\/01\/2022<\/p>\n<h5>Fecha de concesi\u00f3n <\/h5>\n<p>24\/04\/2023<\/p>\n<div class=\"pdfprnt-buttons pdfprnt-buttons-product pdfprnt-bottom-left\"><a href=\"https:\/\/www.upm.es\/recursosidi\/wp-json\/wp\/v2\/product\/11840?print=pdf\" class=\"pdfprnt-button pdfprnt-button-pdf\" target=\"_blank\"><span class=\"pdfprnt-button-title pdfprnt-button-pdf-title\">Descargar ficha<\/span><\/a><\/div>","protected":false},"excerpt":{"rendered":"<p>Descripci\u00f3n de la patente Sistema y procedimiento para desacoplar en el tiempo el consumo y la producci&oacute;n de energ&iacute;a mec&aacute;nica en ciclos termodin&aacute;micos de potencia,&hellip;<\/p>\n","protected":false},"featured_media":0,"template":"","meta":{"_acf_changed":false},"product_cat":[3946],"product_tag":[],"comunidades-upm":[],"quien":[],"mapa":[],"disponibilidad":[],"donde":[{"term_id":238,"name":"Instituto de Fusi\u00f3n Nuclear \"Guillermo Velarde\" (IFN-GV)","slug":"instituto-de-fusion-nuclear-guillermo-velarde-ifn-gv","term_group":0,"term_taxonomy_id":238,"taxonomy":"donde","description":"","parent":0,"count":57,"filter":"raw","term_order":"0"},{"term_id":390,"name":"Thermal Energy for Sustainability","slug":"thermal-energy-for-sustainability","term_group":0,"term_taxonomy_id":390,"taxonomy":"donde","description":"","parent":0,"count":57,"filter":"raw","term_order":"0"}],"infraestructura":[],"ods":[],"origen":[{"term_id":180,"name":"Patente","slug":"patente","term_group":0,"term_taxonomy_id":180,"taxonomy":"origen","description":"","parent":0,"count":614,"filter":"raw","term_order":"0"}],"familia_tax":false,"quien_tax":false,"donde_tax":false,"year":"","contacto":"<strong>Principales: <\/strong><ul><li>JOSE MARIA MARTINEZ-VAL PE\u00d1ALOSA <blockquote><strong>josemaria.martinezval@upm.es<\/strong><\/blockquote><\/li><li>LUIS FRANCISCO GONZALEZ PORTILLO <blockquote><strong>lf.gonzalez@upm.es<\/strong><\/blockquote><\/li><li>RUBEN ABBAS CAMARA <blockquote><strong>ruben.abbas@upm.es<\/strong><\/blockquote><\/li><\/ul><strong>Otros inventores: <\/strong><ul><li>AntonioRovira de Antonio Universidad Nacional de Educacion a Distancia (UNED)<\/li> <li>Rub\u00e9nBarbero Fresno Universidad Nacional de Educacion a Distancia (UNED)<\/li> <\/ul>","telefono":"","pagina_web":"","email":"","id_ficha_portal":"1777","video":"","adjuntos":false,"adjuntos_portal":"https:\/\/www.upm.es\/S2i\/Acuse\/recuperarArchivo.jsp?id=1777&id_archivo=13678&tipo=patente&extension=fichero","inf":false,"departamento":"","acf":[],"lang":"es","translation":{"es":11840},"_links":{"self":[{"href":"https:\/\/www.upm.es\/recursosidi\/wp-json\/wp\/v2\/product\/11840"}],"collection":[{"href":"https:\/\/www.upm.es\/recursosidi\/wp-json\/wp\/v2\/product"}],"about":[{"href":"https:\/\/www.upm.es\/recursosidi\/wp-json\/wp\/v2\/types\/product"}],"wp:attachment":[{"href":"https:\/\/www.upm.es\/recursosidi\/wp-json\/wp\/v2\/media?parent=11840"}],"wp:term":[{"taxonomy":"product_cat","embeddable":true,"href":"https:\/\/www.upm.es\/recursosidi\/wp-json\/wp\/v2\/product_cat?post=11840"},{"taxonomy":"product_tag","embeddable":true,"href":"https:\/\/www.upm.es\/recursosidi\/wp-json\/wp\/v2\/product_tag?post=11840"},{"taxonomy":"comunidad_upm","embeddable":true,"href":"https:\/\/www.upm.es\/recursosidi\/wp-json\/wp\/v2\/comunidades-upm?post=11840"},{"taxonomy":"quien","embeddable":true,"href":"https:\/\/www.upm.es\/recursosidi\/wp-json\/wp\/v2\/quien?post=11840"},{"taxonomy":"mapa","embeddable":true,"href":"https:\/\/www.upm.es\/recursosidi\/wp-json\/wp\/v2\/mapa?post=11840"},{"taxonomy":"disponibilidad","embeddable":true,"href":"https:\/\/www.upm.es\/recursosidi\/wp-json\/wp\/v2\/disponibilidad?post=11840"},{"taxonomy":"donde","embeddable":true,"href":"https:\/\/www.upm.es\/recursosidi\/wp-json\/wp\/v2\/donde?post=11840"},{"taxonomy":"infraestructura","embeddable":true,"href":"https:\/\/www.upm.es\/recursosidi\/wp-json\/wp\/v2\/infraestructura?post=11840"},{"taxonomy":"ods","embeddable":true,"href":"https:\/\/www.upm.es\/recursosidi\/wp-json\/wp\/v2\/ods?post=11840"},{"taxonomy":"origen","embeddable":true,"href":"https:\/\/www.upm.es\/recursosidi\/wp-json\/wp\/v2\/origen?post=11840"}],"curies":[{"name":"wp","href":"https:\/\/api.w.org\/{rel}","templated":true}]}}