{"id":11841,"date":"2023-01-26T11:48:23","date_gmt":"2023-01-26T10:48:23","guid":{"rendered":"https:\/\/www.upm.es\/recursosidi\/offers-resources\/sin categor\u00eda\/un-dispositivo-de-deteccion-de-presencia-e-identificacion-de-objetos\/"},"modified":"2023-01-26T11:48:23","modified_gmt":"2023-01-26T10:48:23","slug":"un-dispositivo-de-deteccion-de-presencia-e-identificacion-de-objetos","status":"publish","type":"product","link":"https:\/\/www.upm.es\/recursosidi\/offers-resources\/patentes\/un-dispositivo-de-deteccion-de-presencia-e-identificacion-de-objetos\/","title":{"rendered":"Un dispositivo de detecci\u00f3n de presencia e identificaci\u00f3n de objetos"},"content":{"rendered":"<h4><strong>Descripci\u00f3n de la patente <\/strong><\/h4>\n<p align=\"LEFT\">Un dispositivo de detecci&oacute;n (11) de presencia e identificaci&oacute;n de objetos asociado a un &aacute;rea de detecci&oacute;n de presencia determinada, que coincide parcial o totalmente con el &aacute;rea de cobertura de un punto de acceso (12) de un sistema de<\/p>\n<p align=\"LEFT\">telecomunicaciones inal&aacute;mbrico (14), donde el dispositivo de detecci&oacute;n (11) de presencia comprende una antena (13) dispuesta para recibir comunicaciones inal&aacute;mbricas desde el al menos punto de acceso (12), al antena (13) est&aacute; conectada a una interfaz de radio comunicaci&oacute;n conectada, a su vez, a una interfaz de usuario que comprende un procesador (15), una memoria y una unidad de almacenamiento de datos (21, 25), el procesador (15) est&aacute; adaptado para ejecutar reglas de detecci&oacute;n e identificaci&oacute;n almacenadas en la memoria, el procesador (15) ejecuta las reglas de detecci&oacute;n para adquirir valores de predeterminados par&aacute;metros de las se&ntilde;ales inal&aacute;mbricas transmitidas hacia y desde el al menos un punto de acceso (12), un equipo de usuario, y determina la presencia de un objeto que se mueve dentro del &aacute;rea de detecci&oacute;n de presencia.<\/p>\n<p>&nbsp;<\/p>\n<h4><strong>Situaci\u00f3n<\/strong><\/h4>\n<p>Presentada<\/p>\n<h4><strong>N\u00famero de solicitud<\/h5>\n<p>P202230354<\/p>\n<h5>N\u00famero de publicaci\u00f3n<\/h5>\n<p>ES2917275<\/p>\n<h5>Fecha de presentaci\u00f3n <\/h5>\n<p>20\/04\/2022<\/p>\n<h5>Fecha de publicaci\u00f3n <\/h5>\n<p>07\/07\/2022<\/p>\n<div class=\"pdfprnt-buttons pdfprnt-buttons-product pdfprnt-bottom-left\"><a href=\"https:\/\/www.upm.es\/recursosidi\/wp-json\/wp\/v2\/product\/11841?print=pdf\" class=\"pdfprnt-button pdfprnt-button-pdf\" target=\"_blank\"><span class=\"pdfprnt-button-title pdfprnt-button-pdf-title\">Descargar ficha<\/span><\/a><\/div>","protected":false},"excerpt":{"rendered":"<p>Descripci\u00f3n de la patente Un dispositivo de detecci&oacute;n (11) de presencia e identificaci&oacute;n de objetos asociado a un &aacute;rea de detecci&oacute;n de presencia determinada, que&hellip;<\/p>\n","protected":false},"featured_media":0,"template":"","meta":{"_acf_changed":false},"product_cat":[3946],"product_tag":[],"comunidades-upm":[],"quien":[],"mapa":[{"term_id":126,"name":"Tecnolog\u00edas digitales, Inteligencia Artificial, ciberseguridad, 5G, rob\u00f3tica","slug":"tecnologias_digitales-ai-ciberseguridad-5g-robotica","term_group":0,"term_taxonomy_id":126,"taxonomy":"mapa","description":"","parent":0,"count":194,"filter":"raw","term_order":"23"}],"disponibilidad":[],"donde":[{"term_id":1770,"name":"Industrial Electronics Centre IEC","slug":"en_industrial-electronics-centre-iec","term_group":0,"term_taxonomy_id":1770,"taxonomy":"donde","description":"","parent":0,"count":5,"filter":"raw","term_order":"0"}],"infraestructura":[],"ods":[],"origen":[{"term_id":180,"name":"Patente","slug":"patente","term_group":0,"term_taxonomy_id":180,"taxonomy":"origen","description":"","parent":0,"count":614,"filter":"raw","term_order":"0"}],"familia_tax":false,"quien_tax":false,"donde_tax":false,"year":"","contacto":"<strong>Principales: <\/strong><ul><li>FELIX ANTONIO MORENO GONZALEZ <blockquote><strong>felix.moreno@upm.es<\/strong><\/blockquote><\/li><\/ul><strong>Otros inventores UPM: <\/strong><ul><li>Diego Moreno Ram\u00edrez de la Piscina<\/li><\/ul>","telefono":"","pagina_web":"","email":"","id_ficha_portal":"1836","video":"","adjuntos":false,"adjuntos_portal":"","inf":false,"departamento":"","acf":[],"lang":"es","translation":{"es":11841},"_links":{"self":[{"href":"https:\/\/www.upm.es\/recursosidi\/wp-json\/wp\/v2\/product\/11841"}],"collection":[{"href":"https:\/\/www.upm.es\/recursosidi\/wp-json\/wp\/v2\/product"}],"about":[{"href":"https:\/\/www.upm.es\/recursosidi\/wp-json\/wp\/v2\/types\/product"}],"wp:attachment":[{"href":"https:\/\/www.upm.es\/recursosidi\/wp-json\/wp\/v2\/media?parent=11841"}],"wp:term":[{"taxonomy":"product_cat","embeddable":true,"href":"https:\/\/www.upm.es\/recursosidi\/wp-json\/wp\/v2\/product_cat?post=11841"},{"taxonomy":"product_tag","embeddable":true,"href":"https:\/\/www.upm.es\/recursosidi\/wp-json\/wp\/v2\/product_tag?post=11841"},{"taxonomy":"comunidad_upm","embeddable":true,"href":"https:\/\/www.upm.es\/recursosidi\/wp-json\/wp\/v2\/comunidades-upm?post=11841"},{"taxonomy":"quien","embeddable":true,"href":"https:\/\/www.upm.es\/recursosidi\/wp-json\/wp\/v2\/quien?post=11841"},{"taxonomy":"mapa","embeddable":true,"href":"https:\/\/www.upm.es\/recursosidi\/wp-json\/wp\/v2\/mapa?post=11841"},{"taxonomy":"disponibilidad","embeddable":true,"href":"https:\/\/www.upm.es\/recursosidi\/wp-json\/wp\/v2\/disponibilidad?post=11841"},{"taxonomy":"donde","embeddable":true,"href":"https:\/\/www.upm.es\/recursosidi\/wp-json\/wp\/v2\/donde?post=11841"},{"taxonomy":"infraestructura","embeddable":true,"href":"https:\/\/www.upm.es\/recursosidi\/wp-json\/wp\/v2\/infraestructura?post=11841"},{"taxonomy":"ods","embeddable":true,"href":"https:\/\/www.upm.es\/recursosidi\/wp-json\/wp\/v2\/ods?post=11841"},{"taxonomy":"origen","embeddable":true,"href":"https:\/\/www.upm.es\/recursosidi\/wp-json\/wp\/v2\/origen?post=11841"}],"curies":[{"name":"wp","href":"https:\/\/api.w.org\/{rel}","templated":true}]}}