{"id":11843,"date":"2023-01-26T11:48:28","date_gmt":"2023-01-26T10:48:28","guid":{"rendered":"https:\/\/www.upm.es\/recursosidi\/offers-resources\/sin%20categor\u00eda\/cierre-celulosico-con-etiqueta-adhesiva-paraembalajes-de-carton-con-solapas-y-procedimiento-deuso\/"},"modified":"2023-03-01T02:49:10","modified_gmt":"2023-03-01T01:49:10","slug":"cierre-celulosico-con-etiqueta-adhesiva-paraembalajes-de-carton-con-solapas-y-procedimiento-deuso","status":"publish","type":"product","link":"https:\/\/www.upm.es\/recursosidi\/offers-resources\/patentes\/cierre-celulosico-con-etiqueta-adhesiva-paraembalajes-de-carton-con-solapas-y-procedimiento-deuso\/","title":{"rendered":"CIERRE CELUL\u00d3SICO CON ETIQUETA ADHESIVA PARA\r\nEMBALAJES DE CART\u00d3N CON SOLAPAS Y PROCEDIMIENTO DE\r\nUSO"},"content":{"rendered":"<h5>Descripci\u00f3n de la patente <\/h5>\n<p align=\"LEFT\">La presente invenci&oacute;n se refiere a un cierre celul&oacute;sico<\/p>\n<p align=\"LEFT\">para embalajes de cart&oacute;n con solapas (3) que<\/p>\n<p align=\"LEFT\">comprende una pinza (1) configurada en forma de<\/p>\n<p align=\"LEFT\">&#8220;H&#8221;, y una pegatina (2) con una superficie adhesiva<\/p>\n<p align=\"LEFT\">cubierta por una tapa (5) donde las dos aberturas de<\/p>\n<p align=\"LEFT\">la pinza (1) est&aacute;n destinadas a acoger sendas<\/p>\n<p align=\"LEFT\">solapas (3) del embalaje para un cierre reversible,<\/p>\n<p align=\"LEFT\">siendo la superficie de la pegatina (2) mayor que la<\/p>\n<p align=\"LEFT\">superficie de la pinza (1) al menos por dos zonas<\/p>\n<p align=\"LEFT\">perimetrales opuestas, y donde la pegatina (2) se<\/p>\n<p align=\"LEFT\">ubica, una vez retirada la tapa (5), centrada sobre la<\/p>\n<p align=\"LEFT\">pinza (1), de forma que, al sobresalir, tambi&eacute;n se<\/p>\n<p align=\"LEFT\">ubica sobre las solapas (3), cerrando el embalaje de<\/p>\n<p align=\"LEFT\">forma definitiva. Tambi&eacute;n se refiere al procedimiento<\/p>\n<p>para cerrar embalajes con el cierre celul&oacute;sico.<\/p>\n<p>&nbsp;<\/p>\n<h5>Situaci\u00f3n <\/h5>\n<p>Concedida<\/p>\n<h5>N\u00famero de solicitud<\/h5>\n<p>P202130556<\/p>\n<h5>N\u00famero de publicaci\u00f3n<\/h5>\n<p>ES2925423-A1<\/p>\n<h5>Fecha de presentaci\u00f3n <\/h5>\n<p>16\/06\/2021<\/p>\n<h5>Fecha de publicaci\u00f3n <\/h5>\n<p>17\/10\/2022<\/p>\n<h5>Fecha de concesi\u00f3n <\/h5>\n<p>17\/02\/2023<\/p>\n<div class=\"pdfprnt-buttons pdfprnt-buttons-product pdfprnt-bottom-left\"><a href=\"https:\/\/www.upm.es\/recursosidi\/wp-json\/wp\/v2\/product\/11843?print=pdf\" class=\"pdfprnt-button pdfprnt-button-pdf\" target=\"_blank\"><span class=\"pdfprnt-button-title pdfprnt-button-pdf-title\">Descargar ficha<\/span><\/a><\/div>","protected":false},"excerpt":{"rendered":"<p>Descripci\u00f3n de la patente La presente invenci&oacute;n se refiere a un cierre celul&oacute;sico para embalajes de cart&oacute;n con solapas (3) que comprende una pinza (1)&hellip;<\/p>\n","protected":false},"featured_media":0,"template":"","meta":{"_acf_changed":false},"product_cat":[3946],"product_tag":[],"comunidades-upm":[],"quien":[],"mapa":[],"disponibilidad":[],"donde":[{"term_id":498,"name":"Dise\u00f1o y fabricaci\u00f3n industrial","slug":"diseno-y-fabricacion-industrial","term_group":0,"term_taxonomy_id":498,"taxonomy":"donde","description":"","parent":0,"count":18,"filter":"raw","term_order":"0"},{"term_id":638,"name":"Metrolog\u00eda Dimensional","slug":"metrologia-dimensional","term_group":0,"term_taxonomy_id":638,"taxonomy":"donde","description":"","parent":0,"count":2,"filter":"raw","term_order":"0"}],"infraestructura":[],"ods":[],"origen":[{"term_id":180,"name":"Patente","slug":"patente","term_group":0,"term_taxonomy_id":180,"taxonomy":"origen","description":"","parent":0,"count":614,"filter":"raw","term_order":"0"}],"familia_tax":false,"quien_tax":false,"donde_tax":false,"year":"","contacto":"<strong>Principales: <\/strong><ul><li>JULIAN JOSE NARBON PRIETO <blockquote><strong>jj.narbon@upm.es<\/strong><\/blockquote><\/li><li>CRISTINA MORENO DIAZ <blockquote><strong>cristina.mdiaz@upm.es<\/strong><\/blockquote><\/li><li>MIGUEL BERZAL RUBIO <blockquote><strong>m.berzal@upm.es<\/strong><\/blockquote><\/li><\/ul><strong>Otros investigadores UPM: <\/strong><ul><li>BLANCO BUQUER\u00cdN, M\u00f3nica Centro de I+d+i en Procesado de la Informaci\u00f3n y Telecomunicaciones (IPT)<\/li><li>RODR\u00cdGUEZ ORTEGA, Irene Centro de I+d+i en Procesado de la Informaci\u00f3n y Telecomunicaciones (IPT)<\/li><\/ul>","telefono":"","pagina_web":"","email":"","id_ficha_portal":"1763","video":"","adjuntos":false,"adjuntos_portal":"https:\/\/www.upm.es\/S2i\/Acuse\/recuperarArchivo.jsp?id=1763&id_archivo=13528&tipo=patente&extension=fichero","inf":false,"departamento":"","acf":[],"lang":"es","translation":{"es":11843},"_links":{"self":[{"href":"https:\/\/www.upm.es\/recursosidi\/wp-json\/wp\/v2\/product\/11843"}],"collection":[{"href":"https:\/\/www.upm.es\/recursosidi\/wp-json\/wp\/v2\/product"}],"about":[{"href":"https:\/\/www.upm.es\/recursosidi\/wp-json\/wp\/v2\/types\/product"}],"wp:attachment":[{"href":"https:\/\/www.upm.es\/recursosidi\/wp-json\/wp\/v2\/media?parent=11843"}],"wp:term":[{"taxonomy":"product_cat","embeddable":true,"href":"https:\/\/www.upm.es\/recursosidi\/wp-json\/wp\/v2\/product_cat?post=11843"},{"taxonomy":"product_tag","embeddable":true,"href":"https:\/\/www.upm.es\/recursosidi\/wp-json\/wp\/v2\/product_tag?post=11843"},{"taxonomy":"comunidad_upm","embeddable":true,"href":"https:\/\/www.upm.es\/recursosidi\/wp-json\/wp\/v2\/comunidades-upm?post=11843"},{"taxonomy":"quien","embeddable":true,"href":"https:\/\/www.upm.es\/recursosidi\/wp-json\/wp\/v2\/quien?post=11843"},{"taxonomy":"mapa","embeddable":true,"href":"https:\/\/www.upm.es\/recursosidi\/wp-json\/wp\/v2\/mapa?post=11843"},{"taxonomy":"disponibilidad","embeddable":true,"href":"https:\/\/www.upm.es\/recursosidi\/wp-json\/wp\/v2\/disponibilidad?post=11843"},{"taxonomy":"donde","embeddable":true,"href":"https:\/\/www.upm.es\/recursosidi\/wp-json\/wp\/v2\/donde?post=11843"},{"taxonomy":"infraestructura","embeddable":true,"href":"https:\/\/www.upm.es\/recursosidi\/wp-json\/wp\/v2\/infraestructura?post=11843"},{"taxonomy":"ods","embeddable":true,"href":"https:\/\/www.upm.es\/recursosidi\/wp-json\/wp\/v2\/ods?post=11843"},{"taxonomy":"origen","embeddable":true,"href":"https:\/\/www.upm.es\/recursosidi\/wp-json\/wp\/v2\/origen?post=11843"}],"curies":[{"name":"wp","href":"https:\/\/api.w.org\/{rel}","templated":true}]}}