{"id":11844,"date":"2023-01-26T11:48:31","date_gmt":"2023-01-26T10:48:31","guid":{"rendered":"https:\/\/www.upm.es\/recursosidi\/offers-resources\/sin categor\u00eda\/sistema-de-integracion-sinergica-de-fuentes-de-electricidad-de-origen-renovable-no-gestionable-y-bombas-de-calor-de-co2-en-centrales-termoelectricas\/"},"modified":"2023-01-26T11:48:31","modified_gmt":"2023-01-26T10:48:31","slug":"sistema-de-integracion-sinergica-de-fuentes-de-electricidad-de-origen-renovable-no-gestionable-y-bombas-de-calor-de-co2-en-centrales-termoelectricas","status":"publish","type":"product","link":"https:\/\/www.upm.es\/recursosidi\/offers-resources\/patentes\/sistema-de-integracion-sinergica-de-fuentes-de-electricidad-de-origen-renovable-no-gestionable-y-bombas-de-calor-de-co2-en-centrales-termoelectricas\/","title":{"rendered":"SISTEMA DE INTEGRACI\u00d3N SIN\u00c9RGICA DE FUENTES DE ELECTRICIDAD DE ORIGEN RENOVABLE NO GESTIONABLE Y BOMBAS DE CALOR DE CO2 EN CENTRALES TERMOEL\u00c9CTRICAS"},"content":{"rendered":"<h4><strong>Descripci\u00f3n de la patente <\/strong><\/h4>\n<p>Sistema&nbsp;&nbsp; de&nbsp;&nbsp; integraci&oacute;n&nbsp;&nbsp; sin&eacute;rgica&nbsp;&nbsp; de&nbsp;&nbsp; una&nbsp;&nbsp; fuente&nbsp;&nbsp; de electricidad de origen renovable no <br \/>gestionable y bombas de&nbsp;&nbsp; calor&nbsp;&nbsp; de&nbsp;&nbsp; CO2&nbsp;&nbsp;&nbsp;&nbsp; en&nbsp;&nbsp; centrales&nbsp;&nbsp; termoel&eacute;ctricas&nbsp;&nbsp; y procedimiento <br \/>de uso que permiten la incorporaci&oacute;n de energ&iacute;a&nbsp; el&eacute;ctrica&nbsp; de&nbsp; origen&nbsp; renovable&nbsp; en&nbsp; una&nbsp; central <br \/>t&eacute;rmica convencional, as&iacute; como su gesti&oacute;n, para que sea vertida&nbsp;&nbsp; a&nbsp;&nbsp; la&nbsp;&nbsp; red&nbsp;&nbsp; el&eacute;ctrica&nbsp;&nbsp; en&nbsp;&nbsp; <br \/>los&nbsp;&nbsp; momentos&nbsp;&nbsp; m&aacute;s adecuados y no cuando lo exige el recurso renovable. El dispositivo consiste <br \/>en dotar a la central termoel&eacute;ctrica de una&nbsp;&nbsp; fuente&nbsp;&nbsp; de&nbsp;&nbsp; electricidad&nbsp;&nbsp; de&nbsp;&nbsp; origen&nbsp;&nbsp; renovable&nbsp; <br \/>&nbsp;no gestionable&nbsp; como,&nbsp; por&nbsp; ejemplo,&nbsp; un&nbsp; campo&nbsp; de&nbsp; paneles fotovoltaicos,&nbsp; un&nbsp; sistema&nbsp; de&nbsp; <br \/>almacenamiento&nbsp; t&eacute;rmico, una&nbsp;&nbsp; bomba&nbsp;&nbsp; de&nbsp;&nbsp; calor&nbsp;&nbsp; de&nbsp;&nbsp; CO2&nbsp;&nbsp;&nbsp;&nbsp; supercr&iacute;tico&nbsp;&nbsp; y&nbsp;&nbsp; un <br \/>intercambiador&nbsp; de&nbsp; calor&nbsp; de&nbsp; descarga,&nbsp; que&nbsp; precalienta agua del ciclo de Rankine y que se <br \/>dispone en paralelo con los precalentadores regenerativos de la central.<\/p>\n<h4><strong>Situaci\u00f3n<\/strong><\/h4>\n<p>Concedida<\/p>\n<h4><strong>N\u00famero de solicitud<\/h5>\n<p>P202130679<\/p>\n<h5>N\u00famero de publicaci\u00f3n<\/h5>\n<p>ES 2893976 A1<\/p>\n<h5>Fecha de presentaci\u00f3n <\/h5>\n<p>16\/07\/2021<\/p>\n<h5>Fecha de publicaci\u00f3n <\/h5>\n<p>10\/02\/2022<\/p>\n<h5>Fecha de concesi\u00f3n <\/h5>\n<p>20\/06\/2022<\/p>\n<div class=\"pdfprnt-buttons pdfprnt-buttons-product pdfprnt-bottom-left\"><a href=\"https:\/\/www.upm.es\/recursosidi\/wp-json\/wp\/v2\/product\/11844?print=pdf\" class=\"pdfprnt-button pdfprnt-button-pdf\" target=\"_blank\"><span class=\"pdfprnt-button-title pdfprnt-button-pdf-title\">Descargar ficha<\/span><\/a><\/div>","protected":false},"excerpt":{"rendered":"<p>Descripci\u00f3n de la patente Sistema&nbsp;&nbsp; de&nbsp;&nbsp; integraci&oacute;n&nbsp;&nbsp; sin&eacute;rgica&nbsp;&nbsp; de&nbsp;&nbsp; una&nbsp;&nbsp; fuente&nbsp;&nbsp; de electricidad de origen renovable no gestionable y bombas de&nbsp;&nbsp; calor&nbsp;&nbsp; de&nbsp;&nbsp; CO2&nbsp;&nbsp;&nbsp;&nbsp; en&nbsp;&nbsp;&hellip;<\/p>\n","protected":false},"featured_media":0,"template":"","meta":{"_acf_changed":false},"product_cat":[3946],"product_tag":[],"comunidades-upm":[],"quien":[],"mapa":[],"disponibilidad":[],"donde":[{"term_id":1462,"name":"\"Guillermo Velarde\" Nuclear Fusion Institute","slug":"en_guillermo-velarde-nuclear-fusion-institute","term_group":0,"term_taxonomy_id":1462,"taxonomy":"donde","description":"","parent":0,"count":7,"filter":"raw","term_order":"0"},{"term_id":1614,"name":"Thermal Energy for Sustainability","slug":"en_thermal-energy-for-sustainability","term_group":0,"term_taxonomy_id":1614,"taxonomy":"donde","description":"","parent":0,"count":7,"filter":"raw","term_order":"0"}],"infraestructura":[],"ods":[],"origen":[{"term_id":180,"name":"Patente","slug":"patente","term_group":0,"term_taxonomy_id":180,"taxonomy":"origen","description":"","parent":0,"count":614,"filter":"raw","term_order":"0"}],"familia_tax":false,"quien_tax":false,"donde_tax":false,"year":"","contacto":"<strong>Principales: <\/strong><ul><li>JOSE MARIA MARTINEZ-VAL PE\u00d1ALOSA <blockquote><strong>josemaria.martinezval@upm.es<\/strong><\/blockquote><\/li><li>LUIS FRANCISCO GONZALEZ PORTILLO <blockquote><strong>lf.gonzalez@upm.es<\/strong><\/blockquote><\/li><li>RUBEN ABBAS CAMARA <blockquote><strong>ruben.abbas@upm.es<\/strong><\/blockquote><\/li><\/ul><strong>Otros inventores: <\/strong><ul><li>AntonioRovira de Antonio Universidad Nacional de Educacion a Distancia (UNED)<\/li> <li>Rub\u00e9nBarbero Fresno Universidad Nacional de Educacion a Distancia (UNED)<\/li> <\/ul>","telefono":"","pagina_web":"","email":"","id_ficha_portal":"1778","video":"","adjuntos":false,"adjuntos_portal":"https:\/\/www.upm.es\/S2i\/Acuse\/recuperarArchivo.jsp?id=1778&id_archivo=13006&tipo=patente&extension=fichero","inf":false,"departamento":"","acf":[],"lang":"es","translation":{"es":11844},"_links":{"self":[{"href":"https:\/\/www.upm.es\/recursosidi\/wp-json\/wp\/v2\/product\/11844"}],"collection":[{"href":"https:\/\/www.upm.es\/recursosidi\/wp-json\/wp\/v2\/product"}],"about":[{"href":"https:\/\/www.upm.es\/recursosidi\/wp-json\/wp\/v2\/types\/product"}],"wp:attachment":[{"href":"https:\/\/www.upm.es\/recursosidi\/wp-json\/wp\/v2\/media?parent=11844"}],"wp:term":[{"taxonomy":"product_cat","embeddable":true,"href":"https:\/\/www.upm.es\/recursosidi\/wp-json\/wp\/v2\/product_cat?post=11844"},{"taxonomy":"product_tag","embeddable":true,"href":"https:\/\/www.upm.es\/recursosidi\/wp-json\/wp\/v2\/product_tag?post=11844"},{"taxonomy":"comunidad_upm","embeddable":true,"href":"https:\/\/www.upm.es\/recursosidi\/wp-json\/wp\/v2\/comunidades-upm?post=11844"},{"taxonomy":"quien","embeddable":true,"href":"https:\/\/www.upm.es\/recursosidi\/wp-json\/wp\/v2\/quien?post=11844"},{"taxonomy":"mapa","embeddable":true,"href":"https:\/\/www.upm.es\/recursosidi\/wp-json\/wp\/v2\/mapa?post=11844"},{"taxonomy":"disponibilidad","embeddable":true,"href":"https:\/\/www.upm.es\/recursosidi\/wp-json\/wp\/v2\/disponibilidad?post=11844"},{"taxonomy":"donde","embeddable":true,"href":"https:\/\/www.upm.es\/recursosidi\/wp-json\/wp\/v2\/donde?post=11844"},{"taxonomy":"infraestructura","embeddable":true,"href":"https:\/\/www.upm.es\/recursosidi\/wp-json\/wp\/v2\/infraestructura?post=11844"},{"taxonomy":"ods","embeddable":true,"href":"https:\/\/www.upm.es\/recursosidi\/wp-json\/wp\/v2\/ods?post=11844"},{"taxonomy":"origen","embeddable":true,"href":"https:\/\/www.upm.es\/recursosidi\/wp-json\/wp\/v2\/origen?post=11844"}],"curies":[{"name":"wp","href":"https:\/\/api.w.org\/{rel}","templated":true}]}}