{"id":11845,"date":"2023-01-26T11:48:34","date_gmt":"2023-01-26T10:48:34","guid":{"rendered":"https:\/\/www.upm.es\/recursosidi\/offers-resources\/sin%20categor\u00eda\/prefabricado-modular-translucido-para-transmision-de-luz-e-informacion-en-interiores-y-metodo-de-fabricacion\/"},"modified":"2023-09-21T02:31:22","modified_gmt":"2023-09-21T00:31:22","slug":"prefabricado-modular-translucido-para-transmision-de-luz-e-informacion-en-interiores-y-metodo-de-fabricacion","status":"publish","type":"product","link":"https:\/\/www.upm.es\/recursosidi\/offers-resources\/patentes\/prefabricado-modular-translucido-para-transmision-de-luz-e-informacion-en-interiores-y-metodo-de-fabricacion\/","title":{"rendered":"Prefabricado modular transl\u00facido para transmisi\u00f3n de luz e informaci\u00f3n en interiores y m\u00e9todo de fabricaci\u00f3n"},"content":{"rendered":"<h5>Descripci\u00f3n de la patente <\/h5>\n<p align=\"LEFT\">La presente invenci&oacute;n consiste en un panel retroiluminado capaz de transmitir luz a trav&eacute;s de su superficie. Est&aacute; especialmente indicado para su utilizaci&oacute;n en falsos techos registrables como sistema de iluminaci&oacute;n decorativo y capaz de transmitir informaci&oacute;n. El prefabricado modular comprende:<\/p>\n<p align=\"LEFT\">&#8211; una placa (1),<\/p>\n<p align=\"LEFT\">&#8211; una pluralidad de elementos de fibra &oacute;ptica (2) embebidos en la placa (1) y distribuidos sobre su superficie de modo que los elementos de fibra &oacute;ptica (2) atraviesan el espesor de la placa (1), &#8211; una pluralidad de emisores de luz (5) situados en la cara posterior de la placa (1) y configurados para la iluminaci&oacute;n del extremo posterior de los elementos de fibra &oacute;ptica (2) de modo que dicha iluminaci&oacute;n se transmite al extremo anterior de los elementos de fibra &oacute;ptica (2).<\/p>\n<p>&nbsp;<\/p>\n<h5>Situaci\u00f3n <\/h5>\n<p>Concedida<\/p>\n<h5>N\u00famero de solicitud<\/h5>\n<p>U202330504<\/p>\n<h5>Fecha de presentaci\u00f3n <\/h5>\n<p>10\/12\/2021<\/p>\n<h5>Fecha de publicaci\u00f3n <\/h5>\n<p>07\/06\/2023<\/p>\n<h5>Fecha de concesi\u00f3n <\/h5>\n<p>23\/08\/2023<\/p>\n<div class=\"pdfprnt-buttons pdfprnt-buttons-product pdfprnt-bottom-left\"><a href=\"https:\/\/www.upm.es\/recursosidi\/wp-json\/wp\/v2\/product\/11845?print=pdf\" class=\"pdfprnt-button pdfprnt-button-pdf\" target=\"_blank\"><span class=\"pdfprnt-button-title pdfprnt-button-pdf-title\">Descargar ficha<\/span><\/a><\/div>","protected":false},"excerpt":{"rendered":"<p>Descripci\u00f3n de la patente La presente invenci&oacute;n consiste en un panel retroiluminado capaz de transmitir luz a trav&eacute;s de su superficie. Est&aacute; especialmente indicado para&hellip;<\/p>\n","protected":false},"featured_media":0,"template":"","meta":{"_acf_changed":false},"product_cat":[3946],"product_tag":[],"comunidades-upm":[],"quien":[],"mapa":[],"disponibilidad":[],"donde":[{"term_id":510,"name":"Grupo de Investigaci\u00f3n en Tecnolog\u00eda Inform\u00e1tica y de las Comunicaciones: CETTICO","slug":"grupo-de-investigacion-en-tecnologia-informatica-y-de-las-comunicaciones-cettico","term_group":0,"term_taxonomy_id":510,"taxonomy":"donde","description":"","parent":0,"count":1,"filter":"raw","term_order":"0"},{"term_id":3423,"name":"Monitorizaci\u00f3n e Innovaci\u00f3n Tecnol\u00f3gica en Edificaci\u00f3n (MITE)","slug":"monitorizacion-e-innovacion-tecnologica-en-edificacion-mite","term_group":0,"term_taxonomy_id":3423,"taxonomy":"donde","description":"","parent":0,"count":26,"filter":"raw","term_order":"0"}],"infraestructura":[],"ods":[],"origen":[{"term_id":180,"name":"Patente","slug":"patente","term_group":0,"term_taxonomy_id":180,"taxonomy":"origen","description":"","parent":0,"count":614,"filter":"raw","term_order":"0"}],"familia_tax":false,"quien_tax":false,"donde_tax":false,"year":"","contacto":"<strong>Principales: <\/strong><ul><li>DANIEL FERRANDEZ VEGA <blockquote><strong>daniel.fvega@upm.es<\/strong><\/blockquote><\/li><li>SERGIO JOSE RIOS AGUILAR <blockquote><strong>sergio.rios@upm.es<\/strong><\/blockquote><\/li><li>MANUEL ALVAREZ DORADO <blockquote><strong>manuel.alvarezd@upm.es<\/strong><\/blockquote><\/li><li>CARLOS MORON FERNANDEZ <blockquote><strong>carlos.moron@upm.es<\/strong><\/blockquote><\/li><\/ul><strong>Otros investigadores UPM: <\/strong><ul><li>Engerst Yedra Alvarez E.T.S. de Edificaci\u00f3n<\/li><\/ul>","telefono":"","pagina_web":"","email":"","id_ficha_portal":"1787","video":"","adjuntos":false,"adjuntos_portal":"https:\/\/www.upm.es\/S2i\/Acuse\/recuperarArchivo.jsp?id=1787&id_archivo=12849&tipo=patente&extension=fichero ;https:\/\/www.upm.es\/S2i\/Acuse\/recuperarArchivo.jsp?id=1787&id_archivo=13775&tipo=patente&extension=fichero ","inf":false,"departamento":"","acf":[],"lang":"es","translation":{"es":11845},"_links":{"self":[{"href":"https:\/\/www.upm.es\/recursosidi\/wp-json\/wp\/v2\/product\/11845"}],"collection":[{"href":"https:\/\/www.upm.es\/recursosidi\/wp-json\/wp\/v2\/product"}],"about":[{"href":"https:\/\/www.upm.es\/recursosidi\/wp-json\/wp\/v2\/types\/product"}],"wp:attachment":[{"href":"https:\/\/www.upm.es\/recursosidi\/wp-json\/wp\/v2\/media?parent=11845"}],"wp:term":[{"taxonomy":"product_cat","embeddable":true,"href":"https:\/\/www.upm.es\/recursosidi\/wp-json\/wp\/v2\/product_cat?post=11845"},{"taxonomy":"product_tag","embeddable":true,"href":"https:\/\/www.upm.es\/recursosidi\/wp-json\/wp\/v2\/product_tag?post=11845"},{"taxonomy":"comunidad_upm","embeddable":true,"href":"https:\/\/www.upm.es\/recursosidi\/wp-json\/wp\/v2\/comunidades-upm?post=11845"},{"taxonomy":"quien","embeddable":true,"href":"https:\/\/www.upm.es\/recursosidi\/wp-json\/wp\/v2\/quien?post=11845"},{"taxonomy":"mapa","embeddable":true,"href":"https:\/\/www.upm.es\/recursosidi\/wp-json\/wp\/v2\/mapa?post=11845"},{"taxonomy":"disponibilidad","embeddable":true,"href":"https:\/\/www.upm.es\/recursosidi\/wp-json\/wp\/v2\/disponibilidad?post=11845"},{"taxonomy":"donde","embeddable":true,"href":"https:\/\/www.upm.es\/recursosidi\/wp-json\/wp\/v2\/donde?post=11845"},{"taxonomy":"infraestructura","embeddable":true,"href":"https:\/\/www.upm.es\/recursosidi\/wp-json\/wp\/v2\/infraestructura?post=11845"},{"taxonomy":"ods","embeddable":true,"href":"https:\/\/www.upm.es\/recursosidi\/wp-json\/wp\/v2\/ods?post=11845"},{"taxonomy":"origen","embeddable":true,"href":"https:\/\/www.upm.es\/recursosidi\/wp-json\/wp\/v2\/origen?post=11845"}],"curies":[{"name":"wp","href":"https:\/\/api.w.org\/{rel}","templated":true}]}}