{"id":11849,"date":"2023-01-26T11:48:45","date_gmt":"2023-01-26T10:48:45","guid":{"rendered":"https:\/\/www.upm.es\/recursosidi\/offers-resources\/sin categor\u00eda\/metodo-y-sistema-para-corregir-el-efecto-doppler-de-una-comunicacion-movil-en-un-sistema-de-alta-velocidad\/"},"modified":"2023-01-26T11:48:45","modified_gmt":"2023-01-26T10:48:45","slug":"metodo-y-sistema-para-corregir-el-efecto-doppler-de-una-comunicacion-movil-en-un-sistema-de-alta-velocidad","status":"publish","type":"product","link":"https:\/\/www.upm.es\/recursosidi\/offers-resources\/patentes\/metodo-y-sistema-para-corregir-el-efecto-doppler-de-una-comunicacion-movil-en-un-sistema-de-alta-velocidad\/","title":{"rendered":"M\u00e9todo y sistema para corregir el efecto Doppler de una comunicaci\u00f3n m\u00f3vil en un sistema de alta velocidad"},"content":{"rendered":"<h4><strong>Descripci\u00f3n de la patente <\/strong><\/h4>\n<p>La presente invenci&oacute;n se refiere a un m&eacute;todo y<br \/>sistema para corregir el efecto Doppler de una<br \/>comunicaci&oacute;n m&oacute;vil en un sistema de alta velocidad,<br \/>como por ejemplo aviones y trenes. Comprende<br \/>calcular una frecuencia de error, por un m&oacute;dulo<br \/>receptor, como la diferencia entre frecuencia<br \/>esperada y frecuencia recibida; generar una se&ntilde;al de<br \/>correcci&oacute;n de frecuencia Doppler en un m&oacute;dulo<br \/>corrector; proporcionar la se&ntilde;al de correcci&oacute;n de<br \/>frecuencia Doppler a un m&oacute;dulo mezclador, donde el<br \/>m&oacute;dulo mezclador tambi&eacute;n recibe la se&ntilde;al con<br \/>desplazamiento de frecuencia Doppler; asignar un<br \/>signo para la se&ntilde;al de correcci&oacute;n de frecuencia<br \/>Doppler; mezclar la se&ntilde;al con desplazamiento de<br \/>frecuencia Doppler y la se&ntilde;al de correcci&oacute;n de<br \/>frecuencia Doppler con el signo asignado; y<br \/>proporcionar una se&ntilde;al corregida de salida, donde el<br \/>efecto Doppler ha sido cancelado.<\/p>\n<p><img fetchpriority=\"high\" decoding=\"async\" src=\"recuperarArchivo.jsp?id=1523&amp;id_archivo=12625&amp;tipo=patente&amp;extension=imagen\" alt=\"Figura 1\" width=\"419\" height=\"279\" \/><\/p>\n<h4><strong>Situaci\u00f3n<\/strong><\/h4>\n<p>Concedida<\/p>\n<h4><strong>N\u00famero de solicitud<\/h5>\n<p>P201930318<\/p>\n<h5>N\u00famero de publicaci\u00f3n<\/h5>\n<p>ES2716628<\/p>\n<h5>Fecha de presentaci\u00f3n <\/h5>\n<p>08\/04\/2019<\/p>\n<h5>Fecha de publicaci\u00f3n <\/h5>\n<p>13\/06\/2019<\/p>\n<h5>Fecha de concesi\u00f3n <\/h5>\n<p>28\/10\/2019<\/p>\n<div class=\"pdfprnt-buttons pdfprnt-buttons-product pdfprnt-bottom-left\"><a href=\"https:\/\/www.upm.es\/recursosidi\/wp-json\/wp\/v2\/product\/11849?print=pdf\" class=\"pdfprnt-button pdfprnt-button-pdf\" target=\"_blank\"><span class=\"pdfprnt-button-title pdfprnt-button-pdf-title\">Descargar ficha<\/span><\/a><\/div>","protected":false},"excerpt":{"rendered":"<p>Descripci\u00f3n de la patente La presente invenci&oacute;n se refiere a un m&eacute;todo ysistema para corregir el efecto Doppler de unacomunicaci&oacute;n m&oacute;vil en un sistema de&hellip;<\/p>\n","protected":false},"featured_media":0,"template":"","meta":{"_acf_changed":false},"product_cat":[3946],"product_tag":[],"comunidades-upm":[],"quien":[],"mapa":[{"term_id":133,"name":"Clima, Energ\u00eda y Movilidad","slug":"clima-energia-movilidad","term_group":0,"term_taxonomy_id":133,"taxonomy":"mapa","description":"","parent":0,"count":129,"filter":"raw","term_order":"9"},{"term_id":126,"name":"Tecnolog\u00edas digitales, Inteligencia Artificial, ciberseguridad, 5G, rob\u00f3tica","slug":"tecnologias_digitales-ai-ciberseguridad-5g-robotica","term_group":0,"term_taxonomy_id":126,"taxonomy":"mapa","description":"","parent":0,"count":194,"filter":"raw","term_order":"23"}],"disponibilidad":[],"donde":[{"term_id":1686,"name":"Radiocommunications (GRC)","slug":"en_radiocommunications-grc","term_group":0,"term_taxonomy_id":1686,"taxonomy":"donde","description":"","parent":0,"count":1,"filter":"raw","term_order":"0"}],"infraestructura":[],"ods":[],"origen":[{"term_id":180,"name":"Patente","slug":"patente","term_group":0,"term_taxonomy_id":180,"taxonomy":"origen","description":"","parent":0,"count":614,"filter":"raw","term_order":"0"}],"familia_tax":false,"quien_tax":false,"donde_tax":false,"year":"","contacto":"<strong>Principales: <\/strong><ul><li>CESAR BRISO RODRIGUEZ <blockquote><strong>cesar.briso@upm.es<\/strong><\/blockquote><\/li><\/ul><strong>Otros inventores UPM: <\/strong><ul><li>C\u00e9sar Calvo Ram\u00edrez Centro de I+d+i en Procesado de la Informaci\u00f3n y Telecomunicaciones (IPT)<\/li><\/ul>","telefono":"","pagina_web":"","email":"","id_ficha_portal":"1523","video":"","adjuntos":false,"adjuntos_portal":"https:\/\/www.upm.es\/S2i\/Acuse\/recuperarArchivo.jsp?id=1523&id_archivo=10539&tipo=patente&extension=fichero","inf":false,"departamento":"","acf":[],"lang":"es","translation":{"es":11849},"_links":{"self":[{"href":"https:\/\/www.upm.es\/recursosidi\/wp-json\/wp\/v2\/product\/11849"}],"collection":[{"href":"https:\/\/www.upm.es\/recursosidi\/wp-json\/wp\/v2\/product"}],"about":[{"href":"https:\/\/www.upm.es\/recursosidi\/wp-json\/wp\/v2\/types\/product"}],"wp:attachment":[{"href":"https:\/\/www.upm.es\/recursosidi\/wp-json\/wp\/v2\/media?parent=11849"}],"wp:term":[{"taxonomy":"product_cat","embeddable":true,"href":"https:\/\/www.upm.es\/recursosidi\/wp-json\/wp\/v2\/product_cat?post=11849"},{"taxonomy":"product_tag","embeddable":true,"href":"https:\/\/www.upm.es\/recursosidi\/wp-json\/wp\/v2\/product_tag?post=11849"},{"taxonomy":"comunidad_upm","embeddable":true,"href":"https:\/\/www.upm.es\/recursosidi\/wp-json\/wp\/v2\/comunidades-upm?post=11849"},{"taxonomy":"quien","embeddable":true,"href":"https:\/\/www.upm.es\/recursosidi\/wp-json\/wp\/v2\/quien?post=11849"},{"taxonomy":"mapa","embeddable":true,"href":"https:\/\/www.upm.es\/recursosidi\/wp-json\/wp\/v2\/mapa?post=11849"},{"taxonomy":"disponibilidad","embeddable":true,"href":"https:\/\/www.upm.es\/recursosidi\/wp-json\/wp\/v2\/disponibilidad?post=11849"},{"taxonomy":"donde","embeddable":true,"href":"https:\/\/www.upm.es\/recursosidi\/wp-json\/wp\/v2\/donde?post=11849"},{"taxonomy":"infraestructura","embeddable":true,"href":"https:\/\/www.upm.es\/recursosidi\/wp-json\/wp\/v2\/infraestructura?post=11849"},{"taxonomy":"ods","embeddable":true,"href":"https:\/\/www.upm.es\/recursosidi\/wp-json\/wp\/v2\/ods?post=11849"},{"taxonomy":"origen","embeddable":true,"href":"https:\/\/www.upm.es\/recursosidi\/wp-json\/wp\/v2\/origen?post=11849"}],"curies":[{"name":"wp","href":"https:\/\/api.w.org\/{rel}","templated":true}]}}