{"id":11853,"date":"2023-01-31T10:49:43","date_gmt":"2023-01-31T09:49:43","guid":{"rendered":"https:\/\/www.upm.es\/recursosidi\/offers-resources\/sin categor\u00eda\/analisis-multielemental-por-icp-oes\/"},"modified":"2023-01-31T10:50:10","modified_gmt":"2023-01-31T09:50:10","slug":"analisis-multielemental-por-icp-oes","status":"publish","type":"product","link":"https:\/\/www.upm.es\/recursosidi\/offers-resources\/servicios-cientifico-tecnologico\/servicios-servicios-cientifico-tecnologico\/analisis-multielemental-por-icp-oes\/","title":{"rendered":"An\u00e1lisis multielemental por ICP-OES"},"content":{"rendered":"<h4><strong>Descripci&oacute;n de los servicios que se ofrecen<\/strong><\/h4>\n<p>Se realizan determinaciones de elementos met&aacute;licos y no met&aacute;licos en disoluciones de muestras medioambientales y materiales.<\/p>\n<p><span style=\"text-decoration: underline\"><em>Pretratamietno de muestras<\/em><\/span>: Filtrado de muestras l&iacute;quidas; digesti&oacute;n &aacute;cida o extracci&oacute;n para muestras s&oacute;lidas (para la determinaci&oacute;n de contenidos totales o extra&iacute;bles).<\/p>\n<p>La t&eacute;cnica permite determinar, de forma simult&aacute;nea, la mayor&iacute;a de los elementos del Sistema Peri&oacute;dico, con bajos l&iacute;mites de detecci&oacute;n (ver tabla) y elevadas precisiones (%RSD &lt; 5%).<\/p>\n<p><img fetchpriority=\"high\" decoding=\"async\" style=\"margin-left: auto;margin-right: auto\" src=\"\/recursosidi\/wp-content\/uploads_kairos\/ficha_453\/IMG1673782153628\" alt=\"\" width=\"450\" height=\"475\" \/><br \/>Posibilidad de an&aacute;lisis cuantitativo o semicuantitativo multielmental.<\/p>\n<p>Se realiza un estudio experimental previo para garantizar la calidad de los an&aacute;lisis y que incluye:<\/p>\n<ul>\n<li>An&aacute;lisis semicuantitativo incluyendo varias longitudes de onda para los elementos de inter&eacute;s, a fin de conocer el orden de concentraci&oacute;n y las l&iacute;neas de emisi&oacute;n que puedan verse afectadas por interferencias espectrales.<\/li>\n<li>Seguimiento de normas de an&aacute;lisis o de m&eacute;todos propios validados a trav&eacute;s de su aplicaci&oacute;n a materiales de referencia certificados (CRMs) de naturaleza similar a las muestras.<\/li>\n<li>Empleo de patr&oacute;n interno (generalmente itrio o rodio) en el an&aacute;lisis cuantitativo para el control de interferencias f&iacute;sicas.<\/li>\n<\/ul>\n<p>Los resultados se entregan en un informe que incluyen toda la informaci&oacute;n del tratamiento de muestra y an&aacute;lisis, y del estudio estad&iacute;stico de los resultados.<\/p>\n<hr \/>\n<p><strong><span style=\"font-size: 22px\">Necesidades demandadas y aplicaciones<\/span><\/strong><\/p>\n<p>Personas o empresas gestores del Medio Ambiente<\/p>\n<p>Grupos de investigaci&oacute;n<\/p>\n<hr \/>\n<h4 class=\"\"><strong>Sector o &aacute;rea de aplicaci&oacute;n<\/strong><\/h4>\n<p>Medio Ambiente, Materiales<\/p>\n<hr \/>\n<h4 class=\"\"><strong>Competencia diferencial<\/strong><\/h4>\n<p>Posibilidad de an&aacute;lisis cuantitativo y semicuantitativo, de car&aacute;cter multielemental y simult&aacute;neo, con un elevado rango din&aacute;mico de concentraci&oacute;n (desde niveles traza a elementos mayoritarios).<\/p>\n<p>Amplia experiencia en la puesta a punto de m&eacute;todos anal&iacute;ticos.<\/p>\n<hr \/>\n<h4 class=\"\"><strong>Referencias previas de prestaci&oacute;n<\/strong><\/h4>\n<ul>\n<li>Determinaci&oacute;n de S en muestras medioambientales: Grupo de Investigaci&oacute;n Determinaci&oacute;n de trazas, especiaci&oacute;n y prote&oacute;mica de la Universidad Complutense de Madrid (UCM)<\/li>\n<li>Determinaci&oacute;n de Ag, Cu, Mn, Ni, Sn, Zn y W en disoluciones de electrolito NaOH 0,5 <em>M<\/em>: Grupo de Investigaci&oacute;n de Ingenier&iacute;a de Superficies y Materiales Nanoestructurados de la UCM.<\/li>\n<\/ul>\n<hr \/>\n<h4 class=\"\"><strong>Descripci&oacute;n del equipamiento<\/strong><\/h4>\n<p>Espectr&oacute;metro de emisi&oacute;n &oacute;ptica de plasma acoplado inductivamente (ICP-OES) 720 Agilent, de configuraci&oacute;n axial, con nebulizador One Neb, policromador de escalera purgado y detector CCD. Equipamiento necesario para el tratamiento de muestras (digesti&oacute;n y extracci&oacute;n).<\/p>\n<hr \/>\n<h4 class=\"\"><strong>Solicitud del servicio<\/strong><\/h4>\n<p>A trav&eacute;s de correo electr&oacute;nico<\/p>\n<hr \/>\n<p>&nbsp;<\/p>\n<div class=\"pdfprnt-buttons pdfprnt-buttons-product pdfprnt-bottom-left\"><a href=\"https:\/\/www.upm.es\/recursosidi\/wp-json\/wp\/v2\/product\/11853?print=pdf\" class=\"pdfprnt-button pdfprnt-button-pdf\" target=\"_blank\"><span class=\"pdfprnt-button-title pdfprnt-button-pdf-title\">Descargar ficha<\/span><\/a><\/div>","protected":false},"excerpt":{"rendered":"<p>Determinaci\u00f3n de contenidos totales y extra\u00edbles de elementos en disoluciones de muestras medioambientales y materiales.<\/p>\n","protected":false},"featured_media":11851,"template":"","meta":{"_acf_changed":false},"product_cat":[2395],"product_tag":[2625,8870,8874,8872,2868,8868],"comunidades-upm":[],"quien":[],"mapa":[{"term_id":139,"name":"Agricultura, silvicultura, recursos naturales, usos de la tierra y crecimiento azul","slug":"agricultura-silvicultura-recursos_naturales-usos_tierra-crecimiento_azul","term_group":0,"term_taxonomy_id":139,"taxonomy":"mapa","description":"","parent":0,"count":43,"filter":"raw","term_order":"2"},{"term_id":135,"name":"Industria, materiales y econom\u00eda circular","slug":"industria-materiales-economia_circular","term_group":0,"term_taxonomy_id":135,"taxonomy":"mapa","description":"","parent":0,"count":165,"filter":"raw","term_order":"13"}],"disponibilidad":[{"term_id":205,"name":"Consultar disponibilidad","slug":"consultar","term_group":0,"term_taxonomy_id":205,"taxonomy":"disponibilidad","description":"","parent":0,"count":290,"filter":"raw","term_order":"0"}],"donde":[{"term_id":1724,"name":"Materials and Environmental Technology","slug":"en_materials-and-environmental-technology","term_group":0,"term_taxonomy_id":1724,"taxonomy":"donde","description":"Nuestro grupo tiene una amplia experiencia en diversas \u00e1reas relacionadas con el medio ambiente y la sostenibilidad en la ingenier\u00eda civil, tal y como se refleja a trav\u00e9s de nuestras principales l\u00edneas de investigaci\u00f3n:\r\n\r\nMateriales avanzados para la Ingenier\u00eda Civil: materiales reciclados y nanopart\u00edculas\r\nMetodolog\u00edas anal\u00edticas para el estudio de muestras medioambientales\r\nSostenibilidad en infraestructuras civiles\r\nTecnolog\u00edas de control en la ingenier\u00eda civil\r\nMetodolog\u00edas para el an\u00e1lisis de riesgos geol\u00f3gicos","parent":0,"count":3,"filter":"raw","term_order":"0"},{"term_id":500,"name":"Tecnolog\u00eda de Materiales y Medio Ambiente","slug":"tecnologia-de-materiales-y-medio-ambiente","term_group":0,"term_taxonomy_id":500,"taxonomy":"donde","description":"Somos un grupo multidisciplinar con experiencia investigadora y profesional, fundado en 2005 por la Catedr\u00e1tica Milagros Bonilla Sim\u00f3n, formado en la actualidad por 9 profesores de la\u00a0<a href=\"https:\/\/caminos.upm.es\/\">ETSI de Caminos, Canales y Puertos<\/a>. Nuestro grupo est\u00e1 integrado en el\u00a0<a href=\"http:\/\/www.campusmoncloa.es\/tematma\/\">Campus de Excelencia Internacional Moncloa<\/a>, dentro las l\u00edneas de acci\u00f3n\u00a0<em>Tecnolog\u00edas medioambientales y nuevas energ\u00edas<\/em>\u00a0y\u00a0<em>Materiales estructurales<\/em>, correspondientes a los cl\u00faster de\u00a0<a href=\"http:\/\/www.campusmoncloa.es\/es\/clusteres\/cambio-global-y-nuevas-energias\/\">Cambio Global y Nuevas Energ\u00edas<\/a>\u00a0y\u00a0<a href=\"http:\/\/www.campusmoncloa.es\/es\/clusteres\/materiales-para-el-futuro\/\">Materiales para el Futuro<\/a>, respectivamente.","parent":0,"count":5,"filter":"raw","term_order":"0"}],"infraestructura":[{"term_id":8397,"name":"Espectr\u00f3metro ICP-OES 720 AGILENT","slug":"espectrometro-icp-oes-720-agilent","term_group":0,"term_taxonomy_id":8397,"taxonomy":"infraestructura","description":"","parent":0,"count":1,"filter":"raw","term_order":"0"}],"ods":[{"term_id":2259,"name":"Agua Limpia y Saneamiento","slug":"agua-limpia-y-saneamiento","term_group":0,"term_taxonomy_id":2259,"taxonomy":"ods","description":"","parent":0,"count":11,"filter":"raw","term_order":"0"},{"term_id":2247,"name":"Industria, Innovaci\u00f3n e Infraestructura","slug":"industria-innovacion-e-infraestructura","term_group":0,"term_taxonomy_id":2247,"taxonomy":"ods","description":"","parent":0,"count":171,"filter":"raw","term_order":"0"},{"term_id":2223,"name":"Vida de Ecosistemas Terrestres","slug":"vida-de-ecosistemas-terrestres","term_group":0,"term_taxonomy_id":2223,"taxonomy":"ods","description":"","parent":0,"count":8,"filter":"raw","term_order":"0"}],"origen":[{"term_id":196,"name":"Infraestructuras, Instalaci\u00f3n, Equipo","slug":"infraestructuras","term_group":0,"term_taxonomy_id":196,"taxonomy":"origen","description":"","parent":0,"count":180,"filter":"raw","term_order":"0"}],"familia_tax":false,"quien_tax":false,"donde_tax":false,"year":"2023-01-01","contacto":"Laboratorio Milagros Bonilla de la E.T.S.I. Caminos, Canales y Puertos-Edificio Retiro. C\/ Alfonso XII, n\u00ba 3, 28014 Madrid","telefono":"910674666","pagina_web":"https:\/\/www.upm.es\/observatorio\/vi\/index.jsp?pageac=grupo.jsp&idGrupo=302","email":"marian.quijano@upm.es","id_ficha_portal":"453","video":"","adjuntos":false,"adjuntos_portal":"","inf":false,"departamento":"","acf":[],"lang":"es","translation":{"es":11853,"en":11856},"_links":{"self":[{"href":"https:\/\/www.upm.es\/recursosidi\/wp-json\/wp\/v2\/product\/11853"}],"collection":[{"href":"https:\/\/www.upm.es\/recursosidi\/wp-json\/wp\/v2\/product"}],"about":[{"href":"https:\/\/www.upm.es\/recursosidi\/wp-json\/wp\/v2\/types\/product"}],"wp:featuredmedia":[{"embeddable":true,"href":"https:\/\/www.upm.es\/recursosidi\/wp-json\/wp\/v2\/media\/11851"}],"wp:attachment":[{"href":"https:\/\/www.upm.es\/recursosidi\/wp-json\/wp\/v2\/media?parent=11853"}],"wp:term":[{"taxonomy":"product_cat","embeddable":true,"href":"https:\/\/www.upm.es\/recursosidi\/wp-json\/wp\/v2\/product_cat?post=11853"},{"taxonomy":"product_tag","embeddable":true,"href":"https:\/\/www.upm.es\/recursosidi\/wp-json\/wp\/v2\/product_tag?post=11853"},{"taxonomy":"comunidad_upm","embeddable":true,"href":"https:\/\/www.upm.es\/recursosidi\/wp-json\/wp\/v2\/comunidades-upm?post=11853"},{"taxonomy":"quien","embeddable":true,"href":"https:\/\/www.upm.es\/recursosidi\/wp-json\/wp\/v2\/quien?post=11853"},{"taxonomy":"mapa","embeddable":true,"href":"https:\/\/www.upm.es\/recursosidi\/wp-json\/wp\/v2\/mapa?post=11853"},{"taxonomy":"disponibilidad","embeddable":true,"href":"https:\/\/www.upm.es\/recursosidi\/wp-json\/wp\/v2\/disponibilidad?post=11853"},{"taxonomy":"donde","embeddable":true,"href":"https:\/\/www.upm.es\/recursosidi\/wp-json\/wp\/v2\/donde?post=11853"},{"taxonomy":"infraestructura","embeddable":true,"href":"https:\/\/www.upm.es\/recursosidi\/wp-json\/wp\/v2\/infraestructura?post=11853"},{"taxonomy":"ods","embeddable":true,"href":"https:\/\/www.upm.es\/recursosidi\/wp-json\/wp\/v2\/ods?post=11853"},{"taxonomy":"origen","embeddable":true,"href":"https:\/\/www.upm.es\/recursosidi\/wp-json\/wp\/v2\/origen?post=11853"}],"curies":[{"name":"wp","href":"https:\/\/api.w.org\/{rel}","templated":true}]}}