{"id":11856,"date":"2023-01-31T10:50:06","date_gmt":"2023-01-31T09:50:06","guid":{"rendered":"https:\/\/www.upm.es\/recursosidi\/offers-resources\/sin categor\u00eda\/multielemental-analysis-by-icp-oes\/"},"modified":"2023-01-31T10:50:09","modified_gmt":"2023-01-31T09:50:09","slug":"multielemental-analysis-by-icp-oes","status":"publish","type":"product","link":"https:\/\/www.upm.es\/recursosidi\/en\/offers-resources\/technological-scientific-services\/services-technological-scientific-services\/multielemental-analysis-by-icp-oes\/","title":{"rendered":"Multielemental analysis by ICP-OES"},"content":{"rendered":"<hr \/>\n<h4>Description of Services Provided<\/h4>\n<p>Determinations of metallic and non-metallic elements are carried out in solutions of environmental samples and materials.<\/p>\n<p><span style=\"text-decoration: underline\"><em>Sample pretratment<\/em><\/span>: Filtering of liquid samples; acid digestion or extraction for solid samles (for the determination of total or extractable contents).<\/p>\n<p>The technique allows the simultaneous determination of most of the elements for the Periodic System, with low detection limits (see table) and high precision (%RSD &lt; 5%).<\/p>\n<p><img fetchpriority=\"high\" decoding=\"async\" style=\"margin-left: auto;margin-right: auto\" src=\"\/recursosidi\/wp-content\/uploads_kairos\/ficha_453\/IMG1674461366018\" alt=\"LD ICP-OES English\" width=\"546\" height=\"557\" \/><\/p>\n<p>Possibility of mult-element quantitative or semi-quantitative analysis.<\/p>\n<p>A previous experimental study is carried out to guarantee the quality of the analysis, which includes:<\/p>\n<ul>\n<li>Semiquantitative analysis, including various wavelengths for the elements of interest to know the order of concentration and the emission lines that may be affected by spectral interferences.<\/li>\n<li>Monitoring of analysis standards or own methods validated through their application to certified reference materials (CRMs) with similar nature to the samples.<\/li>\n<li>Use of internal standards (generally yttrium or rhodium) in the quantitative analysis to control physical interferences.<\/li>\n<\/ul>\n<p>The results are given in a report that includes all the information on the sample treatment and analysis, and statistical study of the results.<\/p>\n<hr \/>\n<h4>Market demands<\/h4>\n<p>People or companies managing the Environment.<\/p>\n<p>Research Groups<\/p>\n<hr \/>\n<h4>Field of application<\/h4>\n<p>Environment, Materials<\/p>\n<hr \/>\n<h4>Differential Advantage<\/h4>\n<p>Possibility of quantitative and semi-quantitative multi-elemental and simultaneous analysis, with a high dynamic range of concentration (from trace levels to major elements).<\/p>\n<p>Wide experience in the development of analytical methods.<\/p>\n<hr \/>\n<h4>Examples of previous references<\/h4>\n<ul>\n<li>Determination of S in environmental samples: Research Group Determinacion de trazas, especiaci&oacute;n y prote&oacute;mica of Universidad Complutense de Madrid (UCM).<\/li>\n<li>Determination of Ag, Cu, Mn, Ni, Sn, Zn y W in 0,5 <em>M<\/em> NaOH electrolyte solutions: Research Group Ingenier&iacute;a de Superficies y Materiales Nanoestructurados (UCM).<\/li>\n<\/ul>\n<hr \/>\n<h4>Equipment description<\/h4>\n<p>Agilent 720 Inductively Coupled Plasma Optical Emission Spectrometer (ICP-OES), with axial view configuration, One Neb nebulizer, purged echelle polychromator and CCD detector. Necessary equipment for sample treatment (digestion and leaching\/extraction).<\/p>\n<hr \/>\n<h4>How to apply<\/h4>\n<p>Via email<\/p>\n<hr \/>\n<p>&nbsp;<\/p>\n<div class=\"pdfprnt-buttons pdfprnt-buttons-product pdfprnt-bottom-left\"><a href=\"https:\/\/www.upm.es\/recursosidi\/wp-json\/wp\/v2\/product\/11856?print=pdf\" class=\"pdfprnt-button pdfprnt-button-pdf\" target=\"_blank\"><span class=\"pdfprnt-button-title pdfprnt-button-pdf-title\">Descargar ficha<\/span><\/a><\/div>","protected":false},"excerpt":{"rendered":"<p>Determination of total and extractable contents of elements in solutions of environmental samples and materials.<\/p>\n","protected":false},"featured_media":11854,"template":"","meta":{"_acf_changed":false},"product_cat":[2403],"product_tag":[8878,8881,8872,6297,8883,8876,7739],"comunidades-upm":[],"quien":[],"mapa":[{"term_id":77,"name":"Agriculture, Forestry, Natural Resources, Land Use and Blue Growth","slug":"agriculture-forestry-natural_resources-land-use-blue_growth","term_group":0,"term_taxonomy_id":77,"taxonomy":"mapa","description":"","parent":0,"count":20,"filter":"raw","term_order":"1"},{"term_id":75,"name":"Industry, Materials and Circular Economy","slug":"industry-materials-circular_economy","term_group":0,"term_taxonomy_id":75,"taxonomy":"mapa","description":"","parent":0,"count":87,"filter":"raw","term_order":"14"}],"disponibilidad":[{"term_id":205,"name":"Consultar disponibilidad","slug":"consultar","term_group":0,"term_taxonomy_id":205,"taxonomy":"disponibilidad","description":"","parent":0,"count":290,"filter":"raw","term_order":"0"}],"donde":[{"term_id":1724,"name":"Materials and Environmental Technology","slug":"en_materials-and-environmental-technology","term_group":0,"term_taxonomy_id":1724,"taxonomy":"donde","description":"Nuestro grupo tiene una amplia experiencia en diversas \u00e1reas relacionadas con el medio ambiente y la sostenibilidad en la ingenier\u00eda civil, tal y como se refleja a trav\u00e9s de nuestras principales l\u00edneas de investigaci\u00f3n:\r\n\r\nMateriales avanzados para la Ingenier\u00eda Civil: materiales reciclados y nanopart\u00edculas\r\nMetodolog\u00edas anal\u00edticas para el estudio de muestras medioambientales\r\nSostenibilidad en infraestructuras civiles\r\nTecnolog\u00edas de control en la ingenier\u00eda civil\r\nMetodolog\u00edas para el an\u00e1lisis de riesgos geol\u00f3gicos","parent":0,"count":3,"filter":"raw","term_order":"0"},{"term_id":500,"name":"Tecnolog\u00eda de Materiales y Medio Ambiente","slug":"tecnologia-de-materiales-y-medio-ambiente","term_group":0,"term_taxonomy_id":500,"taxonomy":"donde","description":"Somos un grupo multidisciplinar con experiencia investigadora y profesional, fundado en 2005 por la Catedr\u00e1tica Milagros Bonilla Sim\u00f3n, formado en la actualidad por 9 profesores de la\u00a0<a href=\"https:\/\/caminos.upm.es\/\">ETSI de Caminos, Canales y Puertos<\/a>. Nuestro grupo est\u00e1 integrado en el\u00a0<a href=\"http:\/\/www.campusmoncloa.es\/tematma\/\">Campus de Excelencia Internacional Moncloa<\/a>, dentro las l\u00edneas de acci\u00f3n\u00a0<em>Tecnolog\u00edas medioambientales y nuevas energ\u00edas<\/em>\u00a0y\u00a0<em>Materiales estructurales<\/em>, correspondientes a los cl\u00faster de\u00a0<a href=\"http:\/\/www.campusmoncloa.es\/es\/clusteres\/cambio-global-y-nuevas-energias\/\">Cambio Global y Nuevas Energ\u00edas<\/a>\u00a0y\u00a0<a href=\"http:\/\/www.campusmoncloa.es\/es\/clusteres\/materiales-para-el-futuro\/\">Materiales para el Futuro<\/a>, respectivamente.","parent":0,"count":5,"filter":"raw","term_order":"0"}],"infraestructura":[{"term_id":8399,"name":"ICP-OES 720 AGILENT Spectrometer","slug":"icp-oes-720-agilent-spectrometer","term_group":0,"term_taxonomy_id":8399,"taxonomy":"infraestructura","description":"","parent":0,"count":1,"filter":"raw","term_order":"0"}],"ods":[{"term_id":2261,"name":"Clean Water and Sanitation","slug":"clean-water-and-sanitation","term_group":0,"term_taxonomy_id":2261,"taxonomy":"ods","description":"","parent":0,"count":10,"filter":"raw","term_order":"0"},{"term_id":2249,"name":"Industry, Innovation and Infrastructure","slug":"industry-innovation-and-infrastructure","term_group":0,"term_taxonomy_id":2249,"taxonomy":"ods","description":"","parent":0,"count":129,"filter":"raw","term_order":"0"},{"term_id":2225,"name":"Life on Land","slug":"life-on-land","term_group":0,"term_taxonomy_id":2225,"taxonomy":"ods","description":"","parent":0,"count":6,"filter":"raw","term_order":"0"}],"origen":[{"term_id":196,"name":"Infraestructuras, Instalaci\u00f3n, Equipo","slug":"infraestructuras","term_group":0,"term_taxonomy_id":196,"taxonomy":"origen","description":"","parent":0,"count":180,"filter":"raw","term_order":"0"}],"familia_tax":false,"quien_tax":false,"donde_tax":false,"year":"2023-01-01","contacto":"Laboratorio Milagros Bonilla de la E.T.S.I. Caminos, Canales y Puertos-Edificio Retiro. C\/ Alfonso XII, n\u00ba 3, 28014 Madrid","telefono":"910674666","pagina_web":"https:\/\/www.upm.es\/observatorio\/vi\/index.jsp?pageac=grupo.jsp&idGrupo=302","email":"marian.quijano@upm.es","id_ficha_portal":"453","video":"","adjuntos":false,"adjuntos_portal":"","inf":false,"departamento":"","acf":[],"lang":"en","translation":{"en":11856,"es":11853},"_links":{"self":[{"href":"https:\/\/www.upm.es\/recursosidi\/wp-json\/wp\/v2\/product\/11856"}],"collection":[{"href":"https:\/\/www.upm.es\/recursosidi\/wp-json\/wp\/v2\/product"}],"about":[{"href":"https:\/\/www.upm.es\/recursosidi\/wp-json\/wp\/v2\/types\/product"}],"wp:featuredmedia":[{"embeddable":true,"href":"https:\/\/www.upm.es\/recursosidi\/wp-json\/wp\/v2\/media\/11854"}],"wp:attachment":[{"href":"https:\/\/www.upm.es\/recursosidi\/wp-json\/wp\/v2\/media?parent=11856"}],"wp:term":[{"taxonomy":"product_cat","embeddable":true,"href":"https:\/\/www.upm.es\/recursosidi\/wp-json\/wp\/v2\/product_cat?post=11856"},{"taxonomy":"product_tag","embeddable":true,"href":"https:\/\/www.upm.es\/recursosidi\/wp-json\/wp\/v2\/product_tag?post=11856"},{"taxonomy":"comunidad_upm","embeddable":true,"href":"https:\/\/www.upm.es\/recursosidi\/wp-json\/wp\/v2\/comunidades-upm?post=11856"},{"taxonomy":"quien","embeddable":true,"href":"https:\/\/www.upm.es\/recursosidi\/wp-json\/wp\/v2\/quien?post=11856"},{"taxonomy":"mapa","embeddable":true,"href":"https:\/\/www.upm.es\/recursosidi\/wp-json\/wp\/v2\/mapa?post=11856"},{"taxonomy":"disponibilidad","embeddable":true,"href":"https:\/\/www.upm.es\/recursosidi\/wp-json\/wp\/v2\/disponibilidad?post=11856"},{"taxonomy":"donde","embeddable":true,"href":"https:\/\/www.upm.es\/recursosidi\/wp-json\/wp\/v2\/donde?post=11856"},{"taxonomy":"infraestructura","embeddable":true,"href":"https:\/\/www.upm.es\/recursosidi\/wp-json\/wp\/v2\/infraestructura?post=11856"},{"taxonomy":"ods","embeddable":true,"href":"https:\/\/www.upm.es\/recursosidi\/wp-json\/wp\/v2\/ods?post=11856"},{"taxonomy":"origen","embeddable":true,"href":"https:\/\/www.upm.es\/recursosidi\/wp-json\/wp\/v2\/origen?post=11856"}],"curies":[{"name":"wp","href":"https:\/\/api.w.org\/{rel}","templated":true}]}}