{"id":11883,"date":"2023-02-03T13:04:00","date_gmt":"2023-02-03T12:04:00","guid":{"rendered":"https:\/\/www.upm.es\/recursosidi\/offers-resources\/sin categor\u00eda\/aplicaciones-geolocalizadas-tic-territorio-y-patrimonio\/"},"modified":"2023-02-03T13:04:00","modified_gmt":"2023-02-03T12:04:00","slug":"aplicaciones-geolocalizadas-tic-territorio-y-patrimonio","status":"publish","type":"product","link":"https:\/\/www.upm.es\/recursosidi\/offers-resources\/soluciones-tecnologicas\/aplicaciones-geolocalizadas-tic-territorio-y-patrimonio\/","title":{"rendered":"Aplicaciones geolocalizadas TIC territorio y patrimonio"},"content":{"rendered":"<h4 class=\"\">Soluci&oacute;n y valor a&ntilde;adido que aporta<\/h4>\n<p class=\"\" style=\"text-align: justify\">Conjunto de aplicaciones gratuitas que tienen como objetivo la investigaci&oacute;n y puesta en valor del patrimonio de obras p&uacute;blicas, su asociaci&oacute;n con el territorio y el paisaje y los mecanismos para su valoraci&oacute;n social. Buscan construir y transmitir una visi&oacute;n integral y de conjunto del territorio (Paisaje Cultural). Adem&aacute;s las aplicaciones m&oacute;viles en estos casos resultan imprescindibles para incentivar una apropiaci&oacute;n inconsciente de los valores intangibles de la obra por parte de la colectividad y rescatar las se&ntilde;as identitarias vinculadas a la presencia de las obras p&uacute;blicas.<\/p>\n<p style=\"text-align: justify\">Estas aplicaciones se consolidan como herramientas fundamentales que facilitan el acceso a gran cantidad de informaci&oacute;n ordenada y geolocalizada y un canal de comunicaci&oacute;n entre investigadores de universidades, las instituciones y los ciudadanos. De esta forma, se permite el acceso a informaci&oacute;n de calidad &ndash;textos, im&aacute;genes antiguas y actuales, representaciones cartogr&aacute;ficas, memorias, maquetas- que en su formato original suele ser de gran tama&ntilde;o, volumen y peso. Incorporan tambi&eacute;n una calculadora de viajes que permite al usuario planificar su viaje cultural. Todo ello enfocado hacia el desarrollo de una nueva mirada patrimonial de la obra p&uacute;blica y su entorno.<\/p>\n<hr \/>\n<h4 class=\"\">Base tecnol&oacute;gica&nbsp;<\/h4>\n<ul>\n<li style=\"text-align: justify\">Aplicaciones gratuitas para plataformas iOS y Android. Su funcionamiento se basa en dos grandes bloques: funcionamiento del servidor (anfitri&oacute;n) y funcionamiento del terminal (usuario). El servidor dispone de la capacidad de instalaci&oacute;n de un servicio web basado en lenguaje php; &eacute;ste recibe la petici&oacute;n de los distintos usuarios de la aplicaci&oacute;n, consulta la bases de datos alojada en el propio servidor y genera un objeto JSON (JavaScript Object Notaci&oacute;n) que trasmite al usuario. JSON es un formato ligero de intercambio de datos que desde hace alg&uacute;n tiempo ha comenzado a usarse de una forma tan popular como se us&oacute; en su tiempo el XML; tambi&eacute;n es subconjunto del est&aacute;ndar ECMA 262 publicado en diciembre de 1999. El formato de JSON es ampliamente reconocido por una gran variedad de lenguajes como Java, PHP, JavaScript, C++, C# entre otros.<\/li>\n<li style=\"text-align: justify\">El proceso de operaci&oacute;n de las aplicaciones es el siguiente. En primer lugar se solicita al usuario que seleccione una de las regiones incluidas en el proyecto, una vez elegida dicha regi&oacute;n el terminal inicia una comunicaci&oacute;n con el servidor de QNAP Systems, INC, fabricante taiwan&eacute;s que provee de un servicio de servidor virtual a trav&eacute;s de MyCloudNAS, este devuelve un listado con los puntos geogr&aacute;ficos y los datos b&aacute;sicos de cada uno de ellos, el programa los ordena y comienza la descarga de las fotograf&iacute;as asociadas a dichos puntos. Una vez que el usuario selecciona uno de ellos puede acceder a una informaci&oacute;n m&aacute;s extensa iniciando un navegador dentro del programa o a&ntilde;adirlo a un listado de obras a visitar. En cuanto se a&ntilde;ade la primera, el sistema conecta con el servicio web de Google Maps y calcula la ruta &oacute;ptima desde la posici&oacute;n del usuario hasta la primera de las obras, y desde una hasta la siguiente, realizando un c&aacute;lculo de la suma de todos los tiempos de viaje m&aacute;s la estimaci&oacute;n de los tiempos de visita, permitiendo a si calcular el tiempo necesario para realizar dicha excursi&oacute;n.<\/li>\n<li style=\"text-align: justify\">En las aplicaciones con datos ubicados en medios rurales, con escasa cobertura telef&oacute;nica, se opta por incluir la base de datos de los puntos en la propia aplicaci&oacute;n como parte de ella esto permite acceder a los datos incluso en el caso de que no hubiese cobertura. Para el acceso a los datos finales se dispone un navegador web que a trav&eacute;s de protocolo http sirve al usuario de la informaci&oacute;n detallada de cada elemento.<\/li>\n<li style=\"text-align: justify\">En las aplicaciones&nbsp; que cubren zonas urbanas, los datos se reciben desde distintas organizaciones con bases de datos independientes;&nbsp; se opta por la soluci&oacute;n que la aplicaci&oacute;n descargue los datos de partida, es decir, las localizaciones de los puntos en cada ejecuci&oacute;n de la misma al inicio. Esto facilita que, si hay cualquier modificaci&oacute;n en los datos, se transfiera directamente al usuario y &eacute;ste tenga los datos actualizados en el momento de la ejecuci&oacute;n. En contrapartida, se pierde la posibilidad de utilizar la aplicaci&oacute;n en un lugar con escasa cobertura.<\/li>\n<\/ul>\n<hr \/>\n<h4 class=\"\">Necesidades de negocio \/ aplicaci&oacute;n<\/h4>\n<ul>\n<li style=\"text-align: justify\">Pretende establecer un canal de comunicaci&oacute;n entre investigadores y facilitar el acceso a la informaci&oacute;n de calidad en poder de cada uno de ellos. A su vez, es en un instrumento de comunicaci&oacute;n y divulgaci&oacute;n del Patrimonio Construido inventariado por la propia Fundaci&oacute;n Miguel Aguil&oacute; y las Entidades Colaboradoras.<\/li>\n<li style=\"text-align: justify\">En l&iacute;nea con el Convenio Europeo del Paisaje, esta aproximaci&oacute;n hol&iacute;stica al Paisaje Cultural, puede ser una herramienta para posteriores pol&iacute;ticas de protecci&oacute;n, gesti&oacute;n y planificaci&oacute;n en la zona de estudio y tambi&eacute;n para la difusi&oacute;n y puesta en valor de la obra civil entre la comunidad. El objetivo a largo plazo es promover la integraci&oacute;n del paisaje en sus pol&iacute;ticas de ordenaci&oacute;n territorial y urban&iacute;stica y en sus pol&iacute;ticas culturales, medioambientales, agrarias, sociales y econ&oacute;micas, as&iacute; como en cualesquiera otras pol&iacute;ticas con posible incidencia directa o indirecta en el paisaje.<\/li>\n<li style=\"text-align: justify\">Frente a los tradicionales sistemas de acercamiento a estos recursos patrimoniales -libros espec&iacute;ficos, memorias, conferencias, gu&iacute;as o cat&aacute;logos-, dirigidos y\/o accesibles a sectores de poblaci&oacute;n peque&ntilde;os y concretos -cient&iacute;ficos y acad&eacute;micos-, las aplicaciones de estas nuevas tecnolog&iacute;as han demostrado, siempre sin perder el rigor en el discurso, que se llega a m&aacute;s p&uacute;blico, ayudado por un lenguaje familiar, casi inmediato, y que posibilita la interactividad. Son valores propios de esta &eacute;poca, y ello redundar&aacute; en el incremento de la difusi&oacute;n, permitiendo aproximar el patrimonio de la ingenier&iacute;a al conjunto de la sociedad.<\/li>\n<\/ul>\n<hr \/>\n<h4 class=\"\">Ventajas competitivas<\/h4>\n<ul>\n<li style=\"text-align: justify\">Estas aplicaciones permiten al usuario acceder a contenidos de calidad ordenados y clasificados. El uso de las capacidades de geoposicionamiento de los actuales terminales m&oacute;viles posibilita el acceso a la informaci&oacute;n necesaria discriminando la que realmente es &uacute;til en cada momento y permitiendo interpretar las obras p&uacute;blicas en su contexto territorial. Esto unido a las mejoras en calidad de exposici&oacute;n y a la creaci&oacute;n de interfaces sencillos e intuitivos coloca a los smartphones como herramientas perfectas para la explicaci&oacute;n del paisaje y difusi&oacute;n de conocimiento.<\/li>\n<li style=\"text-align: justify\">Permitir&iacute;an a su vez un proceso de feedback o retroalimentaci&oacute;n de tal forma que el usuario puede introducir informaci&oacute;n &uacute;til a fin de enriquecer los contenidos, o incluso sugerencias de modificaci&oacute;n esencial del procedimiento, emplazando al usuario en una posici&oacute;n de colaboraci&oacute;n que favorece el inter&eacute;s del mismo y aumenta la calidad de los contenidos.<\/li>\n<\/ul>\n<hr \/>\n<h4>Referencias previas de prestaci&oacute;n<\/h4>\n<p><strong>VAPROP_Rutas (Valoraci&oacute;n del Patrimonio Rural de la Obra P&uacute;blica)<\/strong>: es un proyecto piloto de la Red Rural Nacional en Espa&ntilde;a (obra p&uacute;blica en entornos rurales), como medio de difusi&oacute;n del trabajo de catalogaci&oacute;n y descripci&oacute;n de las obras seleccionadas (comarcas de Valencia de Alc&aacute;ntara en Extremadura; Camp&oacute;o-Los Valles en Cantabria y Cameros Nuevo en La Rioja).&nbsp;&nbsp;La vinculaci&oacute;n casi exclusiva de la obra p&uacute;blica de entornos rurales a su car&aacute;cter funcional explica la falta de reconocimiento social de otros valores relativos a su calidad est&eacute;tica, su carga hist&oacute;rica o su dimensi&oacute;n paisaj&iacute;stica. Adem&aacute;s, la dispersi&oacute;n con la que se localizan en el territorio favorece los procesos de degradaci&oacute;n material y de abandono en la memoria colectiva de la comunidad.<\/p>\n<p><strong>GEOPACK<\/strong>: aplicaci&oacute;n de datos patrimoniales de Edificios y Obras P&uacute;blicas construidos en Madrid y contenidos en los inventarios de varios organismos. En ella se ponen a disposici&oacute;n de usuario las localizaciones de las obras urbanas catalogadas, en un ejercicio de compatibilizaci&oacute;n de bases de datos, sin perder la herramienta de c&aacute;lculo de rutas, con un completo control de los tiempos de visita y de las indicaciones del viaje. Adicionalmente avisa al usuario de la proximidad de alguna de estas obras, est&eacute; o no en la lista predise&ntilde;ada por el usuario. (DOCOMOMO Ib&eacute;rico, Fundaci&oacute;n Miguel Aguil&oacute;)<\/p>\n<p><strong>PH Duero<\/strong>: aplicaci&oacute;n que agrupa el Patrimonio Hidr&aacute;ulico del Duero, en particular en la cuenca del Esla. Dentro de los datos ofrecidos sobre el entorno fluvial de la cuenca se incluye la informaci&oacute;n hidr&aacute;ulica y paisaj&iacute;stica, as&iacute; como la correspondiente a determinados n&uacute;cleos de poblaci&oacute;n y otros aspectos de inter&eacute;s. Permite adem&aacute;s conocer los caudales y niveles de agua de las estacione de aforo del SAIH.<\/p>\n<p><strong>GOING<\/strong> <a href=\"http:\/\/ingenieria-civil.org\/GOING\/buscador.php\">http:\/\/ingenieria-civil.org\/GOING\/buscador.php<\/a><\/p>\n<p>Aplicaci&oacute;n con una selecci&oacute;n geolocalizada de grandes obras, con datos, historia, ubicaci&oacute;n, descripci&oacute;n y una valoraci&oacute;n que incluye importancia hist&oacute;rica, valor tecnol&oacute;gico, importancia social, singularidad, capacidad documental e inter&eacute;s paisaj&iacute;stico. (AICCP, Asociaci&oacute;n de Ingerieros de Caminos, Canales y Puertos, Fundaci&oacute;n Miguel Aguil&oacute;).<\/p>\n<p><strong>Puentes de Madrid, t&eacute;cnica y cultura<\/strong>. <a href=\"https:\/\/madrid.puentes.app\/\">https:\/\/madrid.puentes.app\/<\/a><\/p>\n<p>Plataforma online de difusi&oacute;n gratuita que permite combinar el rigor de una base de datos tradicional con nuevos instrumentos interpretativos. Se trata de una herramienta digital accesible que, mejorando las habituales estrategias de difusi&oacute;n del patrimonio, no s&oacute;lo ofrece la geolocalizaci&oacute;n de los puentes, su contexto hist&oacute;rico y territorial y su documentaci&oacute;n gr&aacute;fica y planim&eacute;trica, sino que tambi&eacute;n da a conocer la importancia t&eacute;cnica de las obras y su papel en la cultura. (Ayuntamiento de Madrid, Fundaci&oacute;n Miguel Aguil&oacute;, Ines Ingenieros consultores).<\/p>\n<hr \/>\n<h4 class=\"\">Grado de desarrollo<\/h4>\n<ul class=\"grado\">\n<li>Concepto<\/li>\n<li>Investigaci&oacute;n<\/li>\n<li>Prototipo &#8211; lab<\/li>\n<li>Prototipo industrial<\/li>\n<li><strong>Producci&oacute;n<\/strong><\/li>\n<\/ul>\n<p><strong>TRL 9 Sistema listo para su uso a escala completa. <\/strong>Ha llegado a su forma final funcionando bajo una amplia gama de condiciones de operaci&oacute;n. Por ejemplo, el uso del sistema real con la gama completa de estados y situaciones en caliente.<\/p>\n<hr \/>\n<p>&nbsp;<\/p>\n<div class=\"pdfprnt-buttons pdfprnt-buttons-product pdfprnt-bottom-left\"><a href=\"https:\/\/www.upm.es\/recursosidi\/wp-json\/wp\/v2\/product\/11883?print=pdf\" class=\"pdfprnt-button pdfprnt-button-pdf\" target=\"_blank\"><span class=\"pdfprnt-button-title pdfprnt-button-pdf-title\">Descargar ficha<\/span><\/a><\/div>","protected":false},"excerpt":{"rendered":"<p>Aplicaciones m\u00f3viles que para el estudio y an\u00e1lisis de infraestructuras en el territorio. Aprovechan las capacidades de geoposicionamiento de los terminales m\u00f3viles y permiten el acceso, control y relaci\u00f3n de datos territoriales, el establecimiento de rutas, visuales y relaciones.<\/p>\n","protected":false},"featured_media":11878,"template":"","meta":{"_acf_changed":false},"product_cat":[2384],"product_tag":[3056,8895,8887,8891,2814,3173,8889,8893],"comunidades-upm":[],"quien":[],"mapa":[{"term_id":2405,"name":"Ciencia para la ingenier\u00eda y la arquitectura","slug":"ciencia-para-ingenieria-y-arquitectura","term_group":0,"term_taxonomy_id":2405,"taxonomy":"mapa","description":"","parent":0,"count":127,"filter":"raw","term_order":"7"},{"term_id":126,"name":"Tecnolog\u00edas digitales, Inteligencia Artificial, ciberseguridad, 5G, rob\u00f3tica","slug":"tecnologias_digitales-ai-ciberseguridad-5g-robotica","term_group":0,"term_taxonomy_id":126,"taxonomy":"mapa","description":"","parent":0,"count":194,"filter":"raw","term_order":"23"}],"disponibilidad":[{"term_id":204,"name":"Disponible","slug":"disponible","term_group":0,"term_taxonomy_id":204,"taxonomy":"disponibilidad","description":"","parent":0,"count":110,"filter":"raw","term_order":"0"}],"donde":[{"term_id":42,"name":"UPM","slug":"upm","term_group":0,"term_taxonomy_id":42,"taxonomy":"donde","description":"Universidad Polit\u00e9cnica de Madrid\r\nHTML \"Lorem ipsum dolor sit amet, consectetur adipiscing elit, sed do eiusmod tempor incididunt ut labore et dolore magna aliqua. Ut enim ad minim veniam, quis nostrud exercitation ullamco laboris nisi ut aliquip ex ea commodo consequat. Duis aute irure dolor in reprehenderit in voluptate velit esse cillum dolore eu fugiat nulla pariatur. Excepteur sint occaecat cupidatat non proident, sunt in culpa qui officia deserunt mollit anim id est laborum.\"","parent":0,"count":146,"filter":"raw","term_order":"0"}],"infraestructura":[],"ods":[{"term_id":2239,"name":"Ciudades y Comunidades Sostenibles","slug":"ciudades-y-comunidades-sostenibles","term_group":0,"term_taxonomy_id":2239,"taxonomy":"ods","description":"","parent":0,"count":43,"filter":"raw","term_order":"0"},{"term_id":2247,"name":"Industria, Innovaci\u00f3n e Infraestructura","slug":"industria-innovacion-e-infraestructura","term_group":0,"term_taxonomy_id":2247,"taxonomy":"ods","description":"","parent":0,"count":171,"filter":"raw","term_order":"0"}],"origen":[{"term_id":192,"name":"Soluciones tecnol\u00f3gicas","slug":"soluciones-tecnologicas","term_group":0,"term_taxonomy_id":192,"taxonomy":"origen","description":"","parent":0,"count":278,"filter":"raw","term_order":"0"}],"familia_tax":false,"quien_tax":false,"donde_tax":false,"year":"2020-01-01","contacto":"Escuela de Ingenieros de Caminos \r\nC\/ Profesor Aranguren s\/n - \r\n28040 Madrid","telefono":"915431010","pagina_web":"http:\/\/www.fundacionmiguelaguilo.org\/home.html","email":"patricia.hlamas@upm.es","id_ficha_portal":"447","video":"","adjuntos":false,"adjuntos_portal":"","inf":false,"departamento":"","acf":[],"lang":"es","translation":{"es":11883},"_links":{"self":[{"href":"https:\/\/www.upm.es\/recursosidi\/wp-json\/wp\/v2\/product\/11883"}],"collection":[{"href":"https:\/\/www.upm.es\/recursosidi\/wp-json\/wp\/v2\/product"}],"about":[{"href":"https:\/\/www.upm.es\/recursosidi\/wp-json\/wp\/v2\/types\/product"}],"wp:featuredmedia":[{"embeddable":true,"href":"https:\/\/www.upm.es\/recursosidi\/wp-json\/wp\/v2\/media\/11878"}],"wp:attachment":[{"href":"https:\/\/www.upm.es\/recursosidi\/wp-json\/wp\/v2\/media?parent=11883"}],"wp:term":[{"taxonomy":"product_cat","embeddable":true,"href":"https:\/\/www.upm.es\/recursosidi\/wp-json\/wp\/v2\/product_cat?post=11883"},{"taxonomy":"product_tag","embeddable":true,"href":"https:\/\/www.upm.es\/recursosidi\/wp-json\/wp\/v2\/product_tag?post=11883"},{"taxonomy":"comunidad_upm","embeddable":true,"href":"https:\/\/www.upm.es\/recursosidi\/wp-json\/wp\/v2\/comunidades-upm?post=11883"},{"taxonomy":"quien","embeddable":true,"href":"https:\/\/www.upm.es\/recursosidi\/wp-json\/wp\/v2\/quien?post=11883"},{"taxonomy":"mapa","embeddable":true,"href":"https:\/\/www.upm.es\/recursosidi\/wp-json\/wp\/v2\/mapa?post=11883"},{"taxonomy":"disponibilidad","embeddable":true,"href":"https:\/\/www.upm.es\/recursosidi\/wp-json\/wp\/v2\/disponibilidad?post=11883"},{"taxonomy":"donde","embeddable":true,"href":"https:\/\/www.upm.es\/recursosidi\/wp-json\/wp\/v2\/donde?post=11883"},{"taxonomy":"infraestructura","embeddable":true,"href":"https:\/\/www.upm.es\/recursosidi\/wp-json\/wp\/v2\/infraestructura?post=11883"},{"taxonomy":"ods","embeddable":true,"href":"https:\/\/www.upm.es\/recursosidi\/wp-json\/wp\/v2\/ods?post=11883"},{"taxonomy":"origen","embeddable":true,"href":"https:\/\/www.upm.es\/recursosidi\/wp-json\/wp\/v2\/origen?post=11883"}],"curies":[{"name":"wp","href":"https:\/\/api.w.org\/{rel}","templated":true}]}}