{"id":11902,"date":"2023-02-24T12:54:13","date_gmt":"2023-02-24T11:54:13","guid":{"rendered":"https:\/\/www.upm.es\/recursosidi\/offers-resources\/sin categor\u00eda\/positive\/"},"modified":"2023-02-24T12:54:27","modified_gmt":"2023-02-24T11:54:27","slug":"positive","status":"publish","type":"product","link":"https:\/\/www.upm.es\/recursosidi\/offers-resources\/soluciones-tecnologicas\/positive\/","title":{"rendered":"POSITIVE"},"content":{"rendered":"<h4>Soluci&oacute;n y valor a&ntilde;adido que aporta<\/h4>\n<p>POSITIVE hace posible la monitorizaci&oacute;n remota de capacidad de movimiento de una persona, a trav&eacute;s de una infraestructura tecnol&oacute;gica que posibilita un nuevo modelo organizativo de atenci&oacute;n a las personas mayores, un modelo que involucra a todos los actores relevantes: paciente, cuidador y atenci&oacute;n primaria y especializada.&nbsp;<br \/>Al monitorizar la capacidad intr&iacute;nseca, POSITIVE no solo provoca un cambio en el entorno de atenci&oacute;n, sino que tambi&eacute;n cambia el enfoque de la enfermedad a la capacidad, del diagn&oacute;stico de enfermedades al seguimiento de trayectorias a lo largo de la vida, centrando la atenci&oacute;n en la persona de manera integrada.<\/p>\n<h4>Base tecnol&oacute;gica<\/h4>\n<ul>\n<li>Los pacientes son evaluados constantemente y, seg&uacute;n sea necesario, se prescribe autom&aacute;ticamente un programa de actividad f&iacute;sica personalizado para mantener o mejorar su condici&oacute;n.<\/li>\n<li>Los cuidadores est&aacute;n al tanto de cualquier deterioro y pueden verificar si la persona mayor que est&aacute; siendo monitorizada est&aacute; bien en cualquier momento.<\/li>\n<li>Los profesionales de atenci&oacute;n primaria pueden procesar las alarmas relacionadas con disminuciones peligrosas de la capacidad intr&iacute;nseca y ajustar los tratamientos en consecuencia, con la ayuda de un sistema de apoyo a la toma de decisiones.<\/li>\n<li>Como el sistema remoto los mantiene en contacto regular, los cuidadores pueden solicitar atenci&oacute;n especializada si es necesario.<\/li>\n<\/ul>\n<h4>Necesidades de negocio<\/h4>\n<ul>\n<li>Aumentar la esperanza de vida ya no es un desaf&iacute;o tan grande para la ciencia m&eacute;dica, como lo era antes.<\/li>\n<li>El verdadero desaf&iacute;o de una sociedad que envejece es aumentar la calidad de vida de los a&ntilde;os por vivir.<\/li>\n<li>La prevenci&oacute;n de la discapacidad es fundamental para lograr ese objetivo. Para hacer esto, se necesita un cambio de paradigma para cambiar el enfoque de la enfermedad a la capacidad, del diagn&oacute;stico de enfermedades al seguimiento de las trayectorias a lo largo de la vida de una persona.<\/li>\n<\/ul>\n<h4>Ventajas competitivas<\/h4>\n<ul>\n<li>POSITIVE tiene un impacto positivo en los pacientes y sus familias porque acerca el manejo de la fragilidad a las personas mayores, ofreciendo atenci&oacute;n especializada y primaria en el hogar.<\/li>\n<li>El beneficio para los pacientes, y por lo tanto tambi&eacute;n para los contribuyentes, es la reducci&oacute;n de costes:\n<ul>\n<li>Se obtiene una reducci&oacute;n del 10% en los costos relacionados con la hospitalizaci&oacute;n y la atenci&oacute;n de emergencia y especializada.<\/li>\n<li>Tambi&eacute;n se obtiene una reducci&oacute;n del 3% en los gastos totales de salud anual.<\/li>\n<\/ul>\n<\/li>\n<\/ul>\n<h4>Referencias previas de prestaci&oacute;n<\/h4>\n<ul>\n<li>Actualmente el proyecto se encuentra en fase de piloto en centros sanitarios de la zona sur de Madrid, y en centros sanitarios de Suecia y Polonia.<\/li>\n<li>Proyecto desarrollado en colaboraci&oacute;n con el European Institute of Innovation &amp; Technology (EIT).<\/li>\n<\/ul>\n<h4>Grado de desarrollo<\/h4>\n<ul class=\"grado\">\n<li>Concepto<\/li>\n<li>Investigaci&oacute;n<\/li>\n<li>Prototipo &#8211; lab<\/li>\n<li><strong>Prototipo industrial<\/strong><\/li>\n<li>Producci&oacute;n<\/li>\n<\/ul>\n<div class=\"pdfprnt-buttons pdfprnt-buttons-product pdfprnt-bottom-left\"><a href=\"https:\/\/www.upm.es\/recursosidi\/wp-json\/wp\/v2\/product\/11902?print=pdf\" class=\"pdfprnt-button pdfprnt-button-pdf\" target=\"_blank\"><span class=\"pdfprnt-button-title pdfprnt-button-pdf-title\">Descargar ficha<\/span><\/a><\/div>","protected":false},"excerpt":{"rendered":"<p>POSITIVE es un sistema integral que monitoriza la capacidad intr\u00ednseca del paciente desde su propio domicilio, avisando a los profesionales de atenci\u00f3n sanitaria en caso de disminuci\u00f3n en esa capacidad. Este sistema incluye a pacientes, cuidadores, profesionales de atenci\u00f3n primaria y especialistas.<\/p>\n","protected":false},"featured_media":11901,"template":"","meta":{"_acf_changed":false},"product_cat":[2384],"product_tag":[3403,3405,3058,3404,3402],"comunidades-upm":[],"quien":[],"mapa":[{"term_id":137,"name":"Bioeconom\u00eda, Biotecnolog\u00eda y Sistemas Alimentarios","slug":"bioeconomia-biotecnologia-sistemas_alimentarios","term_group":0,"term_taxonomy_id":137,"taxonomy":"mapa","description":"","parent":0,"count":45,"filter":"raw","term_order":"6"},{"term_id":122,"name":"Salud y bienestar","slug":"salud-y-bienestar","term_group":0,"term_taxonomy_id":122,"taxonomy":"mapa","description":"","parent":0,"count":105,"filter":"raw","term_order":"17"}],"disponibilidad":[{"term_id":204,"name":"Disponible","slug":"disponible","term_group":0,"term_taxonomy_id":204,"taxonomy":"disponibilidad","description":"","parent":0,"count":110,"filter":"raw","term_order":"0"}],"donde":[{"term_id":1780,"name":"Center for Biomedical Technology","slug":"en_center-for-biomedical-technology","term_group":0,"term_taxonomy_id":1780,"taxonomy":"donde","description":"","parent":0,"count":56,"filter":"raw","term_order":"0"},{"term_id":556,"name":"Centro de Tecnolog\u00eda Biom\u00e9dica (CTB)","slug":"centro-de-tecnologia-biomedica-ctb","term_group":0,"term_taxonomy_id":556,"taxonomy":"donde","description":"","parent":0,"count":84,"filter":"raw","term_order":"0"}],"infraestructura":[],"ods":[{"term_id":2271,"name":"Salud y Bienestar","slug":"salud-y-bienestar","term_group":0,"term_taxonomy_id":2271,"taxonomy":"ods","description":"","parent":0,"count":59,"filter":"raw","term_order":"0"}],"origen":[{"term_id":192,"name":"Soluciones tecnol\u00f3gicas","slug":"soluciones-tecnologicas","term_group":0,"term_taxonomy_id":192,"taxonomy":"origen","description":"","parent":0,"count":278,"filter":"raw","term_order":"0"}],"familia_tax":false,"quien_tax":false,"donde_tax":false,"year":"2019-01-01","contacto":"Ageinglab - CTB. Ctra. M40, Km. 38. 28223 Pozuelo de Alarc\u00f3n, Madrid","telefono":"910679250","pagina_web":"http:\/\/ageinglab.ctb.upm.es\/","email":"cristian.moral@ctb.upm.es","id_ficha_portal":"243","video":"https:\/\/vimeo.com\/545377333","adjuntos":false,"adjuntos_portal":"","inf":false,"departamento":"","acf":[],"lang":"es","translation":{"es":11902,"en":11904},"_links":{"self":[{"href":"https:\/\/www.upm.es\/recursosidi\/wp-json\/wp\/v2\/product\/11902"}],"collection":[{"href":"https:\/\/www.upm.es\/recursosidi\/wp-json\/wp\/v2\/product"}],"about":[{"href":"https:\/\/www.upm.es\/recursosidi\/wp-json\/wp\/v2\/types\/product"}],"wp:featuredmedia":[{"embeddable":true,"href":"https:\/\/www.upm.es\/recursosidi\/wp-json\/wp\/v2\/media\/11901"}],"wp:attachment":[{"href":"https:\/\/www.upm.es\/recursosidi\/wp-json\/wp\/v2\/media?parent=11902"}],"wp:term":[{"taxonomy":"product_cat","embeddable":true,"href":"https:\/\/www.upm.es\/recursosidi\/wp-json\/wp\/v2\/product_cat?post=11902"},{"taxonomy":"product_tag","embeddable":true,"href":"https:\/\/www.upm.es\/recursosidi\/wp-json\/wp\/v2\/product_tag?post=11902"},{"taxonomy":"comunidad_upm","embeddable":true,"href":"https:\/\/www.upm.es\/recursosidi\/wp-json\/wp\/v2\/comunidades-upm?post=11902"},{"taxonomy":"quien","embeddable":true,"href":"https:\/\/www.upm.es\/recursosidi\/wp-json\/wp\/v2\/quien?post=11902"},{"taxonomy":"mapa","embeddable":true,"href":"https:\/\/www.upm.es\/recursosidi\/wp-json\/wp\/v2\/mapa?post=11902"},{"taxonomy":"disponibilidad","embeddable":true,"href":"https:\/\/www.upm.es\/recursosidi\/wp-json\/wp\/v2\/disponibilidad?post=11902"},{"taxonomy":"donde","embeddable":true,"href":"https:\/\/www.upm.es\/recursosidi\/wp-json\/wp\/v2\/donde?post=11902"},{"taxonomy":"infraestructura","embeddable":true,"href":"https:\/\/www.upm.es\/recursosidi\/wp-json\/wp\/v2\/infraestructura?post=11902"},{"taxonomy":"ods","embeddable":true,"href":"https:\/\/www.upm.es\/recursosidi\/wp-json\/wp\/v2\/ods?post=11902"},{"taxonomy":"origen","embeddable":true,"href":"https:\/\/www.upm.es\/recursosidi\/wp-json\/wp\/v2\/origen?post=11902"}],"curies":[{"name":"wp","href":"https:\/\/api.w.org\/{rel}","templated":true}]}}