{"id":11911,"date":"2023-02-24T13:14:08","date_gmt":"2023-02-24T12:14:08","guid":{"rendered":"https:\/\/www.upm.es\/recursosidi\/offers-resources\/sin categor\u00eda\/glottex\/"},"modified":"2023-02-24T13:14:14","modified_gmt":"2023-02-24T12:14:14","slug":"glottex","status":"publish","type":"product","link":"https:\/\/www.upm.es\/recursosidi\/offers-resources\/soluciones-tecnologicas\/glottex\/","title":{"rendered":"GLOTTEX"},"content":{"rendered":"<h4 style=\"text-align: left\"><strong>Descripci&oacute;n breve conjunta de la soluci&oacute;n y valor a&ntilde;adido que aporta <\/strong><\/h4>\n<p style=\"text-align: justify\">Glottex Voice Analysis System&reg; es un producto avanzado de an&aacute;lisis de voz para la identificaci&oacute;n biom&eacute;trica, resultado de m&aacute;s de 15 a&ntilde;os de investigaci&oacute;n de un equipo de la Facultad de Inform&aacute;tica &#8211; Universidad Polit&eacute;cnica de Madrid (UPM).&nbsp;En su versi&oacute;n sanitaria, se aplica en la actualidad para la detecci&oacute;n precoz de patolog&iacute;as de voz y c&aacute;ncer de laringe, as&iacute; como para el tratamiento m&eacute;dico y rehabilitador, en diferentes hospitales de Madrid. Otra l&iacute;nea en desarrollo y de gran impacto se basa en la identificaci&oacute;n de s&iacute;ntomas iniciales de enfermedades neurol&oacute;gicas, como los males de Alzheimer o Parkinson, utilizando esta aplicaci&oacute;n y la metodolog&iacute;a asociada. Igualmente, como aplicaci&oacute;n de seguridad, Glottex es utilizada por uno de los cuerpos de seguridad espa&ntilde;oles para la identificaci&oacute;n forense a trav&eacute;s de la voz.<\/p>\n<h4 style=\"text-align: left\"><strong>Descripci&oacute;n de la base tecnol&oacute;gica<\/strong><\/h4>\n<p style=\"text-align: justify\">Glottex Voice Analysis System&reg;, en adelante Glottex, es una aplicaci&oacute;n software para el an&aacute;lisis avanzado de la voz y la determinaci&oacute;n de la muestra m&aacute;s cercana a la&nbsp; huella vocal biom&eacute;trica.<\/p>\n<p style=\"text-align: justify\">Esta soluci&oacute;n identifica con mucha mayor fiabilidad rasgos &uacute;nicos de la voz, distinguiendo aquellos que se derivan del tracto vocal (faringe, cavidad oral, cavidad nasal) de los propios de la fuente de excitaci&oacute;n origen de la voz. Glottex es capaz de evaluar y extraer par&aacute;metros fisiol&oacute;gicos &uacute;nicos de la fuente gl&oacute;tica, porci&oacute;n de la laringe que est&aacute; limitada por las cuerdas vocales y cuya vibraci&oacute;n origina la voz.<\/p>\n<p style=\"text-align: justify\">Esto supone un avance tecnol&oacute;gico decisivo respecto de soluciones anteriores a la hora de determinar de forma prematura patolog&iacute;as de voz, el tratamiento de &eacute;stas o identificar biom&eacute;tricamente al locutor.<\/p>\n<h4 style=\"text-align: left\"><strong>Necesidades de negocio \/ aplicaci&oacute;n<\/strong><\/h4>\n<p>&nbsp;<strong>Salud&nbsp;&nbsp;<\/strong><\/p>\n<ul>\n<li>\n<p style=\"text-align: justify\">Los trastornos de voz afectan a un 5% de la poblaci&oacute;n mundial, con una incidencia mayor entre los m&aacute;s j&oacute;venes y colectivos profesionales dependientes del uso de la voz. La detecci&oacute;n precoz, factor clave para su tratamiento.<\/p>\n<\/li>\n<li style=\"text-align: justify\">\n<p>El c&aacute;ncer de laringe afecta en un a&ntilde;o de media a 150.000 personas, con un grado de mortalidad muy destacado e incidencia en aumento (Espa&ntilde;a, a la cabeza a nivel europeo). La disfon&iacute;a de voz es uno de los principales s&iacute;ntomas de este tipo de c&aacute;ncer.<\/p>\n<\/li>\n<li>\n<p style=\"text-align: justify\">Seg&uacute;n estudios de la Organizaci&oacute;n Mundial de la Salud, una poblaci&oacute;n estimada de 6.8 millones de personas mueren anualmente en el mundo como resultado de des&oacute;rdenes neurol&oacute;gicos.<\/p>\n<\/li>\n<\/ul>\n<p><strong>Seguridad<\/strong><\/p>\n<ul>\n<li>\n<p style=\"text-align: justify\">Inter&eacute;s global creciente por soluciones biom&eacute;tricas fiables y de dif&iacute;cil impostaci&oacute;n (nuevas y sofisticadas amenazas para la seguridad).<\/p>\n<\/li>\n<li style=\"text-align: justify\">\n<p>La gesti&oacute;n segura de la identidad digital es clave para numerosos nichos de mercado, con vol&uacute;menes de facturaci&oacute;n crecientes (por ejemplo, banca m&oacute;vil).<\/p>\n<\/li>\n<li>\n<p style=\"text-align: justify\">Los departamentos de seguridad e inteligencia registran con cada vez m&aacute;s frecuencia locuciones relacionadas con delitos. Mayor complejidad a la hora de identificar sospechosos mediante m&eacute;todos tradicionales.<\/p>\n<\/li>\n<\/ul>\n<h4 style=\"text-align: left\"><strong>Ventajas competitivas<\/strong><\/h4>\n<div>\n<ul>\n<li>\n<p style=\"text-align: justify\">Apoyo a la detecci&oacute;n fiable y precoz de s&iacute;ntomas de enfermedades de voz mediante un an&aacute;lisis pionero de la voz por su base tecnol&oacute;gica y cient&iacute;fica.<\/p>\n<\/li>\n<li style=\"text-align: justify\">\n<p>L&iacute;nea en investigaci&oacute;n que permitir&iacute;a identificar s&iacute;ntomas iniciales de enfermedades neurol&oacute;gicas de forma prematura.<\/p>\n<\/li>\n<li style=\"text-align: justify\">\n<p>Bajo coste de implantaci&oacute;n en sistemas sanitarios: herramienta software adaptable, sin requisitos hardware espec&iacute;ficos. 50% de ahorro en gasto por paciente seg&uacute;n estimaci&oacute;n de profesionales m&eacute;dicos que ya utilizan Glottex.&nbsp;<\/p>\n<\/li>\n<li style=\"text-align: justify\">\n<p>T&eacute;cnica de diagn&oacute;stico no invasiva, r&aacute;pida y sin efectos colaterales para el paciente. 50% de ahorro en tiempo por paciente seg&uacute;n estimaci&oacute;n de profesionales m&eacute;dicos que ya utilizan Glottex.<\/p>\n<\/li>\n<li style=\"text-align: justify\">\n<p>M&aacute;xima fiabilidad en la identificaci&oacute;n biom&eacute;trica del individuo.<\/p>\n<\/li>\n<li style=\"text-align: justify\">\n<p>Adaptaci&oacute;n sencilla y de bajo coste de la herramienta biom&eacute;trica a la infraestructura de voz ya existente.<\/p>\n<\/li>\n<li style=\"text-align: justify\">\n<p>Tecnolog&iacute;a biom&eacute;trica que permite una autentificaci&oacute;n remota.<\/p>\n<\/li>\n<li>\n<p style=\"text-align: justify\">Investigaciones de mercado favorables en cuanto a la aceptaci&oacute;n de usuarios de esta tecnolog&iacute;a biom&eacute;trica.<\/p>\n<\/li>\n<\/ul>\n<p><span style=\"font-size: small\"><img fetchpriority=\"high\" decoding=\"async\" style=\"vertical-align: middle;margin-left: auto;margin-right: auto\" title=\"Voz, huella vocal\" src=\"http:\/\/www.upm.es\/observatorio\/vi\/gestor_general\/recuperar_archivo.jsp?id=207\" alt=\"Voz, huella vocal\" width=\"505\" height=\"245\" \/><\/span><\/p>\n<\/div>\n<h4>&nbsp;<\/h4>\n<h4 style=\"text-align: left\"><strong>Referencias<\/strong><\/h4>\n<ul>\n<li>\n<p>Hospital Universitario Gregorio Mara&ntilde;&oacute;n de Madrid.<\/p>\n<\/li>\n<li>\n<p>Guardia Civil &ndash; Espa&ntilde;a.<\/p>\n<\/li>\n<\/ul>\n<h4 style=\"text-align: left\"><strong>Protecci&oacute;n industrial<\/strong><\/h4>\n<ul>\n<li>\n<p>Patente concedida en Espa&ntilde;a ES2364401.<\/p>\n<\/li>\n<li>\n<p>Software registrado M-006038\/2008.<\/p>\n<\/li>\n<\/ul>\n<h4 style=\"text-align: left\"><strong>Grado de desarrollo<\/strong><\/h4>\n<ul>\n<li>\n<p>Concepto<\/p>\n<\/li>\n<li>\n<p>Investigaci&oacute;n<\/p>\n<\/li>\n<li>\n<p>Prototipo Lab<\/p>\n<\/li>\n<li>\n<p>Prototipo industrial<\/p>\n<\/li>\n<li>\n<p><strong><span style=\"text-decoration: underline\">Producci&oacute;n<\/span><\/strong><\/p>\n<\/li>\n<\/ul>\n<h4 style=\"text-align: left\"><strong>Contacto<\/strong><\/h4>\n<p style=\"text-align: justify\"><strong>Contacto Glottex&nbsp;<\/strong><\/p>\n<p style=\"text-align: justify\">Agust&iacute;n &Aacute;lvarez<\/p>\n<p style=\"text-align: justify\">e: <span rel=\"6a312a30ae311b31a0311c31ab312d31a33138318a310c31b8311830a5311e31be310c30a7311f31\" class=\"cryptex \" style=\"\"><span class=\"CryptexImg ctxoUfHYNq6H1kb_ITEhNOvyE9SFgVxrYMyCypbSEUciSg\"><\/span><\/span><\/p>\n<p style=\"text-align: justify\"><strong>Contacto UPM<\/strong><\/p>\n<p style=\"text-align: justify\">Programas de Innovaci&oacute;n y Emprendimiento<\/p>\n<p style=\"text-align: justify\">Centro de Apoyo a la Innovaci&oacute;n Tecnol&oacute;gica &#8211; UPM&nbsp;<\/p>\n<p style=\"text-align: justify\">e: <span rel=\"6a312a30b6312831a2311531c0311c31a1312731b93114317d312e3195311131bf313531ae311b319e312831b031183197312b31b3311c3186312531b731\" class=\"cryptex \" style=\"\"><span class=\"CryptexImg ctxR7neImVV1tJoTSyttUGBAuiESKXKLLyzTwJSN1lk9Z0\"><\/span><\/span><\/p>\n<div class=\"pdfprnt-buttons pdfprnt-buttons-product pdfprnt-bottom-left\"><a href=\"https:\/\/www.upm.es\/recursosidi\/wp-json\/wp\/v2\/product\/11911?print=pdf\" class=\"pdfprnt-button pdfprnt-button-pdf\" target=\"_blank\"><span class=\"pdfprnt-button-title pdfprnt-button-pdf-title\">Descargar ficha<\/span><\/a><\/div>","protected":false},"excerpt":{"rendered":"<p>Tu voz te cura, tu voz te identifica.<\/p>\n<p>Aplicaci\u00f3n biom\u00e9trica avanzada para la detecci\u00f3n cl\u00ednica precoz de patolog\u00edas de voz y la seguridad.<\/p>\n","protected":false},"featured_media":11909,"template":"","meta":{"_acf_changed":false},"product_cat":[2384],"product_tag":[2476],"comunidades-upm":[],"quien":[],"mapa":[{"term_id":122,"name":"Salud y bienestar","slug":"salud-y-bienestar","term_group":0,"term_taxonomy_id":122,"taxonomy":"mapa","description":"","parent":0,"count":105,"filter":"raw","term_order":"17"},{"term_id":126,"name":"Tecnolog\u00edas digitales, Inteligencia Artificial, ciberseguridad, 5G, rob\u00f3tica","slug":"tecnologias_digitales-ai-ciberseguridad-5g-robotica","term_group":0,"term_taxonomy_id":126,"taxonomy":"mapa","description":"","parent":0,"count":194,"filter":"raw","term_order":"23"}],"disponibilidad":[{"term_id":205,"name":"Consultar disponibilidad","slug":"consultar","term_group":0,"term_taxonomy_id":205,"taxonomy":"disponibilidad","description":"","parent":0,"count":290,"filter":"raw","term_order":"0"}],"donde":[{"term_id":1780,"name":"Center for Biomedical Technology","slug":"en_center-for-biomedical-technology","term_group":0,"term_taxonomy_id":1780,"taxonomy":"donde","description":"","parent":0,"count":56,"filter":"raw","term_order":"0"},{"term_id":556,"name":"Centro de Tecnolog\u00eda Biom\u00e9dica (CTB)","slug":"centro-de-tecnologia-biomedica-ctb","term_group":0,"term_taxonomy_id":556,"taxonomy":"donde","description":"","parent":0,"count":84,"filter":"raw","term_order":"0"},{"term_id":536,"name":"Inform\u00e1tica Aplicada al Procesado de Se\u00f1al e Imagen","slug":"informatica-aplicada-al-procesado-de-senal-e-imagen","term_group":0,"term_taxonomy_id":536,"taxonomy":"donde","description":"","parent":0,"count":5,"filter":"raw","term_order":"0"},{"term_id":1760,"name":"IT applied to Signal and Image Processing","slug":"en_it-applied-to-signal-and-image-processing","term_group":0,"term_taxonomy_id":1760,"taxonomy":"donde","description":"","parent":0,"count":4,"filter":"raw","term_order":"0"}],"infraestructura":[],"ods":[{"term_id":2247,"name":"Industria, Innovaci\u00f3n e Infraestructura","slug":"industria-innovacion-e-infraestructura","term_group":0,"term_taxonomy_id":2247,"taxonomy":"ods","description":"","parent":0,"count":171,"filter":"raw","term_order":"0"},{"term_id":2271,"name":"Salud y Bienestar","slug":"salud-y-bienestar","term_group":0,"term_taxonomy_id":2271,"taxonomy":"ods","description":"","parent":0,"count":59,"filter":"raw","term_order":"0"}],"origen":[{"term_id":192,"name":"Soluciones tecnol\u00f3gicas","slug":"soluciones-tecnologicas","term_group":0,"term_taxonomy_id":192,"taxonomy":"origen","description":"","parent":0,"count":278,"filter":"raw","term_order":"0"}],"familia_tax":false,"quien_tax":false,"donde_tax":false,"year":"2020-01-01","contacto":"CTB - UPM, Campus de Montegancedo, 28223 Pozuelo de Alarc\u00f3n (Madrid)","telefono":"910679250","pagina_web":"http:\/\/www.ctb.upm.es\/","email":"aalvarez@fi.upm.es","id_ficha_portal":"57","video":"","adjuntos":false,"adjuntos_portal":"","inf":false,"departamento":"","acf":[],"lang":"es","translation":{"es":11911,"en":11914},"_links":{"self":[{"href":"https:\/\/www.upm.es\/recursosidi\/wp-json\/wp\/v2\/product\/11911"}],"collection":[{"href":"https:\/\/www.upm.es\/recursosidi\/wp-json\/wp\/v2\/product"}],"about":[{"href":"https:\/\/www.upm.es\/recursosidi\/wp-json\/wp\/v2\/types\/product"}],"wp:featuredmedia":[{"embeddable":true,"href":"https:\/\/www.upm.es\/recursosidi\/wp-json\/wp\/v2\/media\/11909"}],"wp:attachment":[{"href":"https:\/\/www.upm.es\/recursosidi\/wp-json\/wp\/v2\/media?parent=11911"}],"wp:term":[{"taxonomy":"product_cat","embeddable":true,"href":"https:\/\/www.upm.es\/recursosidi\/wp-json\/wp\/v2\/product_cat?post=11911"},{"taxonomy":"product_tag","embeddable":true,"href":"https:\/\/www.upm.es\/recursosidi\/wp-json\/wp\/v2\/product_tag?post=11911"},{"taxonomy":"comunidad_upm","embeddable":true,"href":"https:\/\/www.upm.es\/recursosidi\/wp-json\/wp\/v2\/comunidades-upm?post=11911"},{"taxonomy":"quien","embeddable":true,"href":"https:\/\/www.upm.es\/recursosidi\/wp-json\/wp\/v2\/quien?post=11911"},{"taxonomy":"mapa","embeddable":true,"href":"https:\/\/www.upm.es\/recursosidi\/wp-json\/wp\/v2\/mapa?post=11911"},{"taxonomy":"disponibilidad","embeddable":true,"href":"https:\/\/www.upm.es\/recursosidi\/wp-json\/wp\/v2\/disponibilidad?post=11911"},{"taxonomy":"donde","embeddable":true,"href":"https:\/\/www.upm.es\/recursosidi\/wp-json\/wp\/v2\/donde?post=11911"},{"taxonomy":"infraestructura","embeddable":true,"href":"https:\/\/www.upm.es\/recursosidi\/wp-json\/wp\/v2\/infraestructura?post=11911"},{"taxonomy":"ods","embeddable":true,"href":"https:\/\/www.upm.es\/recursosidi\/wp-json\/wp\/v2\/ods?post=11911"},{"taxonomy":"origen","embeddable":true,"href":"https:\/\/www.upm.es\/recursosidi\/wp-json\/wp\/v2\/origen?post=11911"}],"curies":[{"name":"wp","href":"https:\/\/api.w.org\/{rel}","templated":true}]}}