{"id":11922,"date":"2023-02-24T13:45:24","date_gmt":"2023-02-24T12:45:24","guid":{"rendered":"https:\/\/www.upm.es\/recursosidi\/offers-resources\/sin categor\u00eda\/conectto\/"},"modified":"2023-02-24T13:45:31","modified_gmt":"2023-02-24T12:45:31","slug":"conectto","status":"publish","type":"product","link":"https:\/\/www.upm.es\/recursosidi\/offers-resources\/soluciones-tecnologicas\/conectto\/","title":{"rendered":"CONECTTO"},"content":{"rendered":"<h4 style=\"text-align: left\"><strong>Descripci&oacute;n breve conjunta de la soluci&oacute;n y valor a&ntilde;adido que aporta <\/strong><\/h4>\n<p style=\"text-align: justify\">ConecTTo es una tecnolog&iacute;a que permite ahorrar entre un 20 y un 40% la factura de la electricidad de los edificios a trav&eacute;s de la monitorizaci&oacute;n de los aparatos el&eacute;ctricos para diagnosticar posibles anomal&iacute;as o malos h&aacute;bitos en el uso de los aparatos el&eacute;ctricos y proponer soluciones que fomenten el ahorro y la eficiencia energ&eacute;tica.<\/p>\n<p style=\"text-align: justify\">El sistema ConecTTo se compone de&nbsp; una serie de aut&oacute;matas que env&iacute;an y reciben datos de un concentrador conectado a internet y que utiliza como medio de visualizaci&oacute;n y mando a distancia cualquier ordenador, tel&eacute;fono inteligente o tableta que pueda conectarse a internet. Los aut&oacute;matas son dispositivos de peque&ntilde;o tama&ntilde;o, escalables, econ&oacute;micos, sin cables, autoconfigurables y capaces de medir consumos. Adem&aacute;s son compatibles con instalaciones el&eacute;ctricas existentes permitiendo el control remoto, feedback y la conmutaci&oacute;n por software.&nbsp;<\/p>\n<p style=\"text-align: justify\">El sistema ConecTTo se ha testeado en el sector de la hosteler&iacute;a, obteniendo ahorros de un 30% en la factura de electricidad.<\/p>\n<h4 style=\"text-align: left\"><strong>Descripci&oacute;n de la base tecnol&oacute;gica<\/strong><\/h4>\n<p style=\"text-align: justify\">ConecTTo es un sistema que mejora las posibilidades de control de los elementos de una instalaci&oacute;n el&eacute;ctrica por parte de los usuarios y permite conocer y gestionar su consumo el&eacute;ctrico. El sistema consiste en una serie de dispositivos que env&iacute;an y reciben datos de un concentrador conectado a internet y que utiliza como medio de visualizaci&oacute;n y mando a distancia cualquier ordenador, tel&eacute;fono inteligente o tableta que pueda conectarse a internet.<\/p>\n<p style=\"text-align: justify\">ConecTTo es un sistema inteligente de hardware propio formado por dispositivos de peque&ntilde;o tama&ntilde;o, escalables, autoconfigurables y sin cables capaces de medir consumos y controlar el sistema el&eacute;ctrico. Los dispositivos se insertan en la toma de corriente, dotando a ese punto de inteligencia y conectividad: control del aparato el&eacute;ctrico, medidor de consumo, sensor de temperatura, humedad relativa o sensor de CO2.&nbsp;<\/p>\n<p style=\"text-align: center\"><em><span style=\"font-size: small\">&nbsp;<\/span><span style=\"font-size: small\">&#8220;ConecTTo dota de inteligencia a una instalaci&oacute;n mediante el control individual de cada dispositivo y un software que reconoce usos y costumbres del usuario para mejorar la eficiencia energ&eacute;tica y el confort&#8221;.&nbsp;<\/span><\/em><\/p>\n<h4 style=\"text-align: left\"><strong>Necesidades de negocio \/ aplicaci&oacute;n<\/strong><\/h4>\n<p style=\"text-align: justify\"><strong><span style=\"font-size: small\">Sector TIC<\/span><\/strong><\/p>\n<ul>\n<li style=\"text-align: justify\">Necesidad de controlar y gestionar el consumo el&eacute;ctrico en edificios, de manera remota desde cualquier parte del mundo, forma parte del plan de las Smart Cities and The Internet of Things.<\/li>\n<\/ul>\n<p style=\"text-align: justify\"><strong><span style=\"font-size: small\">Sector Energ&iacute;a<\/span><\/strong><\/p>\n<ul>\n<li style=\"text-align: justify\">Reducir la factura de electricidad y aumentar la eficiencia energ&eacute;tica. Seg&uacute;n Eurostat, desde el a&ntilde;o 2004 hasta hoy, el precio de la energ&iacute;a se ha incrementado en un 62%.<\/li>\n<li style=\"text-align: justify\">Identificar y cuantificar el consumo el&eacute;ctrico en el momento y lugar precisos donde se est&aacute; produciendo, asociado tanto a la potencia de los equipos como a los h&aacute;bitos o usos de dichos equipos.<\/li>\n<li style=\"text-align: justify\">Cumplir con el Protocolo de Kioto comienza con la concienciaci&oacute;n del uso de la energ&iacute;a para reducir las emisiones de gases de efecto invernadero, que causan el calentamiento global.&nbsp;<\/li>\n<\/ul>\n<h4 style=\"text-align: left\"><strong>Ventajas competitivas<\/strong><\/h4>\n<ul>\n<li style=\"text-align: justify\">ConecTTo no s&oacute;lo monitoriza, sino que diagnostica y propone soluciones encaminadas al ahorro y a la eficiencia energ&eacute;tica.<\/li>\n<li style=\"text-align: justify\">Completa compatibilidad con instalaciones el&eacute;ctricas ya existentes, por lo que no hay que hacer obra para implementar los nuevos dispositivos.<\/li>\n<li style=\"text-align: justify\">Sistema escalable y bidireccional. El sistema reconoce de forma autom&aacute;tica la aparici&oacute;n de nuevos aut&oacute;matas y en cada instante se puede conocer el estado de los dipositivos a la instalaci&oacute;n.<\/li>\n<li style=\"text-align: justify\">Permite la conmutaci&oacute;n por software aumentando las diferentes posibilidades de uso de los espacios.<\/li>\n<li style=\"text-align: justify\">ConecTTo dota de inteligencia una instalaci&oacute;n mediante el control individual de cada aparato y un SW que reconoce los usos y costumbres del usuario para mejorar la eficiencia energ&eacute;tica y el confort.<\/li>\n<li style=\"text-align: justify\">Permite el control remoto por radio frecuencia desde cualquier parte del mundo con cualquier tipo de acceso a internet sin perder la opci&oacute;n del control manual.<\/li>\n<\/ul>\n<h4 style=\"text-align: left\"><strong>Referencias<\/strong><\/h4>\n<p style=\"text-align: justify\">El Proyecto de Monitorizaci&oacute;n y Control arranca en 2009 en el seno del Grupo de Investigaci&oacute;n &ldquo;M&eacute;todos y Aplicaciones Num&eacute;ricas a la Tecnolog&iacute;a Aeroespacial&rdquo; de la E.T.S.I. Aeron&aacute;utica y del Espacio &#8211; UPM.<\/p>\n<h4 style=\"text-align: left\"><strong>Protecci&oacute;n industrial<\/strong><\/h4>\n<p style=\"text-align: justify\">Patente concedida en Espa&ntilde;a ES2533198B2.<\/p>\n<h4 style=\"text-align: left\"><strong>Grado de desarrollo<\/strong><\/h4>\n<ul>\n<li>Concepto<\/li>\n<li>Investigaci&oacute;n<\/li>\n<li>Prototipo Lab<\/li>\n<li><span style=\"text-decoration: underline\"><strong>Prototipo industrial<\/strong><\/span><\/li>\n<li>Producci&oacute;n<\/li>\n<\/ul>\n<h4 style=\"text-align: left\"><strong>Contacto<\/strong><\/h4>\n<p style=\"font-weight: 400\"><strong>Contacto ConecTTo<\/strong><\/p>\n<p class=\"MsoNormal\"><span style=\"font-size: small\">Juan Antonio Hern&aacute;ndez Ramos, Alejandro Fern&aacute;ndez S&aacute;nchez, Fernado del Ama Gonzalo<\/span><\/p>\n<p class=\"MsoNormal\"><span style=\"font-size: small\">e: <span rel=\"7c312c30b9313431a5313e3197312031aa3122319e312231c3312b30b1311331ab313631a5313931ad311d31c9310230c4312131a2311930a8311a31\" class=\"cryptex \" style=\"\"><span class=\"CryptexImg ctx1dk0i6zplKSQecpqRmhq2Y0pDyK2cNdTO-oRH4fkJlg\"><\/span><\/span><\/span><\/p>\n<p style=\"font-weight: 400\"><strong>Contacto UPM<\/strong><\/p>\n<p class=\"MsoNormal\"><span style=\"font-size: small\">Programas de Innovaci&oacute;n y Emprendimiento<\/span><\/p>\n<p class=\"MsoNormal\"><span style=\"font-size: small\">Centro de Apoyo a la Innovaci&oacute;n Tecnol&oacute;gica &ndash; UPM<\/span>&nbsp;<\/p>\n<p class=\"MsoNormal\"><span style=\"font-size: small\">e: <span rel=\"7c312c30b8312d31b2313f31ac31133199311c319f31273182311b31ae311131a7313731b0313a31b0312131b2311f318f312631a531263171310c31cc31\" class=\"cryptex \" style=\"\"><span class=\"CryptexImg ctxR7neImVV1tJoTSyttUGBAuiESKXKLLyzTwJSN1lk9Z0\"><\/span><\/span><\/span><\/p>\n<div class=\"pdfprnt-buttons pdfprnt-buttons-product pdfprnt-bottom-left\"><a href=\"https:\/\/www.upm.es\/recursosidi\/wp-json\/wp\/v2\/product\/11922?print=pdf\" class=\"pdfprnt-button pdfprnt-button-pdf\" target=\"_blank\"><span class=\"pdfprnt-button-title pdfprnt-button-pdf-title\">Descargar ficha<\/span><\/a><\/div>","protected":false},"excerpt":{"rendered":"<p>Automatiza tu instalaci\u00f3n el\u00e9ctrica y reduce los consumos por ti.<\/p>\n<p>ConecTTo mejora las posibilidades de control de los elementos de una instalaci\u00f3n el\u00e9ctrica y permite conocer y gestionar su consumo el\u00e9ctrico.<\/p>\n","protected":false},"featured_media":11921,"template":"","meta":{"_acf_changed":false},"product_cat":[2384],"product_tag":[2410,2411,2306],"comunidades-upm":[],"quien":[],"mapa":[{"term_id":133,"name":"Clima, Energ\u00eda y Movilidad","slug":"clima-energia-movilidad","term_group":0,"term_taxonomy_id":133,"taxonomy":"mapa","description":"","parent":0,"count":129,"filter":"raw","term_order":"9"},{"term_id":126,"name":"Tecnolog\u00edas digitales, Inteligencia Artificial, ciberseguridad, 5G, rob\u00f3tica","slug":"tecnologias_digitales-ai-ciberseguridad-5g-robotica","term_group":0,"term_taxonomy_id":126,"taxonomy":"mapa","description":"","parent":0,"count":194,"filter":"raw","term_order":"23"}],"disponibilidad":[{"term_id":205,"name":"Consultar disponibilidad","slug":"consultar","term_group":0,"term_taxonomy_id":205,"taxonomy":"disponibilidad","description":"","parent":0,"count":290,"filter":"raw","term_order":"0"}],"donde":[{"term_id":618,"name":"Centro de Investigaci\u00f3n en Simulaci\u00f3n Computacional (CCS)","slug":"centro-de-investigacion-en-simulacion-computacional-ccs","term_group":0,"term_taxonomy_id":618,"taxonomy":"donde","description":"","parent":0,"count":27,"filter":"raw","term_order":"0"},{"term_id":1840,"name":"Computer Simulation Research Centre","slug":"en_computer-simulation-research-centre","term_group":0,"term_taxonomy_id":1840,"taxonomy":"donde","description":"","parent":0,"count":17,"filter":"raw","term_order":"0"},{"term_id":282,"name":"M\u00e9todos y Aplicaciones Num\u00e9ricas a la Tecnolog\u00eda Aeroespacial","slug":"metodos-y-aplicaciones-numericas-a-la-tecnologia-aeroespacial","term_group":0,"term_taxonomy_id":282,"taxonomy":"donde","description":"","parent":0,"count":4,"filter":"raw","term_order":"0"},{"term_id":1506,"name":"Numerical Methods and Applications for Aerospace Technology","slug":"en_numerical-methods-and-applications-for-aerospace-technology","term_group":0,"term_taxonomy_id":1506,"taxonomy":"donde","description":"","parent":0,"count":2,"filter":"raw","term_order":"0"}],"infraestructura":[],"ods":[{"term_id":2231,"name":"Acci\u00f3n por el Clima","slug":"accion-por-el-clima","term_group":0,"term_taxonomy_id":2231,"taxonomy":"ods","description":"","parent":0,"count":67,"filter":"raw","term_order":"0"},{"term_id":2239,"name":"Ciudades y Comunidades Sostenibles","slug":"ciudades-y-comunidades-sostenibles","term_group":0,"term_taxonomy_id":2239,"taxonomy":"ods","description":"","parent":0,"count":43,"filter":"raw","term_order":"0"},{"term_id":2255,"name":"Energ\u00eda Asequible y no Contaminante","slug":"energia-asequible-y-no-contaminante","term_group":0,"term_taxonomy_id":2255,"taxonomy":"ods","description":"","parent":0,"count":34,"filter":"raw","term_order":"0"}],"origen":[{"term_id":192,"name":"Soluciones tecnol\u00f3gicas","slug":"soluciones-tecnologicas","term_group":0,"term_taxonomy_id":192,"taxonomy":"origen","description":"","parent":0,"count":278,"filter":"raw","term_order":"0"}],"familia_tax":false,"quien_tax":false,"donde_tax":false,"year":"2020-01-01","contacto":"ETSI Aeron\u00e1utica y del Espacio - UPM, Plaza Cardenal Cisneros, 3, 28040, Madrid","telefono":"910675534","pagina_web":"https:\/\/www.etsiae.upm.es\/","email":"juanantonio.hernandez@upm.es","id_ficha_portal":"5","video":"","adjuntos":false,"adjuntos_portal":"","inf":false,"departamento":"","acf":[],"lang":"es","translation":{"es":11922,"en":11924},"_links":{"self":[{"href":"https:\/\/www.upm.es\/recursosidi\/wp-json\/wp\/v2\/product\/11922"}],"collection":[{"href":"https:\/\/www.upm.es\/recursosidi\/wp-json\/wp\/v2\/product"}],"about":[{"href":"https:\/\/www.upm.es\/recursosidi\/wp-json\/wp\/v2\/types\/product"}],"wp:featuredmedia":[{"embeddable":true,"href":"https:\/\/www.upm.es\/recursosidi\/wp-json\/wp\/v2\/media\/11921"}],"wp:attachment":[{"href":"https:\/\/www.upm.es\/recursosidi\/wp-json\/wp\/v2\/media?parent=11922"}],"wp:term":[{"taxonomy":"product_cat","embeddable":true,"href":"https:\/\/www.upm.es\/recursosidi\/wp-json\/wp\/v2\/product_cat?post=11922"},{"taxonomy":"product_tag","embeddable":true,"href":"https:\/\/www.upm.es\/recursosidi\/wp-json\/wp\/v2\/product_tag?post=11922"},{"taxonomy":"comunidad_upm","embeddable":true,"href":"https:\/\/www.upm.es\/recursosidi\/wp-json\/wp\/v2\/comunidades-upm?post=11922"},{"taxonomy":"quien","embeddable":true,"href":"https:\/\/www.upm.es\/recursosidi\/wp-json\/wp\/v2\/quien?post=11922"},{"taxonomy":"mapa","embeddable":true,"href":"https:\/\/www.upm.es\/recursosidi\/wp-json\/wp\/v2\/mapa?post=11922"},{"taxonomy":"disponibilidad","embeddable":true,"href":"https:\/\/www.upm.es\/recursosidi\/wp-json\/wp\/v2\/disponibilidad?post=11922"},{"taxonomy":"donde","embeddable":true,"href":"https:\/\/www.upm.es\/recursosidi\/wp-json\/wp\/v2\/donde?post=11922"},{"taxonomy":"infraestructura","embeddable":true,"href":"https:\/\/www.upm.es\/recursosidi\/wp-json\/wp\/v2\/infraestructura?post=11922"},{"taxonomy":"ods","embeddable":true,"href":"https:\/\/www.upm.es\/recursosidi\/wp-json\/wp\/v2\/ods?post=11922"},{"taxonomy":"origen","embeddable":true,"href":"https:\/\/www.upm.es\/recursosidi\/wp-json\/wp\/v2\/origen?post=11922"}],"curies":[{"name":"wp","href":"https:\/\/api.w.org\/{rel}","templated":true}]}}