{"id":11950,"date":"2023-02-27T10:52:00","date_gmt":"2023-02-27T09:52:00","guid":{"rendered":"https:\/\/www.upm.es\/recursosidi\/offers-resources\/sin categor\u00eda\/predircam\/"},"modified":"2023-02-27T10:52:06","modified_gmt":"2023-02-27T09:52:06","slug":"predircam","status":"publish","type":"product","link":"https:\/\/www.upm.es\/recursosidi\/offers-resources\/soluciones-tecnologicas\/predircam\/","title":{"rendered":"PREDIRCAM"},"content":{"rendered":"<h4 style=\"text-align: left\"><strong>Descripci&oacute;n breve conjunta de la soluci&oacute;n y valor a&ntilde;adido que aporta <\/strong><\/h4>\n<p style=\"text-align: justify\">PREDIRCAM es una plataforma tecnol&oacute;gica eHealth dise&ntilde;ada para facilitar el&nbsp; tratamiento y seguimiento de personas con obesidad, con m&oacute;dulos de registro alimentario, an&aacute;lisis nutricional, monitorizaci&oacute;n de actividad f&iacute;sica, variables antropom&eacute;tricas y ayuda a la decisi&oacute;n. Ha sido desarrollada por el Grupo de Bioingenier&iacute;a y Telemedicina (GBT) de la Escuela T&eacute;cnica Superior de Ingenieros de Telecomunicaci&oacute;n junto con profesionales nutricionistas y endocrinos del Hospital de la Santa Creu I Sant Pau de Barcelona.&nbsp;<\/p>\n<p style=\"text-align: justify\">Actualmente se est&aacute; evaluando su eficacia en el tratamiento multidisciplinario e intensificado de la obesidad, prevenci&oacute;n de DM2 y riesgo cardiovascular, en un ensayo cl&iacute;nico controlado con m&aacute;s de 100 pacientes en dos hospitales. Paralelamente se ha desarrollado una aplicaci&oacute;n m&oacute;vil, en fase beta, que permite aprovechar el potencial de la plataforma Predircam con tecnolog&iacute;as m&oacute;viles.<\/p>\n<h4 style=\"text-align: left\"><strong>Descripci&oacute;n de la base tecnol&oacute;gica<\/strong><\/h4>\n<p style=\"text-align: justify\">Esta soluci&oacute;n integra en una plataforma web los diferentes m&oacute;dulos con los que se pretende empoderar a los usuarios en el registro de las ingestas nutricionales, la actividad f&iacute;sica y&nbsp; sus medidas antropom&eacute;tricas. Para ello cuenta con informaci&oacute;n visual y estructurada de manera eficiente, avalada y desarrollada en com&uacute;n con los profesionales sanitarios. De igual forma provee acceso para dichos profesionales, pudiendo registrar variables cl&iacute;nicas, visualizar reportes de comportamiento y un sistema de mensajer&iacute;a con los usuarios.<\/p>\n<p style=\"text-align: justify\">Esta soluci&oacute;n busca un tratamiento personalizado para cada individuo, con un plan adaptado a sus necesidades, un sistema de notificaciones y recomendaciones y contenido de alto valor educacional e instructivo.&nbsp;<\/p>\n<p style=\"text-align: center\"><em>&ldquo;Monitorizaci&oacute;n de h&aacute;bitos de vida para la autogesti&oacute;n de la salud y el empoderamiento de los usuarios, as&iacute; como ayuda a la decisi&oacute;n para el profesional m&eacute;dico a trav&eacute;s de tecnolog&iacute;as Web y m&oacute;vil de amplia difusi&oacute;n&rdquo;<\/em><\/p>\n<p style=\"text-align: center\">&nbsp;<\/p>\n<h4 style=\"text-align: left\"><strong>Necesidades de negocio \/ aplicaci&oacute;n<\/strong><\/h4>\n<p style=\"text-align: justify\">En pa&iacute;ses industrializados, los sistemas sanitarios se enfrentan a importantes retos: aumento de los costes asistenciales, envejecimiento de la poblaci&oacute;n, mayores exigencias y expectativas de los ciudadanos, incorporaci&oacute;n de nuevas tecnolog&iacute;as, compromiso de la calidad, etc.<\/p>\n<p style=\"text-align: justify\"><strong>Salud<\/strong><\/p>\n<ul>\n<li style=\"text-align: justify\">\n<p style=\"text-align: justify\">Las enfermedades cardiovasculares son la 1ra causa de muerte en el mundo provocando m&aacute;s de 17M de muertes al a&ntilde;o.<\/p>\n<\/li>\n<li style=\"text-align: justify\">\n<p>El 39% de la poblaci&oacute;n mundial tiene sobrepeso, mientras que el 13% es obesa superando en m&aacute;s del doble la prevalencia de la obesidad en 1980 y causando esta patolog&iacute;a 2,8M de muertes al a&ntilde;o.<\/p>\n<\/li>\n<li style=\"text-align: justify\">\n<p>Carga econ&oacute;mica enorme para el sistema.<\/p>\n<\/li>\n<li style=\"text-align: justify\">\n<p>Gesti&oacute;n de la cronicidad. Herramientas que den soporte a una atenci&oacute;n integral del paciente.<\/p>\n<\/li>\n<li style=\"text-align: justify\">\n<p>Aumento de la eficiencia y la productividad. Monitorizaci&oacute;n de par&aacute;metros en la vida diaria.<\/p>\n<\/li>\n<li style=\"text-align: justify\">\n<p style=\"text-align: justify\">Empoderamiento del paciente. Accesibilidad a la informaci&oacute;n y mecanismos para el autocuidado de la salud.&nbsp;<\/p>\n<\/li>\n<\/ul>\n<div>\n<p style=\"text-align: center\"><em>&ldquo;El aumento de las enfermedades cr&oacute;nicas como la obesidad, hace necesaria e imperativa&nbsp; una soluci&oacute;n que permita empoderar al paciente en la autogesti&oacute;n de su salud, con la consiguiente descarga del sector asistencial sanitario&rdquo;<\/em><\/p>\n<p style=\"text-align: center\">&nbsp;<\/p>\n<\/div>\n<h4 style=\"text-align: left\"><strong>Ventajas competitivas<\/strong><\/h4>\n<div>\n<ul>\n<li>\n<p style=\"text-align: justify\">Reducci&oacute;n de los recursos presenciales necesarios por parte del sector asistencial en m&aacute;s de un 30% (probado en m&aacute;s de 100 pacientes durante 3 meses).<\/p>\n<\/li>\n<li style=\"text-align: justify\">\n<p>M&aacute;s de 900 ingredientes alimenticios, 200 platos y un banco de 2000 im&aacute;genes propias para facilitar el registro de la dieta, optimizar el tiempo empleado y la exactitud del registro.<\/p>\n<\/li>\n<li style=\"text-align: justify\">\n<p>Contenido de alto valor did&aacute;ctico y educacional, (recetas, actividad f&iacute;sica recomendada, consejos nutricionales, etc.) creado con aprobaci&oacute;n y supervisi&oacute;n de personal sanitario.<\/p>\n<\/li>\n<li>\n<p style=\"text-align: justify\">Sincronizaci&oacute;n de dispositivos Wearables para la cuantificaci&oacute;n autom&aacute;tica de la actividad f&iacute;sica.<\/p>\n<\/li>\n<\/ul>\n<\/div>\n<h4 style=\"text-align: left\"><strong>Referencias<\/strong><\/h4>\n<div>\n<ul>\n<li>\n<p style=\"text-align: justify\">Estudio cl&iacute;nico para la validaci&oacute;n de la plataforma en los hospitales de La Santa Creu i Sant Pau de Barcelona y La Fe de Valencia (www.predircam.org)<\/p>\n<\/li>\n<li>\n<p style=\"text-align: justify\">Dos publicaciones en CASEIB 2015 y SEEN 2016.<\/p>\n<\/li>\n<\/ul>\n<\/div>\n<h4 style=\"text-align: left\"><strong>Grado de desarrollo<\/strong><\/h4>\n<ul>\n<li><span style=\"font-size: small\">Concepto<\/span><\/li>\n<li><span style=\"font-size: small\">Investigaci&oacute;n<\/span><\/li>\n<li><span style=\"font-size: small\">Prototipo-Lab<\/span><\/li>\n<li><span style=\"text-decoration: underline;font-size: small\"><strong>Prototipo Industrial<\/strong><\/span><\/li>\n<li><span style=\"font-size: small\">Producci&oacute;n<\/span><\/li>\n<\/ul>\n<h4><strong>Contacto<\/strong><\/h4>\n<p style=\"text-align: justify\"><strong>Contacto PreDirCam<\/strong><\/p>\n<p style=\"text-align: justify\">Jos&eacute; Tapia Galisteo<\/p>\n<p style=\"text-align: justify\">Grupo de Bioingenier&iacute;a y Telemedicina (UPM)<\/p>\n<p style=\"text-align: justify\">e:<span rel=\"7f311330be311e31cc312b3183312031b6314031ba31133186311b3198312e31c2311f31b9311031a7310430aa311f31bc312430ab311f31\" class=\"cryptex \" style=\"\"><span class=\"CryptexImg ctxTw4ZJzfSS8Vwg7p6APplGSXuyKqDmBvZB-nBD9x3hoU\"><\/span><\/span><\/p>\n<p style=\"text-align: justify\">w: http:\/\/www.gbt.tfo.upm.es<\/p>\n<p style=\"text-align: justify\"><strong>Contacto UPM<\/strong><\/p>\n<p style=\"text-align: justify\">Programas de Innovaci&oacute;n y Emprendimiento<\/p>\n<p style=\"text-align: justify\">Centro de Apoyo a la Innovaci&oacute;n Tecnol&oacute;gica &ndash; UPM<\/p>\n<p style=\"text-align: justify\">e: <span rel=\"7f311330bd311d31c7313531cb310d31b8313931c0312031863128319c312531c7311b31b1311a319f312531983110318f312331b631193161313231b631\" class=\"cryptex \" style=\"\"><span class=\"CryptexImg ctxR7neImVV1tJoTSyttUGBAuiESKXKLLyzTwJSN1lk9Z0\"><\/span><\/span><\/p>\n<div class=\"pdfprnt-buttons pdfprnt-buttons-product pdfprnt-bottom-left\"><a href=\"https:\/\/www.upm.es\/recursosidi\/wp-json\/wp\/v2\/product\/11950?print=pdf\" class=\"pdfprnt-button pdfprnt-button-pdf\" target=\"_blank\"><span class=\"pdfprnt-button-title pdfprnt-button-pdf-title\">Descargar ficha<\/span><\/a><\/div>","protected":false},"excerpt":{"rendered":"<p>Prevenci\u00f3n y tratamiento de la obesidad.<\/p>\n<p>Plataforma para la adopci\u00f3n de un estilo de vida saludable: Nutrici\u00f3n, actividad f\u00edsica, notificaciones, evoluci\u00f3n y seguimiento de la salud.<\/p>\n","protected":false},"featured_media":11949,"template":"","meta":{"_acf_changed":false},"product_cat":[2384],"product_tag":[2485,2554],"comunidades-upm":[],"quien":[],"mapa":[{"term_id":126,"name":"Tecnolog\u00edas digitales, Inteligencia Artificial, ciberseguridad, 5G, rob\u00f3tica","slug":"tecnologias_digitales-ai-ciberseguridad-5g-robotica","term_group":0,"term_taxonomy_id":126,"taxonomy":"mapa","description":"","parent":0,"count":194,"filter":"raw","term_order":"23"}],"disponibilidad":[{"term_id":205,"name":"Consultar disponibilidad","slug":"consultar","term_group":0,"term_taxonomy_id":205,"taxonomy":"disponibilidad","description":"","parent":0,"count":290,"filter":"raw","term_order":"0"}],"donde":[{"term_id":1698,"name":"Bioengineering and Telemedicine Group","slug":"en_bioengineering-and-telemedicine-group","term_group":0,"term_taxonomy_id":1698,"taxonomy":"donde","description":"Nuestras principales l&iacute;neas de investigaci&oacute;n son:\n-&nbsp; <strong>P&aacute;ncreas artificial<\/strong>: algoritmos de control en lazo cerrado, predicci&oacute;n de glucosa y monitorizaci&oacute;n de actividad f&iacute;sica.\n&nbsp;\n-&nbsp; <strong>Tecnolog&iacute;as web y m&oacute;viles integradas con sensores biom&eacute;dicos <\/strong>para la monitorizaci&oacute;n y la ayuda a la decisi&oacute;n a pacientes y profesionales.\n&nbsp;\n-&nbsp; <strong>Tecnolog&iacute;as de apoyo al<\/strong> <strong>envejecimiento activo. <\/strong>\n<strong>&nbsp;<\/strong>\n-&nbsp; <strong>Inteligencia artificial en medicina: <\/strong>an&aacute;lisis inteligente de datos m&eacute;dicos, <em>data mining<\/em> y <em>big data<\/em>.\n&nbsp;\n-&nbsp; <strong>Im&aacute;genes m&eacute;dicas<\/strong>: segmentaci&oacute;n, registro multimodal, reconstrucci&oacute;n 3D a partir de RM, TC y US, i.e. neuroimagen en da&ntilde;o cerebral.\n&nbsp;\n-&nbsp; <strong>Simulaci&oacute;n f&iacute;sica y virtual, planificaci&oacute;n quir&uacute;rgica<\/strong> en cirug&iacute;a de m&iacute;nima invasi&oacute;n, an&aacute;lisis de video laparosc&oacute;pico <strong>y cirug&iacute;a guiada por imagen<\/strong> <strong>y v&iacute;deo<\/strong>.\n&nbsp;\n-&nbsp; <strong>Ingenier&iacute;a de Neurorrehabilitaci&oacute;n en da&ntilde;o cerebral<\/strong>: modelado de procesos, rehabilitaci&oacute;n cognitiva con entornos virtuales interactivos, rehabilitaci&oacute;n funcional &ldquo;<em>assisted-as-needed<\/em>&rdquo; y telerrehabilitaci&oacute;n domiciliaria.","parent":0,"count":9,"filter":"raw","term_order":"0"},{"term_id":1780,"name":"Center for Biomedical Technology","slug":"en_center-for-biomedical-technology","term_group":0,"term_taxonomy_id":1780,"taxonomy":"donde","description":"","parent":0,"count":56,"filter":"raw","term_order":"0"},{"term_id":556,"name":"Centro de Tecnolog\u00eda Biom\u00e9dica (CTB)","slug":"centro-de-tecnologia-biomedica-ctb","term_group":0,"term_taxonomy_id":556,"taxonomy":"donde","description":"","parent":0,"count":84,"filter":"raw","term_order":"0"},{"term_id":474,"name":"Grupo de Bioingenier\u00eda y Telemedicina","slug":"grupo-de-bioingenieria-y-telemedicina","term_group":0,"term_taxonomy_id":474,"taxonomy":"donde","description":"Nuestras principales l&iacute;neas de investigaci&oacute;n son:\n-&nbsp; <strong>P&aacute;ncreas artificial<\/strong>: algoritmos de control en lazo cerrado, predicci&oacute;n de glucosa y monitorizaci&oacute;n de actividad f&iacute;sica.\n&nbsp;\n-&nbsp; <strong>Tecnolog&iacute;as web y m&oacute;viles integradas con sensores biom&eacute;dicos <\/strong>para la monitorizaci&oacute;n y la ayuda a la decisi&oacute;n a pacientes y profesionales.\n&nbsp;\n-&nbsp; <strong>Tecnolog&iacute;as de apoyo al<\/strong> <strong>envejecimiento activo. <\/strong>\n<strong>&nbsp;<\/strong>\n-&nbsp; <strong>Inteligencia artificial en medicina: <\/strong>an&aacute;lisis inteligente de datos m&eacute;dicos, <em>data mining<\/em> y <em>big data<\/em>.\n&nbsp;\n-&nbsp; <strong>Im&aacute;genes m&eacute;dicas<\/strong>: segmentaci&oacute;n, registro multimodal, reconstrucci&oacute;n 3D a partir de RM, TC y US, i.e. neuroimagen en da&ntilde;o cerebral.\n&nbsp;\n-&nbsp; <strong>Simulaci&oacute;n f&iacute;sica y virtual, planificaci&oacute;n quir&uacute;rgica<\/strong> en cirug&iacute;a de m&iacute;nima invasi&oacute;n, an&aacute;lisis de video laparosc&oacute;pico <strong>y cirug&iacute;a guiada por imagen<\/strong> <strong>y v&iacute;deo<\/strong>.\n&nbsp;\n-&nbsp; <strong>Ingenier&iacute;a de Neurorrehabilitaci&oacute;n en da&ntilde;o cerebral<\/strong>: modelado de procesos, rehabilitaci&oacute;n cognitiva con entornos virtuales interactivos, rehabilitaci&oacute;n funcional &ldquo;<em>assisted-as-needed<\/em>&rdquo; y telerrehabilitaci&oacute;n domiciliaria.","parent":0,"count":11,"filter":"raw","term_order":"0"}],"infraestructura":[],"ods":[{"term_id":2271,"name":"Salud y Bienestar","slug":"salud-y-bienestar","term_group":0,"term_taxonomy_id":2271,"taxonomy":"ods","description":"","parent":0,"count":59,"filter":"raw","term_order":"0"}],"origen":[{"term_id":192,"name":"Soluciones tecnol\u00f3gicas","slug":"soluciones-tecnologicas","term_group":0,"term_taxonomy_id":192,"taxonomy":"origen","description":"","parent":0,"count":278,"filter":"raw","term_order":"0"}],"familia_tax":false,"quien_tax":false,"donde_tax":false,"year":"2020-01-01","contacto":"ETSI de Telecomunicaci\u00f3n - UPM, Avenida  Complutense, 30, Ciudad Universitaria, 28040, Madrid","telefono":"910671900","pagina_web":"https:\/\/www.etsit.upm.es\/","email":"jose.tapia.galisteo@upm.es","id_ficha_portal":"120","video":"","adjuntos":false,"adjuntos_portal":"","inf":false,"departamento":"","acf":[],"lang":"es","translation":{"es":11950,"en":11952},"_links":{"self":[{"href":"https:\/\/www.upm.es\/recursosidi\/wp-json\/wp\/v2\/product\/11950"}],"collection":[{"href":"https:\/\/www.upm.es\/recursosidi\/wp-json\/wp\/v2\/product"}],"about":[{"href":"https:\/\/www.upm.es\/recursosidi\/wp-json\/wp\/v2\/types\/product"}],"wp:featuredmedia":[{"embeddable":true,"href":"https:\/\/www.upm.es\/recursosidi\/wp-json\/wp\/v2\/media\/11949"}],"wp:attachment":[{"href":"https:\/\/www.upm.es\/recursosidi\/wp-json\/wp\/v2\/media?parent=11950"}],"wp:term":[{"taxonomy":"product_cat","embeddable":true,"href":"https:\/\/www.upm.es\/recursosidi\/wp-json\/wp\/v2\/product_cat?post=11950"},{"taxonomy":"product_tag","embeddable":true,"href":"https:\/\/www.upm.es\/recursosidi\/wp-json\/wp\/v2\/product_tag?post=11950"},{"taxonomy":"comunidad_upm","embeddable":true,"href":"https:\/\/www.upm.es\/recursosidi\/wp-json\/wp\/v2\/comunidades-upm?post=11950"},{"taxonomy":"quien","embeddable":true,"href":"https:\/\/www.upm.es\/recursosidi\/wp-json\/wp\/v2\/quien?post=11950"},{"taxonomy":"mapa","embeddable":true,"href":"https:\/\/www.upm.es\/recursosidi\/wp-json\/wp\/v2\/mapa?post=11950"},{"taxonomy":"disponibilidad","embeddable":true,"href":"https:\/\/www.upm.es\/recursosidi\/wp-json\/wp\/v2\/disponibilidad?post=11950"},{"taxonomy":"donde","embeddable":true,"href":"https:\/\/www.upm.es\/recursosidi\/wp-json\/wp\/v2\/donde?post=11950"},{"taxonomy":"infraestructura","embeddable":true,"href":"https:\/\/www.upm.es\/recursosidi\/wp-json\/wp\/v2\/infraestructura?post=11950"},{"taxonomy":"ods","embeddable":true,"href":"https:\/\/www.upm.es\/recursosidi\/wp-json\/wp\/v2\/ods?post=11950"},{"taxonomy":"origen","embeddable":true,"href":"https:\/\/www.upm.es\/recursosidi\/wp-json\/wp\/v2\/origen?post=11950"}],"curies":[{"name":"wp","href":"https:\/\/api.w.org\/{rel}","templated":true}]}}