{"id":11954,"date":"2023-02-27T12:08:03","date_gmt":"2023-02-27T11:08:03","guid":{"rendered":"https:\/\/www.upm.es\/recursosidi\/offers-resources\/sin categor\u00eda\/vadet\/"},"modified":"2023-02-27T12:08:09","modified_gmt":"2023-02-27T11:08:09","slug":"vadet","status":"publish","type":"product","link":"https:\/\/www.upm.es\/recursosidi\/offers-resources\/soluciones-tecnologicas\/vadet\/","title":{"rendered":"VADET."},"content":{"rendered":"<h4 style=\"text-align: left\"><strong>Descripci&oacute;n breve conjunta de la soluci&oacute;n y valor a&ntilde;adido que aporta <\/strong><\/h4>\n<p style=\"text-align: justify\">VADET ofrece una soluci&oacute;n innovadora para el diagn&oacute;stico de d&eacute;ficits de atenci&oacute;n, mediante la integraci&oacute;n de un sistema de eye-tracking con un software espec&iacute;ficamente dise&ntilde;ado para tal efecto. Esto nos permite realizar un seguimiento de la mirada del usuario en la pantalla, sabiendo qu&eacute; llama su atenci&oacute;n y qu&eacute; le distrae. En definitiva, el sistema aporta informaci&oacute;n objetiva, &uacute;til desde un punto de vista cl&iacute;nico, que ayuda a mejorar el proceso de diagn&oacute;stico de los d&eacute;ficits de atenci&oacute;n en pacientes con Da&ntilde;o Cerebral Adquirido (DCA), pero ser&iacute;a f&aacute;cilmente adaptable para el diagn&oacute;stico de otras patolog&iacute;as, como esquizofrenia o Trastornos de D&eacute;ficits de Atenci&oacute;n e Hiperactividad en ni&ntilde;os (TDAH).&nbsp;<\/p>\n<h4 style=\"text-align: left\"><strong>Descripci&oacute;n de la base tecnol&oacute;gica<\/strong><\/h4>\n<p style=\"text-align: justify\">La soluci&oacute;n integra un dispositivo de eye-tracking con un software&nbsp;espec&iacute;ficamente dise&ntilde;ado por expertos&nbsp;neuropsic&oacute;logos del Institut Guttmann e investigadores de la UPM, para el&nbsp;diagn&oacute;stico de d&eacute;ficits de atenci&oacute;n.&nbsp;El software presenta una serie de parejas de im&aacute;genes en las que el usuario tiene que responder si son iguales o tienen alguna diferencia.&nbsp;Mediante un algoritmo de detecci&oacute;n de patrones de inspecci&oacute;n visual, el sistema permite determinar c&oacute;mo dirige su atenci&oacute;n el usuario, cu&aacute;les son sus estrategias de b&uacute;squeda, qu&eacute; llama su atenci&oacute;n, etc.&nbsp;Esta informaci&oacute;n, sumada al c&aacute;lculo de n&uacute;mero de aciertos, errores y tiempo de reacci&oacute;n, aporta informaci&oacute;n objetiva al neuropsic&oacute;logo, ayud&aacute;ndole en el proceso de diagn&oacute;stico que determinar&aacute; el &eacute;xito del&nbsp;programa de rehabilitaci&oacute;n dise&ntilde;ado para cada paciente.<\/p>\n<p style=\"text-align: center\"><span style=\"font-size: small\"><em>&ldquo;Monitorizaci&oacute;n de la atenci&oacute;n visual de pacientes con Da&ntilde;o Cerebral Adquirido mediante t&eacute;cnicas de eye-tracking que mejora el proceso de diagn&oacute;stico de d&eacute;ficits atencionales&rdquo;<\/em><\/span><\/p>\n<p style=\"text-align: center\"><span style=\"font-size: small\"><img decoding=\"async\" style=\"margin: 10px;float: left\" src=\"http:\/\/www.upm.es\/observatorio\/vi\/gestor_general\/recuperar_archivo.jsp?id=1015\" alt=\"\" width=\"196\" height=\"111\" \/><em><strong><img fetchpriority=\"high\" decoding=\"async\" style=\"vertical-align: text-bottom\" src=\"http:\/\/www.upm.es\/observatorio\/vi\/gestor_general\/recuperar_archivo.jsp?id=1027\" alt=\"\" width=\"280\" height=\"258\" \/><\/strong><\/em><\/span><\/p>\n<h4 style=\"text-align: left\"><strong>Necesidades de negocio \/ aplicaci&oacute;n<\/strong><\/h4>\n<p>Rehabilitaci&oacute;n cognitiva de pacientes con Da&ntilde;o Cerebral Adquirido (DCA):<\/p>\n<ul>\n<li style=\"list-style-type: none\">\n<ul>\n<li>\n<p style=\"text-align: justify\">Las principales causas del DCA son los Accidentes Cerebrovasculares (ACV) y los Traumatismos Craneoencef&aacute;licos (TCE).<\/p>\n<\/li>\n<li style=\"text-align: justify\">\n<p>Todo DCA provoca un d&eacute;ficit en las funciones cognitivas, que puede desembocar en discapacidades que limitan la autonom&iacute;a y calidad de vida de la persona que lo sufre.<\/p>\n<\/li>\n<li style=\"text-align: justify\">\n<p>El &eacute;xito de la rehabilitaci&oacute;n depende en gran medida del diagn&oacute;stico.<\/p>\n<\/li>\n<li>\n<p style=\"text-align: justify\">El diagn&oacute;stico sigue realiz&aacute;ndose de manera tradicional, administrando una serie de tests que el paciente realiza de manera presencial, siendo algunos par&aacute;metros subjetivos y muy dependientes de la propia experiencia del neuropsic&oacute;logo.<\/p>\n<\/li>\n<\/ul>\n<\/li>\n<\/ul>\n<p style=\"text-align: justify\">Seg&uacute;n el Institut Guttmann:<\/p>\n<ul>\n<li>\n<p style=\"text-align: justify\">En Espa&ntilde;a: 54.500 nuevos casos al a&ntilde;o (24.000 de TCE y 30.500 de ACV).<\/p>\n<\/li>\n<li style=\"text-align: justify\">\n<p>En Europa: 535.000 nuevos casos al a&ntilde;o (260.000 de TCE y 275.000 de ACV).<\/p>\n<\/li>\n<li>\n<p style=\"text-align: justify\">En Estados Unidos: 470.000 nuevos casos al a&ntilde;o (155.000 de TCE y 315.000 de ACV).<\/p>\n<\/li>\n<\/ul>\n<p style=\"text-align: center\"><span style=\"font-size: small\"><em>&ldquo;Sistema desarrollado gracias a la colaboraci&oacute;n interdisciplinar del Grupo de Bioingenier&iacute;a y Telemedicina de la UPM y el Hospital de Rehabilitaci&oacute;n Institut Guttmann&rdquo;<\/em><\/span><\/p>\n<p style=\"text-align: center\">&nbsp;<\/p>\n<h4 style=\"text-align: left\"><strong>Ventajas competitivas<\/strong><\/h4>\n<ul>\n<li>\n<p>Resultados objetivos: se mejora el proceso de diagn&oacute;stico de d&eacute;ficits de atenci&oacute;n.<\/p>\n<\/li>\n<li>\n<p>Reducci&oacute;n de tiempo empleado por neuropsic&oacute;logos en el proceso de diagn&oacute;stico (con la reducci&oacute;n de costes asociado).<\/p>\n<\/li>\n<li>\n<p>Administraci&oacute;n de las pruebas de manera peri&oacute;dica, que posibilitan realizar un seguimiento m&aacute;s continuo.<\/p>\n<\/li>\n<li>\n<p>Adaptaci&oacute;n de las pruebas a la propia evoluci&oacute;n del paciente.<\/p>\n<\/li>\n<li>\n<p>Dise&ntilde;o flexible y escalable: f&aacute;cilmente adaptable a otras patolog&iacute;as como deterioro cognitivo leve en personas mayores, trastornos psiqui&aacute;tricos como esquizofrenia o Trastornos de D&eacute;ficits de Atenci&oacute;n e Hiperactividad en ni&ntilde;os (TDAH).<\/p>\n<\/li>\n<li>\n<p>Sistema completamente desarrollado y validado t&eacute;cnicamente.<\/p>\n<\/li>\n<li>\n<p>Validaci&oacute;n cl&iacute;nica de VADET con pacientes.<\/p>\n<\/li>\n<\/ul>\n<h4 style=\"text-align: left\"><strong>Referencias<\/strong><\/h4>\n<ul>\n<li>\n<p style=\"text-align: justify\">Grupo de investigaci&oacute;n con amplia experiencia en el desarrollo de soluciones basadas en TIC para la gesti&oacute;n de enfermedades cr&oacute;nicas como la diabetes o el VIH, y soluciones de telemedicina en el campo del envejecimiento activo y saludable o la neurorrehabilitaci&oacute;n (Da&ntilde;o Cerebral, deterioro cognitivo, demencias).<\/p>\n<\/li>\n<li>\n<p style=\"text-align: justify\">Institut Guttmann, centro de referencia a nivel mundial en la rehabilitaci&oacute;n integral de pacientes con DCA.<\/p>\n<\/li>\n<\/ul>\n<h4 style=\"text-align: left\"><strong>Grado de desarrollo<\/strong><\/h4>\n<ul>\n<li>\n<p>Concepto<\/p>\n<\/li>\n<li>\n<p>Investigaci&oacute;n<\/p>\n<\/li>\n<li>\n<p><span style=\"text-decoration: underline\"><strong>Prototipo Lab<\/strong><\/span><\/p>\n<\/li>\n<li>\n<p>Prototipo industrial<\/p>\n<\/li>\n<li>\n<p>Producci&oacute;n<\/p>\n<\/li>\n<\/ul>\n<h4 style=\"text-align: left\"><strong>Contacto<\/strong><\/h4>\n<p><strong>Contacto VADET<\/strong><\/p>\n<p>Enrique J. G&oacute;mez<\/p>\n<p>e: <span rel=\"6131163096312631af311c31ae312431bd31173192312231a1311031b431243099313931ba311031cc310931a8313631a9311330a0313831\" class=\"cryptex \" style=\"\"><span class=\"CryptexImg ctxOa4huYm4zWRQCHJfZeam9ZqXMTmPO3GASH0dj1GSleI\"><\/span><\/span><\/p>\n<p><strong>Contacto UPM<\/strong><\/p>\n<p>Programas de Innovaci&oacute;n y Emprendimiento<\/p>\n<p>Centro de Apoyo a la Innovaci&oacute;n Tecnol&oacute;gica&nbsp; &ndash; UPM<\/p>\n<p>e: <span rel=\"613116309a312631ab312231b3311031bb311631a0311a3166311f31a7311131a0313931b9311a31b9313231963127317c313431ab31323165313531af31\" class=\"cryptex \" style=\"\"><span class=\"CryptexImg ctxR7neImVV1tJoTSyttUGBAuiESKXKLLyzTwJSN1lk9Z0\"><\/span><\/span>&nbsp;<\/p>\n<div class=\"pdfprnt-buttons pdfprnt-buttons-product pdfprnt-bottom-left\"><a href=\"https:\/\/www.upm.es\/recursosidi\/wp-json\/wp\/v2\/product\/11954?print=pdf\" class=\"pdfprnt-button pdfprnt-button-pdf\" target=\"_blank\"><span class=\"pdfprnt-button-title pdfprnt-button-pdf-title\">Descargar ficha<\/span><\/a><\/div>","protected":false},"excerpt":{"rendered":"<p>Visual Attention Diagnosis &#8211; Eye Tracking.<\/p>\n<p>Sistema de diagn\u00f3stico de d\u00e9ficits de atenci\u00f3n mediante t\u00e9cnicas de eye-tracking.<\/p>\n","protected":false},"featured_media":11953,"template":"","meta":{"_acf_changed":false},"product_cat":[2384],"product_tag":[2465,2464],"comunidades-upm":[],"quien":[],"mapa":[{"term_id":122,"name":"Salud y bienestar","slug":"salud-y-bienestar","term_group":0,"term_taxonomy_id":122,"taxonomy":"mapa","description":"","parent":0,"count":105,"filter":"raw","term_order":"17"},{"term_id":126,"name":"Tecnolog\u00edas digitales, Inteligencia Artificial, ciberseguridad, 5G, rob\u00f3tica","slug":"tecnologias_digitales-ai-ciberseguridad-5g-robotica","term_group":0,"term_taxonomy_id":126,"taxonomy":"mapa","description":"","parent":0,"count":194,"filter":"raw","term_order":"23"}],"disponibilidad":[{"term_id":205,"name":"Consultar disponibilidad","slug":"consultar","term_group":0,"term_taxonomy_id":205,"taxonomy":"disponibilidad","description":"","parent":0,"count":290,"filter":"raw","term_order":"0"}],"donde":[{"term_id":1698,"name":"Bioengineering and Telemedicine Group","slug":"en_bioengineering-and-telemedicine-group","term_group":0,"term_taxonomy_id":1698,"taxonomy":"donde","description":"Nuestras principales l&iacute;neas de investigaci&oacute;n son:\n-&nbsp; <strong>P&aacute;ncreas artificial<\/strong>: algoritmos de control en lazo cerrado, predicci&oacute;n de glucosa y monitorizaci&oacute;n de actividad f&iacute;sica.\n&nbsp;\n-&nbsp; <strong>Tecnolog&iacute;as web y m&oacute;viles integradas con sensores biom&eacute;dicos <\/strong>para la monitorizaci&oacute;n y la ayuda a la decisi&oacute;n a pacientes y profesionales.\n&nbsp;\n-&nbsp; <strong>Tecnolog&iacute;as de apoyo al<\/strong> <strong>envejecimiento activo. <\/strong>\n<strong>&nbsp;<\/strong>\n-&nbsp; <strong>Inteligencia artificial en medicina: <\/strong>an&aacute;lisis inteligente de datos m&eacute;dicos, <em>data mining<\/em> y <em>big data<\/em>.\n&nbsp;\n-&nbsp; <strong>Im&aacute;genes m&eacute;dicas<\/strong>: segmentaci&oacute;n, registro multimodal, reconstrucci&oacute;n 3D a partir de RM, TC y US, i.e. neuroimagen en da&ntilde;o cerebral.\n&nbsp;\n-&nbsp; <strong>Simulaci&oacute;n f&iacute;sica y virtual, planificaci&oacute;n quir&uacute;rgica<\/strong> en cirug&iacute;a de m&iacute;nima invasi&oacute;n, an&aacute;lisis de video laparosc&oacute;pico <strong>y cirug&iacute;a guiada por imagen<\/strong> <strong>y v&iacute;deo<\/strong>.\n&nbsp;\n-&nbsp; <strong>Ingenier&iacute;a de Neurorrehabilitaci&oacute;n en da&ntilde;o cerebral<\/strong>: modelado de procesos, rehabilitaci&oacute;n cognitiva con entornos virtuales interactivos, rehabilitaci&oacute;n funcional &ldquo;<em>assisted-as-needed<\/em>&rdquo; y telerrehabilitaci&oacute;n domiciliaria.","parent":0,"count":9,"filter":"raw","term_order":"0"},{"term_id":1780,"name":"Center for Biomedical Technology","slug":"en_center-for-biomedical-technology","term_group":0,"term_taxonomy_id":1780,"taxonomy":"donde","description":"","parent":0,"count":56,"filter":"raw","term_order":"0"},{"term_id":556,"name":"Centro de Tecnolog\u00eda Biom\u00e9dica (CTB)","slug":"centro-de-tecnologia-biomedica-ctb","term_group":0,"term_taxonomy_id":556,"taxonomy":"donde","description":"","parent":0,"count":84,"filter":"raw","term_order":"0"},{"term_id":474,"name":"Grupo de Bioingenier\u00eda y Telemedicina","slug":"grupo-de-bioingenieria-y-telemedicina","term_group":0,"term_taxonomy_id":474,"taxonomy":"donde","description":"Nuestras principales l&iacute;neas de investigaci&oacute;n son:\n-&nbsp; <strong>P&aacute;ncreas artificial<\/strong>: algoritmos de control en lazo cerrado, predicci&oacute;n de glucosa y monitorizaci&oacute;n de actividad f&iacute;sica.\n&nbsp;\n-&nbsp; <strong>Tecnolog&iacute;as web y m&oacute;viles integradas con sensores biom&eacute;dicos <\/strong>para la monitorizaci&oacute;n y la ayuda a la decisi&oacute;n a pacientes y profesionales.\n&nbsp;\n-&nbsp; <strong>Tecnolog&iacute;as de apoyo al<\/strong> <strong>envejecimiento activo. <\/strong>\n<strong>&nbsp;<\/strong>\n-&nbsp; <strong>Inteligencia artificial en medicina: <\/strong>an&aacute;lisis inteligente de datos m&eacute;dicos, <em>data mining<\/em> y <em>big data<\/em>.\n&nbsp;\n-&nbsp; <strong>Im&aacute;genes m&eacute;dicas<\/strong>: segmentaci&oacute;n, registro multimodal, reconstrucci&oacute;n 3D a partir de RM, TC y US, i.e. neuroimagen en da&ntilde;o cerebral.\n&nbsp;\n-&nbsp; <strong>Simulaci&oacute;n f&iacute;sica y virtual, planificaci&oacute;n quir&uacute;rgica<\/strong> en cirug&iacute;a de m&iacute;nima invasi&oacute;n, an&aacute;lisis de video laparosc&oacute;pico <strong>y cirug&iacute;a guiada por imagen<\/strong> <strong>y v&iacute;deo<\/strong>.\n&nbsp;\n-&nbsp; <strong>Ingenier&iacute;a de Neurorrehabilitaci&oacute;n en da&ntilde;o cerebral<\/strong>: modelado de procesos, rehabilitaci&oacute;n cognitiva con entornos virtuales interactivos, rehabilitaci&oacute;n funcional &ldquo;<em>assisted-as-needed<\/em>&rdquo; y telerrehabilitaci&oacute;n domiciliaria.","parent":0,"count":11,"filter":"raw","term_order":"0"}],"infraestructura":[],"ods":[{"term_id":2243,"name":"Reducci\u00f3n de las Desigualdades","slug":"reduccion-de-las-desigualdades","term_group":0,"term_taxonomy_id":2243,"taxonomy":"ods","description":"","parent":0,"count":17,"filter":"raw","term_order":"0"},{"term_id":2271,"name":"Salud y Bienestar","slug":"salud-y-bienestar","term_group":0,"term_taxonomy_id":2271,"taxonomy":"ods","description":"","parent":0,"count":59,"filter":"raw","term_order":"0"}],"origen":[{"term_id":192,"name":"Soluciones tecnol\u00f3gicas","slug":"soluciones-tecnologicas","term_group":0,"term_taxonomy_id":192,"taxonomy":"origen","description":"","parent":0,"count":278,"filter":"raw","term_order":"0"}],"familia_tax":false,"quien_tax":false,"donde_tax":false,"year":"2020-01-01","contacto":"ETSI de Telecomunicaci\u00f3n - UPM, Avenida  Complutense, 30, Ciudad Universitaria, 28040, Madrid","telefono":"910671900","pagina_web":"https:\/\/www.etsit.upm.es\/","email":"enriquejavier.gomez@upm.es","id_ficha_portal":"43","video":"","adjuntos":false,"adjuntos_portal":"","inf":false,"departamento":"","acf":[],"lang":"es","translation":{"es":11954,"en":11956},"_links":{"self":[{"href":"https:\/\/www.upm.es\/recursosidi\/wp-json\/wp\/v2\/product\/11954"}],"collection":[{"href":"https:\/\/www.upm.es\/recursosidi\/wp-json\/wp\/v2\/product"}],"about":[{"href":"https:\/\/www.upm.es\/recursosidi\/wp-json\/wp\/v2\/types\/product"}],"wp:featuredmedia":[{"embeddable":true,"href":"https:\/\/www.upm.es\/recursosidi\/wp-json\/wp\/v2\/media\/11953"}],"wp:attachment":[{"href":"https:\/\/www.upm.es\/recursosidi\/wp-json\/wp\/v2\/media?parent=11954"}],"wp:term":[{"taxonomy":"product_cat","embeddable":true,"href":"https:\/\/www.upm.es\/recursosidi\/wp-json\/wp\/v2\/product_cat?post=11954"},{"taxonomy":"product_tag","embeddable":true,"href":"https:\/\/www.upm.es\/recursosidi\/wp-json\/wp\/v2\/product_tag?post=11954"},{"taxonomy":"comunidad_upm","embeddable":true,"href":"https:\/\/www.upm.es\/recursosidi\/wp-json\/wp\/v2\/comunidades-upm?post=11954"},{"taxonomy":"quien","embeddable":true,"href":"https:\/\/www.upm.es\/recursosidi\/wp-json\/wp\/v2\/quien?post=11954"},{"taxonomy":"mapa","embeddable":true,"href":"https:\/\/www.upm.es\/recursosidi\/wp-json\/wp\/v2\/mapa?post=11954"},{"taxonomy":"disponibilidad","embeddable":true,"href":"https:\/\/www.upm.es\/recursosidi\/wp-json\/wp\/v2\/disponibilidad?post=11954"},{"taxonomy":"donde","embeddable":true,"href":"https:\/\/www.upm.es\/recursosidi\/wp-json\/wp\/v2\/donde?post=11954"},{"taxonomy":"infraestructura","embeddable":true,"href":"https:\/\/www.upm.es\/recursosidi\/wp-json\/wp\/v2\/infraestructura?post=11954"},{"taxonomy":"ods","embeddable":true,"href":"https:\/\/www.upm.es\/recursosidi\/wp-json\/wp\/v2\/ods?post=11954"},{"taxonomy":"origen","embeddable":true,"href":"https:\/\/www.upm.es\/recursosidi\/wp-json\/wp\/v2\/origen?post=11954"}],"curies":[{"name":"wp","href":"https:\/\/api.w.org\/{rel}","templated":true}]}}