{"id":11957,"date":"2023-02-28T11:53:14","date_gmt":"2023-02-28T10:53:14","guid":{"rendered":"https:\/\/www.upm.es\/recursosidi\/offers-resources\/sin%20categor\u00eda\/material-de-construccion-aislante-aligerado-panel-o-placa-prefabricado-proceso-de-elaboracion-de-dicho-material-de-construccion-y-de-dicho-panel-o-placa-prefabricado\/"},"modified":"2023-11-03T02:30:41","modified_gmt":"2023-11-03T01:30:41","slug":"material-de-construccion-aislante-aligerado-panel-o-placa-prefabricado-proceso-de-elaboracion-de-dicho-material-de-construccion-y-de-dicho-panel-o-placa-prefabricado","status":"publish","type":"product","link":"https:\/\/www.upm.es\/recursosidi\/offers-resources\/patentes\/material-de-construccion-aislante-aligerado-panel-o-placa-prefabricado-proceso-de-elaboracion-de-dicho-material-de-construccion-y-de-dicho-panel-o-placa-prefabricado\/","title":{"rendered":"Material de construcci\u00f3n aislante aligerado, panel o placa prefabricado, proceso de elaboraci\u00f3n de dicho material de construcci\u00f3n y de dicho panel o placa prefabricado"},"content":{"rendered":"<h5>Descripci\u00f3n de la patente <\/h5>\n<p align=\"LEFT\">La invenci&oacute;n consiste en un material de construcci&oacute;n<\/p>\n<p align=\"LEFT\">aligerado, de baja densidad, poroso y de baja<\/p>\n<p align=\"LEFT\">conductividad t&eacute;rmica de aplicaci&oacute;n en el sector<\/p>\n<p align=\"LEFT\">construcci&oacute;n.<\/p>\n<p align=\"LEFT\">El material de construcci&oacute;n aislante aligerado<\/p>\n<p align=\"LEFT\">comprende:<\/p>\n<p align=\"LEFT\">&#8211; una mezcla de agua y material conglomerante,<\/p>\n<p align=\"LEFT\">donde la relaci&oacute;n en peso agua\/material<\/p>\n<p align=\"LEFT\">conglomerante es superior a 0.6 e inferior a 0.9,<\/p>\n<p align=\"LEFT\">&#8211; una mezcla aislante que comprende:<\/p>\n<p align=\"LEFT\">&#8211; poliestireno expandido (EPS) disuelto en acetona o<\/p>\n<p align=\"LEFT\">disolvente universal, y<\/p>\n<p align=\"LEFT\">&#8211; part&iacute;culas de residuos de aislamientos t&eacute;rmicos o<\/p>\n<p align=\"LEFT\">caucho,<\/p>\n<p align=\"LEFT\">donde el material de construcci&oacute;n comprende:<\/p>\n<p align=\"LEFT\">&#8211; de un 40% a un 90% en peso de la mezcla de agua<\/p>\n<p align=\"LEFT\">y material conglomerante, y<\/p>\n<p align=\"LEFT\">&#8211; de un 60% a un 10% en peso de mezcla aislante en<\/p>\n<p align=\"LEFT\">peso.<\/p>\n<p align=\"LEFT\">La invenci&oacute;n tambi&eacute;n se refiere a un panel o placa<\/p>\n<p align=\"LEFT\">prefabricado fabricado con el material anterior, al<\/p>\n<p align=\"LEFT\">proceso de elaboraci&oacute;n de dicho material y al proceso<\/p>\n<p>de elaboraci&oacute;n del panel o placa prefabricado.<\/p>\n<p>&nbsp;<\/p>\n<h5>Situaci\u00f3n <\/h5>\n<p>Concedida<\/p>\n<h5>N\u00famero de solicitud<\/h5>\n<p>P202230251<\/p>\n<h5>N\u00famero de publicaci\u00f3n<\/h5>\n<p>ES2933873<\/p>\n<h5>Fecha de presentaci\u00f3n <\/h5>\n<p>22\/03\/2022<\/p>\n<h5>Fecha de publicaci\u00f3n <\/h5>\n<p>14\/02\/2023<\/p>\n<h5>Fecha de concesi\u00f3n <\/h5>\n<p>24\/10\/2023<\/p>\n<div class=\"pdfprnt-buttons pdfprnt-buttons-product pdfprnt-bottom-left\"><a href=\"https:\/\/www.upm.es\/recursosidi\/wp-json\/wp\/v2\/product\/11957?print=pdf\" class=\"pdfprnt-button pdfprnt-button-pdf\" target=\"_blank\"><span class=\"pdfprnt-button-title pdfprnt-button-pdf-title\">Descargar ficha<\/span><\/a><\/div>","protected":false},"excerpt":{"rendered":"<p>Descripci\u00f3n de la patente La invenci&oacute;n consiste en un material de construcci&oacute;n aligerado, de baja densidad, poroso y de baja conductividad t&eacute;rmica de aplicaci&oacute;n en&hellip;<\/p>\n","protected":false},"featured_media":0,"template":"","meta":{"_acf_changed":false},"product_cat":[3946],"product_tag":[],"comunidades-upm":[],"quien":[],"mapa":[],"disponibilidad":[],"donde":[{"term_id":3423,"name":"Monitorizaci\u00f3n e Innovaci\u00f3n Tecnol\u00f3gica en Edificaci\u00f3n (MITE)","slug":"monitorizacion-e-innovacion-tecnologica-en-edificacion-mite","term_group":0,"term_taxonomy_id":3423,"taxonomy":"donde","description":"","parent":0,"count":26,"filter":"raw","term_order":"0"}],"infraestructura":[],"ods":[],"origen":[{"term_id":180,"name":"Patente","slug":"patente","term_group":0,"term_taxonomy_id":180,"taxonomy":"origen","description":"","parent":0,"count":614,"filter":"raw","term_order":"0"}],"familia_tax":false,"quien_tax":false,"donde_tax":false,"year":"","contacto":"<strong>Principales: <\/strong><ul><li>DANIEL FERRANDEZ VEGA <blockquote><strong>daniel.fvega@upm.es<\/strong><\/blockquote><\/li><li>CARLOS MORON FERNANDEZ <blockquote><strong>carlos.moron@upm.es<\/strong><\/blockquote><\/li><\/ul><strong>Otros investigadores UPM: <\/strong><ul><li>Alicia Zaragoza Benzal E.T.S. de Edificaci\u00f3n<\/li><\/ul>","telefono":"","pagina_web":"","email":"","id_ficha_portal":"1821","video":"","adjuntos":false,"adjuntos_portal":"https:\/\/www.upm.es\/S2i\/Acuse\/recuperarArchivo.jsp?id=1821&id_archivo=14092&tipo=patente&extension=fichero","inf":false,"departamento":"","acf":[],"lang":"es","translation":{"es":11957},"_links":{"self":[{"href":"https:\/\/www.upm.es\/recursosidi\/wp-json\/wp\/v2\/product\/11957"}],"collection":[{"href":"https:\/\/www.upm.es\/recursosidi\/wp-json\/wp\/v2\/product"}],"about":[{"href":"https:\/\/www.upm.es\/recursosidi\/wp-json\/wp\/v2\/types\/product"}],"wp:attachment":[{"href":"https:\/\/www.upm.es\/recursosidi\/wp-json\/wp\/v2\/media?parent=11957"}],"wp:term":[{"taxonomy":"product_cat","embeddable":true,"href":"https:\/\/www.upm.es\/recursosidi\/wp-json\/wp\/v2\/product_cat?post=11957"},{"taxonomy":"product_tag","embeddable":true,"href":"https:\/\/www.upm.es\/recursosidi\/wp-json\/wp\/v2\/product_tag?post=11957"},{"taxonomy":"comunidad_upm","embeddable":true,"href":"https:\/\/www.upm.es\/recursosidi\/wp-json\/wp\/v2\/comunidades-upm?post=11957"},{"taxonomy":"quien","embeddable":true,"href":"https:\/\/www.upm.es\/recursosidi\/wp-json\/wp\/v2\/quien?post=11957"},{"taxonomy":"mapa","embeddable":true,"href":"https:\/\/www.upm.es\/recursosidi\/wp-json\/wp\/v2\/mapa?post=11957"},{"taxonomy":"disponibilidad","embeddable":true,"href":"https:\/\/www.upm.es\/recursosidi\/wp-json\/wp\/v2\/disponibilidad?post=11957"},{"taxonomy":"donde","embeddable":true,"href":"https:\/\/www.upm.es\/recursosidi\/wp-json\/wp\/v2\/donde?post=11957"},{"taxonomy":"infraestructura","embeddable":true,"href":"https:\/\/www.upm.es\/recursosidi\/wp-json\/wp\/v2\/infraestructura?post=11957"},{"taxonomy":"ods","embeddable":true,"href":"https:\/\/www.upm.es\/recursosidi\/wp-json\/wp\/v2\/ods?post=11957"},{"taxonomy":"origen","embeddable":true,"href":"https:\/\/www.upm.es\/recursosidi\/wp-json\/wp\/v2\/origen?post=11957"}],"curies":[{"name":"wp","href":"https:\/\/api.w.org\/{rel}","templated":true}]}}