{"id":11958,"date":"2023-02-28T11:53:16","date_gmt":"2023-02-28T10:53:16","guid":{"rendered":"https:\/\/www.upm.es\/recursosidi\/offers-resources\/sin%20categor\u00eda\/sistema-y-metodo-de-localizacion-de-faltas-a-tierra-en-una-instalacionelectrica-de-corriente-continua-y-corriente-alterna-con-convertidormodular-multinivel\/"},"modified":"2023-09-23T02:41:58","modified_gmt":"2023-09-23T00:41:58","slug":"sistema-y-metodo-de-localizacion-de-faltas-a-tierra-en-una-instalacionelectrica-de-corriente-continua-y-corriente-alterna-con-convertidormodular-multinivel","status":"publish","type":"product","link":"https:\/\/www.upm.es\/recursosidi\/offers-resources\/patentes\/sistema-y-metodo-de-localizacion-de-faltas-a-tierra-en-una-instalacionelectrica-de-corriente-continua-y-corriente-alterna-con-convertidormodular-multinivel\/","title":{"rendered":"Sistema y m\u00e9todo de localizaci\u00f3n de faltas a tierra en una instalaci\u00f3n\r\nel\u00e9ctrica de corriente continua y corriente alterna con convertidor\r\nmodular multinivel"},"content":{"rendered":"<h5>Descripci\u00f3n de la patente <\/h5>\n<p>M&eacute;todo y sistema de localizaci&oacute;n de faltas a tierra en instalaciones el&eacute;ctricas con convertidores <br \/>modulares multinivel (6), basados en la medida de tensi&oacute;n de una impedancia de puesta a tierra <br \/>(11), bien en el punto neutro de un lado de corriente alterna (100), o bien en un punto medio de <br \/>corriente continua (200) que registra la tensi&oacute;n en los terminales de la impedancia de puesta a <br \/>tierra (11) y que mediante, al menos, el an&aacute;lisis en frecuencia de dichos registros de tensi&oacute;n es <br \/>capaz de localizar la falta a tierra en el lado de corriente alterna (100), en el lado de corriente <br \/>continua (200) o en el subm&oacute;dulo (61) de conmutadores (9) del convertidor, con la instalaci&oacute;n <br \/>el&eacute;ctrica en funcionamiento, e indicando la i&oacute;n<br \/>de la falta a tierra y la resistencia de falta (3).<\/p>\n<h5>Situaci\u00f3n <\/h5>\n<p>Concedida<\/p>\n<h5>N\u00famero de solicitud<\/h5>\n<p>P202230943<\/p>\n<h5>N\u00famero de publicaci\u00f3n<\/h5>\n<p>ES293462<\/p>\n<h5>Fecha de presentaci\u00f3n <\/h5>\n<p>31\/10\/2022<\/p>\n<h5>Fecha de publicaci\u00f3n <\/h5>\n<p>23\/02\/2023<\/p>\n<h5>Fecha de concesi\u00f3n <\/h5>\n<p>15\/09\/2023<\/p>\n<div class=\"pdfprnt-buttons pdfprnt-buttons-product pdfprnt-bottom-left\"><a href=\"https:\/\/www.upm.es\/recursosidi\/wp-json\/wp\/v2\/product\/11958?print=pdf\" class=\"pdfprnt-button pdfprnt-button-pdf\" target=\"_blank\"><span class=\"pdfprnt-button-title pdfprnt-button-pdf-title\">Descargar ficha<\/span><\/a><\/div>","protected":false},"excerpt":{"rendered":"<p>Descripci\u00f3n de la patente M&eacute;todo y sistema de localizaci&oacute;n de faltas a tierra en instalaciones el&eacute;ctricas con convertidores modulares multinivel (6), basados en la medida&hellip;<\/p>\n","protected":false},"featured_media":0,"template":"","meta":{"_acf_changed":false},"product_cat":[3946],"product_tag":[4116,4084,4121,4115,4144],"comunidades-upm":[],"quien":[],"mapa":[{"term_id":2405,"name":"Ciencia para la ingenier\u00eda y la arquitectura","slug":"ciencia-para-ingenieria-y-arquitectura","term_group":0,"term_taxonomy_id":2405,"taxonomy":"mapa","description":"","parent":0,"count":127,"filter":"raw","term_order":"7"},{"term_id":133,"name":"Clima, Energ\u00eda y Movilidad","slug":"clima-energia-movilidad","term_group":0,"term_taxonomy_id":133,"taxonomy":"mapa","description":"","parent":0,"count":129,"filter":"raw","term_order":"9"},{"term_id":135,"name":"Industria, materiales y econom\u00eda circular","slug":"industria-materiales-economia_circular","term_group":0,"term_taxonomy_id":135,"taxonomy":"mapa","description":"","parent":0,"count":165,"filter":"raw","term_order":"13"}],"disponibilidad":[],"donde":[{"term_id":362,"name":"Grupo de Electr\u00f3nica Industrial","slug":"grupo-de-electronica-industrial","term_group":0,"term_taxonomy_id":362,"taxonomy":"donde","description":"","parent":0,"count":6,"filter":"raw","term_order":"0"}],"infraestructura":[],"ods":[],"origen":[{"term_id":180,"name":"Patente","slug":"patente","term_group":0,"term_taxonomy_id":180,"taxonomy":"origen","description":"","parent":0,"count":614,"filter":"raw","term_order":"0"}],"familia_tax":false,"quien_tax":false,"donde_tax":false,"year":"","contacto":"<strong>Principales: <\/strong><ul><li>MIGUEL JIMENEZ CARRIZOSA <blockquote><strong>miguel.jimenezcarrizosa@upm.es<\/strong><\/blockquote><\/li><li>JOSE MANUEL GUERRERO GRANADOS <blockquote><strong>josemanuel.guerrero@upm.es<\/strong><\/blockquote><\/li><\/ul>","telefono":"","pagina_web":"","email":"","id_ficha_portal":"1861","video":"","adjuntos":false,"adjuntos_portal":"https:\/\/www.upm.es\/S2i\/Acuse\/recuperarArchivo.jsp?id=1861&id_archivo=13942&tipo=patente&extension=fichero","inf":false,"departamento":"","acf":[],"lang":"es","translation":{"es":11958},"_links":{"self":[{"href":"https:\/\/www.upm.es\/recursosidi\/wp-json\/wp\/v2\/product\/11958"}],"collection":[{"href":"https:\/\/www.upm.es\/recursosidi\/wp-json\/wp\/v2\/product"}],"about":[{"href":"https:\/\/www.upm.es\/recursosidi\/wp-json\/wp\/v2\/types\/product"}],"wp:attachment":[{"href":"https:\/\/www.upm.es\/recursosidi\/wp-json\/wp\/v2\/media?parent=11958"}],"wp:term":[{"taxonomy":"product_cat","embeddable":true,"href":"https:\/\/www.upm.es\/recursosidi\/wp-json\/wp\/v2\/product_cat?post=11958"},{"taxonomy":"product_tag","embeddable":true,"href":"https:\/\/www.upm.es\/recursosidi\/wp-json\/wp\/v2\/product_tag?post=11958"},{"taxonomy":"comunidad_upm","embeddable":true,"href":"https:\/\/www.upm.es\/recursosidi\/wp-json\/wp\/v2\/comunidades-upm?post=11958"},{"taxonomy":"quien","embeddable":true,"href":"https:\/\/www.upm.es\/recursosidi\/wp-json\/wp\/v2\/quien?post=11958"},{"taxonomy":"mapa","embeddable":true,"href":"https:\/\/www.upm.es\/recursosidi\/wp-json\/wp\/v2\/mapa?post=11958"},{"taxonomy":"disponibilidad","embeddable":true,"href":"https:\/\/www.upm.es\/recursosidi\/wp-json\/wp\/v2\/disponibilidad?post=11958"},{"taxonomy":"donde","embeddable":true,"href":"https:\/\/www.upm.es\/recursosidi\/wp-json\/wp\/v2\/donde?post=11958"},{"taxonomy":"infraestructura","embeddable":true,"href":"https:\/\/www.upm.es\/recursosidi\/wp-json\/wp\/v2\/infraestructura?post=11958"},{"taxonomy":"ods","embeddable":true,"href":"https:\/\/www.upm.es\/recursosidi\/wp-json\/wp\/v2\/ods?post=11958"},{"taxonomy":"origen","embeddable":true,"href":"https:\/\/www.upm.es\/recursosidi\/wp-json\/wp\/v2\/origen?post=11958"}],"curies":[{"name":"wp","href":"https:\/\/api.w.org\/{rel}","templated":true}]}}