{"id":11960,"date":"2023-02-28T11:53:21","date_gmt":"2023-02-28T10:53:21","guid":{"rendered":"https:\/\/www.upm.es\/recursosidi\/offers-resources\/sin%20categor\u00eda\/metodo-para-producir-hidrogeno-mediante-disociacion-de-agua-porreacciones-termoquimicas-y-dispositivo-para-realizarlo\/"},"modified":"2025-04-10T02:29:09","modified_gmt":"2025-04-10T00:29:09","slug":"metodo-para-producir-hidrogeno-mediante-disociacion-de-agua-porreacciones-termoquimicas-y-dispositivo-para-realizarlo","status":"publish","type":"product","link":"https:\/\/www.upm.es\/recursosidi\/offers-resources\/patentes\/metodo-para-producir-hidrogeno-mediante-disociacion-de-agua-porreacciones-termoquimicas-y-dispositivo-para-realizarlo\/","title":{"rendered":"M\u00e9todo para producir hidr\u00f3geno mediante disociaci\u00f3n de agua por\r\nreacciones termoqu\u00edmicas y dispositivo para realizarlo"},"content":{"rendered":"<h5>Descripci\u00f3n de la patente <\/h5>\n<p align=\"LEFT\">Resumen:<\/p>\n<p align=\"LEFT\">La presente invenci&oacute;n se refiere a un m&eacute;todo y<\/p>\n<p align=\"LEFT\">dispositivo para la producci&oacute;n de hidr&oacute;geno a trav&eacute;s<\/p>\n<p align=\"LEFT\">de la disociaci&oacute;n de la mol&eacute;cula de agua mediante<\/p>\n<p align=\"LEFT\">reacciones termoqu&iacute;micas, utilizando una peque&ntilde;a<\/p>\n<p align=\"LEFT\">cantidad de material activo. Las reacciones<\/p>\n<p align=\"LEFT\">termoqu&iacute;micas son inducidas mediante energ&iacute;a solar<\/p>\n<p align=\"LEFT\">con una concentraci&oacute;n moderada de hasta 50 soles,<\/p>\n<p align=\"LEFT\">que puede lograrse mediante concentradores lineales<\/p>\n<p>o parab&oacute;licos.<\/p>\n<p>&nbsp;<\/p>\n<h5>Situaci\u00f3n <\/h5>\n<p>Concedida<\/p>\n<h5>N\u00famero de solicitud<\/h5>\n<p>P202230683<\/p>\n<h5>N\u00famero de publicaci\u00f3n<\/h5>\n<p>ES 2932843<\/p>\n<h5>Fecha de presentaci\u00f3n <\/h5>\n<p>26\/07\/2022<\/p>\n<h5>Fecha de publicaci\u00f3n <\/h5>\n<p>26\/01\/2023<\/p>\n<h5>Fecha de concesi\u00f3n <\/h5>\n<p>24\/01\/2024<\/p>\n<h4><strong>Extensiones Internacionales<\/strong><\/h4>\n<h5>PCT<\/h5>\n<p><strong>Referencia de la solicitud: <\/strong>PCT\/ES2023\/070427<br \/><strong>T\u00edtulo: <\/strong>M\u00c3\u00a9todo para producir hidr\u00c3\u00b3geno mediante disociaci\u00c3\u00b3n de agua por reacciones termoqu\u00c3\u00ad\u00c2\u00admicas y dispositivo para realizarlo<\/p>\n<h5>EUROPA<\/h5>\n<p><strong>Referencia de la solicitud: <\/strong>EP23845755.0<br \/><strong>T\u00edtulo:\t\t\t\t\t   <\/strong>Method for producing hydrogen by dissociating water through thermochemical reactions and device for carrying out same<br \/><strong>Situacion: \t\t\t\t   <\/strong>Presentada<\/p>\n<h5>PA\u00cdSES<\/h5>\n<p><strong>Pa\u00eds: <\/strong>India<br \/><strong>N\u00famero de solicitud: <\/strong>202517011366<br \/><strong>Titulo: <\/strong>Method for producing hydrogen by dissociating water through thermochemical reactions and device for carrying out same<br \/><strong>Situaci\u00f3n: <\/strong>Presentada<br \/><strong>Pa\u00eds: <\/strong>China<br \/><strong>N\u00famero de solicitud: <\/strong>202380059175.7<br \/><strong>Titulo: <\/strong>METHOD FOR PRODUCING HYDROGEN BY DISSOCIATING WATER THROUGH THERMOCHEMICAL REACTIONS AND DEVICE FOR CARRYING OUT SAME<br \/><strong>Situaci\u00f3n: <\/strong>Presentada<br \/><strong>Pa\u00eds: <\/strong>Estados Unidos<br \/><strong>N\u00famero de solicitud: <\/strong>18\/998,210<br \/><strong>Titulo: <\/strong>METHOD FOR PRODUCING HYDROGEN BY DISSOCIATING WATER THROUGH THERMOCHEMICAL REACTIONS AND DEVICE FOR CARRYING OUT SAME<br \/><strong>Situaci\u00f3n: <\/strong>Presentada<br \/><strong>Pa\u00eds: <\/strong>M\u00e9xico<br \/><strong>N\u00famero de solicitud: <\/strong>MX\/a\/2025\/001017<br \/><strong>Titulo: <\/strong>M\u00c9TODO PARA PRODUCIR HIDR\u00d3GENO MEDIANTE DISOCIACI\u00d3N DE AGUA POR REACCIONES TERMOQU\u00cdMICAS Y DISPOSITIVO PARA REALIZARLO<br \/><strong>Situaci\u00f3n: <\/strong>Presentada<br \/><strong>Pa\u00eds: <\/strong>Australia<br \/><strong>N\u00famero de solicitud: <\/strong>2023313378<br \/><strong>Titulo: <\/strong>METHOD FOR PRODUCING HYDROGEN BY DISSOCIATING WATER THROUGH THERMOCHEMICAL REACTIONS AND DEVICE FOR CARRYING OUT SAME<br \/><strong>Situaci\u00f3n: <\/strong>Presentada<\/p>\n<div class=\"pdfprnt-buttons pdfprnt-buttons-product pdfprnt-bottom-left\"><a href=\"https:\/\/www.upm.es\/recursosidi\/wp-json\/wp\/v2\/product\/11960?print=pdf\" class=\"pdfprnt-button pdfprnt-button-pdf\" target=\"_blank\"><span class=\"pdfprnt-button-title pdfprnt-button-pdf-title\">Descargar ficha<\/span><\/a><\/div>","protected":false},"excerpt":{"rendered":"<p>Descripci\u00f3n de la patente Resumen: La presente invenci&oacute;n se refiere a un m&eacute;todo y dispositivo para la producci&oacute;n de hidr&oacute;geno a trav&eacute;s de la disociaci&oacute;n&hellip;<\/p>\n","protected":false},"featured_media":0,"template":"","meta":{"_acf_changed":false},"product_cat":[3946],"product_tag":[2494,3547,4512,9354],"comunidades-upm":[],"quien":[],"mapa":[{"term_id":133,"name":"Clima, Energ\u00eda y Movilidad","slug":"clima-energia-movilidad","term_group":0,"term_taxonomy_id":133,"taxonomy":"mapa","description":"","parent":0,"count":129,"filter":"raw","term_order":"9"}],"disponibilidad":[],"donde":[{"term_id":382,"name":"Fusi\u00f3n Nuclear Inercial y Tecnolog\u00eda de fusi\u00f3n","slug":"fusion-nuclear-inercial-y-tecnologia-de-fusion","term_group":0,"term_taxonomy_id":382,"taxonomy":"donde","description":"","parent":0,"count":3,"filter":"raw","term_order":"0"},{"term_id":238,"name":"Instituto de Fusi\u00f3n Nuclear \"Guillermo Velarde\" (IFN-GV)","slug":"instituto-de-fusion-nuclear-guillermo-velarde-ifn-gv","term_group":0,"term_taxonomy_id":238,"taxonomy":"donde","description":"","parent":0,"count":57,"filter":"raw","term_order":"0"}],"infraestructura":[],"ods":[],"origen":[{"term_id":180,"name":"Patente","slug":"patente","term_group":0,"term_taxonomy_id":180,"taxonomy":"origen","description":"","parent":0,"count":614,"filter":"raw","term_order":"0"}],"familia_tax":false,"quien_tax":false,"donde_tax":false,"year":"","contacto":"<strong>Principales: <\/strong><ul><li>David Garoz G\u00f3mez <blockquote><strong>david.garoz@upm.es<\/strong><\/blockquote><\/li><li>Antonio Juan Rivera De Mena <blockquote><strong>antonio.rivera@upm.es<\/strong><\/blockquote><\/li><li>Ovidio Yordanis Pe\u00f1a Rodr\u00edguez <blockquote><strong>ovidio.pena@upm.es<\/strong><\/blockquote><\/li><\/ul>","telefono":"","pagina_web":"","email":"","id_ficha_portal":"1835","video":"","adjuntos":false,"adjuntos_portal":"https:\/\/www.upm.es\/S2i\/Acuse\/recuperarArchivo.jsp?id=1835&id_archivo=14304&tipo=patente&extension=fichero ","inf":false,"departamento":"","acf":[],"lang":"es","translation":{"es":11960},"_links":{"self":[{"href":"https:\/\/www.upm.es\/recursosidi\/wp-json\/wp\/v2\/product\/11960"}],"collection":[{"href":"https:\/\/www.upm.es\/recursosidi\/wp-json\/wp\/v2\/product"}],"about":[{"href":"https:\/\/www.upm.es\/recursosidi\/wp-json\/wp\/v2\/types\/product"}],"wp:attachment":[{"href":"https:\/\/www.upm.es\/recursosidi\/wp-json\/wp\/v2\/media?parent=11960"}],"wp:term":[{"taxonomy":"product_cat","embeddable":true,"href":"https:\/\/www.upm.es\/recursosidi\/wp-json\/wp\/v2\/product_cat?post=11960"},{"taxonomy":"product_tag","embeddable":true,"href":"https:\/\/www.upm.es\/recursosidi\/wp-json\/wp\/v2\/product_tag?post=11960"},{"taxonomy":"comunidad_upm","embeddable":true,"href":"https:\/\/www.upm.es\/recursosidi\/wp-json\/wp\/v2\/comunidades-upm?post=11960"},{"taxonomy":"quien","embeddable":true,"href":"https:\/\/www.upm.es\/recursosidi\/wp-json\/wp\/v2\/quien?post=11960"},{"taxonomy":"mapa","embeddable":true,"href":"https:\/\/www.upm.es\/recursosidi\/wp-json\/wp\/v2\/mapa?post=11960"},{"taxonomy":"disponibilidad","embeddable":true,"href":"https:\/\/www.upm.es\/recursosidi\/wp-json\/wp\/v2\/disponibilidad?post=11960"},{"taxonomy":"donde","embeddable":true,"href":"https:\/\/www.upm.es\/recursosidi\/wp-json\/wp\/v2\/donde?post=11960"},{"taxonomy":"infraestructura","embeddable":true,"href":"https:\/\/www.upm.es\/recursosidi\/wp-json\/wp\/v2\/infraestructura?post=11960"},{"taxonomy":"ods","embeddable":true,"href":"https:\/\/www.upm.es\/recursosidi\/wp-json\/wp\/v2\/ods?post=11960"},{"taxonomy":"origen","embeddable":true,"href":"https:\/\/www.upm.es\/recursosidi\/wp-json\/wp\/v2\/origen?post=11960"}],"curies":[{"name":"wp","href":"https:\/\/api.w.org\/{rel}","templated":true}]}}