{"id":11963,"date":"2023-02-28T13:04:59","date_gmt":"2023-02-28T12:04:59","guid":{"rendered":"https:\/\/www.upm.es\/recursosidi\/offers-resources\/sin categor\u00eda\/brisvi\/"},"modified":"2023-02-28T13:05:05","modified_gmt":"2023-02-28T12:05:05","slug":"brisvi","status":"publish","type":"product","link":"https:\/\/www.upm.es\/recursosidi\/offers-resources\/soluciones-tecnologicas\/brisvi\/","title":{"rendered":"BRISVI"},"content":{"rendered":"<h4 style=\"text-align: left\"><strong>Descripci&oacute;n breve conjunta de la soluci&oacute;n y valor a&ntilde;adido que aporta <\/strong><\/h4>\n<p style=\"text-align: justify\">BRISVI se fabrica a partir de una &uacute;nica l&aacute;mina de cart&oacute;n o material de caracter&iacute;sticas similares, la cual, convenientemente curvada y plegada desemboca en su forma definitiva. El taburete est&aacute; formado por superficies regladas desarrollables: el cuerpo del taburete por una superficie desarrollable denominada convoluta; el asiento del taburete por una superficie cil&iacute;ndrica y, por tanto, desarrollable. La base del taburete es plana, de forma el&iacute;ptica o circular. Los rigidizadores interiores del taburete son superficies planas.<\/p>\n<p style=\"text-align: justify\">BRISVI es f&aacute;cil de almacenar y distribuir (ocupa muy poco espacio en su forma de l&aacute;mina), ligero, f&aacute;cil de montar, resistente y econ&oacute;mico (poco material, de bajo precio y f&aacute;cil de fabricar).&nbsp;<\/p>\n<p style=\"text-align: justify\">Es muy &uacute;til en eventos en los que sea necesario disponer de una provisi&oacute;n de asientos de reserva.&nbsp;<\/p>\n<h4 style=\"text-align: left\"><strong>Descripci&oacute;n de la base tecnol&oacute;gica<\/strong><\/h4>\n<p style=\"text-align: justify\">El taburete resuelve mediante superficies curvas continuas tanto el cuerpo como el asiento del taburete.<\/p>\n<p style=\"text-align: justify\">Estas superficies deben ser desarrollables para poder fabricarlas (y despu&eacute;s suministrarlas y venderlas) a partir de una &uacute;nica superficie. La l&aacute;mina plana de cart&oacute;n (o material de caracter&iacute;sticas similares) se fabrica mediante el troquelado y el marcado de la misma. Con un mismo troquel se realizan tanto las l&iacute;neas de precortado, como las de plegado y las de curvado.<\/p>\n<p style=\"text-align: justify\">La l&aacute;mina de cart&oacute;n (o material de caracter&iacute;sticas similares) est&aacute; precortada para que puedan separarse f&aacute;cilmente las formas que van a conformar el futuro taburete.<\/p>\n<p style=\"text-align: center\"><em>&ldquo;El taburete est&aacute; formado por superficies curvas complejas, continuas y desarrollables (se forman a partir de una superficie plana)&rdquo;<\/em><\/p>\n<p style=\"text-align: center\">&nbsp;<\/p>\n<h4 style=\"text-align: left\"><strong>Necesidades de negocio \/ aplicaci&oacute;n<\/strong><\/h4>\n<ul>\n<li style=\"text-align: justify\">Es creciente la demanda de art&iacute;culos ef&iacute;meros en todos los sectores dedicados a la producci&oacute;n de objetos de uso dom&eacute;stico. El sector del mueble no es una excepci&oacute;n.<\/li>\n<li style=\"text-align: justify\">En los &uacute;ltimos a&ntilde;os se he incrementado la oferta de todo tipo de muebles de cart&oacute;n: sillas, mesas, estanter&iacute;as, etc. No obstante, la oferta actual de dichos muebles descuida el dise&ntilde;o de los mismos, ofreciendo soluciones muy b&aacute;sicas, en las que no se explota todo el potencial del material.<\/li>\n<li style=\"text-align: justify\">Ventajas competitivas<\/li>\n<li style=\"text-align: justify\">Econ&oacute;mico y f&aacute;cil de fabricar.<\/li>\n<li style=\"text-align: justify\">Ligero y f&aacute;cil de montar.<\/li>\n<li style=\"text-align: justify\">Resistente.<\/li>\n<li style=\"text-align: justify\">F&aacute;cil de almacenar y distribuir; ocupa muy poco antes del doblado.<\/li>\n<li style=\"text-align: justify\">Se consigue con menos cantidad de material mayor resistencia con respecto a los modelos que ya existen en el mercado, con el consiguiente ahorro econ&oacute;mico.<\/li>\n<\/ul>\n<p style=\"text-align: center\"><em style=\"text-align: center\">&ldquo;Taburete f&aacute;cil de montar, almacenar y distribuir, ligero, resistente y econ&oacute;mico&rdquo;<\/em><\/p>\n<p style=\"text-align: center\">&nbsp;<\/p>\n<h4><strong>Referencias<\/strong><\/h4>\n<ul>\n<li style=\"text-align: justify\">Grupo de investigaci&oacute;n de la UPM &ldquo;Dise&ntilde;o y Fabricaci&oacute;n Industrial&rdquo; con experiencia en distintos campos del dise&ntilde;o industrial.<\/li>\n<li style=\"text-align: justify\">Los promotores de esta soluci&oacute;n son profesores de la titulaci&oacute;n de la UPM &ldquo;Ingenier&iacute;a en Dise&ntilde;o Industrial y Desarrollo de Producto&rdquo;.<\/li>\n<\/ul>\n<h4><strong>Propiedad industrial<\/strong><\/h4>\n<ul>\n<li style=\"text-align: justify\">\n<p style=\"text-align: justify\">Patente concedida en Espa&ntilde;a ES2505990<\/p>\n<\/li>\n<\/ul>\n<h4><strong>Grado de desarrollo<\/strong><\/h4>\n<ul>\n<li>Concepto<\/li>\n<li>Investigaci&oacute;n<\/li>\n<li>Prototipo Lab<\/li>\n<li><span style=\"text-decoration: underline\"><strong>Prototipo industrial<\/strong><\/span><\/li>\n<li>Producci&oacute;n<\/li>\n<\/ul>\n<h4><strong>Contacto<\/strong><\/h4>\n<p style=\"text-align: justify\"><strong>Contacto BRISVI<\/strong><\/p>\n<p style=\"text-align: justify\">Pablo Bris Marino<\/p>\n<p style=\"text-align: justify\">e: <span rel=\"87313830be313031a8311731b1310f30a4313c31b3312731b6313e31a3311930be313031b931253098314331\" class=\"cryptex \" style=\"\"><span class=\"CryptexImg ctxSLs5LHHu-ZMntgrdO50pR9WqbevXn9per4Scrr1euUk\"><\/span><\/span><\/p>\n<p style=\"text-align: justify\"><strong>Contacto UPM<\/strong><\/p>\n<p style=\"text-align: justify\">Programas de Innovaci&oacute;n y Emprendimiento<\/p>\n<p style=\"text-align: justify\">Centro de Apoyo a la Innovaci&oacute;n Tecnol&oacute;gica &ndash; UPM&nbsp;<\/p>\n<p style=\"text-align: justify\">e: <span rel=\"87313830b7313d31b4311a31b8312431a5313831c13123317b31443199310a31b7312f31b8311c319a31393198311c3178313831b33133316d311c31b331\" class=\"cryptex \" style=\"\"><span class=\"CryptexImg ctxR7neImVV1tJoTSyttUGBAuiESKXKLLyzTwJSN1lk9Z0\"><\/span><\/span><\/p>\n<div class=\"pdfprnt-buttons pdfprnt-buttons-product pdfprnt-bottom-left\"><a href=\"https:\/\/www.upm.es\/recursosidi\/wp-json\/wp\/v2\/product\/11963?print=pdf\" class=\"pdfprnt-button pdfprnt-button-pdf\" target=\"_blank\"><span class=\"pdfprnt-button-title pdfprnt-button-pdf-title\">Descargar ficha<\/span><\/a><\/div>","protected":false},"excerpt":{"rendered":"<p>Taburete f\u00e1cil de montar, almacenar, altamente resistente y econ\u00f3mico.<\/p>\n<p>Taburete de cart\u00f3n que se vende como una l\u00e1mina para, mediante el curvado y plegado de dicha l\u00e1mina, ser montado por el usuario.<\/p>\n","protected":false},"featured_media":11962,"template":"","meta":{"_acf_changed":false},"product_cat":[2384],"product_tag":[2515,2508],"comunidades-upm":[],"quien":[],"mapa":[{"term_id":135,"name":"Industria, materiales y econom\u00eda circular","slug":"industria-materiales-economia_circular","term_group":0,"term_taxonomy_id":135,"taxonomy":"mapa","description":"","parent":0,"count":165,"filter":"raw","term_order":"13"}],"disponibilidad":[{"term_id":205,"name":"Consultar disponibilidad","slug":"consultar","term_group":0,"term_taxonomy_id":205,"taxonomy":"disponibilidad","description":"","parent":0,"count":290,"filter":"raw","term_order":"0"}],"donde":[{"term_id":42,"name":"UPM","slug":"upm","term_group":0,"term_taxonomy_id":42,"taxonomy":"donde","description":"Universidad Polit\u00e9cnica de Madrid\r\nHTML \"Lorem ipsum dolor sit amet, consectetur adipiscing elit, sed do eiusmod tempor incididunt ut labore et dolore magna aliqua. Ut enim ad minim veniam, quis nostrud exercitation ullamco laboris nisi ut aliquip ex ea commodo consequat. Duis aute irure dolor in reprehenderit in voluptate velit esse cillum dolore eu fugiat nulla pariatur. Excepteur sint occaecat cupidatat non proident, sunt in culpa qui officia deserunt mollit anim id est laborum.\"","parent":0,"count":146,"filter":"raw","term_order":"0"}],"infraestructura":[],"ods":[{"term_id":2235,"name":"Producci\u00f3n y Consumo Responsables","slug":"produccion-y-consumo-responsables","term_group":0,"term_taxonomy_id":2235,"taxonomy":"ods","description":"","parent":0,"count":18,"filter":"raw","term_order":"0"}],"origen":[{"term_id":192,"name":"Soluciones tecnol\u00f3gicas","slug":"soluciones-tecnologicas","term_group":0,"term_taxonomy_id":192,"taxonomy":"origen","description":"","parent":0,"count":278,"filter":"raw","term_order":"0"}],"familia_tax":false,"quien_tax":false,"donde_tax":false,"year":"2020-01-01","contacto":"ETSIDI - UPM, Ronda de Valencia, 3, 28012, Madrid","telefono":"910677400","pagina_web":"https:\/\/www.etsidi.upm.es\/","email":"pablo.bmarino@upm.es","id_ficha_portal":"83","video":"","adjuntos":false,"adjuntos_portal":"","inf":false,"departamento":"","acf":[],"lang":"es","translation":{"es":11963,"en":11965},"_links":{"self":[{"href":"https:\/\/www.upm.es\/recursosidi\/wp-json\/wp\/v2\/product\/11963"}],"collection":[{"href":"https:\/\/www.upm.es\/recursosidi\/wp-json\/wp\/v2\/product"}],"about":[{"href":"https:\/\/www.upm.es\/recursosidi\/wp-json\/wp\/v2\/types\/product"}],"wp:featuredmedia":[{"embeddable":true,"href":"https:\/\/www.upm.es\/recursosidi\/wp-json\/wp\/v2\/media\/11962"}],"wp:attachment":[{"href":"https:\/\/www.upm.es\/recursosidi\/wp-json\/wp\/v2\/media?parent=11963"}],"wp:term":[{"taxonomy":"product_cat","embeddable":true,"href":"https:\/\/www.upm.es\/recursosidi\/wp-json\/wp\/v2\/product_cat?post=11963"},{"taxonomy":"product_tag","embeddable":true,"href":"https:\/\/www.upm.es\/recursosidi\/wp-json\/wp\/v2\/product_tag?post=11963"},{"taxonomy":"comunidad_upm","embeddable":true,"href":"https:\/\/www.upm.es\/recursosidi\/wp-json\/wp\/v2\/comunidades-upm?post=11963"},{"taxonomy":"quien","embeddable":true,"href":"https:\/\/www.upm.es\/recursosidi\/wp-json\/wp\/v2\/quien?post=11963"},{"taxonomy":"mapa","embeddable":true,"href":"https:\/\/www.upm.es\/recursosidi\/wp-json\/wp\/v2\/mapa?post=11963"},{"taxonomy":"disponibilidad","embeddable":true,"href":"https:\/\/www.upm.es\/recursosidi\/wp-json\/wp\/v2\/disponibilidad?post=11963"},{"taxonomy":"donde","embeddable":true,"href":"https:\/\/www.upm.es\/recursosidi\/wp-json\/wp\/v2\/donde?post=11963"},{"taxonomy":"infraestructura","embeddable":true,"href":"https:\/\/www.upm.es\/recursosidi\/wp-json\/wp\/v2\/infraestructura?post=11963"},{"taxonomy":"ods","embeddable":true,"href":"https:\/\/www.upm.es\/recursosidi\/wp-json\/wp\/v2\/ods?post=11963"},{"taxonomy":"origen","embeddable":true,"href":"https:\/\/www.upm.es\/recursosidi\/wp-json\/wp\/v2\/origen?post=11963"}],"curies":[{"name":"wp","href":"https:\/\/api.w.org\/{rel}","templated":true}]}}