{"id":11972,"date":"2023-03-02T02:31:19","date_gmt":"2023-03-02T01:31:19","guid":{"rendered":"https:\/\/www.upm.es\/recursosidi\/offers-resources\/sin%20categor\u00eda\/material-de-construccion-panel-y-proceso-de-elaboracion-de-dichomaterial-de-construccion\/"},"modified":"2023-09-19T02:29:34","modified_gmt":"2023-09-19T00:29:34","slug":"material-de-construccion-panel-y-proceso-de-elaboracion-de-dichomaterial-de-construccion","status":"publish","type":"product","link":"https:\/\/www.upm.es\/recursosidi\/offers-resources\/patentes\/material-de-construccion-panel-y-proceso-de-elaboracion-de-dichomaterial-de-construccion\/","title":{"rendered":"Material de construcci\u00f3n y panel de dicho material de construcci\u00f3n"},"content":{"rendered":"<h5>Descripci\u00f3n de la patente <\/h5>\n<p>La invenci&oacute;n se refiera a un material de construcci&oacute;n aislante que comprende:<br \/>&#8211; una mezcla de agua y material conglomerante, siendo la relaci&oacute;n en peso <br \/>agua\/material conglomerante de al menos 0,6 y como m&aacute;ximo de 1,0; y<br \/>&#8211; part&iacute;culas de caucho, siendo la relaci&oacute;n en peso entre las part&iacute;culas de caucho y el material <br \/>conglomerante de al menos un 10% y como m&aacute;ximo de un 20%; estando la relaci&oacute;n en peso entre las <br \/>part&iacute;culas de caucho y el material conglomerante definida como:<\/p>\n<p>r = m<sub>p<\/sub>\/m<sub>c&nbsp;<\/sub><\/p>\n<p>donde:&nbsp;<\/p>\n<p>&iquest;&iquest;: es la relaci&oacute;n en peso entre las part&iacute;culas de caucho y el material conglomerante,<br \/>&iquest;&iquest;&iquest;&iquest;: es la masa total de las part&iacute;culas de caucho del material de construcci&oacute;n y<br \/>&iquest;&iquest;&iquest;&iquest;: es la masa total del material conglomerante del material de construcci&oacute;n.<\/p>\n<p>&nbsp;<\/p>\n<h5>Situaci\u00f3n <\/h5>\n<p>Concedida<\/p>\n<h5>N\u00famero de solicitud<\/h5>\n<p>U202330625<\/p>\n<h5>N\u00famero de publicaci\u00f3n<\/h5>\n<p>ES 1 300 512 U<\/p>\n<h5>Fecha de presentaci\u00f3n <\/h5>\n<p>20\/06\/2022<\/p>\n<h5>Fecha de publicaci\u00f3n <\/h5>\n<p>27\/02\/2023<\/p>\n<h5>Fecha de concesi\u00f3n <\/h5>\n<p>28\/08\/2023<\/p>\n<div class=\"pdfprnt-buttons pdfprnt-buttons-product pdfprnt-bottom-left\"><a href=\"https:\/\/www.upm.es\/recursosidi\/wp-json\/wp\/v2\/product\/11972?print=pdf\" class=\"pdfprnt-button pdfprnt-button-pdf\" target=\"_blank\"><span class=\"pdfprnt-button-title pdfprnt-button-pdf-title\">Descargar ficha<\/span><\/a><\/div>","protected":false},"excerpt":{"rendered":"<p>Descripci\u00f3n de la patente La invenci&oacute;n se refiera a un material de construcci&oacute;n aislante que comprende:&#8211; una mezcla de agua y material conglomerante, siendo la&hellip;<\/p>\n","protected":false},"featured_media":0,"template":"","meta":{"_acf_changed":false},"product_cat":[3946],"product_tag":[],"comunidades-upm":[],"quien":[],"mapa":[],"disponibilidad":[],"donde":[{"term_id":262,"name":"An\u00e1lisis e Intervenci\u00f3n en Patrimonio Arquitect\u00f3nico","slug":"analisis-e-intervencion-en-patrimonio-arquitectonico","term_group":0,"term_taxonomy_id":262,"taxonomy":"donde","description":"","parent":0,"count":6,"filter":"raw","term_order":"0"},{"term_id":644,"name":"Tecnolog\u00eda Edificatoria y Medio Ambiente","slug":"tecnologia-edificatoria-y-medio-ambiente","term_group":0,"term_taxonomy_id":644,"taxonomy":"donde","description":"Hacemos I+D+i en temas relacionados con el proceso de ejecuci&oacute;n de las obras y los materiales y sistemas constructivos para la edificaci&oacute;n. &nbsp;Adem&aacute;s, estudiamos el tratamiento y gesti&oacute;n de residuos, as&iacute; como su reciclaje y viabilidad como materia prima alternativa en la elaboraci&oacute;n de nuevos materiales de construcci&oacute;n.\n&nbsp;\nEn concreto, nuestras l&iacute;neas de investigaci&oacute;n son:\n\nGesti&oacute;n del proceso de edificaci&oacute;n\nImpacto ambiental en edificaci&oacute;n. Valorizaci&oacute;n de residuos\nDise&ntilde;o e innovaci&oacute;n en nuevos materiales y sistemas constructivos\nInnovaci&oacute;n en los sistemas constructivos para la rehabilitaci&oacute;n de edificios.\nEficiencia energ&eacute;tica y calidad del ambiente interior en edificaci&oacute;n\n","parent":0,"count":14,"filter":"raw","term_order":"0"}],"infraestructura":[],"ods":[],"origen":[{"term_id":180,"name":"Patente","slug":"patente","term_group":0,"term_taxonomy_id":180,"taxonomy":"origen","description":"","parent":0,"count":614,"filter":"raw","term_order":"0"}],"familia_tax":false,"quien_tax":false,"donde_tax":false,"year":"","contacto":"<strong>Principales: <\/strong><ul><li>CESAR PORRAS AMORES <blockquote><strong>c.porras@upm.es<\/strong><\/blockquote><\/li><li>MARTA RODRIGUEZ AYBAR <blockquote><strong>marta.rodrigueza@upm.es<\/strong><\/blockquote><\/li><li>MARIA ESTHER MORENO FERNANDEZ <blockquote><strong>esther.moreno@upm.es<\/strong><\/blockquote><\/li><\/ul>","telefono":"","pagina_web":"","email":"","id_ficha_portal":"1838","video":"","adjuntos":false,"adjuntos_portal":"https:\/\/www.upm.es\/S2i\/Acuse\/recuperarArchivo.jsp?id=1838&id_archivo=13914&tipo=patente&extension=fichero ","inf":false,"departamento":"","acf":[],"lang":"es","translation":{"es":11972},"_links":{"self":[{"href":"https:\/\/www.upm.es\/recursosidi\/wp-json\/wp\/v2\/product\/11972"}],"collection":[{"href":"https:\/\/www.upm.es\/recursosidi\/wp-json\/wp\/v2\/product"}],"about":[{"href":"https:\/\/www.upm.es\/recursosidi\/wp-json\/wp\/v2\/types\/product"}],"wp:attachment":[{"href":"https:\/\/www.upm.es\/recursosidi\/wp-json\/wp\/v2\/media?parent=11972"}],"wp:term":[{"taxonomy":"product_cat","embeddable":true,"href":"https:\/\/www.upm.es\/recursosidi\/wp-json\/wp\/v2\/product_cat?post=11972"},{"taxonomy":"product_tag","embeddable":true,"href":"https:\/\/www.upm.es\/recursosidi\/wp-json\/wp\/v2\/product_tag?post=11972"},{"taxonomy":"comunidad_upm","embeddable":true,"href":"https:\/\/www.upm.es\/recursosidi\/wp-json\/wp\/v2\/comunidades-upm?post=11972"},{"taxonomy":"quien","embeddable":true,"href":"https:\/\/www.upm.es\/recursosidi\/wp-json\/wp\/v2\/quien?post=11972"},{"taxonomy":"mapa","embeddable":true,"href":"https:\/\/www.upm.es\/recursosidi\/wp-json\/wp\/v2\/mapa?post=11972"},{"taxonomy":"disponibilidad","embeddable":true,"href":"https:\/\/www.upm.es\/recursosidi\/wp-json\/wp\/v2\/disponibilidad?post=11972"},{"taxonomy":"donde","embeddable":true,"href":"https:\/\/www.upm.es\/recursosidi\/wp-json\/wp\/v2\/donde?post=11972"},{"taxonomy":"infraestructura","embeddable":true,"href":"https:\/\/www.upm.es\/recursosidi\/wp-json\/wp\/v2\/infraestructura?post=11972"},{"taxonomy":"ods","embeddable":true,"href":"https:\/\/www.upm.es\/recursosidi\/wp-json\/wp\/v2\/ods?post=11972"},{"taxonomy":"origen","embeddable":true,"href":"https:\/\/www.upm.es\/recursosidi\/wp-json\/wp\/v2\/origen?post=11972"}],"curies":[{"name":"wp","href":"https:\/\/api.w.org\/{rel}","templated":true}]}}