{"id":11976,"date":"2023-03-06T09:28:22","date_gmt":"2023-03-06T08:28:22","guid":{"rendered":"https:\/\/www.upm.es\/recursosidi\/offers-resources\/sin categor\u00eda\/modelizacion-3d-en-ingenieria-inversa-y-en-patrimonio-cultural\/"},"modified":"2023-03-06T09:28:22","modified_gmt":"2023-03-06T08:28:22","slug":"modelizacion-3d-en-ingenieria-inversa-y-en-patrimonio-cultural","status":"publish","type":"product","link":"https:\/\/www.upm.es\/recursosidi\/offers-resources\/servicios-cientifico-tecnologico\/servicios-servicios-cientifico-tecnologico\/modelizacion-3d-en-ingenieria-inversa-y-en-patrimonio-cultural\/","title":{"rendered":"Modelizaci\u00f3n 3D en Ingenier\u00eda Inversa y en Patrimonio Cultural"},"content":{"rendered":"<h2 class=\"\"><strong>Modelizaci&oacute;n 3D en Ingenier&iacute;a Inversa y en Patrimonio Cultural<\/strong><\/h2>\n<hr \/>\n<p>Servicio tecnol&oacute;gico desarrollado con la tecnolog&iacute;a de escaneado 3D para modelizar elementos patrimoniales o conjuntos art&iacute;sticos, as&iacute; como piezas, construcciones o infraestructuras para fines de ingenier&iacute;a inversa.<\/p>\n<p>Los datos son capturados con sensores de imagen o l&aacute;ser, creando una representaci&oacute;n digital del objeto, infraestructura, edificaci&oacute;n o superficie de inter&eacute;s. La metodolog&iacute;a y equipamiento espec&iacute;fico se adapta y viene condicionado por las caracter&iacute;sticas propias del elemento a representar y por los requisitos de precisi&oacute;n del modelo digital, atendiendo a la finalidad y uso que se vaya a dar del mismo. Se diferenciar&aacute; si la necesidad del modelo responde a aplicaciones o proyectos cient&iacute;ficas o est&aacute;n orientados a la divulgaci&oacute;n del patrimonio.<\/p>\n<p>El servicio proporciona una nube de puntos del modelo, con la resoluci&oacute;n espacial que requiera su uso futuro, pudiendo solicitarse procesamientos triangulares o s&oacute;lidos, con o sin texturas.<\/p>\n<hr \/>\n<h4 class=\"\">Necesidades demandadas y aplicaciones<\/h4>\n<p>Las aplicaciones son m&uacute;ltiples, desde la documentaci&oacute;n y representaci&oacute;n de patrimonio arquitect&oacute;nico, a la modelizaci&oacute;n de objetos o superficies con fines de musealizaci&oacute;n y divulgaci&oacute;n cultural; incluyendo la representaci&oacute;n digital de objetos o infraestructuras de ingenier&iacute;a civil.<\/p>\n<hr \/>\n<h4 class=\"\">Sector o &aacute;rea de aplicaci&oacute;n<\/h4>\n<p>Ingenier&iacute;a Civil, Construcci&oacute;n, Arqueolog&iacute;a, Arquitectura, Museolog&iacute;a, Patrimonio Cultural etc.<\/p>\n<hr \/>\n<h4 class=\"\">Competencias diferenciales<\/h4>\n<p>La <strong>tecnolog&iacute;a 3D de escaneado supone una oportunidad<\/strong> en i) <strong>representaci&oacute;n digital<\/strong>, ya que permite el estudio y an&aacute;lisis de objetos, monumentos, infraestructuras o superficies en su estado actual desde un laboratorio; ii) en la <strong>obtenci&oacute;n de documentaci&oacute;n 2D y 3D,<\/strong> del objeto de inter&eacute;s. Este segundo aspecto tiene un impacto claro en la mejora de los procesos de ingenier&iacute;a.<\/p>\n<hr \/>\n<h4 class=\"\">Descripci&oacute;n del equipamiento<\/h4>\n<p>El Laboratorio de Topograf&iacute;a y Geom&aacute;tica se integra en el Departamento de Ingenier&iacute;a y Morfolog&iacute;a del Terreno de Caminos UPM. Para el procesamiento 3D se cuenta con sensores de imagen y l&aacute;ser. El Grupo de Investigaci&oacute;n cuenta con personal adscrito al Departamento de Ingenier&iacute;a Topogr&aacute;fica y Cartograf&iacute;a que puede disponer de los esc&aacute;neres, equipo topogr&aacute;fico y de procesamiento de la ETSI de Ingenieros en Topograf&iacute;a, Cartograf&iacute;a y Geodesia. El Laboratorio de Topograf&iacute;a y Geom&aacute;tica cuenta adem&aacute;s con cinco servidores inform&aacute;ticos con altas capacidades de RAM y procesador.<\/p>\n<hr \/>\n<h4 class=\"\">Referencias previas de prestaci&oacute;n<\/h4>\n<p>La t&eacute;cnica 3D de escaneado en ingenier&iacute;a inversa y documentaci&oacute;n y representaci&oacute;n del patrimonio ha sido validada por el Laboratorio de Topograf&iacute;a y Geom&aacute;tica, con referencias publicadas en revistas cient&iacute;ficas, como las siguientes:<\/p>\n<p><strong>Ingenier&iacute;a Inversa<\/strong><\/p>\n<p>Nieves Chinchilla, Jes&uacute;s; Mart&iacute;nez, Ram&oacute;n; Farjas, Mercedes et al. 2018. <strong>Reverse engineering techniques to optimize facility location of satellite ground stations on building roofs. <\/strong>Journal of Automation in Construction, Volume 90, June 2018, Pages 156-165 ISSN\/ISBN: ISSN: 0926-5805. DOI: 10.1016\/j.autcon.2018.02.019<\/p>\n<p>EPIARQ 2.0 Ingenier&iacute;a Inversa para el Estudio de la Epigraf&iacute;a y las Fuentes Textuales &#8211; HAR2015-65649-C2-2-P. C&oacute;digo UPM: C161257001. Ministerio de Econom&iacute;a y Competitividad. Convocatoria 2015 I+D del Subprograma Estatal de Generaci&oacute;n del Conocimiento PROGRAMA ESTATAL DE FOMENTO DE LA INVESTIGACI&Oacute;N CIENT&Iacute;FICA Y T&Eacute;CNICA DE EXCELENCIA. Subprograma Estatal de Generaci&oacute;n de Conocimiento (2016-2019)<\/p>\n<p><strong>Representaci&oacute;n digital del Patrimonio<\/strong><\/p>\n<p>Farjas Abad&iacute;a, Mercedes; Rodr&iacute;guez Gallego, Roberto. 2017. <strong>Digitalizaci&oacute;n 3D de inscripciones epigr&aacute;ficas. <\/strong>De Falsa et Vera Historia.Estudios sobre pseudoep&iacute;grafos y falsificaciones textuales antiguas. Editado por Antonio Guzman e Isabel Vel&aacute;zquez. Volumen I. ISSN 2530- 5107 &iquest;. ISBN 978-84-7882-822-7 [tapa dura], P&aacute;ginas: 75-90. Ediciones Cl&aacute;sicas S.A., Madrid, Espa&ntilde;a<\/p>\n<p>Diez Moreno, Miguel Angel; Crespo Fraguas, Angela; Farjas Abad&iacute;a, Mercedes et al.2015. <a href=\"http:\/\/polipapers.upv.es\/index.php\/var\/article\/view\/4167\">Application of new technologies in archeology of the Civil War: The Yesares, Pinto (Madrid)<\/a> Aplicaci&oacute;n de nuevas tecnolog&iacute;as en la Arqueolog&iacute;a de la Guerra Civil Espa&ntilde;ola: Los Yesares, Pinto (Madrid). Revista VAR. Volumen 6, N&uacute;mero 12, mayo 2015, PP. 122-136. ISSN- 1989-9947. DOI: http:\/\/dx.doi.org\/10.4995\/var.2015.4167<\/p>\n<div class=\"pdfprnt-buttons pdfprnt-buttons-product pdfprnt-bottom-left\"><a href=\"https:\/\/www.upm.es\/recursosidi\/wp-json\/wp\/v2\/product\/11976?print=pdf\" class=\"pdfprnt-button pdfprnt-button-pdf\" target=\"_blank\"><span class=\"pdfprnt-button-title pdfprnt-button-pdf-title\">Descargar ficha<\/span><\/a><\/div>","protected":false},"excerpt":{"rendered":"<p>Servicio tecnol\u00f3gico desarrollado con la tecnolog\u00eda de escaneado 3D para modelizar elementos patrimoniales o conjuntos art\u00edsticos, as\u00ed como piezas, construcciones o infraestructuras para fines de ingenier\u00eda inversa.<\/p>\n","protected":false},"featured_media":11975,"template":"","meta":{"_acf_changed":false},"product_cat":[2395],"product_tag":[8982,3515,3094,8986,8984,2788],"comunidades-upm":[],"quien":[],"mapa":[{"term_id":124,"name":"Arquitectura, Baukultur y creatividad","slug":"arquitectura-baukultur-creatividad","term_group":0,"term_taxonomy_id":124,"taxonomy":"mapa","description":"","parent":0,"count":25,"filter":"raw","term_order":"4"},{"term_id":2405,"name":"Ciencia para la ingenier\u00eda y la arquitectura","slug":"ciencia-para-ingenieria-y-arquitectura","term_group":0,"term_taxonomy_id":2405,"taxonomy":"mapa","description":"","parent":0,"count":127,"filter":"raw","term_order":"7"},{"term_id":128,"name":"Espacio y Observaci\u00f3n de la Tierra","slug":"espacio-observacion_tierra","term_group":0,"term_taxonomy_id":128,"taxonomy":"mapa","description":"","parent":0,"count":19,"filter":"raw","term_order":"12"},{"term_id":126,"name":"Tecnolog\u00edas digitales, Inteligencia Artificial, ciberseguridad, 5G, rob\u00f3tica","slug":"tecnologias_digitales-ai-ciberseguridad-5g-robotica","term_group":0,"term_taxonomy_id":126,"taxonomy":"mapa","description":"","parent":0,"count":194,"filter":"raw","term_order":"23"}],"disponibilidad":[{"term_id":204,"name":"Disponible","slug":"disponible","term_group":0,"term_taxonomy_id":204,"taxonomy":"disponibilidad","description":"","parent":0,"count":110,"filter":"raw","term_order":"0"}],"donde":[{"term_id":3816,"name":"Advanced Geomatics Applications","slug":"en_advanced-geomatics-applications","term_group":0,"term_taxonomy_id":3816,"taxonomy":"donde","description":"","parent":0,"count":3,"filter":"raw","term_order":"0"},{"term_id":3815,"name":"Aplicaciones Geom\u00e1ticas Avanzadas","slug":"aplicaciones-geomaticas-avanzadas","term_group":0,"term_taxonomy_id":3815,"taxonomy":"donde","description":"","parent":0,"count":4,"filter":"raw","term_order":"0"}],"infraestructura":[],"ods":[{"term_id":2239,"name":"Ciudades y Comunidades Sostenibles","slug":"ciudades-y-comunidades-sostenibles","term_group":0,"term_taxonomy_id":2239,"taxonomy":"ods","description":"","parent":0,"count":43,"filter":"raw","term_order":"0"},{"term_id":2247,"name":"Industria, Innovaci\u00f3n e Infraestructura","slug":"industria-innovacion-e-infraestructura","term_group":0,"term_taxonomy_id":2247,"taxonomy":"ods","description":"","parent":0,"count":171,"filter":"raw","term_order":"0"}],"origen":[{"term_id":196,"name":"Infraestructuras, Instalaci\u00f3n, Equipo","slug":"infraestructuras","term_group":0,"term_taxonomy_id":196,"taxonomy":"origen","description":"","parent":0,"count":180,"filter":"raw","term_order":"0"}],"familia_tax":false,"quien_tax":false,"donde_tax":false,"year":"2020-01-01","contacto":"Mercedes Farjas Abad\u00eda\r\nEscuela T\u00e9cnica Superior de Ingenieros en Topograf\u00eda, Geodesia y Cartograf\u00eda. Campus Sur UPM, C. Mercator, 2, 28031 Madrid","telefono":"910673800","pagina_web":"https:\/\/blogs.upm.es\/AGA\/","email":"m.farjas@upm.es","id_ficha_portal":"460","video":"","adjuntos":false,"adjuntos_portal":"","inf":false,"departamento":"","acf":[],"lang":"es","translation":{"es":11976},"_links":{"self":[{"href":"https:\/\/www.upm.es\/recursosidi\/wp-json\/wp\/v2\/product\/11976"}],"collection":[{"href":"https:\/\/www.upm.es\/recursosidi\/wp-json\/wp\/v2\/product"}],"about":[{"href":"https:\/\/www.upm.es\/recursosidi\/wp-json\/wp\/v2\/types\/product"}],"wp:featuredmedia":[{"embeddable":true,"href":"https:\/\/www.upm.es\/recursosidi\/wp-json\/wp\/v2\/media\/11975"}],"wp:attachment":[{"href":"https:\/\/www.upm.es\/recursosidi\/wp-json\/wp\/v2\/media?parent=11976"}],"wp:term":[{"taxonomy":"product_cat","embeddable":true,"href":"https:\/\/www.upm.es\/recursosidi\/wp-json\/wp\/v2\/product_cat?post=11976"},{"taxonomy":"product_tag","embeddable":true,"href":"https:\/\/www.upm.es\/recursosidi\/wp-json\/wp\/v2\/product_tag?post=11976"},{"taxonomy":"comunidad_upm","embeddable":true,"href":"https:\/\/www.upm.es\/recursosidi\/wp-json\/wp\/v2\/comunidades-upm?post=11976"},{"taxonomy":"quien","embeddable":true,"href":"https:\/\/www.upm.es\/recursosidi\/wp-json\/wp\/v2\/quien?post=11976"},{"taxonomy":"mapa","embeddable":true,"href":"https:\/\/www.upm.es\/recursosidi\/wp-json\/wp\/v2\/mapa?post=11976"},{"taxonomy":"disponibilidad","embeddable":true,"href":"https:\/\/www.upm.es\/recursosidi\/wp-json\/wp\/v2\/disponibilidad?post=11976"},{"taxonomy":"donde","embeddable":true,"href":"https:\/\/www.upm.es\/recursosidi\/wp-json\/wp\/v2\/donde?post=11976"},{"taxonomy":"infraestructura","embeddable":true,"href":"https:\/\/www.upm.es\/recursosidi\/wp-json\/wp\/v2\/infraestructura?post=11976"},{"taxonomy":"ods","embeddable":true,"href":"https:\/\/www.upm.es\/recursosidi\/wp-json\/wp\/v2\/ods?post=11976"},{"taxonomy":"origen","embeddable":true,"href":"https:\/\/www.upm.es\/recursosidi\/wp-json\/wp\/v2\/origen?post=11976"}],"curies":[{"name":"wp","href":"https:\/\/api.w.org\/{rel}","templated":true}]}}