{"id":11982,"date":"2023-03-08T03:18:02","date_gmt":"2023-03-08T02:18:02","guid":{"rendered":"https:\/\/www.upm.es\/recursosidi\/offers-resources\/sin%20categor\u00eda\/diseno-y-metodo-de-elaboracion-de-un-nuevo-material-conglomerante-y-su-aplicacion-en-el-desarrollo-de-bloques-para-construccion-modular-aligerada-y-sostenible\/"},"modified":"2023-07-26T02:30:00","modified_gmt":"2023-07-26T00:30:00","slug":"diseno-y-metodo-de-elaboracion-de-un-nuevo-material-conglomerante-y-su-aplicacion-en-el-desarrollo-de-bloques-para-construccion-modular-aligerada-y-sostenible","status":"publish","type":"product","link":"https:\/\/www.upm.es\/recursosidi\/offers-resources\/patentes\/diseno-y-metodo-de-elaboracion-de-un-nuevo-material-conglomerante-y-su-aplicacion-en-el-desarrollo-de-bloques-para-construccion-modular-aligerada-y-sostenible\/","title":{"rendered":"Dise\u00f1o y m\u00e9todo de elaboraci\u00f3n de un nuevo material conglomerante y su aplicaci\u00f3n en el desarrollo de bloques para construcci\u00f3n modular aligerada y sostenible"},"content":{"rendered":"<h5>Descripci\u00f3n de la patente <\/h5>\n<p>Resumen:<br \/>La presente invenci&oacute;n se refiere al desarrollo de un<br \/>nuevo material conglomerante sostenible concebido<br \/>para ser empleado en la fabricaci&oacute;n de piezas<br \/>modulares para la ejecuci&oacute;n de cerramientos. Dicho<br \/>material est&aacute; compuesto de: 20-40% disoluci&oacute;n de<br \/>EPS (poliestireno expandido) y 60-80% de mortero<br \/>geopol&iacute;mero con sustituci&oacute;n total o parcial del &aacute;rido<br \/>por part&iacute;culas granulares recicladas de NFU. Se<br \/>obtiene as&iacute; una pieza con elevada resistencia t&eacute;rmica<br \/>utilizable en la construcci&oacute;n de paramentos verticales<br \/>en edificios, baja densidad y buenas resistencias<br \/>mec&aacute;nicas. El espesor del bloque puede variar seg&uacute;n<br \/>contenga dos o m&aacute;s filas de alveolos y su altura<br \/>puede cambiar en funci&oacute;n de las necesidades del<br \/>fabricante. Exteriormente los cantos de las piezas<br \/>pueden ser solapados de manera que la junta de<br \/>uni&oacute;n quede oculta y las caras planas exteriores e<br \/>interiores presenten o no texturas. La colocaci&oacute;n<br \/>preferente de las piezas se realiza con los alveolos en<br \/>direcci&oacute;n vertical.<\/p>\n<h5>Situaci\u00f3n <\/h5>\n<p>Concedida<\/p>\n<h5>N\u00famero de solicitud<\/h5>\n<p>P202231042<\/p>\n<h5>N\u00famero de publicaci\u00f3n<\/h5>\n<p>ES2935175<\/p>\n<h5>Fecha de presentaci\u00f3n <\/h5>\n<p>02\/12\/2022<\/p>\n<h5>Fecha de publicaci\u00f3n <\/h5>\n<p>02\/03\/2023<\/p>\n<h5>Fecha de concesi\u00f3n <\/h5>\n<p>18\/07\/2023<\/p>\n<div class=\"pdfprnt-buttons pdfprnt-buttons-product pdfprnt-bottom-left\"><a href=\"https:\/\/www.upm.es\/recursosidi\/wp-json\/wp\/v2\/product\/11982?print=pdf\" class=\"pdfprnt-button pdfprnt-button-pdf\" target=\"_blank\"><span class=\"pdfprnt-button-title pdfprnt-button-pdf-title\">Descargar ficha<\/span><\/a><\/div>","protected":false},"excerpt":{"rendered":"<p>Descripci\u00f3n de la patente Resumen:La presente invenci&oacute;n se refiere al desarrollo de unnuevo material conglomerante sostenible concebidopara ser empleado en la fabricaci&oacute;n de piezasmodulares para&hellip;<\/p>\n","protected":false},"featured_media":0,"template":"","meta":{"_acf_changed":false},"product_cat":[3946],"product_tag":[],"comunidades-upm":[],"quien":[],"mapa":[],"disponibilidad":[],"donde":[{"term_id":3423,"name":"Monitorizaci\u00f3n e Innovaci\u00f3n Tecnol\u00f3gica en Edificaci\u00f3n (MITE)","slug":"monitorizacion-e-innovacion-tecnologica-en-edificacion-mite","term_group":0,"term_taxonomy_id":3423,"taxonomy":"donde","description":"","parent":0,"count":26,"filter":"raw","term_order":"0"}],"infraestructura":[],"ods":[],"origen":[{"term_id":180,"name":"Patente","slug":"patente","term_group":0,"term_taxonomy_id":180,"taxonomy":"origen","description":"","parent":0,"count":614,"filter":"raw","term_order":"0"}],"familia_tax":false,"quien_tax":false,"donde_tax":false,"year":"","contacto":"<strong>Principales: <\/strong><ul><li>DANIEL FERRANDEZ VEGA <blockquote><strong>daniel.fvega@upm.es<\/strong><\/blockquote><\/li><li>ALICIA ZARAGOZA BENZAL <blockquote><strong>alicia.zaragoza@upm.es<\/strong><\/blockquote><\/li><li>CARLOS MORON FERNANDEZ <blockquote><strong>carlos.moron@upm.es<\/strong><\/blockquote><\/li><\/ul><strong>Otros inventores: <\/strong><ul><li>Jos\u00e9 \u00c1ngelZ\u00fa\u00f1iga Vicente Universidad Rey Juan Carlos (URJC)<\/li> <\/ul>","telefono":"","pagina_web":"","email":"","id_ficha_portal":"1864","video":"","adjuntos":false,"adjuntos_portal":"https:\/\/www.upm.es\/S2i\/Acuse\/recuperarArchivo.jsp?id=1864&id_archivo=13853&tipo=patente&extension=fichero","inf":false,"departamento":"","acf":[],"lang":"es","translation":{"es":11982},"_links":{"self":[{"href":"https:\/\/www.upm.es\/recursosidi\/wp-json\/wp\/v2\/product\/11982"}],"collection":[{"href":"https:\/\/www.upm.es\/recursosidi\/wp-json\/wp\/v2\/product"}],"about":[{"href":"https:\/\/www.upm.es\/recursosidi\/wp-json\/wp\/v2\/types\/product"}],"wp:attachment":[{"href":"https:\/\/www.upm.es\/recursosidi\/wp-json\/wp\/v2\/media?parent=11982"}],"wp:term":[{"taxonomy":"product_cat","embeddable":true,"href":"https:\/\/www.upm.es\/recursosidi\/wp-json\/wp\/v2\/product_cat?post=11982"},{"taxonomy":"product_tag","embeddable":true,"href":"https:\/\/www.upm.es\/recursosidi\/wp-json\/wp\/v2\/product_tag?post=11982"},{"taxonomy":"comunidad_upm","embeddable":true,"href":"https:\/\/www.upm.es\/recursosidi\/wp-json\/wp\/v2\/comunidades-upm?post=11982"},{"taxonomy":"quien","embeddable":true,"href":"https:\/\/www.upm.es\/recursosidi\/wp-json\/wp\/v2\/quien?post=11982"},{"taxonomy":"mapa","embeddable":true,"href":"https:\/\/www.upm.es\/recursosidi\/wp-json\/wp\/v2\/mapa?post=11982"},{"taxonomy":"disponibilidad","embeddable":true,"href":"https:\/\/www.upm.es\/recursosidi\/wp-json\/wp\/v2\/disponibilidad?post=11982"},{"taxonomy":"donde","embeddable":true,"href":"https:\/\/www.upm.es\/recursosidi\/wp-json\/wp\/v2\/donde?post=11982"},{"taxonomy":"infraestructura","embeddable":true,"href":"https:\/\/www.upm.es\/recursosidi\/wp-json\/wp\/v2\/infraestructura?post=11982"},{"taxonomy":"ods","embeddable":true,"href":"https:\/\/www.upm.es\/recursosidi\/wp-json\/wp\/v2\/ods?post=11982"},{"taxonomy":"origen","embeddable":true,"href":"https:\/\/www.upm.es\/recursosidi\/wp-json\/wp\/v2\/origen?post=11982"}],"curies":[{"name":"wp","href":"https:\/\/api.w.org\/{rel}","templated":true}]}}